{"id":173124,"date":"2025-04-19T09:17:32","date_gmt":"2025-04-19T09:17:32","guid":{"rendered":"https:\/\/ruumistruumi.ee\/pood\/paikesepaneeliga-turvakaamera-imou-cell-pt-lite-3mp-wifi-poorlev-valikaamera\/"},"modified":"2025-08-21T08:18:59","modified_gmt":"2025-08-21T08:18:59","slug":"paikesepaneeliga-turvakaamera-imou-cell-pt-lite-3mp-wifi-poorlev-valikaamera","status":"publish","type":"product","link":"https:\/\/blankpage.ee\/_ruumist-ruumi\/pood\/paikesepaneeliga-turvakaamera-imou-cell-pt-lite-3mp-wifi-poorlev-valikaamera\/","title":{"rendered":"P\u00e4ikesepaneeliga turvakaamera IMOU Cell PT Lite 3MP WiFi p\u00f6\u00f6rlev v\u00e4likaamera"},"content":{"rendered":"<h3>P\u00e4ikesepaneeliga turvakaamera IMOU Cell PT Lite 3MP WiFi p\u00f6\u00f6rlev v\u00e4likaamera<\/h3>\n<p>P\u00e4ikesepaneeliga turvakaamera IMOU Cell PT Lite \u00fchendab t\u00f5husa videovalve ning paindliku juhtmevaba paigalduse. Kaamera sobib suurep\u00e4raselt nii kodu kui ka hoovi j\u00e4lgimiseks igal aastaajal. Aku laadimine on mugav \u2013 kasutada saab nii komplektis olevat p\u00e4ikesepaneeli kui ka USB-C kaablit. Nii on tagatud minimaalne hooldusvajadus ja v\u00f5imalus paigaldada kaamera sinna, kus turvalisust k\u00f5ige rohkem vajad. T\u00e4nu juhtmevabale WiFi-\u00fchendusele ei ole vaja keerulist kaabeldust; vajadusel saab seadet kasutada ka hotspot-re\u017eiimis ning \u00fchendada otse oma nutitelefoniga, mis muudab selle ideaalseks ka n\u00f5rga v\u00f5rgu\u00fchendusega piirkondades.<\/p>\n<p><img decoding=\"async\" alt=\"P\u00e4ikesepaneeliga turvakaamera IMOU Cell PT Lite koos p\u00e4ikesepaneeli kinnitusega v\u00e4litingimustes\" src=\"https:\/\/blankpage.ee\/_ruumist-ruumi\/wp-content\/uploads\/2025\/04\/7-293.webp\"\/><\/p>\n<h3>2K QHD lahutusv\u00f5ime ja lai vaatenurk<\/h3>\n<p>IMOU Cell PT Lite pakub 2K QHD (3MP) eraldusv\u00f5imega selget pilti, 330\u00b0 p\u00f6\u00f6rdenurga ja 90\u00b0 kallutusv\u00f5imalusega. Lai vaatenurk (horisontaalne 88\u00b0, vertikaalne 45\u00b0) aitab v\u00e4ltida pimedaid nurki nii aias, sisses\u00f5iduteel kui ka v\u00e4rava ees.<\/p>\n<p><img decoding=\"async\" alt=\"Wifi v\u00e4likaamera detailne \u00fclevaade 2K QHD sensoriga\" src=\"https:\/\/blankpage.ee\/_ruumist-ruumi\/wp-content\/uploads\/2025\/04\/2-\u2014-kopia-5.webp\"\/><\/p>\n<h3>Pikaajaline autonoomne toide<\/h3>\n<p>Kaamera sees on 5000 mAh aku, mille t\u00f6\u00f6aeg ootere\u017eiimis ulatub kuni 130 p\u00e4evani. P\u00e4ikesepaneel p\u00fcsilaeb akut ning annab peaaegu katkestusteta t\u00f6\u00f6, vajadusel saab kasutada ka USB-C kiiret laadimist. Kaamera \u00e4pp v\u00f5imaldab j\u00e4lgida aku olekut ning valida energias\u00e4\u00e4stliku t\u00f6\u00f6re\u017eiimi.<\/p>\n<p><img decoding=\"async\" alt=\"IMOU Cell PT Lite p\u00e4ikesepaneeliga aku laadimine\" src=\"https:\/\/blankpage.ee\/_ruumist-ruumi\/wp-content\/uploads\/2025\/04\/6-\u2014-kopia-5.webp\"\/><\/p>\n<h3>PIR liikumistuvastus ja AI-teavitused<\/h3>\n<p>T\u00e4pne PIR-andur tuvastab liikumise ja suudab inimesi teistest objektidest eristada \u2014 see v\u00e4hendab valeh\u00e4ireid. AI-p\u00f5hine tuvastus v\u00f5imaldab kaameral j\u00e4lgida liikumist ning edastada kiireid teavitusi sinu telefoni.<\/p>\n<p><img decoding=\"async\" alt=\"Turvakaamera liikumistuvastuse t\u00f6\u00f6 skeem\" src=\"https:\/\/blankpage.ee\/_ruumist-ruumi\/wp-content\/uploads\/2025\/04\/11-33.webp\"\/><\/p>\n<h3>\u00d6\u00f6vaatlus ja t\u00e4isv\u00e4rviline salvestus<\/h3>\n<p>Kaameral on kolm \u00f6\u00f6n\u00e4gemise re\u017eiimi: t\u00e4isv\u00e4rv, infrapuna ja nutikas automaatne vahetus. LED-valgustid annavad v\u00e4rvilise \u00f6\u00f6pildi kuni 20 meetri kaugusele, infrapuna tagab usaldusv\u00e4\u00e4rse mustvalge pildi ka t\u00e4iesti pimedas keskkonnas.<\/p>\n<p><img decoding=\"async\" alt=\"\u00d6\u00f6n\u00e4gemise n\u00e4ide turvakaameralt v\u00e4rvilise ja IR-re\u017eiimiga\" src=\"https:\/\/blankpage.ee\/_ruumist-ruumi\/wp-content\/uploads\/2025\/04\/2-454.webp\"\/><\/p>\n<h3>Turvalisus ja privaatsus sinu kontrolli all<\/h3>\n<ul>\n<li>Kohandatavad j\u00e4lgimiskohad ja tuvastustsoonid<\/li>\n<li>Kaksikheli \u2013 mikrofon ja sisseehitatud k\u00f5lar suhtlemiseks<\/li>\n<li>Privaatsusre\u017eiim rakendusest l\u00fclitatav<\/li>\n<li>Salvestusv\u00f5imalused: microSD (kuni 256 GB) v\u00f5i IMOU pilveteenus<\/li>\n<\/ul>\n<p><img decoding=\"async\" alt=\"V\u00e4likaamera seadistamine ja valvetsuunad IMOU \u00e4pis\" src=\"https:\/\/blankpage.ee\/_ruumist-ruumi\/wp-content\/uploads\/2025\/04\/4-\u2014-kopia-5.webp\"\/><\/p>\n<h3>Ilmastikukindel ja paindlike paigaldusv\u00f5imalustega<\/h3>\n<p>P\u00e4ikesepaneeliga turvakaamera IMOU Cell PT Lite on IP66 sertifikaadiga, mis teeb selle sobivaks nii vihmasesse, lumisesse kui ka tolmusesse keskkonda. Paigalda kaamera seinale, r\u00e4\u00e4stasse, v\u00e4ravale v\u00f5i aeda vastavalt vajadusele.<\/p>\n<p><img decoding=\"async\" alt=\"IMOU p\u00f6\u00f6rleva turvakaamera paigaldus n\u00e4ide v\u00e4litingimustes\" src=\"https:\/\/blankpage.ee\/_ruumist-ruumi\/wp-content\/uploads\/2025\/04\/8-151.webp\"\/><\/p>\n<p><img decoding=\"async\" alt=\"Ilmastikukindel v\u00e4likaamera kinnitusega IMOU Cell PT Lite\" src=\"https:\/\/blankpage.ee\/_ruumist-ruumi\/wp-content\/uploads\/2025\/04\/10-35.webp\"\/><\/p>\n<h3>Tehnilised andmed<\/h3>\n<table>\n<tbody>\n<tr>\n<th>Tootja<\/th>\n<td>IMOU<\/td>\n<\/tr>\n<tr>\n<th>Mudel<\/th>\n<td>Cell PT Lite<\/td>\n<\/tr>\n<tr>\n<th>Eraldusv\u00f5ime<\/th>\n<td>3MP (2304 \u00d7 1296)<\/td>\n<\/tr>\n<tr>\n<th>\u00d6\u00f6re\u017eiim<\/th>\n<td>Kuni 20 m<\/td>\n<\/tr>\n<tr>\n<th>Wi-Fi<\/th>\n<td>IEEE 802.11b\/g\/n, kuni 120 m avatud ruumis<\/td>\n<\/tr>\n<tr>\n<th>Salvestus<\/th>\n<td>microSD kuni 256 GB \/ IMOU pilv<\/td>\n<\/tr>\n<tr>\n<th>Toide<\/th>\n<td>DC 5V 2A \/ p\u00e4ikesepaneel<\/td>\n<\/tr>\n<tr>\n<th>Ilmastikukindlus<\/th>\n<td>IP66<\/td>\n<\/tr>\n<tr>\n<th>M\u00f5\u00f5tmed<\/th>\n<td>117 \u00d7 110 \u00d7 142 mm<\/td>\n<\/tr>\n<tr>\n<th>Kaal<\/th>\n<td>550 g<\/td>\n<\/tr>\n<\/tbody>\n<\/table>\n<p>Komplektis: IMOU Cell PT Lite p\u00e4ikesepaneeliga turvakaamera, p\u00e4ikesepaneel, kinnitusvahendid, USB-C toitekaabel, paigalduskleebised ja kiirjuhend.<\/p>\n","protected":false},"excerpt":{"rendered":"<p>P\u00e4ikesepaneeliga turvakaamera IMOU Cell PT Lite 3MP WiFi p\u00f6\u00f6rlev v\u00e4likaamera P\u00e4ikesepaneeliga turvakaamera IMOU Cell PT Lite \u00fchendab t\u00f5husa videovalve ning paindliku juhtmevaba paigalduse. Kaamera sobib suurep\u00e4raselt nii kodu kui ka hoovi j\u00e4lgimiseks igal aastaajal. Aku laadimine on mugav \u2013 kasutada saab nii komplektis olevat p\u00e4ikesepaneeli kui ka USB-C kaablit. Nii on tagatud minimaalne hooldusvajadus ja [&hellip;]<\/p>\n","protected":false},"featured_media":173133,"comment_status":"open","ping_status":"open","template":"","meta":[],"product_brand":[3003],"product_cat":[3056],"product_tag":[],"class_list":{"0":"post-173124","1":"product","2":"type-product","3":"status-publish","4":"has-post-thumbnail","6":"product_brand-imou","7":"product_cat-ip-kaamerad","8":"product_shipping_class-innpro","10":"first","11":"instock","12":"sale","13":"taxable","14":"shipping-taxable","15":"purchasable","16":"product-type-simple"},"_links":{"self":[{"href":"https:\/\/blankpage.ee\/_ruumist-ruumi\/wp-json\/wp\/v2\/product\/173124","targetHints":{"allow":["GET"]}}],"collection":[{"href":"https:\/\/blankpage.ee\/_ruumist-ruumi\/wp-json\/wp\/v2\/product"}],"about":[{"href":"https:\/\/blankpage.ee\/_ruumist-ruumi\/wp-json\/wp\/v2\/types\/product"}],"replies":[{"embeddable":true,"href":"https:\/\/blankpage.ee\/_ruumist-ruumi\/wp-json\/wp\/v2\/comments?post=173124"}],"wp:featuredmedia":[{"embeddable":true,"href":"https:\/\/blankpage.ee\/_ruumist-ruumi\/wp-json\/wp\/v2\/media\/173133"}],"wp:attachment":[{"href":"https:\/\/blankpage.ee\/_ruumist-ruumi\/wp-json\/wp\/v2\/media?parent=173124"}],"wp:term":[{"taxonomy":"product_brand","embeddable":true,"href":"https:\/\/blankpage.ee\/_ruumist-ruumi\/wp-json\/wp\/v2\/product_brand?post=173124"},{"taxonomy":"product_cat","embeddable":true,"href":"https:\/\/blankpage.ee\/_ruumist-ruumi\/wp-json\/wp\/v2\/product_cat?post=173124"},{"taxonomy":"product_tag","embeddable":true,"href":"https:\/\/blankpage.ee\/_ruumist-ruumi\/wp-json\/wp\/v2\/product_tag?post=173124"}],"curies":[{"name":"wp","href":"https:\/\/api.w.org\/{rel}","templated":true}]}}