{"id":173174,"date":"2025-04-19T09:20:09","date_gmt":"2025-04-19T09:20:09","guid":{"rendered":"https:\/\/ruumistruumi.ee\/pood\/shelly-mini-kontroller-1-gen4-zigbee-matter-wi-fi-bluetooth-kuivkontakt\/"},"modified":"2025-08-21T08:18:59","modified_gmt":"2025-08-21T08:18:59","slug":"shelly-mini-kontroller-1-gen4-zigbee-matter-wi-fi-bluetooth-kuivkontakt","status":"publish","type":"product","link":"https:\/\/blankpage.ee\/_ruumist-ruumi\/pood\/shelly-mini-kontroller-1-gen4-zigbee-matter-wi-fi-bluetooth-kuivkontakt\/","title":{"rendered":"Shelly Mini kontroller 1 Gen4 Zigbee\/Matter (Wi-Fi, Bluetooth, kuivkontakt)"},"content":{"rendered":"<h3>Shelly Mini kontroller 1 Gen4 Zigbee\/Matter<\/h3>\n<p><img decoding=\"async\" src=\"https:\/\/blankpage.ee\/_ruumist-ruumi\/wp-content\/uploads\/2025\/04\/2-457.webp\" alt=\"Shelly Mini kontroller \u2013 kompaktne sinine seade kruviklemmidega\" \/><\/p>\n<p>Shelly Mini kontroller 1 Gen4 on eriti kompaktne nutikas releekontroller, mis sobib ideaalselt paigaldamiseks liitmikukarpidesse, pistikupesade taha v\u00f5i kitsastesse paigalduskohtadesse. Seadme m\u00f5\u00f5tmed on vaid 29 \u00d7 34 \u00d7 16 mm, kuid see toetab mitmeid sideprotokolle \u2013 sh Wi-Fi, Zigbee, Bluetooth ja Matter \u2013, v\u00f5imaldades paindlikku \u00fchilduvust eri koduautomaatikas\u00fcsteemidega. Shelly Mini kontroller sobib nii kodu- kui ka t\u00f6\u00f6stusautomaatikasse.<\/p>\n<h3>Lai protokollitugi ja Matter-\u00fchilduvus<\/h3>\n<p><img decoding=\"async\" src=\"https:\/\/blankpage.ee\/_ruumist-ruumi\/wp-content\/uploads\/2025\/04\/1-457.webp\" alt=\"Nutikontrolleri \u00fchenduvuse illustratsioon, kus on Wi-Fi ja Zigbee logod\" \/><\/p>\n<p>Shelly Mini kontroller 1 Gen4 \u00fchendub h\u00f5lpsasti Wi-Fi (802.11 b\/g\/n\/ax), Zigbee (802.15.4) ja Bluetooth 5.0 kaudu. Lisaks t\u00f6\u00f6tab seade Zigbee ja Wi-Fi tugevdajana ning Bluetooth-v\u00e4ravana teistele IoT seadmetele. T\u00e4nu Matter-protokollile saab kontrollerit integreerida erinevatesse \u00f6kos\u00fcsteemidesse, mis v\u00f5imaldab seadmel sujuvalt toimida ka tulevikus. Shelly Mini kontroller sobitub paindlikult erinevatesse protokollidega s\u00fcsteemidesse.<\/p>\n<h3>Kuivkontakt ja mitmek\u00fclgne kasutus<\/h3>\n<p><img decoding=\"async\" src=\"https:\/\/blankpage.ee\/_ruumist-ruumi\/wp-content\/uploads\/2025\/04\/3-438.webp\" alt=\"Elektriskeem, kus Shelly Mini kontrollerit kasutatakse releena v\u00e4rava ja valgustite juhtimiseks\" \/><\/p>\n<p>Seadmel on kuivkontakt ehk potentsiaalivaba relee, mis v\u00f5imaldab juhtida nii madalpingelisi (30 VDC) kui ka v\u00f5rgupingel t\u00f6\u00f6tavaid (kuni 240 VAC) seadmeid. See teeb kontrolleri sobivaks n\u00e4iteks v\u00e4ravate, kella, valgustite v\u00f5i muude automaatikaseadmete juhtimiseks, mille puhul on vajalik galvaaniline lahutus.<\/p>\n<h3>T\u00e4iustatud ajastused ja stseenihaldus<\/h3>\n<p><img decoding=\"async\" src=\"https:\/\/blankpage.ee\/_ruumist-ruumi\/wp-content\/uploads\/2025\/04\/4-423.webp\" alt=\"Ajastuste ja stseenide seadistamise ekraan Shelly Mini kontrolleri rakenduses\" \/><\/p>\n<p>Shelly Mini kontroller 1 Gen4 v\u00f5imaldab seadistada kuni 20 eraldi ajastust ja m\u00e4\u00e4rata stseenip\u00f5hiseid tegevusi. Nii saab erinevaid seadmeid automaatselt sisse ja v\u00e4lja l\u00fclitada valitud n\u00e4dalap\u00e4evadel ja kellaaegadel ning siduda seadistused kindlate s\u00fcndmustega (nt liikumisandur toimib p\u00e4\u00e4stikuna).<\/p>\n<h3>Paindlik integreeritavus ja juhtimine<\/h3>\n<p><img decoding=\"async\" src=\"https:\/\/blankpage.ee\/_ruumist-ruumi\/wp-content\/uploads\/2025\/04\/5-365.webp\" alt=\"Integratsioonivalikud nutikodu seadmetega Shelly Mini kontrollerile\" \/><\/p>\n<p>Kontrollerit saab h\u00f5lpsasti integreerida enamlevinud h\u00e4\u00e4lassistentide (Google Home, Alexa, Samsung SmartThings) ning kohalike s\u00fcsteemidega (nt HTTP\/HTTPS, MQTT, WebHooks, KNX net\/IP API kaudu). K\u00f5iki seadistusi ja seadmeid saab hallata nii pilve kaudu kui ka lokaalselt otse veebibrauserist.<\/p>\n<h3>Kompaktne ja vastupidav disain<\/h3>\n<p><img decoding=\"async\" src=\"https:\/\/blankpage.ee\/_ruumist-ruumi\/wp-content\/uploads\/2025\/04\/7-296.webp\" alt=\"Shelly Mini kontroller sinise plastikust korpusega paigaldatud seinakilbi sisse\" \/><\/p>\n<p>Shelly Mini kontroller 1 Gen4 korpus on valmistatud vastupidavast sinisest plastikust ning sobib paigaldamiseks standardsesse seinakarpi. Seadmes on ESP-Shelly-C68F mikrokontroller koos 8 MB v\u00e4lkm\u00e4luga, mis v\u00f5imaldab kiiret t\u00f6\u00f6tamist ja skriptide kasutamist. Shelly Mini kontroller pakub paindlikku ja usaldusv\u00e4\u00e4rset lahendust igas kodus v\u00f5i kontoris.<\/p>\n<h3>Tehnilised andmed<\/h3>\n<table>\n<tr>\n<th>M\u00f5\u00f5tmed<\/th>\n<td>29 \u00d7 34 \u00d7 16 mm<\/td>\n<\/tr>\n<tr>\n<th>Kaal<\/th>\n<td>19 g<\/td>\n<\/tr>\n<tr>\n<th>Toitepinge<\/th>\n<td>110\u2013240 VAC<\/td>\n<\/tr>\n<tr>\n<th>Relee<\/th>\n<td>Potentsiaalivaba, 1-pooluseline, \u00b5 kontakt<\/td>\n<\/tr>\n<tr>\n<th>Maks. l\u00fclitustingimused<\/th>\n<td>240 VAC\/8 A v\u00f5i 30 VDC\/5 A<\/td>\n<\/tr>\n<tr>\n<th>Protokollid<\/th>\n<td>Wi-Fi, Zigbee, Bluetooth, Matter<\/td>\n<\/tr>\n<tr>\n<th>T\u00f6\u00f6temperatuur<\/th>\n<td>-20\u00b0C kuni 40\u00b0C<\/td>\n<\/tr>\n<tr>\n<th>Sisseehitatud andurid<\/th>\n<td>Sisemine temperatuuriandur<\/td>\n<\/tr>\n<\/table>\n","protected":false},"excerpt":{"rendered":"<p>Shelly Mini kontroller 1 Gen4 Zigbee\/Matter Shelly Mini kontroller 1 Gen4 on eriti kompaktne nutikas releekontroller, mis sobib ideaalselt paigaldamiseks liitmikukarpidesse, pistikupesade taha v\u00f5i kitsastesse paigalduskohtadesse. Seadme m\u00f5\u00f5tmed on vaid 29 \u00d7 34 \u00d7 16 mm, kuid see toetab mitmeid sideprotokolle \u2013 sh Wi-Fi, Zigbee, Bluetooth ja Matter \u2013, v\u00f5imaldades paindlikku \u00fchilduvust eri koduautomaatikas\u00fcsteemidega. Shelly [&hellip;]<\/p>\n","protected":false},"featured_media":173181,"comment_status":"open","ping_status":"open","template":"","meta":[],"product_brand":[3069],"product_cat":[3043],"product_tag":[],"class_list":{"0":"post-173174","1":"product","2":"type-product","3":"status-publish","4":"has-post-thumbnail","6":"product_brand-shelly","7":"product_cat-nutikontrollerid","8":"product_shipping_class-innpro","10":"first","11":"instock","12":"sale","13":"taxable","14":"shipping-taxable","15":"purchasable","16":"product-type-simple"},"_links":{"self":[{"href":"https:\/\/blankpage.ee\/_ruumist-ruumi\/wp-json\/wp\/v2\/product\/173174","targetHints":{"allow":["GET"]}}],"collection":[{"href":"https:\/\/blankpage.ee\/_ruumist-ruumi\/wp-json\/wp\/v2\/product"}],"about":[{"href":"https:\/\/blankpage.ee\/_ruumist-ruumi\/wp-json\/wp\/v2\/types\/product"}],"replies":[{"embeddable":true,"href":"https:\/\/blankpage.ee\/_ruumist-ruumi\/wp-json\/wp\/v2\/comments?post=173174"}],"wp:featuredmedia":[{"embeddable":true,"href":"https:\/\/blankpage.ee\/_ruumist-ruumi\/wp-json\/wp\/v2\/media\/173181"}],"wp:attachment":[{"href":"https:\/\/blankpage.ee\/_ruumist-ruumi\/wp-json\/wp\/v2\/media?parent=173174"}],"wp:term":[{"taxonomy":"product_brand","embeddable":true,"href":"https:\/\/blankpage.ee\/_ruumist-ruumi\/wp-json\/wp\/v2\/product_brand?post=173174"},{"taxonomy":"product_cat","embeddable":true,"href":"https:\/\/blankpage.ee\/_ruumist-ruumi\/wp-json\/wp\/v2\/product_cat?post=173174"},{"taxonomy":"product_tag","embeddable":true,"href":"https:\/\/blankpage.ee\/_ruumist-ruumi\/wp-json\/wp\/v2\/product_tag?post=173174"}],"curies":[{"name":"wp","href":"https:\/\/api.w.org\/{rel}","templated":true}]}}