{"id":173201,"date":"2025-04-19T09:23:32","date_gmt":"2025-04-19T09:23:32","guid":{"rendered":"https:\/\/ruumistruumi.ee\/pood\/nutikas-valgusdimmer-shelly-dimmer-gen3-wifi-200-w-ilma-neutraaliuhenduseta-voimalus\/"},"modified":"2025-08-21T08:18:58","modified_gmt":"2025-08-21T08:18:58","slug":"nutikas-valgusdimmer-shelly-dimmer-gen3-wifi-200-w-ilma-neutraaliuhenduseta-voimalus","status":"publish","type":"product","link":"https:\/\/blankpage.ee\/_ruumist-ruumi\/pood\/nutikas-valgusdimmer-shelly-dimmer-gen3-wifi-200-w-ilma-neutraaliuhenduseta-voimalus\/","title":{"rendered":"Nutikas valgusdimmer Shelly Dimmer Gen3 WiFi (200 W, ilma neutraali\u00fchenduseta v\u00f5imalus)"},"content":{"rendered":"<h3>Nutikas valgusdimmer Shelly Dimmer Gen3 WiFi (200 W, ilma neutraali\u00fchenduseta v\u00f5imalus)<\/h3>\n<p>Nutikas valgusdimmer Shelly Dimmer Gen3 v\u00f5imaldab mugavalt valgustugevust reguleerida nii nutitelefonist, tahvelarvutist, arvutist kui ka koduautomaatikas\u00fcsteemist. See seade \u00fchildub Wi-Fi v\u00f5rguga ning seda saab juhtida nii kohapeal kui ka pilve kaudu, lisahubi pole vaja. Toetatud on ka Bluetooth ja BLE Gateway funktsioonid, mis muudavad dimmeri integreerimise koduautomaatikasse, n\u00e4iteks Home Assistant, Google Home, Alexa ja SmartThings, eriti lihtsaks. Automatiseerimiseks saab rakendada t\u00f6\u00f6 ajakavasid, skripte ning erinevaid paindlikke stsenaariume.<\/p>\n<p><img decoding=\"async\" alt=\"Shelly Dimmer Gen3 nutikas valgusdimmer tootevaade\" src=\"https:\/\/blankpage.ee\/_ruumist-ruumi\/wp-content\/uploads\/2025\/04\/2-461.webp\" \/><\/p>\n<h3>Paigaldamine koos v\u00f5i ilma neutraali\u00fchenduseta<\/h3>\n<p>Dimmer Gen3 sobib paigaldamiseks nii olemasolevatesse s\u00fcsteemidesse, kus neutraal puudub, kui ka standardlahendustele. S\u00fcsteemides, kus neutraaljuhet ei kasutata ja koormus on alla 20 W, on soovitatav lisada Bypass-moodul, et v\u00e4ltida lambi h\u00e4marat p\u00f5lemist p\u00e4rast v\u00e4ljal\u00fclitamist.<\/p>\n<p><img decoding=\"async\" alt=\"Shelly nutika valgusdimmeri paigaldus ilma neutraali\u00fchenduseta\" src=\"https:\/\/blankpage.ee\/_ruumist-ruumi\/wp-content\/uploads\/2025\/04\/3-442.webp\" \/><\/p>\n<h3>T\u00e4psed m\u00f5\u00f5tmised ja t\u00f5hus kaitse<\/h3>\n<p>Kui \u00fchendate seadme neutraaljuhtmega, m\u00f5\u00f5dab nutikas valgusdimmer t\u00e4pselt nii voolu (0\u20133 A), pingeid (180\u2013240 V) kui ka energiatarbimist (\u00b15% t\u00e4psusega). Seadmel on ka sisseehitatud temperatuuriandur ning l\u00fchise- ja \u00fclekoormuskaitse \u2013 need t\u00f5hustatud turvafunktsioonid t\u00f6\u00f6tavad korrektselt ainult siis, kui neutraal on \u00fchendatud.<\/p>\n<p><img decoding=\"async\" alt=\"Shelly Dimmer Gen3 funktsioonid: m\u00f5\u00f5tmised ja kaitse\" src=\"https:\/\/blankpage.ee\/_ruumist-ruumi\/wp-content\/uploads\/2025\/04\/4-427.webp\" \/><\/p>\n<h3>Mugav juhtimine ja pehme h\u00e4mardus<\/h3>\n<p>Dimmer Gen3 v\u00f5imaldab h\u00e4mardada erinevaid valgusallikaid, kasutades trailing edge re\u017eiimi. \u00dchildub LED-lampidega (kuni 150 W), halogeenidega (kuni 200 W) ning elektrooniliste trafodega. Automaatne kalibreerimine tagab \u00fchtlase ja sujuva valgusmuutuse, hoolimata valgusallika t\u00fc\u00fcbist. V\u00f5id ise reguleerida miinimum- ja maksimumheleduse piire, muuta valguse muutumise aega ning seadistada eraldi \u00f6\u00f6re\u017eiimi.<\/p>\n<p><img decoding=\"async\" alt=\"Valgustugevuse reguleerimine nutika valgusdimmeriga Shelly Dimmer Gen3\" src=\"https:\/\/blankpage.ee\/_ruumist-ruumi\/wp-content\/uploads\/2025\/04\/1-461.webp\" \/><\/p>\n<h3>Laiad automaatikav\u00f5imalused<\/h3>\n<p>Dimmer Gen3 toetab kuni 20 ajakava ja 20 webhooki (kuni 5 URL-i iga\u00fches). Kasutaja saab luua keerukaid stsenaariume, ajastada valguse muutusi ning kasutada kohalikku automaatikat n\u00e4iteks MQTT, KVS ja virtuaalkomponentide kaudu. T\u00e4nu sellele on v\u00f5imalik integreerida nutikas valgusdimmer igasse kaasaegsesse hooneautomaatikalahendusse ka seotud fraasidega nagu valgusautomaatika.<\/p>\n<p><img decoding=\"async\" alt=\"Automaatika v\u00f5imalused nutika valgusdimmeri abil valgustuse juhtimisel\" src=\"https:\/\/blankpage.ee\/_ruumist-ruumi\/wp-content\/uploads\/2025\/04\/5-367.webp\" \/><\/p>\n<h3>Tehnilised andmed<\/h3>\n<table>\n<tr>\n<th>Maksimaalne v\u00e4ljundv\u00f5imsus<\/th>\n<td>200 W<\/td>\n<\/tr>\n<tr>\n<th>Toitepinge<\/th>\n<td>220\u2013240 V~, 50 Hz<\/td>\n<\/tr>\n<tr>\n<th>Valgustugevuse reguleerimine<\/th>\n<td>Trailing edge<\/td>\n<\/tr>\n<tr>\n<th>T\u00f6\u00f6temperatuur<\/th>\n<td>-20\u00b0C kuni 40\u00b0C<\/td>\n<\/tr>\n<tr>\n<th>Wi-Fi protokoll<\/th>\n<td>802.11 b\/g\/n (2,4 GHz)<\/td>\n<\/tr>\n<tr>\n<th>Bluetooth versioon<\/th>\n<td>4.2<\/td>\n<\/tr>\n<tr>\n<th>M\u00f5\u00f5tmed<\/th>\n<td>38 \u00d7 42,5 \u00d7 16,5 mm<\/td>\n<\/tr>\n<tr>\n<th>Kaitsed<\/th>\n<td>L\u00fchise- ja \u00fclekoormuskaitse<\/td>\n<\/tr>\n<\/table>\n","protected":false},"excerpt":{"rendered":"<p>Nutikas valgusdimmer Shelly Dimmer Gen3 WiFi (200 W, ilma neutraali\u00fchenduseta v\u00f5imalus) Nutikas valgusdimmer Shelly Dimmer Gen3 v\u00f5imaldab mugavalt valgustugevust reguleerida nii nutitelefonist, tahvelarvutist, arvutist kui ka koduautomaatikas\u00fcsteemist. See seade \u00fchildub Wi-Fi v\u00f5rguga ning seda saab juhtida nii kohapeal kui ka pilve kaudu, lisahubi pole vaja. Toetatud on ka Bluetooth ja BLE Gateway funktsioonid, mis muudavad [&hellip;]<\/p>\n","protected":false},"featured_media":173207,"comment_status":"open","ping_status":"open","template":"","meta":[],"product_brand":[3069],"product_cat":[3043],"product_tag":[],"class_list":{"0":"post-173201","1":"product","2":"type-product","3":"status-publish","4":"has-post-thumbnail","6":"product_brand-shelly","7":"product_cat-nutikontrollerid","8":"product_shipping_class-innpro","10":"first","11":"instock","12":"sale","13":"taxable","14":"shipping-taxable","15":"purchasable","16":"product-type-simple"},"_links":{"self":[{"href":"https:\/\/blankpage.ee\/_ruumist-ruumi\/wp-json\/wp\/v2\/product\/173201","targetHints":{"allow":["GET"]}}],"collection":[{"href":"https:\/\/blankpage.ee\/_ruumist-ruumi\/wp-json\/wp\/v2\/product"}],"about":[{"href":"https:\/\/blankpage.ee\/_ruumist-ruumi\/wp-json\/wp\/v2\/types\/product"}],"replies":[{"embeddable":true,"href":"https:\/\/blankpage.ee\/_ruumist-ruumi\/wp-json\/wp\/v2\/comments?post=173201"}],"wp:featuredmedia":[{"embeddable":true,"href":"https:\/\/blankpage.ee\/_ruumist-ruumi\/wp-json\/wp\/v2\/media\/173207"}],"wp:attachment":[{"href":"https:\/\/blankpage.ee\/_ruumist-ruumi\/wp-json\/wp\/v2\/media?parent=173201"}],"wp:term":[{"taxonomy":"product_brand","embeddable":true,"href":"https:\/\/blankpage.ee\/_ruumist-ruumi\/wp-json\/wp\/v2\/product_brand?post=173201"},{"taxonomy":"product_cat","embeddable":true,"href":"https:\/\/blankpage.ee\/_ruumist-ruumi\/wp-json\/wp\/v2\/product_cat?post=173201"},{"taxonomy":"product_tag","embeddable":true,"href":"https:\/\/blankpage.ee\/_ruumist-ruumi\/wp-json\/wp\/v2\/product_tag?post=173201"}],"curies":[{"name":"wp","href":"https:\/\/api.w.org\/{rel}","templated":true}]}}