{"id":173210,"date":"2025-04-19T09:26:29","date_gmt":"2025-04-19T09:26:29","guid":{"rendered":"https:\/\/ruumistruumi.ee\/pood\/nutikodu-juhtpaneel-shelly-wall-display-x2-wifi-bluetooth-6-95-tolline-ekraan-valge\/"},"modified":"2025-04-19T09:27:50","modified_gmt":"2025-04-19T09:27:50","slug":"nutikodu-juhtpaneel-shelly-wall-display-x2-wifi-bluetooth-6-95-tolline-ekraan-valge","status":"publish","type":"product","link":"https:\/\/blankpage.ee\/_ruumist-ruumi\/pood\/nutikodu-juhtpaneel-shelly-wall-display-x2-wifi-bluetooth-6-95-tolline-ekraan-valge\/","title":{"rendered":"Nutikodu juhtpaneel Shelly Wall Display X2, WiFi\/Bluetooth, 6.95-tolline ekraan (valge)"},"content":{"rendered":"<h3>Nutikodu juhtpaneel Shelly Wall Display X2, WiFi\/Bluetooth, 6.95-tolline ekraan (valge)<\/h3>\n<p><img decoding=\"async\" src=\"https:\/\/blankpage.ee\/_ruumist-ruumi\/wp-content\/uploads\/2025\/04\/2-462.webp\" alt=\"Nutikodu juhtpaneel Shelly Wall Display X2 seinal paigaldatuna\"><\/p>\n<p>Shelly Wall Display X2 on nutikodu juhtpaneel, millega juhite mugavalt erinevaid seadmeid ja j\u00e4lgite ruumi olusid. 6,95-tolline puuteekraan pakub selget pilti ning v\u00f5imaldab kiiret ja t\u00e4pset juhtimist. T\u00e4nu Wi-Fi ja Bluetoothi \u00fchendusele, sisseehitatud re\u017eiimidele ning kolmele keskkonnaandurile (temperatuur, \u00f5huniiskus ja valgusintensiivsus) muutub koduautomaatika juhtimine lihtsaks ja arusaadavaks. Seade sobitub standardsesse s\u00fcvispaigalduskasti ning seda v\u00f5ib kasutada ka tavap\u00e4rase l\u00fcliti asendajana.<\/p>\n<h3>Selge ekraan ning lihtne ja intuitiivne juhtimine<\/h3>\n<p>Suur 6,95-tolline ekraan muudab seadmete haldamise, andmete j\u00e4lgimise ning automatiseerimisreeglite seadistamise igap\u00e4evaselt mugavaks. Kuvari paigutus on valitav horisontaal- v\u00f5i vertikaalasendisse vastavalt teie vajadustele.<\/p>\n<p><img decoding=\"async\" src=\"https:\/\/blankpage.ee\/_ruumist-ruumi\/wp-content\/uploads\/2025\/04\/3-443.webp\" alt=\"Nutikodu ekraanipaneel \u2013 l\u00e4hivaade Shelly X2 kasutajaliidesele\"><\/p>\n<h3><\/h3>\n<h3>Otsekontroll paneelilt ja nutikas kodu juhtimine<\/h3>\n<p>Paneelil asuv relee v\u00f5imaldab otse juhtida n\u00e4iteks valgusteid, ventilaatoreid v\u00f5i muid \u00fchendatud seadmeid. Maksimaalne l\u00fclitatav pinge on 230 V AC ja vool kuni 5 A.<\/p>\n<p><img decoding=\"async\" src=\"https:\/\/blankpage.ee\/_ruumist-ruumi\/wp-content\/uploads\/2025\/04\/4-428.webp\" alt=\"Elektriseadmete juhtimine Shelly nutikodu seinal paikneva displeipaneeli kaudu\"><\/p>\n<h3>Automaatika ruumi tingimustele vastavalt<\/h3>\n<p>Seade j\u00e4lgib pidevalt temperatuuri, niiskuse ja valguse taset ning v\u00f5imaldab k\u00e4ivitada automaatsed stsenaariumid \u2013 n\u00e4iteks ventilaatori sissel\u00fclitamiseks liiga k\u00f5rge niiskuse korral v\u00f5i automaatse valgustuse l\u00fclitamiseks h\u00e4maras. T\u00e4nu pidevale andurite j\u00e4lgimisele on h\u00f5lbus v\u00e4ltida hallitust ning tagada sobiv sisekliima.<\/p>\n<p><img decoding=\"async\" src=\"https:\/\/blankpage.ee\/_ruumist-ruumi\/wp-content\/uploads\/2025\/04\/5-368.webp\" alt=\"Juhtpaneel keskkonnaanduritega: temperatuur ja niiskuse m\u00f5\u00f5tmine nutikodus\"><\/p>\n<h3>Kaugjuhtimine ning ajastatud \u00fclessanded<\/h3>\n<p>Wi-Fi \u00fchendus ja Shelly Smart Control rakendus v\u00f5imaldavad j\u00e4lgida seadmeid, energiatarbimist ja andureid ka eemalt. V\u00f5imalik on m\u00e4\u00e4rata kuni 20 ajastatud \u00fclesannet v\u00f5i veebip\u00f5hist k\u00e4sku ning kasutada MQTT protokolli erinevate s\u00fcsteemidega integratsiooniks. \u00dcletatud temperatuuri v\u00f5i niiskuse korral k\u00e4ivitab seade automaatselt eelnevalt seadistatud tegevused ning saadab teavitused.<\/p>\n<p><img decoding=\"async\" src=\"https:\/\/blankpage.ee\/_ruumist-ruumi\/wp-content\/uploads\/2025\/04\/1-462.webp\" alt=\"Kaugjuhtimise lahendus Shelly Smart Control rakendusega nutikodus\"><\/p>\n<h3>Reaalajas energiatarbimise j\u00e4lgimine<\/h3>\n<p>Shelly Wall Display X2 kuvab k\u00f5igi Shelly s\u00fcsteemis registreeritud seadmete energiatarbimise, aidates kiiresti tuvastada suure energiakasutusega seadmeid ja optimeerida majapidamise energiakulusid.<\/p>\n<p><img decoding=\"async\" src=\"https:\/\/blankpage.ee\/_ruumist-ruumi\/wp-content\/uploads\/2025\/04\/6-330.webp\" alt=\"Energiatarbimise j\u00e4lgimine Shelly Wall Display X2 abil\"><\/p>\n<h3>Lihtne paigaldus ja vastupidav ehitus<\/h3>\n<p>Paneel kaalub ainult 256 g ja selle m\u00f5\u00f5dud on 87 \u00d7 178 \u00d7 33 mm, sobides standardsesse seinakasti. Korpus on valmistatud plastikust, alumiiniumist ja klaasist. Seade t\u00f6\u00f6tab temperatuurivahemikus \u201320\u00b0 kuni +40\u00b0C ning suhtelise \u00f5huniiskusega 30%\u201370%, mist\u00f5ttu sobib kasutamiseks nii kodudes kui ka v\u00e4hem stabiilse sisekliimaga ruumides.<\/p>\n<p><img decoding=\"async\" src=\"https:\/\/blankpage.ee\/_ruumist-ruumi\/wp-content\/uploads\/2025\/04\/7-297.webp\" alt=\"Shelly Wall Display X2 paigaldusjoonis\"><\/p>\n<h3>Tehnilised andmed<\/h3>\n<table>\n<tr>\n<th>Tootja<\/th>\n<td>Shelly<\/td>\n<\/tr>\n<tr>\n<th>Mudel<\/th>\n<td>WallDisplayx2W<\/td>\n<\/tr>\n<tr>\n<th>M\u00f5\u00f5dud<\/th>\n<td>87 \u00d7 178 \u00d7 33 mm<\/td>\n<\/tr>\n<tr>\n<th>Kaal<\/th>\n<td>256 g<\/td>\n<\/tr>\n<tr>\n<th>Ekraan<\/th>\n<td>6,95&#8243; (puutetundlik, 5-punktiline maatriks)<\/td>\n<\/tr>\n<tr>\n<th>Toide<\/th>\n<td>230 V AC, 50\/60 Hz; USB-C: 5 V DC, 1 A<\/td>\n<\/tr>\n<tr>\n<th>Maksimaalne relee pinge\/vool<\/th>\n<td>230 V AC \/ 5 A<\/td>\n<\/tr>\n<tr>\n<th>\u00dchenduvus<\/th>\n<td>Wi-Fi 802.11 b\/g\/n (2,4 GHz), Bluetooth 5.0<\/td>\n<\/tr>\n<tr>\n<th>Andurid<\/th>\n<td>Temperatuur, niiskus, valgus, liikumine, l\u00e4hedus, mikrofon<\/td>\n<\/tr>\n<tr>\n<th>Protsessor<\/th>\n<td>SC7731E, ARM Cortex A7 1.3 GHz (4-tuumaline)<\/td>\n<\/tr>\n<tr>\n<th>RAM \/ Salvestus<\/th>\n<td>1 GB \/ 4 GB<\/td>\n<\/tr>\n<tr>\n<th>Tarkvara<\/th>\n<td>Android 8.1<\/td>\n<\/tr>\n<\/table>\n","protected":false},"excerpt":{"rendered":"<p>Nutikodu juhtpaneel Shelly Wall Display X2, WiFi\/Bluetooth, 6.95-tolline ekraan (valge) Shelly Wall Display X2 on nutikodu juhtpaneel, millega juhite mugavalt erinevaid seadmeid ja j\u00e4lgite ruumi olusid. 6,95-tolline puuteekraan pakub selget pilti ning v\u00f5imaldab kiiret ja t\u00e4pset juhtimist. T\u00e4nu Wi-Fi ja Bluetoothi \u00fchendusele, sisseehitatud re\u017eiimidele ning kolmele keskkonnaandurile (temperatuur, \u00f5huniiskus ja valgusintensiivsus) muutub koduautomaatika juhtimine lihtsaks [&hellip;]<\/p>\n","protected":false},"featured_media":173218,"comment_status":"open","ping_status":"open","template":"","meta":[],"product_brand":[3069],"product_cat":[3057],"product_tag":[],"class_list":{"0":"post-173210","1":"product","2":"type-product","3":"status-publish","4":"has-post-thumbnail","6":"product_brand-shelly","7":"product_cat-juhtpaneelid","8":"product_shipping_class-innpro","10":"first","11":"outofstock","12":"taxable","13":"shipping-taxable","14":"purchasable","15":"product-type-simple"},"_links":{"self":[{"href":"https:\/\/blankpage.ee\/_ruumist-ruumi\/wp-json\/wp\/v2\/product\/173210","targetHints":{"allow":["GET"]}}],"collection":[{"href":"https:\/\/blankpage.ee\/_ruumist-ruumi\/wp-json\/wp\/v2\/product"}],"about":[{"href":"https:\/\/blankpage.ee\/_ruumist-ruumi\/wp-json\/wp\/v2\/types\/product"}],"replies":[{"embeddable":true,"href":"https:\/\/blankpage.ee\/_ruumist-ruumi\/wp-json\/wp\/v2\/comments?post=173210"}],"wp:featuredmedia":[{"embeddable":true,"href":"https:\/\/blankpage.ee\/_ruumist-ruumi\/wp-json\/wp\/v2\/media\/173218"}],"wp:attachment":[{"href":"https:\/\/blankpage.ee\/_ruumist-ruumi\/wp-json\/wp\/v2\/media?parent=173210"}],"wp:term":[{"taxonomy":"product_brand","embeddable":true,"href":"https:\/\/blankpage.ee\/_ruumist-ruumi\/wp-json\/wp\/v2\/product_brand?post=173210"},{"taxonomy":"product_cat","embeddable":true,"href":"https:\/\/blankpage.ee\/_ruumist-ruumi\/wp-json\/wp\/v2\/product_cat?post=173210"},{"taxonomy":"product_tag","embeddable":true,"href":"https:\/\/blankpage.ee\/_ruumist-ruumi\/wp-json\/wp\/v2\/product_tag?post=173210"}],"curies":[{"name":"wp","href":"https:\/\/api.w.org\/{rel}","templated":true}]}}