{"id":173241,"date":"2025-04-19T09:30:36","date_gmt":"2025-04-19T09:30:36","guid":{"rendered":"https:\/\/ruumistruumi.ee\/pood\/nutikas-lulitimoodul-shelly-2pm-gen3-kahekanaliline-wi-fi-bluetooth-4-tk-komplekt\/"},"modified":"2025-08-21T08:18:58","modified_gmt":"2025-08-21T08:18:58","slug":"nutikas-lulitimoodul-shelly-2pm-gen3-kahekanaliline-wi-fi-bluetooth-4-tk-komplekt","status":"publish","type":"product","link":"https:\/\/blankpage.ee\/_ruumist-ruumi\/pood\/nutikas-lulitimoodul-shelly-2pm-gen3-kahekanaliline-wi-fi-bluetooth-4-tk-komplekt\/","title":{"rendered":"Nutikas l\u00fclitimoodul Shelly 2PM Gen3, kahekanaliline (Wi-Fi\/Bluetooth, 4 tk komplekt)"},"content":{"rendered":"<h3>Nutikas l\u00fclitimoodul Shelly 2PM Gen3, kahekanaliline (4 tk, Wi-Fi\/Bluetooth)<\/h3>\n<p>Nutikas l\u00fclitimoodul Shelly 2PM Gen3 on kahekanaliline seadmekomplekt (4 tk), mis v\u00f5imaldab juhtida kahte eraldi elektriahelat ning j\u00e4lgida reaalajas iga kanali energiatarvet. T\u00e4nu kompaktsele disainile sobib nutikas l\u00fclitimoodul standardsesse s\u00fcvistatavasse karpi ning t\u00f6\u00f6tab usaldusv\u00e4\u00e4rselt ka kitsastes pistikupesades v\u00f5i l\u00fclitites.<\/p>\n<p><img decoding=\"async\" alt=\"Nutikas l\u00fclitimoodul Shelly 2PM Gen3, 4 moodulit komplektis\" src=\"https:\/\/blankpage.ee\/_ruumist-ruumi\/wp-content\/uploads\/2025\/04\/7-300.webp\"\/><\/p>\n<h3>Kahekanaliline juhtimine ja energiatarbimise j\u00e4lgimine<\/h3>\n<p>Shelly 2PM Gen3 v\u00f5imaldab kontrollida kahte kanalit samaaegselt \u00fches faasis ning m\u00f5\u00f5ta m\u00f5lema kanali energiatarvet eraldi. See v\u00f5imaldab t\u00f5husalt juhtida elektriseadmeid ning paremini optimeerida energiakulu igap\u00e4evat\u00f6\u00f6s.<\/p>\n<p><img decoding=\"async\" alt=\"Kahekanaliline Shelly moodul energiatarbe j\u00e4lgimisega\" src=\"https:\/\/blankpage.ee\/_ruumist-ruumi\/wp-content\/uploads\/2025\/04\/1-465.webp\"\/><\/p>\n<h3>Laiad automaatika- ja integratsiooniv\u00f5imalused<\/h3>\n<p>See nutikas moodul toetab erinevaid skriptimis- ja automatiseerimise protokolle (sh WebSocket, MQTT, HTTPS) ning v\u00f5imaldab seadistada kuni 20 erinevat webhook-triggerit viie URL-iga iga\u00fche kohta. Nii saad laiendada oma nutikodu automatiseerimist ja reageerida s\u00fcndmustele kiirusega.<\/p>\n<p><img decoding=\"async\" alt=\"Elektroonikamoodul automaatika funktsioonidega\" src=\"https:\/\/blankpage.ee\/_ruumist-ruumi\/wp-content\/uploads\/2025\/04\/2-465.webp\"\/><\/p>\n<h3>V\u00f5imas protsessor, t\u00f6\u00f6kindlus ja turvalisus<\/h3>\n<p>Seadmes on kasutusel ESP-Shelly-C38F protsessor ning 8 MB v\u00e4lkm\u00e4lu, mis tagavad sujuva t\u00f6\u00f6 ka suurema koormusega. Parendatud \u00fchendusterminalid ja virtualiseeritud komponentide tugi muudavad paigalduse lihtsaks ja usaldusv\u00e4\u00e4rseks.<\/p>\n<p><img decoding=\"async\" alt=\"Detailne vaade Shelly nutikale l\u00fclitimoodulile\" src=\"https:\/\/blankpage.ee\/_ruumist-ruumi\/wp-content\/uploads\/2025\/04\/3-446.webp\"\/><\/p>\n<h3>Automatiseerimine ja paindlik skriptitugi<\/h3>\n<p>Nutikas l\u00fclitimoodul toetab skriptimist, WebSocket, HTTPS, UDP ja TLS protokolle ning kohandatud sertifikaate, v\u00f5imaldades seadistada t\u00f6\u00f6viise vastavalt vajadustele. Toetatud on kuni 20 webhook\u2019i s\u00fcndmustele kiireks reageerimiseks, sobitudes h\u00e4sti erinevate s\u00fcsteemidega.<\/p>\n<p><img decoding=\"async\" alt=\"Automatiseeritud juhtimismoodul s\u00fcsteemi laiendamiseks\" src=\"https:\/\/blankpage.ee\/_ruumist-ruumi\/wp-content\/uploads\/2025\/04\/5-371.webp\"\/><\/p>\n<h3>Wi-Fi ja Bluetooth tugi, lai \u00fchendusv\u00f5imalus<\/h3>\n<p>Nutikas l\u00fclitimoodul t\u00f6\u00f6tab nii Wi-Fi tugevdajana kui Bluetooth-v\u00e4ravana, pakkudes paremat v\u00f5rgu katvust ja suurendades s\u00fcsteemi t\u00f6\u00f6kindlust. KNXnet\/IP protokolli tugi v\u00f5imaldab kasutada moodulit ka suuremates lahendustes.<\/p>\n<p><img decoding=\"async\" alt=\"L\u00fclitimoodul Wi-Fi ja Bluetooth \u00fchendusega\" src=\"https:\/\/blankpage.ee\/_ruumist-ruumi\/wp-content\/uploads\/2025\/04\/4-431.webp\"\/><\/p>\n<h3>Turvalisus ja kaitsefunktsioonid<\/h3>\n<p>Shelly 2PM Gen3 pakub turvalist kasutuskogemust t\u00e4nu \u00fclekuumenemis-, \u00fclepinge-, \u00fclekoormus- ja liigse energiatarbe kaitsele. Kardinajuhtimise re\u017eiimis tuvastab seadme takistused ning peatab liikumise automaatselt, s\u00e4ilitades seadmete t\u00f6\u00f6kindluse.<\/p>\n<p><img decoding=\"async\" alt=\"Shelly moodul automaatkaitse funktsioonidega\" src=\"https:\/\/blankpage.ee\/_ruumist-ruumi\/wp-content\/uploads\/2025\/04\/6-332.webp\"\/><\/p>\n<h3>Tehnilised andmed<\/h3>\n<table>\n<tr>\n<th>M\u00f5\u00f5dud<\/th>\n<td>37 \u00d7 42 \u00d7 16 mm<\/td>\n<\/tr>\n<tr>\n<th>Kaal<\/th>\n<td>30 g (\u00fcks moodul)<\/td>\n<\/tr>\n<tr>\n<th>Toide<\/th>\n<td>110\u2013240V~ \/ 24V\u2393 \u00b110%<\/td>\n<\/tr>\n<tr>\n<th>Maksimaalne l\u00fclitusvool<\/th>\n<td>16A (240V~) \/ 10A (30V\u2393)<\/td>\n<\/tr>\n<tr>\n<th>Sisseehitatud temperatuuriandur<\/th>\n<td>Jah<\/td>\n<\/tr>\n<tr>\n<th>Wi-Fi protokoll<\/th>\n<td>802.11 b\/g\/n<\/td>\n<\/tr>\n<tr>\n<th>Bluetooth-versioon<\/th>\n<td>4.2<\/td>\n<\/tr>\n<tr>\n<th>Protsessor \/ m\u00e4lu<\/th>\n<td>ESP-Shelly-C38F, 8 MB v\u00e4lkm\u00e4lu<\/td>\n<\/tr>\n<\/table>\n<p>Nutikas l\u00fclitimoodul Shelly 2PM Gen3 sobib ideaalselt nutikodu lahendustesse, kus vajatakse t\u00e4pset juhtimist, energiatarbimise j\u00e4lgimist ja mitmek\u00fclgseid automaatikav\u00f5imalusi koos k\u00f5rge turvalisusega.<\/p>\n","protected":false},"excerpt":{"rendered":"<p>Nutikas l\u00fclitimoodul Shelly 2PM Gen3, kahekanaliline (4 tk, Wi-Fi\/Bluetooth) Nutikas l\u00fclitimoodul Shelly 2PM Gen3 on kahekanaliline seadmekomplekt (4 tk), mis v\u00f5imaldab juhtida kahte eraldi elektriahelat ning j\u00e4lgida reaalajas iga kanali energiatarvet. T\u00e4nu kompaktsele disainile sobib nutikas l\u00fclitimoodul standardsesse s\u00fcvistatavasse karpi ning t\u00f6\u00f6tab usaldusv\u00e4\u00e4rselt ka kitsastes pistikupesades v\u00f5i l\u00fclitites. Kahekanaliline juhtimine ja energiatarbimise j\u00e4lgimine Shelly 2PM [&hellip;]<\/p>\n","protected":false},"featured_media":173249,"comment_status":"open","ping_status":"open","template":"","meta":[],"product_brand":[3069],"product_cat":[3043],"product_tag":[],"class_list":{"0":"post-173241","1":"product","2":"type-product","3":"status-publish","4":"has-post-thumbnail","6":"product_brand-shelly","7":"product_cat-nutikontrollerid","8":"product_shipping_class-innpro","10":"first","11":"instock","12":"sale","13":"taxable","14":"shipping-taxable","15":"purchasable","16":"product-type-simple"},"_links":{"self":[{"href":"https:\/\/blankpage.ee\/_ruumist-ruumi\/wp-json\/wp\/v2\/product\/173241","targetHints":{"allow":["GET"]}}],"collection":[{"href":"https:\/\/blankpage.ee\/_ruumist-ruumi\/wp-json\/wp\/v2\/product"}],"about":[{"href":"https:\/\/blankpage.ee\/_ruumist-ruumi\/wp-json\/wp\/v2\/types\/product"}],"replies":[{"embeddable":true,"href":"https:\/\/blankpage.ee\/_ruumist-ruumi\/wp-json\/wp\/v2\/comments?post=173241"}],"wp:featuredmedia":[{"embeddable":true,"href":"https:\/\/blankpage.ee\/_ruumist-ruumi\/wp-json\/wp\/v2\/media\/173249"}],"wp:attachment":[{"href":"https:\/\/blankpage.ee\/_ruumist-ruumi\/wp-json\/wp\/v2\/media?parent=173241"}],"wp:term":[{"taxonomy":"product_brand","embeddable":true,"href":"https:\/\/blankpage.ee\/_ruumist-ruumi\/wp-json\/wp\/v2\/product_brand?post=173241"},{"taxonomy":"product_cat","embeddable":true,"href":"https:\/\/blankpage.ee\/_ruumist-ruumi\/wp-json\/wp\/v2\/product_cat?post=173241"},{"taxonomy":"product_tag","embeddable":true,"href":"https:\/\/blankpage.ee\/_ruumist-ruumi\/wp-json\/wp\/v2\/product_tag?post=173241"}],"curies":[{"name":"wp","href":"https:\/\/api.w.org\/{rel}","templated":true}]}}