{"id":173374,"date":"2025-04-19T10:39:25","date_gmt":"2025-04-19T10:39:25","guid":{"rendered":"https:\/\/ruumistruumi.ee\/pood\/kasside-lohnaeemaldaja-petkit-pura-air-infrapunaanduriga-3-aaa-patareid\/"},"modified":"2025-08-21T08:18:58","modified_gmt":"2025-08-21T08:18:58","slug":"kasside-lohnaeemaldaja-petkit-pura-air-infrapunaanduriga-3-aaa-patareid","status":"publish","type":"product","link":"https:\/\/blankpage.ee\/_ruumist-ruumi\/pood\/kasside-lohnaeemaldaja-petkit-pura-air-infrapunaanduriga-3-aaa-patareid\/","title":{"rendered":"Kasside l\u00f5hnaeemaldaja PetKit Pura AIR infrapunaanduriga (3 AAA patareid)"},"content":{"rendered":"<h3>Kasside l\u00f5hnaeemaldaja PetKit Pura AIR infrapunaanduriga<\/h3>\n<p>Kasside l\u00f5hnaeemaldaja PetKit Pura AIR on kaasaegne lahendus igasse lemmikloomaomaniku koju. See t\u00f5hus l\u00f5hnaeemaldaja v\u00e4rskendab \u00f5hku, eemaldades ebameeldivad l\u00f5hnad ja aidates hoida kodukeskkonna meeldiva ning puhtana. Seade t\u00f6\u00f6tab kahe re\u017eiimiga ning selle t\u00f6\u00f6d saab seadistada vastavalt vajadusele. Infrapunaandur tuvastab lemmiklooma liikumise ning aktiveerib \u00f5huv\u00e4rskendaja automaatselt. Kolm v\u00e4rvilist indikaatorit teavitavad seadme t\u00f6\u00f6st ja seisukorrast. Toiteallikaks on 3 AAA patareid.<\/p>\n<p><img decoding=\"async\" src=\"https:\/\/blankpage.ee\/_ruumist-ruumi\/wp-content\/uploads\/2025\/04\/3-448.webp\" alt=\"Minimalistliku disainiga valge kasside l\u00f5hnaeemaldaja PetKit Pura AIR\"\/><\/p>\n<h3>Edasij\u00f5udnud infrapunaandur ja automaatne t\u00f6\u00f6<\/h3>\n<p>Pura AIR kasside l\u00f5hnaeemaldaja kasutab sisseehitatud infrapunaandurit, mis tuvastab koheselt looma l\u00e4henemise ja k\u00e4ivitab \u00f5huv\u00e4rskenduse \u00f5igel hetkel. Nii toimub l\u00f5hnade eemaldamine just siis, kui seda k\u00f5ige rohkem vaja on.<\/p>\n<p><img decoding=\"async\" src=\"https:\/\/b2b.innpro.pl\/data\/include\/cms\/03PetKit\/Pura-Air\/poster_2.jpg\" alt=\"\u00d5huv\u00e4rskendaja kassidele: infrapunaanduriga \u00f5huv\u00e4rskenduss\u00fcsteem PetKit Pura AIR\"\/><\/p>\n<h3>Paindlikud t\u00f6\u00f6re\u017eiimid<\/h3>\n<p>PetKit Pura AIR seadmel on kaks t\u00f6\u00f6re\u017eiimi. \u00dcks re\u017eiim k\u00e4ivitub automaatselt, kui lemmikloom l\u00e4heneb, ja teine t\u00f6\u00f6tab iga kuue tunni tagant, et tagada pidevalt v\u00e4rske \u00f5hk kodus. See v\u00f5imaldab valida kasutamiseks parima lahenduse vastavalt teie harjumustele ja vajadustele.<\/p>\n<p><img decoding=\"async\" src=\"https:\/\/blankpage.ee\/_ruumist-ruumi\/wp-content\/uploads\/2025\/04\/2-469.webp\" alt=\"PetKit Pura AIR automaatre\u017eiimid \u2013 erinevate t\u00f6\u00f6ts\u00fcklitega \u00f5huv\u00e4rskendaja\"\/><\/p>\n<h3>Ohutu ja t\u00f5hus filter<\/h3>\n<p>K\u00f5rgkvaliteediline pol\u00fcmeerfilter, mis on valmistatud ligikaudu 20 eri taime ekstraktidest, on ohutu kasutamiseks kodus ega sisalda m\u00fcrgiseid aineid. Filter p\u00fc\u00fcab ja lagundab ebameeldivaid l\u00f5hnaosakesi ning takistab bakterite levikut. Kasside l\u00f5hnaeemaldaja PetKit Pura AIR tagab seel\u00e4bi puhta ja meeldiva elukeskkonna. Filtri eluiga on kuni kolm kuud.<\/p>\n<p><img decoding=\"async\" src=\"https:\/\/blankpage.ee\/_ruumist-ruumi\/wp-content\/uploads\/2025\/04\/4-434.webp\" alt=\"PetKit Pura AIR l\u00f5hnade neutraliseerimiseks taimse ekstraktiga filter\"\/><\/p>\n<h3>Negatiivsed ioonid \u00f5hu puhastamiseks<\/h3>\n<p>PetKit Pura AIR kasutab negatiivseid ioone \u00f5hu v\u00e4rskendamiseks, tolmuosakeste eemaldamiseks ning viiruste ja bakterite neutraliseerimiseks. Lisaks meeldivale l\u00f5hnale aitab see parandada ka kodu \u00fcldist \u00f5hukvaliteeti.<\/p>\n<p><img decoding=\"async\" src=\"https:\/\/blankpage.ee\/_ruumist-ruumi\/wp-content\/uploads\/2025\/04\/6-334.webp\" alt=\"Negatiivsed ioonid parandavad kodu \u00f5hukvaliteeti kasside l\u00f5hnaeemaldaja abil\"\/><\/p>\n<h3>Lai \u00f5huv\u00e4rskenduse ala<\/h3>\n<p>Viie erineva \u00f5hukanaliga kasside l\u00f5hnaeemaldaja suunab v\u00e4rskendatud \u00f5hku mitmesse suunda, kiirendades l\u00f5hnade kadumist kogu ruumis.<\/p>\n<p><img decoding=\"async\" src=\"https:\/\/blankpage.ee\/_ruumist-ruumi\/wp-content\/uploads\/2025\/04\/7-302.webp\" alt=\"\u00d5huv\u00e4rskendaja PetKit Pura AIR mitmesuunalised \u00f5hukanalid tagavad kiire l\u00f5hnaeemalduse\"\/><\/p>\n<h3>Lihtne seire ja hooldus<\/h3>\n<p>Seadmel on kolm erinevat v\u00e4rvilist LED-indikaatorit: valge n\u00e4itab t\u00f6\u00f6tavat seadet, punane annab teada patareide vahetamise vajadusest ja kollane filtri vahetamise vajadusest. T\u00e4nu sellele on PetKit Pura AIR l\u00f5hnaeemaldaja seisukord kogu aeg h\u00e4sti j\u00e4lgitav ja seda on lihtne hooldada.<\/p>\n<p><img decoding=\"async\" src=\"https:\/\/blankpage.ee\/_ruumist-ruumi\/wp-content\/uploads\/2025\/04\/8-155.webp\" alt=\"LED-tuledega indikaatorid annavad teada kasside l\u00f5hnaeemaldaja t\u00f6\u00f6olekust\"\/><\/p>\n<div class=\"table-wrapper\">\n<table>\n<tbody>\n<tr>\n<th>Kaubam\u00e4rk<\/th>\n<td>PetKit<\/td>\n<\/tr>\n<tr>\n<th>M\u00f5\u00f5dud<\/th>\n<td>164 \u00d7 40 \u00d7 32 mm<\/td>\n<\/tr>\n<tr>\n<th>V\u00e4rvus<\/th>\n<td>Valge<\/td>\n<\/tr>\n<tr>\n<th>Materjal<\/th>\n<td>ABS-plastik<\/td>\n<\/tr>\n<tr>\n<th>Toiteallikas<\/th>\n<td>3 \u00d7 AAA patareid (ei kuulu komplekti)<\/td>\n<\/tr>\n<tr>\n<th>Maksimaalne t\u00f6\u00f6vool<\/th>\n<td>&lt;0,5 A<\/td>\n<\/tr>\n<tr>\n<th>T\u00f6\u00f6pinge<\/th>\n<td>4,5 V<\/td>\n<\/tr>\n<\/tbody>\n<\/table>\n<\/div>\n","protected":false},"excerpt":{"rendered":"<p>Kasside l\u00f5hnaeemaldaja PetKit Pura AIR infrapunaanduriga Kasside l\u00f5hnaeemaldaja PetKit Pura AIR on kaasaegne lahendus igasse lemmikloomaomaniku koju. See t\u00f5hus l\u00f5hnaeemaldaja v\u00e4rskendab \u00f5hku, eemaldades ebameeldivad l\u00f5hnad ja aidates hoida kodukeskkonna meeldiva ning puhtana. Seade t\u00f6\u00f6tab kahe re\u017eiimiga ning selle t\u00f6\u00f6d saab seadistada vastavalt vajadusele. Infrapunaandur tuvastab lemmiklooma liikumise ning aktiveerib \u00f5huv\u00e4rskendaja automaatselt. Kolm v\u00e4rvilist indikaatorit teavitavad [&hellip;]<\/p>\n","protected":false},"featured_media":173381,"comment_status":"open","ping_status":"open","template":"","meta":[],"product_brand":[3103],"product_cat":[3101],"product_tag":[],"class_list":{"0":"post-173374","1":"product","2":"type-product","3":"status-publish","4":"has-post-thumbnail","6":"product_brand-petkit","7":"product_cat-lohna-eemaldajad","8":"product_shipping_class-innpro","10":"first","11":"instock","12":"taxable","13":"shipping-taxable","14":"purchasable","15":"product-type-simple"},"_links":{"self":[{"href":"https:\/\/blankpage.ee\/_ruumist-ruumi\/wp-json\/wp\/v2\/product\/173374","targetHints":{"allow":["GET"]}}],"collection":[{"href":"https:\/\/blankpage.ee\/_ruumist-ruumi\/wp-json\/wp\/v2\/product"}],"about":[{"href":"https:\/\/blankpage.ee\/_ruumist-ruumi\/wp-json\/wp\/v2\/types\/product"}],"replies":[{"embeddable":true,"href":"https:\/\/blankpage.ee\/_ruumist-ruumi\/wp-json\/wp\/v2\/comments?post=173374"}],"wp:featuredmedia":[{"embeddable":true,"href":"https:\/\/blankpage.ee\/_ruumist-ruumi\/wp-json\/wp\/v2\/media\/173381"}],"wp:attachment":[{"href":"https:\/\/blankpage.ee\/_ruumist-ruumi\/wp-json\/wp\/v2\/media?parent=173374"}],"wp:term":[{"taxonomy":"product_brand","embeddable":true,"href":"https:\/\/blankpage.ee\/_ruumist-ruumi\/wp-json\/wp\/v2\/product_brand?post=173374"},{"taxonomy":"product_cat","embeddable":true,"href":"https:\/\/blankpage.ee\/_ruumist-ruumi\/wp-json\/wp\/v2\/product_cat?post=173374"},{"taxonomy":"product_tag","embeddable":true,"href":"https:\/\/blankpage.ee\/_ruumist-ruumi\/wp-json\/wp\/v2\/product_tag?post=173374"}],"curies":[{"name":"wp","href":"https:\/\/api.w.org\/{rel}","templated":true}]}}