{"id":173419,"date":"2025-04-19T10:45:36","date_gmt":"2025-04-19T10:45:36","guid":{"rendered":"https:\/\/ruumistruumi.ee\/pood\/petkit-lohnafilter-pura-air-lohnaeemaldajale-2-tk-asendusfiltrid\/"},"modified":"2025-08-21T08:18:56","modified_gmt":"2025-08-21T08:18:56","slug":"petkit-lohnafilter-pura-air-lohnaeemaldajale-2-tk-asendusfiltrid","status":"publish","type":"product","link":"https:\/\/blankpage.ee\/_ruumist-ruumi\/pood\/petkit-lohnafilter-pura-air-lohnaeemaldajale-2-tk-asendusfiltrid\/","title":{"rendered":"PetKit l\u00f5hnafilter Pura Air l\u00f5hnaeemaldajale (2 tk) asendusfiltrid"},"content":{"rendered":"<h3>PetKit l\u00f5hnafilter Pura Air l\u00f5hnaeemaldajale \u2013 asendusfiltrid (2 tk)<\/h3>\n<p>PetKit l\u00f5hnafilter on loodud spetsiaalselt PetKit Pura Air nutika l\u00f5hnaeemaldaja jaoks, aidates t\u00f5husalt k\u00f5rvaldada ebameeldivaid lemmikloomal\u00f5hnu koduses keskkonnas. Asendusfiltrite koostises on kuni 20 erineva taimeekstrakti, mis imavad l\u00f5hnad, lagundavad l\u00f5hnaosakesi ning p\u00e4rsivad bakterite kasvu. PetKit l\u00f5hnafilter on loomadele ja inimestele ohutu ning tagab puhtama ja v\u00e4rskema \u00f5hu sinu kodus.<\/p>\n<p>Parima tulemuse saavutamiseks soovitame vahetada PetKit l\u00f5hnafilter iga 3 kuu j\u00e4rel. Komplektis on kaks asendusfiltrit, mis sobivad ainult PetKit Pura Air l\u00f5hnaeemaldajale.<\/p>\n<p><img decoding=\"async\" src=\"https:\/\/blankpage.ee\/_ruumist-ruumi\/wp-content\/uploads\/2025\/04\/1-472.webp\" alt=\"PetKit l\u00f5hnafilter \u2013 Pura Air asendusfiltrite komplekt\" \/><\/p>\n<div class=\"table-wrapper\">\n<table>\n<tbody>\n<tr>\n<th>Tootja<\/th>\n<td>PetKit<\/td>\n<\/tr>\n<tr>\n<th>Kasutusvaldkond<\/th>\n<td>PetKit Pura Air nutikas l\u00f5hnaeemaldaja<\/td>\n<\/tr>\n<tr>\n<th>Komplektis filtreid<\/th>\n<td>2<\/td>\n<\/tr>\n<\/tbody>\n<\/table>\n<\/div>\n","protected":false},"excerpt":{"rendered":"<p>PetKit l\u00f5hnafilter Pura Air l\u00f5hnaeemaldajale \u2013 asendusfiltrid (2 tk) PetKit l\u00f5hnafilter on loodud spetsiaalselt PetKit Pura Air nutika l\u00f5hnaeemaldaja jaoks, aidates t\u00f5husalt k\u00f5rvaldada ebameeldivaid lemmikloomal\u00f5hnu koduses keskkonnas. Asendusfiltrite koostises on kuni 20 erineva taimeekstrakti, mis imavad l\u00f5hnad, lagundavad l\u00f5hnaosakesi ning p\u00e4rsivad bakterite kasvu. PetKit l\u00f5hnafilter on loomadele ja inimestele ohutu ning tagab puhtama ja v\u00e4rskema [&hellip;]<\/p>\n","protected":false},"featured_media":173421,"comment_status":"open","ping_status":"open","template":"","meta":[],"product_brand":[3103],"product_cat":[3101],"product_tag":[],"class_list":{"0":"post-173419","1":"product","2":"type-product","3":"status-publish","4":"has-post-thumbnail","6":"product_brand-petkit","7":"product_cat-lohna-eemaldajad","8":"product_shipping_class-innpro","10":"first","11":"instock","12":"taxable","13":"shipping-taxable","14":"purchasable","15":"product-type-simple"},"_links":{"self":[{"href":"https:\/\/blankpage.ee\/_ruumist-ruumi\/wp-json\/wp\/v2\/product\/173419","targetHints":{"allow":["GET"]}}],"collection":[{"href":"https:\/\/blankpage.ee\/_ruumist-ruumi\/wp-json\/wp\/v2\/product"}],"about":[{"href":"https:\/\/blankpage.ee\/_ruumist-ruumi\/wp-json\/wp\/v2\/types\/product"}],"replies":[{"embeddable":true,"href":"https:\/\/blankpage.ee\/_ruumist-ruumi\/wp-json\/wp\/v2\/comments?post=173419"}],"wp:featuredmedia":[{"embeddable":true,"href":"https:\/\/blankpage.ee\/_ruumist-ruumi\/wp-json\/wp\/v2\/media\/173421"}],"wp:attachment":[{"href":"https:\/\/blankpage.ee\/_ruumist-ruumi\/wp-json\/wp\/v2\/media?parent=173419"}],"wp:term":[{"taxonomy":"product_brand","embeddable":true,"href":"https:\/\/blankpage.ee\/_ruumist-ruumi\/wp-json\/wp\/v2\/product_brand?post=173419"},{"taxonomy":"product_cat","embeddable":true,"href":"https:\/\/blankpage.ee\/_ruumist-ruumi\/wp-json\/wp\/v2\/product_cat?post=173419"},{"taxonomy":"product_tag","embeddable":true,"href":"https:\/\/blankpage.ee\/_ruumist-ruumi\/wp-json\/wp\/v2\/product_tag?post=173419"}],"curies":[{"name":"wp","href":"https:\/\/api.w.org\/{rel}","templated":true}]}}