{"id":173424,"date":"2025-04-19T10:45:36","date_gmt":"2025-04-19T10:45:36","guid":{"rendered":"https:\/\/ruumistruumi.ee\/pood\/kassiliivakasti-prugikotid-petkit-pura-x-max-20-tk\/"},"modified":"2025-08-21T08:18:56","modified_gmt":"2025-08-21T08:18:56","slug":"kassiliivakasti-prugikotid-petkit-pura-x-max-20-tk","status":"publish","type":"product","link":"https:\/\/blankpage.ee\/_ruumist-ruumi\/pood\/kassiliivakasti-prugikotid-petkit-pura-x-max-20-tk\/","title":{"rendered":"Kassiliivakasti pr\u00fcgikotid PetKit PURA X\/Max 20 tk"},"content":{"rendered":"<h3>Kassiliivakasti pr\u00fcgikotid PetKit PURA X\/Max jaoks \u2013 20 tk<\/h3>\n<p>Kassiliivakasti pr\u00fcgikotid on loodud sobima PetKit PURA X ja PURA Max automaatsetele liivakastidele. Need kotid muudavad liivakasti t\u00fchjendamise mugavaks ja h\u00fcgieeniliseks. Tugevast materjalist kotid hoiavad sisu kindlalt sees, v\u00e4ltides kassiliiva ning j\u00e4\u00e4tmete sattumist p\u00f5randale.<\/p>\n<p>Koti paigaldamine on lihtne: aseta pr\u00fcgikott liivakasti p\u00f5hja ja kata see kassiliivaga. Koristamisel tuleb vaid t\u00f5sta koti servadest ning kogu sisu eemaldub korraga. Selline lahendus v\u00f5imaldab kiirelt hoolitseda kassi liivakasti puhtuse eest ja hoiab sinu k\u00e4ed alati puhtad.<\/p>\n<p><img decoding=\"async\" src=\"https:\/\/blankpage.ee\/_ruumist-ruumi\/wp-content\/uploads\/2025\/04\/3-450.webp\" alt=\"Kassiliivakasti pr\u00fcgikotid PetKit PURA X ja PURA Max jaoks rullis, sinise ja valge v\u00e4rviga\"><\/p>\n<div class=\"table-wrapper\">\n<table>\n<tbody>\n<tr>\n<th>Tootja<\/th>\n<td>PetKit<\/td>\n<\/tr>\n<tr>\n<th>Kogus pakendis<\/th>\n<td>20 tk<\/td>\n<\/tr>\n<tr>\n<th>Koti m\u00f5\u00f5dud<\/th>\n<td>550 \u00d7 300 mm<\/td>\n<\/tr>\n<\/tbody>\n<\/table>\n<\/div>\n<p>PetKit PURA X\/Max kassiliivakasti pr\u00fcgikotid on praktiline ja oluline tarvik igale kassiomanikule, kes hindab lihtsat ning h\u00fcgieenilist lahendust liivakasti puhastamiseks.<\/p>\n","protected":false},"excerpt":{"rendered":"<p>Kassiliivakasti pr\u00fcgikotid PetKit PURA X\/Max jaoks \u2013 20 tk Kassiliivakasti pr\u00fcgikotid on loodud sobima PetKit PURA X ja PURA Max automaatsetele liivakastidele. Need kotid muudavad liivakasti t\u00fchjendamise mugavaks ja h\u00fcgieeniliseks. Tugevast materjalist kotid hoiavad sisu kindlalt sees, v\u00e4ltides kassiliiva ning j\u00e4\u00e4tmete sattumist p\u00f5randale. Koti paigaldamine on lihtne: aseta pr\u00fcgikott liivakasti p\u00f5hja ja kata see kassiliivaga. [&hellip;]<\/p>\n","protected":false},"featured_media":173428,"comment_status":"open","ping_status":"open","template":"","meta":[],"product_brand":[3103],"product_cat":[3106],"product_tag":[],"class_list":{"0":"post-173424","1":"product","2":"type-product","3":"status-publish","4":"has-post-thumbnail","6":"product_brand-petkit","7":"product_cat-liivakastitarvikud","8":"product_shipping_class-innpro","10":"first","11":"instock","12":"taxable","13":"shipping-taxable","14":"purchasable","15":"product-type-simple"},"_links":{"self":[{"href":"https:\/\/blankpage.ee\/_ruumist-ruumi\/wp-json\/wp\/v2\/product\/173424","targetHints":{"allow":["GET"]}}],"collection":[{"href":"https:\/\/blankpage.ee\/_ruumist-ruumi\/wp-json\/wp\/v2\/product"}],"about":[{"href":"https:\/\/blankpage.ee\/_ruumist-ruumi\/wp-json\/wp\/v2\/types\/product"}],"replies":[{"embeddable":true,"href":"https:\/\/blankpage.ee\/_ruumist-ruumi\/wp-json\/wp\/v2\/comments?post=173424"}],"wp:featuredmedia":[{"embeddable":true,"href":"https:\/\/blankpage.ee\/_ruumist-ruumi\/wp-json\/wp\/v2\/media\/173428"}],"wp:attachment":[{"href":"https:\/\/blankpage.ee\/_ruumist-ruumi\/wp-json\/wp\/v2\/media?parent=173424"}],"wp:term":[{"taxonomy":"product_brand","embeddable":true,"href":"https:\/\/blankpage.ee\/_ruumist-ruumi\/wp-json\/wp\/v2\/product_brand?post=173424"},{"taxonomy":"product_cat","embeddable":true,"href":"https:\/\/blankpage.ee\/_ruumist-ruumi\/wp-json\/wp\/v2\/product_cat?post=173424"},{"taxonomy":"product_tag","embeddable":true,"href":"https:\/\/blankpage.ee\/_ruumist-ruumi\/wp-json\/wp\/v2\/product_tag?post=173424"}],"curies":[{"name":"wp","href":"https:\/\/api.w.org\/{rel}","templated":true}]}}