{"id":173429,"date":"2025-04-19T10:45:36","date_gmt":"2025-04-19T10:45:36","guid":{"rendered":"https:\/\/ruumistruumi.ee\/pood\/liivakasti-lohnaeemaldaja-taitevedelik-petkit-pura-x-maxile-50-ml-4-tk\/"},"modified":"2025-08-21T08:18:56","modified_gmt":"2025-08-21T08:18:56","slug":"liivakasti-lohnaeemaldaja-taitevedelik-petkit-pura-x-maxile-50-ml-4-tk","status":"publish","type":"product","link":"https:\/\/blankpage.ee\/_ruumist-ruumi\/pood\/liivakasti-lohnaeemaldaja-taitevedelik-petkit-pura-x-maxile-50-ml-4-tk\/","title":{"rendered":"Liivakasti l\u00f5hnaeemaldaja t\u00e4itevedelik PetKit Pura X\/Maxile, 50 ml (4 tk)"},"content":{"rendered":"<h3>Liivakasti l\u00f5hnaeemaldaja PetKit Pura X\/Maxile, 50 ml (4 tk)<\/h3>\n<p>Liivakasti l\u00f5hnaeemaldaja on loodud spetsiaalselt PetKit Pura X ja Max nutikatele liivakastidele, et eemaldada t\u00f5husalt ebameeldivaid l\u00f5hnu ning hoida \u00f5hk sinu kodus v\u00e4rske ja puhas. Unikaalne t\u00e4itevedelik lagundab l\u00f5hna- ja formaldeh\u00fc\u00fcdi molekule, aidates k\u00f5rvaldada kuni 99% kahjulikke baktereid. See v\u00e4hendab \u00f5husaastet piirkondades, kus kass liigub, ning sobib igap\u00e4evaseks kasutamiseks. T\u00e4itevedelik on ohutu nii inimestele kui ka lemmikloomadele.<\/p>\n<p><img decoding=\"async\" src=\"https:\/\/blankpage.ee\/_ruumist-ruumi\/wp-content\/uploads\/2025\/04\/4-436.webp\" alt=\"Liivakasti l\u00f5hnaeemaldaja t\u00e4itevedeliku neli pudelit PetKit Pura X ja Max liivakastidele\"><\/p>\n<div class=\"table-wrapper\">\n<table>\n<tbody>\n<tr>\n<th>Tootja<\/th>\n<td>PetKit<\/td>\n<\/tr>\n<tr>\n<th>Kasutusvaldkond<\/th>\n<td>PetKit Pura X \/ Max nutikas liivakast<\/td>\n<\/tr>\n<tr>\n<th>Maht<\/th>\n<td>50 ml<\/td>\n<\/tr>\n<tr>\n<th>Kogus pakendis<\/th>\n<td>4 tk<\/td>\n<\/tr>\n<\/tbody>\n<\/table>\n<\/div>\n<p>Kui soovid tagada puhta ja v\u00e4rske \u00f5hu oma kodus, on liivakasti l\u00f5hnaeemaldaja PetKit Pura X\/Maxile usaldusv\u00e4\u00e4rne valik.<\/p>\n","protected":false},"excerpt":{"rendered":"<p>Liivakasti l\u00f5hnaeemaldaja PetKit Pura X\/Maxile, 50 ml (4 tk) Liivakasti l\u00f5hnaeemaldaja on loodud spetsiaalselt PetKit Pura X ja Max nutikatele liivakastidele, et eemaldada t\u00f5husalt ebameeldivaid l\u00f5hnu ning hoida \u00f5hk sinu kodus v\u00e4rske ja puhas. Unikaalne t\u00e4itevedelik lagundab l\u00f5hna- ja formaldeh\u00fc\u00fcdi molekule, aidates k\u00f5rvaldada kuni 99% kahjulikke baktereid. See v\u00e4hendab \u00f5husaastet piirkondades, kus kass liigub, ning [&hellip;]<\/p>\n","protected":false},"featured_media":173431,"comment_status":"open","ping_status":"open","template":"","meta":[],"product_brand":[3103],"product_cat":[3106],"product_tag":[],"class_list":{"0":"post-173429","1":"product","2":"type-product","3":"status-publish","4":"has-post-thumbnail","6":"product_brand-petkit","7":"product_cat-liivakastitarvikud","8":"product_shipping_class-innpro","10":"first","11":"instock","12":"taxable","13":"shipping-taxable","14":"purchasable","15":"product-type-simple"},"_links":{"self":[{"href":"https:\/\/blankpage.ee\/_ruumist-ruumi\/wp-json\/wp\/v2\/product\/173429","targetHints":{"allow":["GET"]}}],"collection":[{"href":"https:\/\/blankpage.ee\/_ruumist-ruumi\/wp-json\/wp\/v2\/product"}],"about":[{"href":"https:\/\/blankpage.ee\/_ruumist-ruumi\/wp-json\/wp\/v2\/types\/product"}],"replies":[{"embeddable":true,"href":"https:\/\/blankpage.ee\/_ruumist-ruumi\/wp-json\/wp\/v2\/comments?post=173429"}],"wp:featuredmedia":[{"embeddable":true,"href":"https:\/\/blankpage.ee\/_ruumist-ruumi\/wp-json\/wp\/v2\/media\/173431"}],"wp:attachment":[{"href":"https:\/\/blankpage.ee\/_ruumist-ruumi\/wp-json\/wp\/v2\/media?parent=173429"}],"wp:term":[{"taxonomy":"product_brand","embeddable":true,"href":"https:\/\/blankpage.ee\/_ruumist-ruumi\/wp-json\/wp\/v2\/product_brand?post=173429"},{"taxonomy":"product_cat","embeddable":true,"href":"https:\/\/blankpage.ee\/_ruumist-ruumi\/wp-json\/wp\/v2\/product_cat?post=173429"},{"taxonomy":"product_tag","embeddable":true,"href":"https:\/\/blankpage.ee\/_ruumist-ruumi\/wp-json\/wp\/v2\/product_tag?post=173429"}],"curies":[{"name":"wp","href":"https:\/\/api.w.org\/{rel}","templated":true}]}}