{"id":173457,"date":"2025-04-19T10:45:36","date_gmt":"2025-04-19T10:45:36","guid":{"rendered":"https:\/\/ruumistruumi.ee\/pood\/nutikas-koeramanguasi-cheerble-wickedbone-c1702-bluetooth-usb-valge\/"},"modified":"2025-08-21T08:18:57","modified_gmt":"2025-08-21T08:18:57","slug":"nutikas-koeramanguasi-cheerble-wickedbone-c1702-bluetooth-usb-valge","status":"publish","type":"product","link":"https:\/\/blankpage.ee\/_ruumist-ruumi\/pood\/nutikas-koeramanguasi-cheerble-wickedbone-c1702-bluetooth-usb-valge\/","title":{"rendered":"Nutikas koeram\u00e4nguasi Cheerble Wickedbone C1702 (Bluetooth, USB, valge)"},"content":{"rendered":"<h3>Nutikas koeram\u00e4nguasi Cheerble Wickedbone<\/h3>\n<p>Nutikas koeram\u00e4nguasi Cheerble Wickedbone on vastupidav m\u00e4nguasi, mis sobib nii siseruumides kui ka \u00f5ues kasutamiseks. M\u00e4nguasja saad juhtida spetsiaalse mobiilirakendusega, mis \u00fchildub nii Androidi kui ka iOS seadmetega. Rakendus pakub kolme m\u00e4ngure\u017eiimi ja \u00fcheksat erinevat liikumist, mida saab vajadusel ka kombineerida \u2013 nii leiab iga koer omale sobiva tegevuse ja p\u00fcsib vaimselt ning f\u00fc\u00fcsiliselt aktiivne.<\/p>\n<p><img decoding=\"async\" src=\"https:\/\/blankpage.ee\/_ruumist-ruumi\/wp-content\/uploads\/2025\/04\/7-305.webp\" alt=\"Nutikas koeram\u00e4nguasi Cheerble Wickedbone \u2013 valge interaktiivne m\u00e4nguasi laual\"><\/p>\n<h3>Loomulikult juhitav ja p\u00f5nev m\u00e4ng<\/h3>\n<p>Interaktiivset m\u00e4nguasja saad kergesti \u00fchendada Bluetoothi kaudu oma nutiseadmega. Lisaks pakub see nutikas koeram\u00e4nguasi mitmek\u00fclgseid re\u017eiime ja liikumismustreid, et Su lemmikloomal oleks alati uus ja p\u00f5nev tegevus.<\/p>\n<p><img decoding=\"async\" src=\"https:\/\/blankpage.ee\/_ruumist-ruumi\/wp-content\/uploads\/2025\/04\/8-160.webp\" alt=\"Cheerble Wickedbone \u2013 mobiilirakendusega juhitav m\u00e4nguasi koertele\"><\/p>\n<h3>Vastupidav ja mugav hooldada<\/h3>\n<p>Cheerble Wickedbone on valmistatud vastupidavast pol\u00fckarbonaadist ja on ohutu igas suuruses koerale. M\u00e4nguasja k\u00fclgmised otsad on vahetatavad ning v\u00f5imalik on valida eri v\u00e4rvitoone. Nutikas koeram\u00e4nguasi on lihtsalt puhastatav ja USB-kaabliga laaditav \u2013 t\u00e4islaadimine v\u00f5tab ainult 60 minutit.<\/p>\n<p><img decoding=\"async\" src=\"https:\/\/blankpage.ee\/_ruumist-ruumi\/wp-content\/uploads\/2025\/04\/4-438.webp\" alt=\"Valge interaktiivne koeram\u00e4nguasi Cheerble Wickedbone laua peal\"><\/p>\n<h3>Tehnilised andmed<\/h3>\n<table>\n<tbody>\n<tr>\n<th>Br\u00e4nd<\/th>\n<td>Cheerble<\/td>\n<\/tr>\n<tr>\n<th>Nimetus<\/th>\n<td>Cheerble Wickedbone<\/td>\n<\/tr>\n<tr>\n<th>Mudel<\/th>\n<td>C1702<\/td>\n<\/tr>\n<tr>\n<th>Sobib<\/th>\n<td>koertele<\/td>\n<\/tr>\n<tr>\n<th>Materjal<\/th>\n<td>pol\u00fckarbonaat<\/td>\n<\/tr>\n<tr>\n<th>M\u00f5\u00f5dud<\/th>\n<td>151,5 x 64 mm<\/td>\n<\/tr>\n<tr>\n<th>Kaal<\/th>\n<td>300 g<\/td>\n<\/tr>\n<tr>\n<th>Akumaht<\/th>\n<td>500 mAh<\/td>\n<\/tr>\n<tr>\n<th>Laadimisaeg<\/th>\n<td>60 min<\/td>\n<\/tr>\n<tr>\n<th>Juhtmevaba \u00fchendus<\/th>\n<td>Bluetooth 4.0, 2.4 GHz<\/td>\n<\/tr>\n<tr>\n<th>Sisend<\/th>\n<td>DC 5V 1A max.<\/td>\n<\/tr>\n<tr>\n<th>T\u00f6\u00f6keskkonna temperatuur<\/th>\n<td>0\u00b0C\u201340\u00b0C<\/td>\n<\/tr>\n<tr>\n<th>Maksimaalne kiirus<\/th>\n<td>3,5 m\/s<\/td>\n<\/tr>\n<tr>\n<th>Signaali ulatus<\/th>\n<td>kuni 20 m<\/td>\n<\/tr>\n<tr>\n<th>V\u00e4rv<\/th>\n<td>valge<\/td>\n<\/tr>\n<\/tbody>\n<\/table>\n","protected":false},"excerpt":{"rendered":"<p>Nutikas koeram\u00e4nguasi Cheerble Wickedbone Nutikas koeram\u00e4nguasi Cheerble Wickedbone on vastupidav m\u00e4nguasi, mis sobib nii siseruumides kui ka \u00f5ues kasutamiseks. M\u00e4nguasja saad juhtida spetsiaalse mobiilirakendusega, mis \u00fchildub nii Androidi kui ka iOS seadmetega. Rakendus pakub kolme m\u00e4ngure\u017eiimi ja \u00fcheksat erinevat liikumist, mida saab vajadusel ka kombineerida \u2013 nii leiab iga koer omale sobiva tegevuse ja p\u00fcsib [&hellip;]<\/p>\n","protected":false},"featured_media":173461,"comment_status":"open","ping_status":"open","template":"","meta":[],"product_brand":[3108],"product_cat":[3102],"product_tag":[],"class_list":{"0":"post-173457","1":"product","2":"type-product","3":"status-publish","4":"has-post-thumbnail","6":"product_brand-cheerble","7":"product_cat-manguasjad","8":"product_shipping_class-innpro","10":"first","11":"instock","12":"sale","13":"taxable","14":"shipping-taxable","15":"purchasable","16":"product-type-simple"},"_links":{"self":[{"href":"https:\/\/blankpage.ee\/_ruumist-ruumi\/wp-json\/wp\/v2\/product\/173457","targetHints":{"allow":["GET"]}}],"collection":[{"href":"https:\/\/blankpage.ee\/_ruumist-ruumi\/wp-json\/wp\/v2\/product"}],"about":[{"href":"https:\/\/blankpage.ee\/_ruumist-ruumi\/wp-json\/wp\/v2\/types\/product"}],"replies":[{"embeddable":true,"href":"https:\/\/blankpage.ee\/_ruumist-ruumi\/wp-json\/wp\/v2\/comments?post=173457"}],"wp:featuredmedia":[{"embeddable":true,"href":"https:\/\/blankpage.ee\/_ruumist-ruumi\/wp-json\/wp\/v2\/media\/173461"}],"wp:attachment":[{"href":"https:\/\/blankpage.ee\/_ruumist-ruumi\/wp-json\/wp\/v2\/media?parent=173457"}],"wp:term":[{"taxonomy":"product_brand","embeddable":true,"href":"https:\/\/blankpage.ee\/_ruumist-ruumi\/wp-json\/wp\/v2\/product_brand?post=173457"},{"taxonomy":"product_cat","embeddable":true,"href":"https:\/\/blankpage.ee\/_ruumist-ruumi\/wp-json\/wp\/v2\/product_cat?post=173457"},{"taxonomy":"product_tag","embeddable":true,"href":"https:\/\/blankpage.ee\/_ruumist-ruumi\/wp-json\/wp\/v2\/product_tag?post=173457"}],"curies":[{"name":"wp","href":"https:\/\/api.w.org\/{rel}","templated":true}]}}