{"id":173542,"date":"2025-04-19T10:50:34","date_gmt":"2025-04-19T10:50:34","guid":{"rendered":"https:\/\/ruumistruumi.ee\/pood\/nutikas-lohnaeemaldaja-petoneer-su001-t-pro-2600mah-usb-c\/"},"modified":"2025-08-21T08:18:56","modified_gmt":"2025-08-21T08:18:56","slug":"nutikas-lohnaeemaldaja-petoneer-su001-t-pro-2600mah-usb-c","status":"publish","type":"product","link":"https:\/\/blankpage.ee\/_ruumist-ruumi\/pood\/nutikas-lohnaeemaldaja-petoneer-su001-t-pro-2600mah-usb-c\/","title":{"rendered":"Nutikas l\u00f5hnaeemaldaja Petoneer SU001-T Pro (2600mAh, USB-C)"},"content":{"rendered":"<h3>Nutikas l\u00f5hnaeemaldaja Petoneer SU001-T Pro (2600mAh, USB-C)<\/h3>\n<p>Nutikas l\u00f5hnaeemaldaja aitab t\u00f5husalt vabaneda ebameeldivast l\u00f5hnast kassiliivakastis v\u00f5i muudes v\u00e4ikestes ruumides. Seade tagab steriliseerimise ja l\u00f5hnade neutraliseerimise, kasutades ozoni ja negatiivseid ioone \u2013 t\u00e4nu sellele ei ole vaja \u00fchekordseid filtreid, mis muudab selle keskkonnas\u00e4\u00e4stlikuks ja kuluefektiivseks. Kompaktset l\u00f5hnaeemaldajat saab \u00fchendada Petoneeri rakendusega, kust saad j\u00e4lgida aku laetust ja liivakasti kasutuse statistikat.<\/p>\n<p><img decoding=\"async\" src=\"https:\/\/b2b.innpro.pl\/data\/include\/cms\/002Petoneer\/Smart-Odor-Eliminator-Pro\/110025.jpg\" alt=\"Valge nutikas l\u00f5hnaeemaldaja Petoneer SU001-T Pro esivaates\"><\/p>\n<h3>T\u00f5hus \u00f5hupuhastus v\u00e4ikestes ruumides<\/h3>\n<p>Seade parandab \u00f5hu kvaliteeti kogu 360\u00b0 ulatuses, neutraliseerides l\u00f5hnu ja bakterid j\u00e4rjepidevalt. Aktiivhapnik ja negatiivsed ioonid tagavad puhtama ja v\u00e4rskema \u00f5hu nii lemmikloomale kui ka kogu perele.<\/p>\n<p><img decoding=\"async\" src=\"https:\/\/b2b.innpro.pl\/data\/include\/cms\/002Petoneer\/Smart-Odor-Eliminator-Pro\/2.jpg\" alt=\"L\u00f5hnaeemaldaja kasutamine kassiliivakasti sees\"><\/p>\n<h3>Osooniga baktereid eemaldav \u00f5hupuhasti<\/h3>\n<p>Osoon aitab l\u00f5hnad neutraliseerida ja h\u00e4vitab t\u00f5husalt bakterid, v\u00e4hendades nakkusohtu. Lisaks toodab seade negatiivseid ioone, mis parandavad \u00f5hukvaliteeti v\u00e4ikestes ruumides nagu liivakast v\u00f5i pr\u00fcgi\u00e4mber.<\/p>\n<p><img decoding=\"async\" src=\"https:\/\/b2b.innpro.pl\/data\/include\/cms\/002Petoneer\/Smart-Odor-Eliminator-Pro\/4.jpg\" alt=\"\u00d5hupuhasti t\u00f6\u00f6 skeem ja p\u00f5him\u00f5te\"><\/p>\n<h3>J\u00e4rjepidev l\u00f5hnade kontroll kogu p\u00e4eva v\u00e4ltel<\/h3>\n<p>L\u00f5hnaeemaldaja t\u00f6\u00f6tab regulaarselt intervallidega \u2013 iga 15 sekundi j\u00e4rel annab see puhastava impulsi \u00f5hku, nii on \u00f5hk alati v\u00e4rske ilma k\u00e4sitsi sekkumiseta.<\/p>\n<p><img decoding=\"async\" src=\"https:\/\/b2b.innpro.pl\/data\/include\/cms\/002Petoneer\/Smart-Odor-Eliminator-Pro\/6.jpg\" alt=\"Nutikas l\u00f5hnaeemaldaja t\u00f6\u00f6intervallid graafiliselt esitatud\"><\/p>\n<h3>Turvaline infrapunaanduriga juhtimine<\/h3>\n<p>Seadmel olev infrapunaandur tuvastab lemmiklooma liikumise, peatades puhastust\u00f6\u00f6 liivakasti kasutamise ajaks ning j\u00e4tkates seda p\u00e4rast looma lahkumist. Nii tagab nutikas l\u00f5hnaeemaldaja alati turvalise kasutuse.<\/p>\n<p><img decoding=\"async\" src=\"https:\/\/b2b.innpro.pl\/data\/include\/cms\/002Petoneer\/Smart-Odor-Eliminator-Pro\/7.jpg\" alt=\"Infrapunaanduriga nutikas l\u00f5hnaeemaldaja t\u00f6\u00f6p\u00f5him\u00f5te\"><\/p>\n<h3>Mugav juhtimine rakenduse ja LED-indikaatoritega<\/h3>\n<p>L\u00f5hnaeemaldaja LED-tulukesed annavad teavet aku ja t\u00f6\u00f6oleku kohta. T\u00e4nu kaasasolevale kinnitusplaadile on paigaldamine lihtne, ning USB-C laadimine muudab kasutamise eriti mugavaks. Aku kestab 4\u20137 p\u00e4eva ning madala laetuse korral s\u00fcttib punane indikaator.<\/p>\n<p><img decoding=\"async\" src=\"https:\/\/b2b.innpro.pl\/data\/include\/cms\/002Petoneer\/Smart-Odor-Eliminator-Pro\/10.jpg\" alt=\"L\u00f5hnaeemaldaja LED-indikaatorid ja laadimisport l\u00e4hivaates\"><\/p>\n<h3>Kompaktne ja sobib erinevatesse v\u00e4ikestesse ruumidesse<\/h3>\n<p>V\u00e4ike m\u00f5\u00f5t (83x83x33 mm) v\u00f5imaldab paigutada nutika l\u00f5hnaeemaldaja n\u00e4iteks kassiliivakasti, jalan\u00f5ukappi, k\u00fclmkappi, valamukappi v\u00f5i pr\u00fcgikasti. Seade sobib kuni 0,125 m<sup>3<\/sup> suurusesse ruumi.<\/p>\n<p><img decoding=\"async\" src=\"https:\/\/b2b.innpro.pl\/data\/include\/cms\/002Petoneer\/Smart-Odor-Eliminator-Pro\/8.jpg\" alt=\"Kompaktne \u00f5hupuhasti paigaldatuna v\u00e4ikesele pinnale\"><\/p>\n<h3>Tehnilised andmed<\/h3>\n<table>\n<tr>\n<th>Br\u00e4nd<\/th>\n<td>Petoneer<\/td>\n<\/tr>\n<tr>\n<th>Mudel<\/th>\n<td>SU001-T<\/td>\n<\/tr>\n<tr>\n<th>Materjal<\/th>\n<td>ABS-plastik<\/td>\n<\/tr>\n<tr>\n<th>M\u00f5\u00f5dud<\/th>\n<td>83 \u00d7 83 \u00d7 33 mm<\/td>\n<\/tr>\n<tr>\n<th>Kaal<\/th>\n<td>121 g<\/td>\n<\/tr>\n<tr>\n<th>Sobilik ruum<\/th>\n<td>0,125 m\u00b3<\/td>\n<\/tr>\n<tr>\n<th>V\u00f5imsus<\/th>\n<td>0,35 W<\/td>\n<\/tr>\n<tr>\n<th>T\u00f6\u00f6ping<\/th>\n<td>DC 3,4 V \u2013 4,2 V<\/td>\n<\/tr>\n<\/table>\n<p>Nutikas l\u00f5hnaeemaldaja on ideaalne lahendus v\u00e4ikeste ruumide ebameeldivate l\u00f5hnade k\u00f5rvaldamiseks ning aitab hoida keskkonna tervisliku ja meeldivana sinu lemmikloomale ja perele.<\/p>\n","protected":false},"excerpt":{"rendered":"<p>Nutikas l\u00f5hnaeemaldaja Petoneer SU001-T Pro (2600mAh, USB-C) Nutikas l\u00f5hnaeemaldaja aitab t\u00f5husalt vabaneda ebameeldivast l\u00f5hnast kassiliivakastis v\u00f5i muudes v\u00e4ikestes ruumides. Seade tagab steriliseerimise ja l\u00f5hnade neutraliseerimise, kasutades ozoni ja negatiivseid ioone \u2013 t\u00e4nu sellele ei ole vaja \u00fchekordseid filtreid, mis muudab selle keskkonnas\u00e4\u00e4stlikuks ja kuluefektiivseks. Kompaktset l\u00f5hnaeemaldajat saab \u00fchendada Petoneeri rakendusega, kust saad j\u00e4lgida aku laetust [&hellip;]<\/p>\n","protected":false},"featured_media":173543,"comment_status":"open","ping_status":"open","template":"","meta":[],"product_brand":[3059],"product_cat":[3101],"product_tag":[],"class_list":{"0":"post-173542","1":"product","2":"type-product","3":"status-publish","4":"has-post-thumbnail","6":"product_brand-petoneer","7":"product_cat-lohna-eemaldajad","8":"product_shipping_class-innpro","10":"first","11":"instock","12":"sale","13":"taxable","14":"shipping-taxable","15":"purchasable","16":"product-type-simple"},"_links":{"self":[{"href":"https:\/\/blankpage.ee\/_ruumist-ruumi\/wp-json\/wp\/v2\/product\/173542","targetHints":{"allow":["GET"]}}],"collection":[{"href":"https:\/\/blankpage.ee\/_ruumist-ruumi\/wp-json\/wp\/v2\/product"}],"about":[{"href":"https:\/\/blankpage.ee\/_ruumist-ruumi\/wp-json\/wp\/v2\/types\/product"}],"replies":[{"embeddable":true,"href":"https:\/\/blankpage.ee\/_ruumist-ruumi\/wp-json\/wp\/v2\/comments?post=173542"}],"wp:featuredmedia":[{"embeddable":true,"href":"https:\/\/blankpage.ee\/_ruumist-ruumi\/wp-json\/wp\/v2\/media\/173543"}],"wp:attachment":[{"href":"https:\/\/blankpage.ee\/_ruumist-ruumi\/wp-json\/wp\/v2\/media?parent=173542"}],"wp:term":[{"taxonomy":"product_brand","embeddable":true,"href":"https:\/\/blankpage.ee\/_ruumist-ruumi\/wp-json\/wp\/v2\/product_brand?post=173542"},{"taxonomy":"product_cat","embeddable":true,"href":"https:\/\/blankpage.ee\/_ruumist-ruumi\/wp-json\/wp\/v2\/product_cat?post=173542"},{"taxonomy":"product_tag","embeddable":true,"href":"https:\/\/blankpage.ee\/_ruumist-ruumi\/wp-json\/wp\/v2\/product_tag?post=173542"}],"curies":[{"name":"wp","href":"https:\/\/api.w.org\/{rel}","templated":true}]}}