{"id":173561,"date":"2025-04-19T10:58:15","date_gmt":"2025-04-19T10:58:15","guid":{"rendered":"https:\/\/ruumistruumi.ee\/pood\/nutikas-lemmikloomavoodi-termoregulatsiooniga-petoneer-cozy-sofa-pn-110031-01-wi-fi-kuni-15-kg-lemmikule\/"},"modified":"2025-08-21T08:18:55","modified_gmt":"2025-08-21T08:18:55","slug":"nutikas-lemmikloomavoodi-termoregulatsiooniga-petoneer-cozy-sofa-pn-110031-01-wi-fi-kuni-15-kg-lemmikule","status":"publish","type":"product","link":"https:\/\/blankpage.ee\/_ruumist-ruumi\/pood\/nutikas-lemmikloomavoodi-termoregulatsiooniga-petoneer-cozy-sofa-pn-110031-01-wi-fi-kuni-15-kg-lemmikule\/","title":{"rendered":"Nutikas lemmikloomavoodi termoregulatsiooniga Petoneer Cozy Sofa PN-110031-01 (Wi-Fi, kuni 15 kg lemmikule)"},"content":{"rendered":"<h3>Nutikas lemmikloomavoodi Petoneer Cozy Sofa termoregulatsiooniga<\/h3>\n<p>Nutikas lemmikloomavoodi Petoneer Cozy Sofa pakub sinu lemmikule alati parima temperatuuriga puhkepaika. T\u00e4nu uuenduslikule termoregulatsioonile saad voodit nii soojendada kui jahutada, et sinu kass v\u00f5i v\u00e4ike koer tunneks end mugavalt aastaringselt. V\u00e4ga vaikne t\u00f6\u00f6 tagab, et voodi ei sega looma puhkeaega ja selle l\u00e4bim\u00f5eldud disain muudab kasutamise lihtsaks ning mugavaks.<\/p>\n<p><img decoding=\"async\" src=\"https:\/\/blankpage.ee\/_ruumist-ruumi\/wp-content\/uploads\/2025\/04\/2-475.webp\" border=\"0\" alt=\"Nutikas lemmikloomavoodi Petoneer Cozy Sofa hallis toonis\" \/><\/p>\n<h3>Kohandatav temperatuur igale lemmikule<\/h3>\n<p>See nutivoodi sobib eriti h\u00e4sti kassidele ja v\u00e4iksematele koertele, kelle kaal j\u00e4\u00e4b alla 15 kg. Petoneer Cozy Sofa hoiab temperatuuri stabiilsena nii kuumal suvel kui k\u00fclmal talvel. Integreeritud sensor m\u00f5\u00f5dab pidevalt voodi temperatuuri ning kvaliteetsed materjalid tagavad \u00fchtlase soojusjuhtivuse. Temperatuuri saad muuta k\u00e4sitsi v\u00f5i mobiilirakenduse kaudu \u2013 soojendus ulatub kuni 9\u00b0C v\u00f5rra ja jahutus v\u00f5imaldab temperatuuri alandada kuni 12\u00b0C ulatuses.<\/p>\n<p><img decoding=\"async\" src=\"https:\/\/blankpage.ee\/_ruumist-ruumi\/wp-content\/uploads\/2025\/04\/4-446.webp\" border=\"0\" alt=\"Petoneer Cozy Sofa temperatuuriandur ja kvaliteetne materjal\" \/><\/p>\n<h3>Tark juhtimine mobiilirakendusega<\/h3>\n<p>Tasuta mobiilirakendusega saad voodit t\u00e4pselt seadistada: vali automaatne v\u00f5i k\u00e4sitsi reguleerimine vahemikus 20\u201338\u00b0C. V\u00f5imalik on lisada ka taimer, t\u00e4nu millele t\u00f6\u00f6tab voodi just selliselt, nagu sinu lemmikule sobib. Voodi l\u00fclitub sisse v\u00f5i v\u00e4lja vastavalt sinu seatud ajale.<\/p>\n<p><img decoding=\"async\" src=\"https:\/\/blankpage.ee\/_ruumist-ruumi\/wp-content\/uploads\/2025\/04\/5-378.webp\" border=\"0\" alt=\"Nutikas lemmikloomavoodi juhitav mobiilirakenduse kaudu\" \/><\/p>\n<h3>Nutikas \u00fchendus ja energias\u00e4\u00e4stlik t\u00f6\u00f6<\/h3>\n<p>Wi-Fi (2,4 GHz) ja Bluetooth \u00fchendus v\u00f5imaldavad voodit mugavalt \u00fcle v\u00f5rgu juhtida, ilma et peaksid f\u00fc\u00fcsiliselt kohale minema. Bluetoothi abil saad kiirelt seadistada Wi-Fi \u00fchenduse. Spetsiaalne ventilaator ja \u00f5hukanalite disain tagavad t\u00f6\u00f6heliks kuni 33 dB ning madala energiakulu \u2013 \u00fcksnes ligikaudu 1 kWh nelja p\u00e4eva jooksul.<\/p>\n<p><img decoding=\"async\" src=\"https:\/\/blankpage.ee\/_ruumist-ruumi\/wp-content\/uploads\/2025\/04\/1-481.webp\" border=\"0\" alt=\"\u00d5hukanalite ja ventilaatoriga Petoneer Cozy Sofa nutivoodi\" \/><\/p>\n<h3>Kvaliteetsed materjalid ja moodne v\u00e4limus<\/h3>\n<p>Lemmikloomavoodi on valmistatud vastupidavast PP-plastikust ja selle viimistlus on kulumiskindel. Minimalistlik disain sobib h\u00e4sti igasse kaasaegsesse interj\u00f6\u00f6ri. LED-indikaator informeerib kiiresti voodi t\u00f6\u00f6oleku kohta.<\/p>\n<p><img decoding=\"async\" src=\"https:\/\/blankpage.ee\/_ruumist-ruumi\/wp-content\/uploads\/2025\/04\/6-344.webp\" border=\"0\" alt=\"Minimalistliku disainiga nutikas lemmikloomavoodi LED-indikaatoriga\" \/><\/p>\n<h3>Tehnilised andmed<\/h3>\n<table>\n<tr>\n<th>Tootja<\/th>\n<td>Petoneer<\/td>\n<\/tr>\n<tr>\n<th>Mudel<\/th>\n<td>PN-110031-01<\/td>\n<\/tr>\n<tr>\n<th>M\u00f5\u00f5dud<\/th>\n<td>434 \u00d7 431 \u00d7 296 mm<\/td>\n<\/tr>\n<tr>\n<th>Kaal<\/th>\n<td>umbes 3,1 kg<\/td>\n<\/tr>\n<tr>\n<th>Toide<\/th>\n<td>DC 5V \/ 3A<\/td>\n<\/tr>\n<tr>\n<th>Materjal<\/th>\n<td>PP-plastik<\/td>\n<\/tr>\n<tr>\n<th>\u00dchendused<\/th>\n<td>Wi-Fi (2,4 GHz), Bluetooth<\/td>\n<\/tr>\n<tr>\n<th>Sobib<\/th>\n<td>Kassidele ja v\u00e4ikestele koertele kuni 15 kg<\/td>\n<\/tr>\n<\/table>\n<h3>Komplektis:<\/h3>\n<ul>\n<li>Petoneer Cozy Sofa nutikas lemmikloomavoodi<\/li>\n<li>USB-C kaabel (1,2 m)<\/li>\n<li>Toiteadapter (5V\/3A)<\/li>\n<li>Puidust jalad x4<\/li>\n<li>Kasutusjuhend<\/li>\n<\/ul>\n<p>Nutikas lemmikloomavoodi Petoneer Cozy Sofa tagab sinu lemmikule mugavuse ja turvalisuse igas olukorras.<\/p>\n","protected":false},"excerpt":{"rendered":"<p>Nutikas lemmikloomavoodi Petoneer Cozy Sofa termoregulatsiooniga Nutikas lemmikloomavoodi Petoneer Cozy Sofa pakub sinu lemmikule alati parima temperatuuriga puhkepaika. T\u00e4nu uuenduslikule termoregulatsioonile saad voodit nii soojendada kui jahutada, et sinu kass v\u00f5i v\u00e4ike koer tunneks end mugavalt aastaringselt. V\u00e4ga vaikne t\u00f6\u00f6 tagab, et voodi ei sega looma puhkeaega ja selle l\u00e4bim\u00f5eldud disain muudab kasutamise lihtsaks ning [&hellip;]<\/p>\n","protected":false},"featured_media":173567,"comment_status":"open","ping_status":"open","template":"","meta":[],"product_brand":[3059],"product_cat":[3109],"product_tag":[],"class_list":{"0":"post-173561","1":"product","2":"type-product","3":"status-publish","4":"has-post-thumbnail","6":"product_brand-petoneer","7":"product_cat-muud-tarvikud-lemmikloomadele","8":"product_shipping_class-innpro","10":"first","11":"instock","12":"sale","13":"taxable","14":"shipping-taxable","15":"purchasable","16":"product-type-simple"},"_links":{"self":[{"href":"https:\/\/blankpage.ee\/_ruumist-ruumi\/wp-json\/wp\/v2\/product\/173561","targetHints":{"allow":["GET"]}}],"collection":[{"href":"https:\/\/blankpage.ee\/_ruumist-ruumi\/wp-json\/wp\/v2\/product"}],"about":[{"href":"https:\/\/blankpage.ee\/_ruumist-ruumi\/wp-json\/wp\/v2\/types\/product"}],"replies":[{"embeddable":true,"href":"https:\/\/blankpage.ee\/_ruumist-ruumi\/wp-json\/wp\/v2\/comments?post=173561"}],"wp:featuredmedia":[{"embeddable":true,"href":"https:\/\/blankpage.ee\/_ruumist-ruumi\/wp-json\/wp\/v2\/media\/173567"}],"wp:attachment":[{"href":"https:\/\/blankpage.ee\/_ruumist-ruumi\/wp-json\/wp\/v2\/media?parent=173561"}],"wp:term":[{"taxonomy":"product_brand","embeddable":true,"href":"https:\/\/blankpage.ee\/_ruumist-ruumi\/wp-json\/wp\/v2\/product_brand?post=173561"},{"taxonomy":"product_cat","embeddable":true,"href":"https:\/\/blankpage.ee\/_ruumist-ruumi\/wp-json\/wp\/v2\/product_cat?post=173561"},{"taxonomy":"product_tag","embeddable":true,"href":"https:\/\/blankpage.ee\/_ruumist-ruumi\/wp-json\/wp\/v2\/product_tag?post=173561"}],"curies":[{"name":"wp","href":"https:\/\/api.w.org\/{rel}","templated":true}]}}