{"id":173584,"date":"2025-04-19T10:58:15","date_gmt":"2025-04-19T10:58:15","guid":{"rendered":"https:\/\/ruumistruumi.ee\/pood\/poorlev-kassiliivakuhvel-cheerble-c0621-suur-vork-ergonoomiline-varrega\/"},"modified":"2025-08-21T08:18:55","modified_gmt":"2025-08-21T08:18:55","slug":"poorlev-kassiliivakuhvel-cheerble-c0621-suur-vork-ergonoomiline-varrega","status":"publish","type":"product","link":"https:\/\/blankpage.ee\/_ruumist-ruumi\/pood\/poorlev-kassiliivakuhvel-cheerble-c0621-suur-vork-ergonoomiline-varrega\/","title":{"rendered":"P\u00f6\u00f6rlev kassiliivak\u00fchvel Cheerble C0621 (suur v\u00f5rk, ergonoomiline varrega)"},"content":{"rendered":"<h3>P\u00f6\u00f6rlev kassiliivak\u00fchvel Cheerble C0621 \u2013 suur v\u00f5rk ja ergonoomiline vars<\/h3>\n<p>P\u00f6\u00f6rlev kassiliivak\u00fchvel Cheerble C0621 teeb liivakasti puhastamise lihtsaks ja kiireks. Ergonoomiline, h\u00e4sti tasakaalustatud vars tagab mugava kasutamise igap\u00e4evaselt. T\u00e4nu kahe erineva suurusega v\u00f5rgule sobib see k\u00fchvel igat t\u00fc\u00fcpi kassiliivale, aidates v\u00e4hendada puhta liiva raiskamist ning t\u00f5hustada puhastusprotsessi. Klombistunud liiv eemaldub h\u00f5lpsalt, samas kui puhas liiv j\u00e4\u00e4b liivakasti alles.<\/p>\n<p><img loading=\"lazy\" decoding=\"async\" src=\"https:\/\/blankpage.ee\/_ruumist-ruumi\/wp-content\/uploads\/2025\/04\/1-483.webp\" alt=\"P\u00f6\u00f6rlev kassiliivak\u00fchvel Cheerble C0621 pakendis\" width=\"1100\" height=\"700\" border=\"0\" \/><\/p>\n<h3>Tolmuvaba ja lihtne koristus p\u00f6\u00f6rleva kassiliivak\u00fchvliga<\/h3>\n<p>Poolavatud disain aitab v\u00e4hendada tolmu levikut ning v\u00f5imaldab liivakasti kiiret ja h\u00fcgieenilist puhastamist. Suure t\u00f6\u00f6pinnaga k\u00fchvel lubab eemaldada j\u00e4\u00e4tmed v\u00e4heste liigutustega \u2013 klombistunud liiv liigub otse pr\u00fcgikasti, ilma et liiv satuks p\u00f5randale.<\/p>\n<p><img loading=\"lazy\" decoding=\"async\" src=\"https:\/\/blankpage.ee\/_ruumist-ruumi\/wp-content\/uploads\/2025\/04\/10-44.webp\" alt=\"Poolavatud kassiliivak\u00fchvel hoiab tolmu kinni\" width=\"1100\" height=\"700\" border=\"0\" \/><\/p>\n<h3>Sobib eri t\u00fc\u00fcpi kassiliivadele<\/h3>\n<p>Kahe erineva v\u00f5rguava suurusega p\u00f6\u00f6rlev k\u00fchvel v\u00f5imaldab h\u00f5lpsasti eemaldada klombistunud liiva erinevate liivakastide ja kassiliivat\u00fc\u00fcpide puhul. T\u00e4nu sellele j\u00e4\u00e4b rohkem puhast liiva alles ning v\u00e4hendad raiskamist.<\/p>\n<p><img loading=\"lazy\" decoding=\"async\" src=\"https:\/\/blankpage.ee\/_ruumist-ruumi\/wp-content\/uploads\/2025\/04\/8-164.webp\" alt=\"Kassiliivak\u00fchvel kahe v\u00f5rguavaga erinevate liivat\u00fc\u00fcpide jaoks\" width=\"1100\" height=\"700\" border=\"0\" \/><\/p>\n<h3>Ergonoomiline vars ja praktiline hoiustamine<\/h3>\n<p>Pikk ning mugav k\u00e4epide teeb kasutamise lihtsaks ja stabiilseks. Tugev serv v\u00f5imaldab liiva kiiresti \u00fcles t\u00f5sta, samas kui integreeritud silikoonist riputusaasa abil saad k\u00fchvli mugavalt \u00fcles riputada, s\u00e4\u00e4stes hoiuruumi.<\/p>\n<p><img loading=\"lazy\" decoding=\"async\" src=\"https:\/\/blankpage.ee\/_ruumist-ruumi\/wp-content\/uploads\/2025\/04\/11-38.webp\" alt=\"Kassiliivak\u00fchvel riputusaasaga mugavaks hoiustamiseks\" width=\"1100\" height=\"700\" border=\"0\" \/><\/p>\n<h3>Tehnilised andmed<\/h3>\n<table>\n<tbody>\n<tr>\n<th>Br\u00e4nd<\/th>\n<td>Cheerble<\/td>\n<\/tr>\n<tr>\n<th>Mudel<\/th>\n<td>C0621<\/td>\n<\/tr>\n<tr>\n<th>Materjal<\/th>\n<td>ABS, PC, silikoon<\/td>\n<\/tr>\n<tr>\n<th>M\u00f5\u00f5tmed<\/th>\n<td>319 \u00d7 118 \u00d7 85 mm<\/td>\n<\/tr>\n<tr>\n<th>Kaal<\/th>\n<td>132 g<\/td>\n<\/tr>\n<\/tbody>\n<\/table>\n","protected":false},"excerpt":{"rendered":"<p>P\u00f6\u00f6rlev kassiliivak\u00fchvel Cheerble C0621 \u2013 suur v\u00f5rk ja ergonoomiline vars P\u00f6\u00f6rlev kassiliivak\u00fchvel Cheerble C0621 teeb liivakasti puhastamise lihtsaks ja kiireks. Ergonoomiline, h\u00e4sti tasakaalustatud vars tagab mugava kasutamise igap\u00e4evaselt. T\u00e4nu kahe erineva suurusega v\u00f5rgule sobib see k\u00fchvel igat t\u00fc\u00fcpi kassiliivale, aidates v\u00e4hendada puhta liiva raiskamist ning t\u00f5hustada puhastusprotsessi. Klombistunud liiv eemaldub h\u00f5lpsalt, samas kui puhas liiv [&hellip;]<\/p>\n","protected":false},"featured_media":173589,"comment_status":"open","ping_status":"closed","template":"","meta":[],"product_brand":[3108],"product_cat":[3106],"product_tag":[],"class_list":{"0":"post-173584","1":"product","2":"type-product","3":"status-publish","4":"has-post-thumbnail","6":"product_brand-cheerble","7":"product_cat-liivakastitarvikud","8":"product_shipping_class-innpro","10":"first","11":"instock","12":"sale","13":"taxable","14":"shipping-taxable","15":"purchasable","16":"product-type-simple"},"_links":{"self":[{"href":"https:\/\/blankpage.ee\/_ruumist-ruumi\/wp-json\/wp\/v2\/product\/173584","targetHints":{"allow":["GET"]}}],"collection":[{"href":"https:\/\/blankpage.ee\/_ruumist-ruumi\/wp-json\/wp\/v2\/product"}],"about":[{"href":"https:\/\/blankpage.ee\/_ruumist-ruumi\/wp-json\/wp\/v2\/types\/product"}],"replies":[{"embeddable":true,"href":"https:\/\/blankpage.ee\/_ruumist-ruumi\/wp-json\/wp\/v2\/comments?post=173584"}],"wp:featuredmedia":[{"embeddable":true,"href":"https:\/\/blankpage.ee\/_ruumist-ruumi\/wp-json\/wp\/v2\/media\/173589"}],"wp:attachment":[{"href":"https:\/\/blankpage.ee\/_ruumist-ruumi\/wp-json\/wp\/v2\/media?parent=173584"}],"wp:term":[{"taxonomy":"product_brand","embeddable":true,"href":"https:\/\/blankpage.ee\/_ruumist-ruumi\/wp-json\/wp\/v2\/product_brand?post=173584"},{"taxonomy":"product_cat","embeddable":true,"href":"https:\/\/blankpage.ee\/_ruumist-ruumi\/wp-json\/wp\/v2\/product_cat?post=173584"},{"taxonomy":"product_tag","embeddable":true,"href":"https:\/\/blankpage.ee\/_ruumist-ruumi\/wp-json\/wp\/v2\/product_tag?post=173584"}],"curies":[{"name":"wp","href":"https:\/\/api.w.org\/{rel}","templated":true}]}}