{"id":173762,"date":"2025-04-19T11:18:42","date_gmt":"2025-04-19T11:18:42","guid":{"rendered":"https:\/\/ruumistruumi.ee\/pood\/kahekihiline-hall-kassiliivakasti-matt-petwant-58x37-cm\/"},"modified":"2025-08-21T08:18:53","modified_gmt":"2025-08-21T08:18:53","slug":"kahekihiline-hall-kassiliivakasti-matt-petwant-58x37-cm","status":"publish","type":"product","link":"https:\/\/blankpage.ee\/_ruumist-ruumi\/pood\/kahekihiline-hall-kassiliivakasti-matt-petwant-58x37-cm\/","title":{"rendered":"Kahekihiline hall kassiliivakasti matt PetWant 58\u00d737 cm"},"content":{"rendered":"<h3>Kahekihiline kassiliivakasti matt PetWant, hall<\/h3>\n<p>Kahekihiline kassiliivakasti matt aitab hoida kodu puhtana, takistades liiva ja mustuse levikut liivakasti \u00fcmbrusesse. Spetsiaalse disainiga matt kogub kassiliiva ja muud prahti pealmise kihi suurte avade kaudu, suunates need veekindlale alumisele kihile, kuhu mustus p\u00fcsima j\u00e4\u00e4b. Nii on p\u00f5randad alati korras ja puhtad.<\/p>\n<p>Matt on valmistatud pehmest, mittetoksilisest materjalist, mis sobib eriti h\u00e4sti tundlikele kassik\u00e4ppadele. Elastsest ja vastupidavast pinnast tulenevalt p\u00fcsib matt kindlalt paigal ega \u00e4rrita sinu lemmikut. Kassiliivakasti matt on lihtsasti hooldatav \u2013 seda on kerge raputada v\u00f5i veega pesta ning vajadusel saab matti kokku voltida ja ruumis\u00e4\u00e4stlikult hoiustada.<\/p>\n<div class=\"table-wrapper\">\n<table>\n<tbody>\n<tr>\n<th>Br\u00e4nd<\/th>\n<td>PetWant<\/td>\n<\/tr>\n<tr>\n<th>V\u00e4rvus<\/th>\n<td>Hall<\/td>\n<\/tr>\n<tr>\n<th>M\u00f5\u00f5dud<\/th>\n<td>58 \u00d7 37 cm<\/td>\n<\/tr>\n<\/tbody>\n<\/table>\n<\/div>\n<p><img decoding=\"async\" src=\"https:\/\/blankpage.ee\/_ruumist-ruumi\/wp-content\/uploads\/2025\/04\/1-492.webp\" border=\"0\" alt=\"Kahekihiline hall kassiliivakasti matt tekstiilpinnaga\" \/><\/p>\n","protected":false},"excerpt":{"rendered":"<p>Kahekihiline kassiliivakasti matt PetWant, hall Kahekihiline kassiliivakasti matt aitab hoida kodu puhtana, takistades liiva ja mustuse levikut liivakasti \u00fcmbrusesse. Spetsiaalse disainiga matt kogub kassiliiva ja muud prahti pealmise kihi suurte avade kaudu, suunates need veekindlale alumisele kihile, kuhu mustus p\u00fcsima j\u00e4\u00e4b. Nii on p\u00f5randad alati korras ja puhtad. Matt on valmistatud pehmest, mittetoksilisest materjalist, mis [&hellip;]<\/p>\n","protected":false},"featured_media":173764,"comment_status":"open","ping_status":"open","template":"","meta":[],"product_brand":[3104],"product_cat":[3106],"product_tag":[],"class_list":{"0":"post-173762","1":"product","2":"type-product","3":"status-publish","4":"has-post-thumbnail","6":"product_brand-petwant","7":"product_cat-liivakastitarvikud","8":"product_shipping_class-innpro","10":"first","11":"instock","12":"sale","13":"taxable","14":"shipping-taxable","15":"purchasable","16":"product-type-simple"},"_links":{"self":[{"href":"https:\/\/blankpage.ee\/_ruumist-ruumi\/wp-json\/wp\/v2\/product\/173762","targetHints":{"allow":["GET"]}}],"collection":[{"href":"https:\/\/blankpage.ee\/_ruumist-ruumi\/wp-json\/wp\/v2\/product"}],"about":[{"href":"https:\/\/blankpage.ee\/_ruumist-ruumi\/wp-json\/wp\/v2\/types\/product"}],"replies":[{"embeddable":true,"href":"https:\/\/blankpage.ee\/_ruumist-ruumi\/wp-json\/wp\/v2\/comments?post=173762"}],"wp:featuredmedia":[{"embeddable":true,"href":"https:\/\/blankpage.ee\/_ruumist-ruumi\/wp-json\/wp\/v2\/media\/173764"}],"wp:attachment":[{"href":"https:\/\/blankpage.ee\/_ruumist-ruumi\/wp-json\/wp\/v2\/media?parent=173762"}],"wp:term":[{"taxonomy":"product_brand","embeddable":true,"href":"https:\/\/blankpage.ee\/_ruumist-ruumi\/wp-json\/wp\/v2\/product_brand?post=173762"},{"taxonomy":"product_cat","embeddable":true,"href":"https:\/\/blankpage.ee\/_ruumist-ruumi\/wp-json\/wp\/v2\/product_cat?post=173762"},{"taxonomy":"product_tag","embeddable":true,"href":"https:\/\/blankpage.ee\/_ruumist-ruumi\/wp-json\/wp\/v2\/product_tag?post=173762"}],"curies":[{"name":"wp","href":"https:\/\/api.w.org\/{rel}","templated":true}]}}