{"id":173765,"date":"2025-04-19T11:18:42","date_gmt":"2025-04-19T11:18:42","guid":{"rendered":"https:\/\/ruumistruumi.ee\/pood\/kahekihiline-kassiliivamatt-petwant-liivakarva-58x37-cm\/"},"modified":"2025-07-18T14:24:04","modified_gmt":"2025-07-18T14:24:04","slug":"kahekihiline-kassiliivamatt-petwant-liivakarva-58x37-cm","status":"publish","type":"product","link":"https:\/\/blankpage.ee\/_ruumist-ruumi\/pood\/kahekihiline-kassiliivamatt-petwant-liivakarva-58x37-cm\/","title":{"rendered":"Kahekihiline kassiliivamatt PetWant, liivakarva, 58&#215;37 cm"},"content":{"rendered":"<h3>Kassiliivamatt PetWant \u2013 kahekihiline ja liivakarva<\/h3>\n<p>Kassiliivamatt PetWant hoiab teie kodu puhtana, takistades kassiliiva kandumist liivakasti \u00fcmbrusesse. See kahekihiline kassiliivamatt PetWant on loodud nii, et \u00fclemise kihi augud p\u00fc\u00fcavad liiva kinni ning alumine veekindel kiht kogub selle kokku. Nii v\u00f5ib olla kindel, et liiv j\u00e4\u00e4b mati sisse ja p\u00f5rand p\u00fcsib puhas.<\/p>\n<p>Praktiline kahekihiline disain teeb kassiliiva eemaldamise lihtsaks ja kiireks \u2013 liivamatti saab kergesti puhastada ning vajadusel kokku voltida, et s\u00e4\u00e4sta hoiustamisel ruumi. Mati pehme mittetoksiline materjal sobib ka eriti tundlikele kassik\u00e4ppadele. Selline kassiliivamatt sobib ideaalselt iga liivakasti k\u00f5rvale, aidates hoida h\u00fcgieeni ja mugavust nii kassile kui ka teile.<\/p>\n<p><img decoding=\"async\" src=\"https:\/\/blankpage.ee\/_ruumist-ruumi\/wp-content\/uploads\/2025\/04\/4-454.webp\" border=\"0\" alt=\"Liivakarva kahekihiline kassiliivamatt PetWant liivakasti k\u00f5rval\" \/><\/p>\n<div class=\"table-wrapper\">\n<table>\n<tbody>\n<tr>\n<th>Br\u00e4nd<\/th>\n<td>PetWant<\/td>\n<\/tr>\n<tr>\n<th>V\u00e4rv<\/th>\n<td>Liivakarva<\/td>\n<\/tr>\n<tr>\n<th>M\u00f5\u00f5dud<\/th>\n<td>58 x 37 cm<\/td>\n<\/tr>\n<\/tbody>\n<\/table>\n<\/div>\n<p><strong>Kassiliivamatt PetWant<\/strong> on usaldusv\u00e4\u00e4rne valik, kui soovite hoida liivakasti \u00fcmbruse korras ja tagada oma kassile parim mugavus.<\/p>\n","protected":false},"excerpt":{"rendered":"<p>Kassiliivamatt PetWant \u2013 kahekihiline ja liivakarva Kassiliivamatt PetWant hoiab teie kodu puhtana, takistades kassiliiva kandumist liivakasti \u00fcmbrusesse. See kahekihiline kassiliivamatt PetWant on loodud nii, et \u00fclemise kihi augud p\u00fc\u00fcavad liiva kinni ning alumine veekindel kiht kogub selle kokku. Nii v\u00f5ib olla kindel, et liiv j\u00e4\u00e4b mati sisse ja p\u00f5rand p\u00fcsib puhas. Praktiline kahekihiline disain teeb [&hellip;]<\/p>\n","protected":false},"featured_media":173767,"comment_status":"open","ping_status":"open","template":"","meta":[],"product_brand":[3104],"product_cat":[3106],"product_tag":[],"class_list":{"0":"post-173765","1":"product","2":"type-product","3":"status-publish","4":"has-post-thumbnail","6":"product_brand-petwant","7":"product_cat-liivakastitarvikud","8":"product_shipping_class-innpro","10":"first","11":"outofstock","12":"sale","13":"taxable","14":"shipping-taxable","15":"purchasable","16":"product-type-simple"},"_links":{"self":[{"href":"https:\/\/blankpage.ee\/_ruumist-ruumi\/wp-json\/wp\/v2\/product\/173765","targetHints":{"allow":["GET"]}}],"collection":[{"href":"https:\/\/blankpage.ee\/_ruumist-ruumi\/wp-json\/wp\/v2\/product"}],"about":[{"href":"https:\/\/blankpage.ee\/_ruumist-ruumi\/wp-json\/wp\/v2\/types\/product"}],"replies":[{"embeddable":true,"href":"https:\/\/blankpage.ee\/_ruumist-ruumi\/wp-json\/wp\/v2\/comments?post=173765"}],"wp:featuredmedia":[{"embeddable":true,"href":"https:\/\/blankpage.ee\/_ruumist-ruumi\/wp-json\/wp\/v2\/media\/173767"}],"wp:attachment":[{"href":"https:\/\/blankpage.ee\/_ruumist-ruumi\/wp-json\/wp\/v2\/media?parent=173765"}],"wp:term":[{"taxonomy":"product_brand","embeddable":true,"href":"https:\/\/blankpage.ee\/_ruumist-ruumi\/wp-json\/wp\/v2\/product_brand?post=173765"},{"taxonomy":"product_cat","embeddable":true,"href":"https:\/\/blankpage.ee\/_ruumist-ruumi\/wp-json\/wp\/v2\/product_cat?post=173765"},{"taxonomy":"product_tag","embeddable":true,"href":"https:\/\/blankpage.ee\/_ruumist-ruumi\/wp-json\/wp\/v2\/product_tag?post=173765"}],"curies":[{"name":"wp","href":"https:\/\/api.w.org\/{rel}","templated":true}]}}