{"id":173928,"date":"2025-04-19T11:35:14","date_gmt":"2025-04-19T11:35:14","guid":{"rendered":"https:\/\/ruumistruumi.ee\/pood\/catlink-liivakasti-kotid-baymaxile-2-tk\/"},"modified":"2025-08-21T08:18:51","modified_gmt":"2025-08-21T08:18:51","slug":"catlink-liivakasti-kotid-baymaxile-2-tk","status":"publish","type":"product","link":"https:\/\/blankpage.ee\/_ruumist-ruumi\/pood\/catlink-liivakasti-kotid-baymaxile-2-tk\/","title":{"rendered":"Catlink liivakasti kotid Baymaxile, 2 tk"},"content":{"rendered":"<h3>Catlink liivakasti kotid Baymaxile, 2 tk<\/h3>\n<p>Catlink liivakasti kotid sobivad suurep\u00e4raselt Catlink Baymax automaatsele kassiliivakastile ning aitavad sul hoida liivakasti puhta ja h\u00fcgieenilisena. Pakis on kaks vastupidavast plastist valmistatud kotti, mis on rebenemiskindlad ja lekkevabad. T\u00e4nu suuremale paksusele kaitsevad need Catlink liivakasti kotid t\u00f5husalt liivakasti mustuse ja niiskuse eest.<\/p>\n<p>Praktilised sisseehitatud t\u00f5mben\u00f6\u00f6rid v\u00f5imaldavad kotti kiiresti ja mugavalt sulgeda ning eemaldada. Catlink liivakasti kotid muudavad j\u00e4\u00e4tmete eemaldamise lihtsaks ja puhtaks lahenduseks.<\/p>\n<p><img decoding=\"async\" src=\"https:\/\/blankpage.ee\/_ruumist-ruumi\/wp-content\/uploads\/2025\/04\/1-505.webp\" alt=\"Catlink liivakasti kotid Baymaxile valgel taustal\"><\/p>\n<h3>Mida komplekt sisaldab?<\/h3>\n<ul>\n<li>2 x Catlink liivakasti kotti<\/li>\n<\/ul>\n<div class=\"table-wrapper\">\n<table>\n<tbody>\n<tr>\n<th>Tootja<\/th>\n<td>Catlink<\/td>\n<\/tr>\n<tr>\n<th>\u00dchilduvus<\/th>\n<td>Catlink Baymax automaatne kassiliivakast<\/td>\n<\/tr>\n<\/tbody>\n<\/table>\n<\/div>\n<p>Loo oma Catlink Baymax kassile alati puhas ja mugav keskkond, kasutades selleks spetsiaalselt loodud Catlink liivakasti kotte.<\/p>\n","protected":false},"excerpt":{"rendered":"<p>Catlink liivakasti kotid Baymaxile, 2 tk Catlink liivakasti kotid sobivad suurep\u00e4raselt Catlink Baymax automaatsele kassiliivakastile ning aitavad sul hoida liivakasti puhta ja h\u00fcgieenilisena. Pakis on kaks vastupidavast plastist valmistatud kotti, mis on rebenemiskindlad ja lekkevabad. T\u00e4nu suuremale paksusele kaitsevad need Catlink liivakasti kotid t\u00f5husalt liivakasti mustuse ja niiskuse eest. Praktilised sisseehitatud t\u00f5mben\u00f6\u00f6rid v\u00f5imaldavad kotti kiiresti [&hellip;]<\/p>\n","protected":false},"featured_media":173930,"comment_status":"open","ping_status":"open","template":"","meta":[],"product_brand":[3107],"product_cat":[3106],"product_tag":[],"class_list":{"0":"post-173928","1":"product","2":"type-product","3":"status-publish","4":"has-post-thumbnail","6":"product_brand-catlink","7":"product_cat-liivakastitarvikud","8":"product_shipping_class-innpro","10":"first","11":"instock","12":"sale","13":"taxable","14":"shipping-taxable","15":"purchasable","16":"product-type-simple"},"_links":{"self":[{"href":"https:\/\/blankpage.ee\/_ruumist-ruumi\/wp-json\/wp\/v2\/product\/173928","targetHints":{"allow":["GET"]}}],"collection":[{"href":"https:\/\/blankpage.ee\/_ruumist-ruumi\/wp-json\/wp\/v2\/product"}],"about":[{"href":"https:\/\/blankpage.ee\/_ruumist-ruumi\/wp-json\/wp\/v2\/types\/product"}],"replies":[{"embeddable":true,"href":"https:\/\/blankpage.ee\/_ruumist-ruumi\/wp-json\/wp\/v2\/comments?post=173928"}],"wp:featuredmedia":[{"embeddable":true,"href":"https:\/\/blankpage.ee\/_ruumist-ruumi\/wp-json\/wp\/v2\/media\/173930"}],"wp:attachment":[{"href":"https:\/\/blankpage.ee\/_ruumist-ruumi\/wp-json\/wp\/v2\/media?parent=173928"}],"wp:term":[{"taxonomy":"product_brand","embeddable":true,"href":"https:\/\/blankpage.ee\/_ruumist-ruumi\/wp-json\/wp\/v2\/product_brand?post=173928"},{"taxonomy":"product_cat","embeddable":true,"href":"https:\/\/blankpage.ee\/_ruumist-ruumi\/wp-json\/wp\/v2\/product_cat?post=173928"},{"taxonomy":"product_tag","embeddable":true,"href":"https:\/\/blankpage.ee\/_ruumist-ruumi\/wp-json\/wp\/v2\/product_tag?post=173928"}],"curies":[{"name":"wp","href":"https:\/\/api.w.org\/{rel}","templated":true}]}}