{"id":174052,"date":"2025-04-19T11:55:47","date_gmt":"2025-04-19T11:55:47","guid":{"rendered":"https:\/\/ruumistruumi.ee\/pood\/interaktiivne-kassimanguasi-cheerble-wicked-snail-cwj02-pruun-led-200-mah\/"},"modified":"2025-08-21T08:18:50","modified_gmt":"2025-08-21T08:18:50","slug":"interaktiivne-kassimanguasi-cheerble-wicked-snail-cwj02-pruun-led-200-mah","status":"publish","type":"product","link":"https:\/\/blankpage.ee\/_ruumist-ruumi\/pood\/interaktiivne-kassimanguasi-cheerble-wicked-snail-cwj02-pruun-led-200-mah\/","title":{"rendered":"Interaktiivne kassim\u00e4nguasi Cheerble Wicked Snail CWJ02 (pruun, LED, 200 mAh)"},"content":{"rendered":"<h3>Interaktiivne kassim\u00e4nguasi Cheerble Wicked Snail (pruun)<\/h3>\n<p>Interaktiivne kassim\u00e4nguasi Cheerble Wicked Snail on efektse disainiga lemmikloomatarvik, mis k\u00f6idab kassi t\u00e4helepanu ettearvamatute liikumiste, erksate LED-tulede ja kahe erineva kiirusre\u017eiimiga. See nutikas m\u00e4nguasi stimuleerib kasside loomulikku jahiinstinkti, soodustab f\u00fc\u00fcsilist aktiivsust ning hoiab sinu lemmikut pikka aega m\u00e4ngus. T\u00e4nu sisseehitatud takistuste v\u00e4ltimise s\u00fcsteemile liigub m\u00e4nguasi sujuvalt ja selle 200 mAh aku v\u00f5imaldab kuni 2 tundi katkestusteta kasutust. M\u00e4nguasja pind on h\u00f5lpsasti puhastatav ja valmistatud loomadele ohututest materjalidest.<\/p>\n<p><img decoding=\"async\" src=\"https:\/\/blankpage.ee\/_ruumist-ruumi\/wp-content\/uploads\/2025\/04\/5-408.webp\" alt=\"Interaktiivne kassim\u00e4nguasi Cheerble Wicked Snail pruunil taustal\"><\/p>\n<h3>Kaks m\u00e4ngure\u017eiimi ja nutikas liikumine<\/h3>\n<p>Antud interaktiivne kassim\u00e4nguasi v\u00f5imaldab valida kahe re\u017eiimi vahel \u2013 Normal ja Gentle. Sisseehitatud algoritm tagab, et m\u00e4nguasi p\u00f6\u00f6rdub \u00f5iges suunas ning liigub j\u00e4rjepidevalt edasi, pakkudes alati v\u00e4rsket m\u00e4nguelamust. Sarnaselt automaatsele kassi pallile m\u00f5jub see motiveerivalt nii noorele kui ka vanemale kassile.<\/p>\n<p><img decoding=\"async\" src=\"https:\/\/blankpage.ee\/_ruumist-ruumi\/wp-content\/uploads\/2025\/04\/7-332.webp\" alt=\"Kassim\u00e4nguasja re\u017eiimid ja LED-tulede funktsioonid\"><\/p>\n<h3>Ideaalselt reguleeritud m\u00e4ngu ja puhkuse j\u00e4rg<\/h3>\n<p>M\u00e4nguasi t\u00f6\u00f6tab ts\u00fckliliselt \u2013 iga 40 minuti j\u00e4rel j\u00e4rgneb 10-minutiline aktiivne m\u00e4ng. Lisaks aktiveerub m\u00e4nguasi kassi puudutusest, kui soov taas liikuma hakata tekib. Nii kaasatakse kassi loomuomast r\u00fctmi ning ennetatakse igavust ka pikemal ajal \u00fcksi olles.<\/p>\n<p><img decoding=\"async\" src=\"https:\/\/blankpage.ee\/_ruumist-ruumi\/wp-content\/uploads\/2025\/04\/6-362.webp\" alt=\"Akukestusega kassim\u00e4nguasi aktiivses kasutuses\"><\/p>\n<h3>Kasside turvalisus eelistatud esikohal<\/h3>\n<p>M\u00e4nguasja \u00fcmbris on valmistatud pehmest, elastseks j\u00e4\u00e4nud PVC-materjalist, sobides ka eriti energilistele kassidele. Cheerble Wicked Snail liigub sujuvalt paljudel p\u00f5randakatetel, v\u00e4ldib takistusi ning muudab iga kasutuskorra huvitavaks ootamatute liigutuste ja suunamuutustega.<\/p>\n<p><img decoding=\"async\" src=\"https:\/\/blankpage.ee\/_ruumist-ruumi\/wp-content\/uploads\/2025\/04\/3-488.webp\" alt=\"Pehmest PVC-materjalist kassim\u00e4nguasi liikuval pinnal\"><\/p>\n<h3>Pikem m\u00e4nguaeg garanteeritud<\/h3>\n<p>V\u00f5imas 200 mAh aku v\u00f5imaldab kuni 2 tundi m\u00e4nguaega j\u00e4rjest, aku t\u00fchjenemisel annab sellest m\u00e4rku punane vilkuv LED-tuli. Komplekti kuulub ka laadimiskaabel, millega saab m\u00e4nguasja u 40 minutiga taas t\u00e4is laadida.<\/p>\n<p><img decoding=\"async\" src=\"https:\/\/blankpage.ee\/_ruumist-ruumi\/wp-content\/uploads\/2025\/04\/4-474.webp\" alt=\"Kassim\u00e4nguasi koos laadimiskaabli ja LED-tulega\"><\/p>\n<h3>Lihtne hooldus mugavaks kasutamiseks<\/h3>\n<p>Eemaldatav kest v\u00f5imaldab kiiret puhastamist ning hoiab m\u00e4nguasja karvade ja tolmu eest. See muudab Cheerble Wicked Snail mudeli eriti praktiliseks lahenduseks igale kassiomanikule, kes hindab korda kodus ja kvaliteetset interaktiivset kassim\u00e4nguasja.<\/p>\n<p><img decoding=\"async\" src=\"https:\/\/blankpage.ee\/_ruumist-ruumi\/wp-content\/uploads\/2025\/04\/1-510.webp\" alt=\"Kassim\u00e4nguasja eemaldatav kest puhastamiseks\"><\/p>\n<h3>Mida komplekt sisaldab:<\/h3>\n<ul>\n<li>Interaktiivne kassim\u00e4nguasi Cheerble Wicked Snail<\/li>\n<li>DC-laadimiskaabel<\/li>\n<li>Kasutusjuhend<\/li>\n<\/ul>\n<div class=\"table-wrapper\">\n<table>\n<tbody>\n<tr>\n<th>Tootja<\/th>\n<td>Cheerble<\/td>\n<\/tr>\n<tr>\n<th>Mudel<\/th>\n<td>CWJ02<\/td>\n<\/tr>\n<tr>\n<th>Sobivus<\/th>\n<td>Kassidele<\/td>\n<\/tr>\n<tr>\n<th>Akumaht<\/th>\n<td>200 mAh<\/td>\n<\/tr>\n<tr>\n<th>Materjal<\/th>\n<td>PVC, TPU, ABS<\/td>\n<\/tr>\n<tr>\n<th>Kaal<\/th>\n<td>77 g<\/td>\n<\/tr>\n<tr>\n<th>M\u00f5\u00f5dud<\/th>\n<td>68 \u00d7 50 \u00d7 59 mm<\/td>\n<\/tr>\n<tr>\n<th>T\u00f6\u00f6temperatuur<\/th>\n<td>5\u00b0C kuni 40\u00b0C<\/td>\n<\/tr>\n<tr>\n<th>V\u00e4rvus<\/th>\n<td>Pruun<\/td>\n<\/tr>\n<\/tbody>\n<\/table>\n<\/div>\n","protected":false},"excerpt":{"rendered":"<p>Interaktiivne kassim\u00e4nguasi Cheerble Wicked Snail (pruun) Interaktiivne kassim\u00e4nguasi Cheerble Wicked Snail on efektse disainiga lemmikloomatarvik, mis k\u00f6idab kassi t\u00e4helepanu ettearvamatute liikumiste, erksate LED-tulede ja kahe erineva kiirusre\u017eiimiga. See nutikas m\u00e4nguasi stimuleerib kasside loomulikku jahiinstinkti, soodustab f\u00fc\u00fcsilist aktiivsust ning hoiab sinu lemmikut pikka aega m\u00e4ngus. T\u00e4nu sisseehitatud takistuste v\u00e4ltimise s\u00fcsteemile liigub m\u00e4nguasi sujuvalt ja selle 200 [&hellip;]<\/p>\n","protected":false},"featured_media":174059,"comment_status":"open","ping_status":"open","template":"","meta":[],"product_brand":[3108],"product_cat":[3102],"product_tag":[],"class_list":{"0":"post-174052","1":"product","2":"type-product","3":"status-publish","4":"has-post-thumbnail","6":"product_brand-cheerble","7":"product_cat-manguasjad","8":"product_shipping_class-innpro","10":"first","11":"instock","12":"sale","13":"taxable","14":"shipping-taxable","15":"purchasable","16":"product-type-simple"},"_links":{"self":[{"href":"https:\/\/blankpage.ee\/_ruumist-ruumi\/wp-json\/wp\/v2\/product\/174052","targetHints":{"allow":["GET"]}}],"collection":[{"href":"https:\/\/blankpage.ee\/_ruumist-ruumi\/wp-json\/wp\/v2\/product"}],"about":[{"href":"https:\/\/blankpage.ee\/_ruumist-ruumi\/wp-json\/wp\/v2\/types\/product"}],"replies":[{"embeddable":true,"href":"https:\/\/blankpage.ee\/_ruumist-ruumi\/wp-json\/wp\/v2\/comments?post=174052"}],"wp:featuredmedia":[{"embeddable":true,"href":"https:\/\/blankpage.ee\/_ruumist-ruumi\/wp-json\/wp\/v2\/media\/174059"}],"wp:attachment":[{"href":"https:\/\/blankpage.ee\/_ruumist-ruumi\/wp-json\/wp\/v2\/media?parent=174052"}],"wp:term":[{"taxonomy":"product_brand","embeddable":true,"href":"https:\/\/blankpage.ee\/_ruumist-ruumi\/wp-json\/wp\/v2\/product_brand?post=174052"},{"taxonomy":"product_cat","embeddable":true,"href":"https:\/\/blankpage.ee\/_ruumist-ruumi\/wp-json\/wp\/v2\/product_cat?post=174052"},{"taxonomy":"product_tag","embeddable":true,"href":"https:\/\/blankpage.ee\/_ruumist-ruumi\/wp-json\/wp\/v2\/product_tag?post=174052"}],"curies":[{"name":"wp","href":"https:\/\/api.w.org\/{rel}","templated":true}]}}