{"id":174061,"date":"2025-04-19T11:55:47","date_gmt":"2025-04-19T11:55:47","guid":{"rendered":"https:\/\/ruumistruumi.ee\/pood\/lemmiklooma-toidukuivati-komplekt-petwant-f11-toidudosaatorile-6-tk\/"},"modified":"2025-04-22T09:01:00","modified_gmt":"2025-04-22T09:01:00","slug":"lemmiklooma-toidukuivati-komplekt-petwant-f11-toidudosaatorile-6-tk","status":"publish","type":"product","link":"https:\/\/blankpage.ee\/_ruumist-ruumi\/pood\/lemmiklooma-toidukuivati-komplekt-petwant-f11-toidudosaatorile-6-tk\/","title":{"rendered":"Lemmiklooma toidukuivati komplekt PetWant F11 toidudosaatorile (6 tk)"},"content":{"rendered":"<h3>Lemmiklooma toidukuivati komplekt PetWant F11 automaatsele toidudosaatorile (6 tk)<\/h3>\n<p>Lemmiklooma toidukuivati kotid on m\u00f5eldud PetWant F11 automaatsele toidudosaatorile, et aidata hoida sinu lemmiklooma toit kauem v\u00e4rske ja kuiv. Toidukuivati neelab liigniiskust, takistab bakterite ning hallituse teket ning aitab v\u00e4ltida ebameeldivate l\u00f5hnade levikut. Lemmiklooma toidukuivati kasutamine tagab parema toidu s\u00e4ilivuse ja \u00fchtlase kvaliteedi. Parima tulemuse saavutamiseks soovitame vahetada kotte regulaarselt.<\/p>\n<p>Komplektis on 6 niiskusekogujat, mis sobivad t\u00e4pselt PetWant F11 seadmesse. Kasutamine on lihtne: aseta toidukuivati kott seadme m\u00e4\u00e4ratud sektsiooni ja vaheta see vajadusel uue vastu. Nii p\u00fcsib toidudosaatoris olev kuivtoit alati kaitstud liigse niiskuse eest.<\/p>\n<p><img decoding=\"async\" src=\"https:\/\/blankpage.ee\/_ruumist-ruumi\/wp-content\/uploads\/2025\/04\/4-453.webp\" border=\"0\" alt=\"Lemmiklooma toidukuivati kotid PetWant F11 toidudosaatorile\" \/><\/p>\n<div class=\"table-wrapper\">\n<table>\n<tbody>\n<tr>\n<th>Br\u00e4nd<\/th>\n<td>PetWant<\/td>\n<\/tr>\n<tr>\n<th>Mudel<\/th>\n<td>F11-D<\/td>\n<\/tr>\n<tr>\n<th>\u00dchilduvus<\/th>\n<td>PetWant F11 automaatne toidudosaator<\/td>\n<\/tr>\n<tr>\n<th>Komplektis<\/th>\n<td>6 lemmiklooma toidukuivati kotti<\/td>\n<\/tr>\n<\/tbody>\n<\/table>\n<\/div>\n<p>Lemmiklooma toidukuivati aitab hoida toidudosaatoris olevat lemmikloomatoitu puhta, v\u00e4rske ja kr\u00f5bedana sinu neljajalgse s\u00f5bra jaoks.<\/p>\n","protected":false},"excerpt":{"rendered":"<p>Lemmiklooma toidukuivati komplekt PetWant F11 automaatsele toidudosaatorile (6 tk) Lemmiklooma toidukuivati kotid on m\u00f5eldud PetWant F11 automaatsele toidudosaatorile, et aidata hoida sinu lemmiklooma toit kauem v\u00e4rske ja kuiv. Toidukuivati neelab liigniiskust, takistab bakterite ning hallituse teket ning aitab v\u00e4ltida ebameeldivate l\u00f5hnade levikut. Lemmiklooma toidukuivati kasutamine tagab parema toidu s\u00e4ilivuse ja \u00fchtlase kvaliteedi. Parima tulemuse saavutamiseks [&hellip;]<\/p>\n","protected":false},"featured_media":174062,"comment_status":"open","ping_status":"open","template":"","meta":[],"product_brand":[3104],"product_cat":[3109],"product_tag":[],"class_list":{"0":"post-174061","1":"product","2":"type-product","3":"status-publish","4":"has-post-thumbnail","6":"product_brand-petwant","7":"product_cat-muud-tarvikud-lemmikloomadele","8":"product_shipping_class-innpro","10":"first","11":"outofstock","12":"taxable","13":"shipping-taxable","14":"purchasable","15":"product-type-simple"},"_links":{"self":[{"href":"https:\/\/blankpage.ee\/_ruumist-ruumi\/wp-json\/wp\/v2\/product\/174061","targetHints":{"allow":["GET"]}}],"collection":[{"href":"https:\/\/blankpage.ee\/_ruumist-ruumi\/wp-json\/wp\/v2\/product"}],"about":[{"href":"https:\/\/blankpage.ee\/_ruumist-ruumi\/wp-json\/wp\/v2\/types\/product"}],"replies":[{"embeddable":true,"href":"https:\/\/blankpage.ee\/_ruumist-ruumi\/wp-json\/wp\/v2\/comments?post=174061"}],"wp:featuredmedia":[{"embeddable":true,"href":"https:\/\/blankpage.ee\/_ruumist-ruumi\/wp-json\/wp\/v2\/media\/174062"}],"wp:attachment":[{"href":"https:\/\/blankpage.ee\/_ruumist-ruumi\/wp-json\/wp\/v2\/media?parent=174061"}],"wp:term":[{"taxonomy":"product_brand","embeddable":true,"href":"https:\/\/blankpage.ee\/_ruumist-ruumi\/wp-json\/wp\/v2\/product_brand?post=174061"},{"taxonomy":"product_cat","embeddable":true,"href":"https:\/\/blankpage.ee\/_ruumist-ruumi\/wp-json\/wp\/v2\/product_cat?post=174061"},{"taxonomy":"product_tag","embeddable":true,"href":"https:\/\/blankpage.ee\/_ruumist-ruumi\/wp-json\/wp\/v2\/product_tag?post=174061"}],"curies":[{"name":"wp","href":"https:\/\/api.w.org\/{rel}","templated":true}]}}