{"id":174105,"date":"2025-04-19T12:05:59","date_gmt":"2025-04-19T12:05:59","guid":{"rendered":"https:\/\/ruumistruumi.ee\/pood\/interaktiivne-kassipall-rojeco-rwj-12-led-3-mangureziimi-roheline\/"},"modified":"2025-08-21T08:18:49","modified_gmt":"2025-08-21T08:18:49","slug":"interaktiivne-kassipall-rojeco-rwj-12-led-3-mangureziimi-roheline","status":"publish","type":"product","link":"https:\/\/blankpage.ee\/_ruumist-ruumi\/pood\/interaktiivne-kassipall-rojeco-rwj-12-led-3-mangureziimi-roheline\/","title":{"rendered":"Interaktiivne kassipall Rojeco RWJ-12, LED, 3 m\u00e4ngure\u017eiimi, roheline"},"content":{"rendered":"<h3>Interaktiivne kassipall Rojeco RWJ-12, LED, 3 m\u00e4ngure\u017eiimi, roheline<\/h3>\n<p>Interaktiivne kassipall hoiab sinu kassi aktiivsena ja pakub mitmekesist, arendavat m\u00e4nguaega. See nutikas m\u00e4nguasi sobib igat t\u00fc\u00fcpi kassidele ning pakub kolme erinevat m\u00e4ngure\u017eiimi, et pakkuda vaheldust ja ergutada loomuomast jahiinstinkti. Pall p\u00f6\u00f6rleb 360\u00b0, saavutab kiiruse kuni 16 000 p\/min, tuvastab takistusi ning v\u00e4rvilised LED-tuled \u00e4ratavad kassis huvi. Tugeva 180 mAh akuga j\u00e4tkub m\u00e4ngulem\u00f5nu kuni neljaks tunniks j\u00e4rjest.<\/p>\n<p><img decoding=\"async\" src=\"https:\/\/blankpage.ee\/_ruumist-ruumi\/wp-content\/uploads\/2025\/04\/7-333.webp\" alt=\"roheline interaktiivne kassipall LED tuledega p\u00f5randal\"\/><\/p>\n<h3>Lihtne kasutamine \u2013 vaevatu m\u00e4nguelamus<\/h3>\n<p>Interaktiivse kassipalli t\u00f6\u00f6lepanekuks hoia nuppu 3 sekundit all \u2013 seej\u00e4rel hakkab kassim\u00e4nguasi helkima LED-tuledega ja liigub meelelahutuslikult m\u00f6\u00f6da p\u00f5randat, k\u00f6ites igas vanuses lemmiku t\u00e4helepanu. M\u00e4ngure\u017eiime saad muuta \u00fche nupuvajutusega, kohandades aktiivsust vastavalt kassi soovile ja tujuule.<\/p>\n<p><img decoding=\"async\" src=\"https:\/\/blankpage.ee\/_ruumist-ruumi\/wp-content\/uploads\/2025\/04\/6-365.webp\" alt=\"interaktiivse kassipalli erinevad LED m\u00e4ngure\u017eiimid\"\/><\/p>\n<h3>Kolm m\u00e4ngure\u017eiimi erinevatele iseloomudele<\/h3>\n<p>Valikus on kolm re\u017eiimi: Passiivne (pall h\u00fcppab paigal 1\u20135 cm k\u00f5rgusele), \u00d5rn (veereb aeglaselt p\u00f5randal), ning Aktiivne (kombineerib liikumise ja h\u00fcpped). Need m\u00e4ngustiilid aitavad kassi f\u00fc\u00fcsilist ja vaimset v\u00f5imekust arendada ning muudavad iga p\u00e4ev p\u00f5nevamaks. Interaktiivne kassipall pakub l\u00f5busat ja ergutavat ajaviidet.<\/p>\n<p><img decoding=\"async\" src=\"https:\/\/blankpage.ee\/_ruumist-ruumi\/wp-content\/uploads\/2025\/04\/3-493.webp\" alt=\"roheline kassim\u00e4nguasi p\u00f5randal h\u00fcppamas ja veeremas\"\/><\/p>\n<h3>Tark takistuste v\u00e4ltimise s\u00fcsteem<\/h3>\n<p>Pall tuvastab automaatselt takistused ning muudab iseseisvalt liikumissuunda, v\u00e4ltides seina v\u00f5i m\u00f6\u00f6bliesemega kokkup\u00f5rget. See v\u00f5imaldab sinu kassil turvaliselt m\u00e4ngida ka siis, kui ise parasjagu silma peal ei hoia.<\/p>\n<p><img decoding=\"async\" src=\"https:\/\/blankpage.ee\/_ruumist-ruumi\/wp-content\/uploads\/2025\/04\/2-504.webp\" alt=\"automaatse takistuste tuvastusega kassipall m\u00e4ngimas\"\/><\/p>\n<h3>Kuni 4 tundi p\u00f5nevat m\u00e4nguaega<\/h3>\n<p>180 mAh aku v\u00f5imaldab m\u00e4nguaega kuni 4 tundi ning ooteolekus p\u00fcsib kassim\u00e4nguasi aktiivsena kuni 24 tundi. Pall laeb kiiresti USB kaudu vaid \u00fche tunniga ning LED-indikaator annab m\u00e4rku aku laetuse olekust. Interaktiivne kassipall on alati valmis uueks m\u00e4nguks.<\/p>\n<p><img decoding=\"async\" src=\"https:\/\/blankpage.ee\/_ruumist-ruumi\/wp-content\/uploads\/2025\/04\/5-411.webp\" alt=\"LED laetuse indikaator interaktiivsel kassipallil\"\/><\/p>\n<h3>Kvaliteetne ja turvaline kassim\u00e4nguasi<\/h3>\n<p>P\u00e4rast m\u00e4ngu l\u00fclitub pall energias\u00e4\u00e4sture\u017eiimi, et aku kestaks veelgi kauem ja seade oleks alati valmis. Vastupidav silikoonist kest talub ka krapsakamate kasside m\u00e4ngu ning on ohutu ja lihtsalt puhastatav \u2013 h\u00fcgieen tagatud iga kord.<\/p>\n<p><img decoding=\"async\" src=\"https:\/\/blankpage.ee\/_ruumist-ruumi\/wp-content\/uploads\/2025\/04\/1-514.webp\" alt=\"vastupidav silikoonist roheline kassim\u00e4nguasi\"\/><\/p>\n<div class=\"table-wrapper\">\n<table>\n<tbody>\n<tr>\n<th>Tootja<\/th>\n<td>Rojeco<\/td>\n<\/tr>\n<tr>\n<th>Mudel<\/th>\n<td>RWJ-12<\/td>\n<\/tr>\n<tr>\n<th>H\u00fcppek\u00f5rgus<\/th>\n<td>1\u20135 cm<\/td>\n<\/tr>\n<tr>\n<th>Maksimaalne p\u00f6\u00f6rlemiskiirus<\/th>\n<td>16 000 p\/min<\/td>\n<\/tr>\n<tr>\n<th>Akumaht<\/th>\n<td>180 mAh<\/td>\n<\/tr>\n<tr>\n<th>Laadimisaeg<\/th>\n<td>1 tund<\/td>\n<\/tr>\n<tr>\n<th>M\u00e4nguaeg<\/th>\n<td>2\u20134 tundi<\/td>\n<\/tr>\n<tr>\n<th>Ooteolek<\/th>\n<td>24 tundi<\/td>\n<\/tr>\n<tr>\n<th>Materjal<\/th>\n<td>Silikoon\/PC<\/td>\n<\/tr>\n<tr>\n<th>Diameeter<\/th>\n<td>42 mm<\/td>\n<\/tr>\n<tr>\n<th>Kaal<\/th>\n<td>40 g<\/td>\n<\/tr>\n<tr>\n<th>V\u00e4rv<\/th>\n<td>Roheline<\/td>\n<\/tr>\n<\/tbody>\n<\/table>\n<\/div>\n","protected":false},"excerpt":{"rendered":"<p>Interaktiivne kassipall Rojeco RWJ-12, LED, 3 m\u00e4ngure\u017eiimi, roheline Interaktiivne kassipall hoiab sinu kassi aktiivsena ja pakub mitmekesist, arendavat m\u00e4nguaega. See nutikas m\u00e4nguasi sobib igat t\u00fc\u00fcpi kassidele ning pakub kolme erinevat m\u00e4ngure\u017eiimi, et pakkuda vaheldust ja ergutada loomuomast jahiinstinkti. Pall p\u00f6\u00f6rleb 360\u00b0, saavutab kiiruse kuni 16 000 p\/min, tuvastab takistusi ning v\u00e4rvilised LED-tuled \u00e4ratavad kassis huvi. [&hellip;]<\/p>\n","protected":false},"featured_media":174112,"comment_status":"open","ping_status":"open","template":"","meta":[],"product_brand":[3113],"product_cat":[3102],"product_tag":[],"class_list":{"0":"post-174105","1":"product","2":"type-product","3":"status-publish","4":"has-post-thumbnail","6":"product_brand-rojeco","7":"product_cat-manguasjad","8":"product_shipping_class-innpro","10":"first","11":"instock","12":"sale","13":"taxable","14":"shipping-taxable","15":"purchasable","16":"product-type-simple"},"_links":{"self":[{"href":"https:\/\/blankpage.ee\/_ruumist-ruumi\/wp-json\/wp\/v2\/product\/174105","targetHints":{"allow":["GET"]}}],"collection":[{"href":"https:\/\/blankpage.ee\/_ruumist-ruumi\/wp-json\/wp\/v2\/product"}],"about":[{"href":"https:\/\/blankpage.ee\/_ruumist-ruumi\/wp-json\/wp\/v2\/types\/product"}],"replies":[{"embeddable":true,"href":"https:\/\/blankpage.ee\/_ruumist-ruumi\/wp-json\/wp\/v2\/comments?post=174105"}],"wp:featuredmedia":[{"embeddable":true,"href":"https:\/\/blankpage.ee\/_ruumist-ruumi\/wp-json\/wp\/v2\/media\/174112"}],"wp:attachment":[{"href":"https:\/\/blankpage.ee\/_ruumist-ruumi\/wp-json\/wp\/v2\/media?parent=174105"}],"wp:term":[{"taxonomy":"product_brand","embeddable":true,"href":"https:\/\/blankpage.ee\/_ruumist-ruumi\/wp-json\/wp\/v2\/product_brand?post=174105"},{"taxonomy":"product_cat","embeddable":true,"href":"https:\/\/blankpage.ee\/_ruumist-ruumi\/wp-json\/wp\/v2\/product_cat?post=174105"},{"taxonomy":"product_tag","embeddable":true,"href":"https:\/\/blankpage.ee\/_ruumist-ruumi\/wp-json\/wp\/v2\/product_tag?post=174105"}],"curies":[{"name":"wp","href":"https:\/\/api.w.org\/{rel}","templated":true}]}}