{"id":174221,"date":"2025-04-19T12:15:43","date_gmt":"2025-04-19T12:15:43","guid":{"rendered":"https:\/\/ruumistruumi.ee\/pood\/kiirelt-paakuv-bentoniit-kassiliiv-catlink-mars-2-0-45-kg\/"},"modified":"2025-08-18T20:09:46","modified_gmt":"2025-08-18T20:09:46","slug":"kiirelt-paakuv-bentoniit-kassiliiv-catlink-mars-2-0-45-kg","status":"publish","type":"product","link":"https:\/\/blankpage.ee\/_ruumist-ruumi\/pood\/kiirelt-paakuv-bentoniit-kassiliiv-catlink-mars-2-0-45-kg\/","title":{"rendered":"Kiirelt paakuv bentoniit kassiliiv Catlink Mars 2.0 (4,5 kg)"},"content":{"rendered":"<h3>Bentoniit kassiliiv Catlink Mars 2.0 lemmikloomadele<\/h3>\n<p>Bentoniit kassiliiv Catlink Mars 2.0 on suurep\u00e4rane valik igas vanuses kassidele, pakkudes kiiret paakuvust ja lihtsat hooldust. T\u00e4nu paakuvatele omadustele kogub kassiliiv j\u00e4\u00e4tmed kiiresti ja t\u00f5husalt, aidates hoida liivakasti kauem puhta ning l\u00f5hnavabana. Kassiliiv on h\u00fcpoallergeenne ja ohutu sinu lemmiku tervisele.<\/p>\n<p>Bentoniit kassiliiv neutraliseerib ebameeldivad l\u00f5hnad ning tagab suure veeimavusega liivakastis alati kuivuse. See sobib ideaalselt Catlinki automaatsete liivakastide jaoks, l\u00e4bides s\u00f5elv\u00f5re t\u00f5rgeteta ega ummista seadme t\u00f6\u00f6d. Kassiliiva lisamine ja vahetamine on lihtne ning ei tekita tolmu ega segadust.<\/p>\n<p>Liivakasti vahetust saab teostada nii k\u00e4sitsi nupu abil kui ka mugavalt Catlinki mobiilirakenduse kaudu, mis teeb selle bentoniit kassiliiva praktiliseks ja t\u00e4iesti kaasaegseks lahenduseks iga kassiomaniku jaoks.<\/p>\n<p><img decoding=\"async\" src=\"https:\/\/blankpage.ee\/_ruumist-ruumi\/wp-content\/uploads\/2025\/04\/1-524.webp\" border=\"0\" alt=\"Catlink Mars 2.0 bentoniit kassiliiv 4,5 kg pakend\" \/><\/p>\n<div class=\"table-wrapper\">\n<table>\n<tbody>\n<tr>\n<th>Tootja<\/th>\n<td>Catlink<\/td>\n<\/tr>\n<tr>\n<th>Mudel<\/th>\n<td>Mars 2.0<\/td>\n<\/tr>\n<tr>\n<th>Sobivus<\/th>\n<td>Sobib k\u00f5ikidele kassidele<\/td>\n<\/tr>\n<tr>\n<th>Kaal<\/th>\n<td>4,5 kg<\/td>\n<\/tr>\n<\/tbody>\n<\/table>\n<\/div>\n","protected":false},"excerpt":{"rendered":"<p>Bentoniit kassiliiv Catlink Mars 2.0 lemmikloomadele Bentoniit kassiliiv Catlink Mars 2.0 on suurep\u00e4rane valik igas vanuses kassidele, pakkudes kiiret paakuvust ja lihtsat hooldust. T\u00e4nu paakuvatele omadustele kogub kassiliiv j\u00e4\u00e4tmed kiiresti ja t\u00f5husalt, aidates hoida liivakasti kauem puhta ning l\u00f5hnavabana. Kassiliiv on h\u00fcpoallergeenne ja ohutu sinu lemmiku tervisele. Bentoniit kassiliiv neutraliseerib ebameeldivad l\u00f5hnad ning tagab suure [&hellip;]<\/p>\n","protected":false},"featured_media":174223,"comment_status":"open","ping_status":"open","template":"","meta":[],"product_brand":[3107],"product_cat":[3106],"product_tag":[],"class_list":{"0":"post-174221","1":"product","2":"type-product","3":"status-publish","4":"has-post-thumbnail","6":"product_brand-catlink","7":"product_cat-liivakastitarvikud","8":"product_shipping_class-innpro","10":"first","11":"outofstock","12":"sale","13":"taxable","14":"shipping-taxable","15":"purchasable","16":"product-type-simple"},"_links":{"self":[{"href":"https:\/\/blankpage.ee\/_ruumist-ruumi\/wp-json\/wp\/v2\/product\/174221","targetHints":{"allow":["GET"]}}],"collection":[{"href":"https:\/\/blankpage.ee\/_ruumist-ruumi\/wp-json\/wp\/v2\/product"}],"about":[{"href":"https:\/\/blankpage.ee\/_ruumist-ruumi\/wp-json\/wp\/v2\/types\/product"}],"replies":[{"embeddable":true,"href":"https:\/\/blankpage.ee\/_ruumist-ruumi\/wp-json\/wp\/v2\/comments?post=174221"}],"wp:featuredmedia":[{"embeddable":true,"href":"https:\/\/blankpage.ee\/_ruumist-ruumi\/wp-json\/wp\/v2\/media\/174223"}],"wp:attachment":[{"href":"https:\/\/blankpage.ee\/_ruumist-ruumi\/wp-json\/wp\/v2\/media?parent=174221"}],"wp:term":[{"taxonomy":"product_brand","embeddable":true,"href":"https:\/\/blankpage.ee\/_ruumist-ruumi\/wp-json\/wp\/v2\/product_brand?post=174221"},{"taxonomy":"product_cat","embeddable":true,"href":"https:\/\/blankpage.ee\/_ruumist-ruumi\/wp-json\/wp\/v2\/product_cat?post=174221"},{"taxonomy":"product_tag","embeddable":true,"href":"https:\/\/blankpage.ee\/_ruumist-ruumi\/wp-json\/wp\/v2\/product_tag?post=174221"}],"curies":[{"name":"wp","href":"https:\/\/api.w.org\/{rel}","templated":true}]}}