{"id":174236,"date":"2025-04-19T12:15:43","date_gmt":"2025-04-19T12:15:43","guid":{"rendered":"https:\/\/ruumistruumi.ee\/pood\/segatud-kassiliiv-petkit-7l-2-mm-graanulid-lohnatu\/"},"modified":"2025-08-21T08:18:48","modified_gmt":"2025-08-21T08:18:48","slug":"segatud-kassiliiv-petkit-7l-2-mm-graanulid-lohnatu","status":"publish","type":"product","link":"https:\/\/blankpage.ee\/_ruumist-ruumi\/pood\/segatud-kassiliiv-petkit-7l-2-mm-graanulid-lohnatu\/","title":{"rendered":"Segatud kassiliiv Petkit 7L (2 mm graanulid, l\u00f5hnatu)"},"content":{"rendered":"<h3>Segatud kassiliiv Petkit 7L \u2013 l\u00f5hnatu ja t\u00f5hus lahendus<\/h3>\n<p>Petkit segatud kassiliiv pakub t\u00f5husat ja mugavat v\u00f5imalust kassiliivakasti igap\u00e4evaseks hoolduseks. 2 mm l\u00e4bim\u00f5\u00f5duga graanulid imavad vedeliku kiiresti ning moodustavad tugevaid klompe, mis lihtsustavad liivakasti puhastamist ja hoiavad kassi tualetiala v\u00e4rske ja puhtana.<\/p>\n<p>Kassiliiva koostises on kasutatud looduslikke tooraineid. Aktiivs\u00fcsi ning deodoriseerivad osakesed neutraliseerivad ebameeldivaid l\u00f5hnu loomulikul viisil. Tegemist on l\u00f5hnatu segatud kassiliivaga \u2013 puuduvad kunstlikud lisandid. Peen struktuur tekitab v\u00e4hem tolmu ja v\u00e4hendab laialipudenemist, aidates hoida kodu puhta ja allergias\u00f5bralikuna.<\/p>\n<p>Petkit kassiliiv sobib eriti h\u00e4sti kodudesse, kus soovitakse v\u00f5imalust kassiliiva utiliseerida otse WC-potti (soovitav v\u00e4ikeste koguste kaupa). \u00dches pakendis on 7 liitrit segatud kassiliiva, mis sobib erinevate suurustega liivakastidele.<\/p>\n<p><img decoding=\"async\" alt=\"Segatud kassiliiv Petkit 7L \u2013 kassi k\u00e4pp liival ja pakend esiplaanil\" border=\"0\" src=\"https:\/\/blankpage.ee\/_ruumist-ruumi\/wp-content\/uploads\/2025\/04\/2-514.webp\"\/><\/p>\n<table>\n<tr>\n<th>Tootja<\/th>\n<td>Petkit<\/td>\n<\/tr>\n<tr>\n<th>Tootenimi<\/th>\n<td>Segatud kassiliiv<\/td>\n<\/tr>\n<tr>\n<th>Graanuli l\u00e4bim\u00f5\u00f5t<\/th>\n<td>2 mm<\/td>\n<\/tr>\n<tr>\n<th>Pakendi suurus<\/th>\n<td>7 l<\/td>\n<\/tr>\n<\/table>\n","protected":false},"excerpt":{"rendered":"<p>Segatud kassiliiv Petkit 7L \u2013 l\u00f5hnatu ja t\u00f5hus lahendus Petkit segatud kassiliiv pakub t\u00f5husat ja mugavat v\u00f5imalust kassiliivakasti igap\u00e4evaseks hoolduseks. 2 mm l\u00e4bim\u00f5\u00f5duga graanulid imavad vedeliku kiiresti ning moodustavad tugevaid klompe, mis lihtsustavad liivakasti puhastamist ja hoiavad kassi tualetiala v\u00e4rske ja puhtana. Kassiliiva koostises on kasutatud looduslikke tooraineid. Aktiivs\u00fcsi ning deodoriseerivad osakesed neutraliseerivad ebameeldivaid l\u00f5hnu [&hellip;]<\/p>\n","protected":false},"featured_media":174238,"comment_status":"open","ping_status":"open","template":"","meta":[],"product_brand":[3103],"product_cat":[3106],"product_tag":[],"class_list":{"0":"post-174236","1":"product","2":"type-product","3":"status-publish","4":"has-post-thumbnail","6":"product_brand-petkit","7":"product_cat-liivakastitarvikud","8":"product_shipping_class-innpro","10":"first","11":"instock","12":"taxable","13":"shipping-taxable","14":"purchasable","15":"product-type-simple"},"_links":{"self":[{"href":"https:\/\/blankpage.ee\/_ruumist-ruumi\/wp-json\/wp\/v2\/product\/174236","targetHints":{"allow":["GET"]}}],"collection":[{"href":"https:\/\/blankpage.ee\/_ruumist-ruumi\/wp-json\/wp\/v2\/product"}],"about":[{"href":"https:\/\/blankpage.ee\/_ruumist-ruumi\/wp-json\/wp\/v2\/types\/product"}],"replies":[{"embeddable":true,"href":"https:\/\/blankpage.ee\/_ruumist-ruumi\/wp-json\/wp\/v2\/comments?post=174236"}],"wp:featuredmedia":[{"embeddable":true,"href":"https:\/\/blankpage.ee\/_ruumist-ruumi\/wp-json\/wp\/v2\/media\/174238"}],"wp:attachment":[{"href":"https:\/\/blankpage.ee\/_ruumist-ruumi\/wp-json\/wp\/v2\/media?parent=174236"}],"wp:term":[{"taxonomy":"product_brand","embeddable":true,"href":"https:\/\/blankpage.ee\/_ruumist-ruumi\/wp-json\/wp\/v2\/product_brand?post=174236"},{"taxonomy":"product_cat","embeddable":true,"href":"https:\/\/blankpage.ee\/_ruumist-ruumi\/wp-json\/wp\/v2\/product_cat?post=174236"},{"taxonomy":"product_tag","embeddable":true,"href":"https:\/\/blankpage.ee\/_ruumist-ruumi\/wp-json\/wp\/v2\/product_tag?post=174236"}],"curies":[{"name":"wp","href":"https:\/\/api.w.org\/{rel}","templated":true}]}}