{"id":174321,"date":"2025-04-19T17:01:19","date_gmt":"2025-04-19T17:01:19","guid":{"rendered":"https:\/\/ruumistruumi.ee\/pood\/pestavad-filtrid-homerunpet-hc15-f02-lemmiklooma-hoolduskomplektile-2-tk\/"},"modified":"2025-08-21T08:18:35","modified_gmt":"2025-08-21T08:18:35","slug":"pestavad-filtrid-homerunpet-hc15-f02-lemmiklooma-hoolduskomplektile-2-tk","status":"publish","type":"product","link":"https:\/\/blankpage.ee\/_ruumist-ruumi\/pood\/pestavad-filtrid-homerunpet-hc15-f02-lemmiklooma-hoolduskomplektile-2-tk\/","title":{"rendered":"Pestavad filtrid Homerunpet HC15.F02 lemmiklooma hoolduskomplektile (2 tk)"},"content":{"rendered":"<h3>Lemmiklooma hooldusfilter Homerunpet hoolduskomplektile<\/h3>\n<p>Lemmiklooma hooldusfilter on oluline osa Homerunpet hoolduskomplektist, aidates hoida seadet t\u00f6\u00f6korras ning tagades efektiivse tulemuse. Filter p\u00fc\u00fcab kinni karvaosakesed, tolmu ja muu mustuse, v\u00e4hendades seadme mootori kulumist ja pikendades selle eluiga. T\u00e4nu kvaliteetsele materjalile pakub lemmiklooma hooldusfilter usaldusv\u00e4\u00e4rset kaitset, kindlustades \u00fchtlase t\u00f6\u00f6 ja paremad hooldustulemused sinu lemmiku heaoluks.<\/p>\n<p>Filtrite vahetamine ja paigaldamine on lihtne ning kiire, v\u00f5imaldades hoida seadme hoolduse mugava ja t\u00f5husana. Komplekti kuulub kaks pestavat filtrit, mis sobivad Homerunpet tolmuimejale mudeliga HC15.<\/p>\n<p><img decoding=\"async\" src=\"https:\/\/blankpage.ee\/_ruumist-ruumi\/wp-content\/uploads\/2025\/04\/2-523.webp\" alt=\"Kaks pestavat hooldusfiltrit Homerunpet HC15 tolmuimejale, hallide \u00e4\u00e4rtega\" \/><\/p>\n<div class=\"table-wrapper\">\n<table>\n<tbody>\n<tr>\n<th>Br\u00e4nd<\/th>\n<td>Homerunpet<\/td>\n<\/tr>\n<tr>\n<th>Mudel<\/th>\n<td>HC15.F02<\/td>\n<\/tr>\n<tr>\n<th>\u00dchilduvus<\/th>\n<td>Tolmuimeja HC15<\/td>\n<\/tr>\n<tr>\n<th>T\u00fckkide arv<\/th>\n<td>2<\/td>\n<\/tr>\n<\/tbody>\n<\/table>\n<\/div>\n","protected":false},"excerpt":{"rendered":"<p>Lemmiklooma hooldusfilter Homerunpet hoolduskomplektile Lemmiklooma hooldusfilter on oluline osa Homerunpet hoolduskomplektist, aidates hoida seadet t\u00f6\u00f6korras ning tagades efektiivse tulemuse. Filter p\u00fc\u00fcab kinni karvaosakesed, tolmu ja muu mustuse, v\u00e4hendades seadme mootori kulumist ja pikendades selle eluiga. T\u00e4nu kvaliteetsele materjalile pakub lemmiklooma hooldusfilter usaldusv\u00e4\u00e4rset kaitset, kindlustades \u00fchtlase t\u00f6\u00f6 ja paremad hooldustulemused sinu lemmiku heaoluks. Filtrite vahetamine ja [&hellip;]<\/p>\n","protected":false},"featured_media":174323,"comment_status":"open","ping_status":"closed","template":"","meta":[],"product_brand":[3105],"product_cat":[870],"product_tag":[],"class_list":{"0":"post-174321","1":"product","2":"type-product","3":"status-publish","4":"has-post-thumbnail","6":"product_brand-homerunpet","7":"product_cat-lemmiklooma-karvahooldus-ja-grooming","8":"product_shipping_class-innpro","10":"first","11":"instock","12":"sale","13":"taxable","14":"shipping-taxable","15":"purchasable","16":"product-type-simple"},"_links":{"self":[{"href":"https:\/\/blankpage.ee\/_ruumist-ruumi\/wp-json\/wp\/v2\/product\/174321","targetHints":{"allow":["GET"]}}],"collection":[{"href":"https:\/\/blankpage.ee\/_ruumist-ruumi\/wp-json\/wp\/v2\/product"}],"about":[{"href":"https:\/\/blankpage.ee\/_ruumist-ruumi\/wp-json\/wp\/v2\/types\/product"}],"replies":[{"embeddable":true,"href":"https:\/\/blankpage.ee\/_ruumist-ruumi\/wp-json\/wp\/v2\/comments?post=174321"}],"wp:featuredmedia":[{"embeddable":true,"href":"https:\/\/blankpage.ee\/_ruumist-ruumi\/wp-json\/wp\/v2\/media\/174323"}],"wp:attachment":[{"href":"https:\/\/blankpage.ee\/_ruumist-ruumi\/wp-json\/wp\/v2\/media?parent=174321"}],"wp:term":[{"taxonomy":"product_brand","embeddable":true,"href":"https:\/\/blankpage.ee\/_ruumist-ruumi\/wp-json\/wp\/v2\/product_brand?post=174321"},{"taxonomy":"product_cat","embeddable":true,"href":"https:\/\/blankpage.ee\/_ruumist-ruumi\/wp-json\/wp\/v2\/product_cat?post=174321"},{"taxonomy":"product_tag","embeddable":true,"href":"https:\/\/blankpage.ee\/_ruumist-ruumi\/wp-json\/wp\/v2\/product_tag?post=174321"}],"curies":[{"name":"wp","href":"https:\/\/api.w.org\/{rel}","templated":true}]}}