{"id":174326,"date":"2025-04-19T17:01:19","date_gmt":"2025-04-19T17:01:19","guid":{"rendered":"https:\/\/ruumistruumi.ee\/pood\/lemmiklooma-filtripadjad-homerunpet-hc15-f06-hoolduskomplektile-6-tk\/"},"modified":"2025-08-21T08:18:35","modified_gmt":"2025-08-21T08:18:35","slug":"lemmiklooma-filtripadjad-homerunpet-hc15-f06-hoolduskomplektile-6-tk","status":"publish","type":"product","link":"https:\/\/blankpage.ee\/_ruumist-ruumi\/pood\/lemmiklooma-filtripadjad-homerunpet-hc15-f06-hoolduskomplektile-6-tk\/","title":{"rendered":"Lemmiklooma filtripadjad Homerunpet HC15.F06 hoolduskomplektile, 6 tk"},"content":{"rendered":"<h3>Lemmiklooma filtripadjad Homerunpet HC15.F06 hoolduskomplektile (6 tk)<\/h3>\n<p>Lemmiklooma filtripadjad Homerunpet HC15.F06 on m\u00f5eldud kasutamiseks Homerunpet HC15 hoolduskomplektis, aidates hoida seadme t\u00f6\u00f6d t\u00f5husa ja puhtana. Pakis on kuus filtripatja, mis p\u00fc\u00fcavad kinni karvad, tolmu ja muud v\u00e4iksed osakesed, kaitstes seadme mootorit ning pikendades selle eluiga.<\/p>\n<p>Regulaarne filtripatjade vahetamine aitab saavutada parima hooldustulemuse ning tagab sinu lemmiku karvkatte heaolu. Lemmiklooma filtripadjad on mugavad ja lihtsasti vahetatavad, muutes igap\u00e4evase seadme hoolduse kiireks ja lihtsaks.<\/p>\n<p><img decoding=\"async\" src=\"https:\/\/blankpage.ee\/_ruumist-ruumi\/wp-content\/uploads\/2025\/04\/1-530.webp\" alt=\"Lemmiklooma filtripadjad Homerunpet HC15.F06 hoolduskomplektile, 6 tk\" border=\"0\" \/><\/p>\n<div class=\"table-wrapper\">\n<table>\n<tbody>\n<tr>\n<th>Tootja<\/th>\n<td>Homerunpet<\/td>\n<\/tr>\n<tr>\n<th>Mudel<\/th>\n<td>HC15.F06<\/td>\n<\/tr>\n<tr>\n<th>\u00dchilduvus<\/th>\n<td>HC15 hoolduskomplekt<\/td>\n<\/tr>\n<tr>\n<th>Kogus<\/th>\n<td>6 tk<\/td>\n<\/tr>\n<\/tbody>\n<\/table>\n<\/div>\n<h3>Lemmiklooma filtripadjad Homerunpet HC15 hoolduskomplektile \u2013 t\u00f5hus ja pikaajaline hooldus lahendus<\/h3>\n","protected":false},"excerpt":{"rendered":"<p>Lemmiklooma filtripadjad Homerunpet HC15.F06 hoolduskomplektile (6 tk) Lemmiklooma filtripadjad Homerunpet HC15.F06 on m\u00f5eldud kasutamiseks Homerunpet HC15 hoolduskomplektis, aidates hoida seadme t\u00f6\u00f6d t\u00f5husa ja puhtana. Pakis on kuus filtripatja, mis p\u00fc\u00fcavad kinni karvad, tolmu ja muud v\u00e4iksed osakesed, kaitstes seadme mootorit ning pikendades selle eluiga. Regulaarne filtripatjade vahetamine aitab saavutada parima hooldustulemuse ning tagab sinu lemmiku [&hellip;]<\/p>\n","protected":false},"featured_media":174328,"comment_status":"open","ping_status":"closed","template":"","meta":[],"product_brand":[3105],"product_cat":[870],"product_tag":[],"class_list":{"0":"post-174326","1":"product","2":"type-product","3":"status-publish","4":"has-post-thumbnail","6":"product_brand-homerunpet","7":"product_cat-lemmiklooma-karvahooldus-ja-grooming","8":"product_shipping_class-innpro","10":"first","11":"instock","12":"sale","13":"taxable","14":"shipping-taxable","15":"purchasable","16":"product-type-simple"},"_links":{"self":[{"href":"https:\/\/blankpage.ee\/_ruumist-ruumi\/wp-json\/wp\/v2\/product\/174326","targetHints":{"allow":["GET"]}}],"collection":[{"href":"https:\/\/blankpage.ee\/_ruumist-ruumi\/wp-json\/wp\/v2\/product"}],"about":[{"href":"https:\/\/blankpage.ee\/_ruumist-ruumi\/wp-json\/wp\/v2\/types\/product"}],"replies":[{"embeddable":true,"href":"https:\/\/blankpage.ee\/_ruumist-ruumi\/wp-json\/wp\/v2\/comments?post=174326"}],"wp:featuredmedia":[{"embeddable":true,"href":"https:\/\/blankpage.ee\/_ruumist-ruumi\/wp-json\/wp\/v2\/media\/174328"}],"wp:attachment":[{"href":"https:\/\/blankpage.ee\/_ruumist-ruumi\/wp-json\/wp\/v2\/media?parent=174326"}],"wp:term":[{"taxonomy":"product_brand","embeddable":true,"href":"https:\/\/blankpage.ee\/_ruumist-ruumi\/wp-json\/wp\/v2\/product_brand?post=174326"},{"taxonomy":"product_cat","embeddable":true,"href":"https:\/\/blankpage.ee\/_ruumist-ruumi\/wp-json\/wp\/v2\/product_cat?post=174326"},{"taxonomy":"product_tag","embeddable":true,"href":"https:\/\/blankpage.ee\/_ruumist-ruumi\/wp-json\/wp\/v2\/product_tag?post=174326"}],"curies":[{"name":"wp","href":"https:\/\/api.w.org\/{rel}","templated":true}]}}