{"id":174930,"date":"2025-04-19T20:24:29","date_gmt":"2025-04-19T20:24:29","guid":{"rendered":"https:\/\/ruumistruumi.ee\/pood\/koera-treeningrongas-puller-micro-vaikestele-koertele-125-cm-2-tk-lilla\/"},"modified":"2025-04-22T09:00:47","modified_gmt":"2025-04-22T09:00:47","slug":"koera-treeningrongas-puller-micro-vaikestele-koertele-125-cm-2-tk-lilla","status":"publish","type":"product","link":"https:\/\/blankpage.ee\/_ruumist-ruumi\/pood\/koera-treeningrongas-puller-micro-vaikestele-koertele-125-cm-2-tk-lilla\/","title":{"rendered":"Koera treeningr\u00f5ngas Puller Micro v\u00e4ikestele koertele 12,5 cm (2 tk, lilla)"},"content":{"rendered":"<h3>Koera treeningr\u00f5ngas Puller Micro 12,5 cm v\u00e4ikestele koertele<\/h3>\n<p><strong>Koera treeningr\u00f5ngas<\/strong> Puller Micro on m\u00f5eldud v\u00e4ikest t\u00f5ugu koertele ja kuni 5 kg kaaluvatele kutsikatele. See mugav treeningvahend tagab teie lemmikule igap\u00e4evase liikumise, tugevdades nii koera f\u00fc\u00fcsilist vormi kui ka suhteid omaniku ja neljajalgse s\u00f5bra vahel. R\u00f5nga l\u00e4bim\u00f5\u00f5t on 12,5 cm ja paksus 1,5 cm. Pakis on kaks r\u00f5ngast, mis v\u00f5imaldavad teha mitmek\u00fclgseid harjutusi ja muudavad treeningu t\u00f5husamaks.<\/p>\n<p>\n<img decoding=\"async\" border=\"0\" src=\"https:\/\/blankpage.ee\/_ruumist-ruumi\/wp-content\/uploads\/2025\/04\/5-467.webp\" alt=\"Koera treeningr\u00f5ngas Puller Micro v\u00e4ikestele koertele, pakendis koos pisikese koeraga\"\/>\n<\/p>\n<h3>Kergesti kasutatav nii t\u00e4iskasvanutele kui lastele<\/h3>\n<p>Kergekaaluline koerte treeningr\u00f5ngas sobib kasutamiseks kogu perele. Lapsed saavad samuti r\u00f5ngast kasutada ja veeta oma lemmikuga aktiivset aega. Materjal ei j\u00e4ta k\u00e4tele ebameeldivat l\u00f5hna ning on ohutu nii koera hammastele kui igemetele, v\u00f5imaldades kasutada r\u00f5ngast ka intensiivsematel treeningutel.<\/p>\n<p>\n<img decoding=\"async\" border=\"0\" src=\"https:\/\/blankpage.ee\/_ruumist-ruumi\/wp-content\/uploads\/2025\/04\/2-597.webp\" alt=\"Lilla treeningr\u00f5ngas v\u00e4ikese koera hammaste vahel\"\/>\n<\/p>\n<h3>Igap\u00e4evase distsipliini ja aktiivsuse toetaja<\/h3>\n<p>Regulaarne treenimine Puller Micro treeningr\u00f5ngastega aitab v\u00e4hendada liigset energilisust, kaitsta kodust vara ning parandada koera kuulekust. Samuti aitab aktiivne m\u00e4ng ennetada luu- ja lihaskonna haigusi ning rasvumist. Kolm 20-minutilist harjutust Puller Micro r\u00f5ngastega vastavad ligikaudu 5 km jooksule v\u00f5i 2-tunnisele treeningule professionaalse koerainstruktoriga. Treeningr\u00f5ngas sobib kasutamiseks ka vees.<\/p>\n<p>\n<img decoding=\"async\" border=\"0\" src=\"https:\/\/blankpage.ee\/_ruumist-ruumi\/wp-content\/uploads\/2025\/04\/1-608.webp\" alt=\"Kaks lillat koera treeningr\u00f5ngast Puller Micro valgel taustal\"\/>\n<\/p>\n<h3>Komplektis:<\/h3>\n<ul>\n<li>Koera treeningr\u00f5ngas Puller Micro x2<\/li>\n<\/ul>\n<div class=\"table-wrapper\">\n<table>\n<tbody>\n<tr>\n<th>Tootja<\/th>\n<td>Puller<\/td>\n<\/tr>\n<tr>\n<th>Tootekood<\/th>\n<td>6491pl<\/td>\n<\/tr>\n<tr>\n<th>Sobib t\u00f5ugudele<\/th>\n<td>toy terjer, chihuahua, griffon, spits, k\u00fc\u00fclikutaks, yorkshire terjer ning kuni 5 kg kutsikatele<\/td>\n<\/tr>\n<tr>\n<th>L\u00e4bim\u00f5\u00f5t<\/th>\n<td>12,5 cm<\/td>\n<\/tr>\n<tr>\n<th>Paksus<\/th>\n<td>1,5 cm<\/td>\n<\/tr>\n<tr>\n<th>V\u00e4rv<\/th>\n<td>lilla<\/td>\n<\/tr>\n<\/tbody>\n<\/table>\n<\/div>\n","protected":false},"excerpt":{"rendered":"<p>Koera treeningr\u00f5ngas Puller Micro 12,5 cm v\u00e4ikestele koertele Koera treeningr\u00f5ngas Puller Micro on m\u00f5eldud v\u00e4ikest t\u00f5ugu koertele ja kuni 5 kg kaaluvatele kutsikatele. See mugav treeningvahend tagab teie lemmikule igap\u00e4evase liikumise, tugevdades nii koera f\u00fc\u00fcsilist vormi kui ka suhteid omaniku ja neljajalgse s\u00f5bra vahel. R\u00f5nga l\u00e4bim\u00f5\u00f5t on 12,5 cm ja paksus 1,5 cm. Pakis on [&hellip;]<\/p>\n","protected":false},"featured_media":174934,"comment_status":"open","ping_status":"open","template":"","meta":[],"product_brand":[3118],"product_cat":[3102],"product_tag":[],"class_list":{"0":"post-174930","1":"product","2":"type-product","3":"status-publish","4":"has-post-thumbnail","6":"product_brand-puller","7":"product_cat-manguasjad","8":"product_shipping_class-innpro","10":"first","11":"outofstock","12":"taxable","13":"shipping-taxable","14":"purchasable","15":"product-type-simple"},"_links":{"self":[{"href":"https:\/\/blankpage.ee\/_ruumist-ruumi\/wp-json\/wp\/v2\/product\/174930","targetHints":{"allow":["GET"]}}],"collection":[{"href":"https:\/\/blankpage.ee\/_ruumist-ruumi\/wp-json\/wp\/v2\/product"}],"about":[{"href":"https:\/\/blankpage.ee\/_ruumist-ruumi\/wp-json\/wp\/v2\/types\/product"}],"replies":[{"embeddable":true,"href":"https:\/\/blankpage.ee\/_ruumist-ruumi\/wp-json\/wp\/v2\/comments?post=174930"}],"wp:featuredmedia":[{"embeddable":true,"href":"https:\/\/blankpage.ee\/_ruumist-ruumi\/wp-json\/wp\/v2\/media\/174934"}],"wp:attachment":[{"href":"https:\/\/blankpage.ee\/_ruumist-ruumi\/wp-json\/wp\/v2\/media?parent=174930"}],"wp:term":[{"taxonomy":"product_brand","embeddable":true,"href":"https:\/\/blankpage.ee\/_ruumist-ruumi\/wp-json\/wp\/v2\/product_brand?post=174930"},{"taxonomy":"product_cat","embeddable":true,"href":"https:\/\/blankpage.ee\/_ruumist-ruumi\/wp-json\/wp\/v2\/product_cat?post=174930"},{"taxonomy":"product_tag","embeddable":true,"href":"https:\/\/blankpage.ee\/_ruumist-ruumi\/wp-json\/wp\/v2\/product_tag?post=174930"}],"curies":[{"name":"wp","href":"https:\/\/api.w.org\/{rel}","templated":true}]}}