{"id":175000,"date":"2025-04-19T20:37:57","date_gmt":"2025-04-19T20:37:57","guid":{"rendered":"https:\/\/ruumistruumi.ee\/pood\/lemmiklooma-lohnaeemaldaja-petsuper-pc01-laetav-vaikne-too-90-paevane-aku\/"},"modified":"2025-08-21T08:18:28","modified_gmt":"2025-08-21T08:18:28","slug":"lemmiklooma-lohnaeemaldaja-petsuper-pc01-laetav-vaikne-too-90-paevane-aku","status":"publish","type":"product","link":"https:\/\/blankpage.ee\/_ruumist-ruumi\/pood\/lemmiklooma-lohnaeemaldaja-petsuper-pc01-laetav-vaikne-too-90-paevane-aku\/","title":{"rendered":"Lemmiklooma l\u00f5hnaeemaldaja Petsuper PC01 (laetav, vaikne t\u00f6\u00f6, 90-p\u00e4evane aku)"},"content":{"rendered":"<h3>Lemmiklooma l\u00f5hnaeemaldaja Petsuper PC01<\/h3>\n<p>Lemmiklooma l\u00f5hnaeemaldaja Petsuper PC01 aitab hoida kodu\u00f5hu puhtana ja v\u00e4rskena. See praktiline seade on loodud kasside v\u00f5i v\u00e4ikeste koertega peredele. T\u00e4nu uuenduslikule \u00f5hupuhastustehnoloogiale neutraliseerib see efektiivselt ebameeldivad l\u00f5hnad ning parandab igap\u00e4evast sisekliimat. Loomulikul viisil eemaldatavad h\u00e4irivad l\u00f5hnad muudavad kodu meeldivaks k\u00f5igile pereliikmetele.<\/p>\n<p>\n<img decoding=\"async\" src=\"https:\/\/blankpage.ee\/_ruumist-ruumi\/wp-content\/uploads\/2025\/04\/2-602.webp\" alt=\"lemmiklooma l\u00f5hnaeemaldaja Petsuper PC01 valgel taustal\"\/>\n<\/p>\n<h3>V\u00e4ga vaikne t\u00f6\u00f6re\u017eiim<\/h3>\n<p>Petsuper PC01 t\u00f6\u00f6tab eriti vaikselt \u2013 m\u00fcratase j\u00e4\u00e4b alla 30 dB. T\u00f6\u00f6heli on peaaegu m\u00e4rkamatu, mist\u00f5ttu ei sega see ei looma ega omaniku und v\u00f5i puhkeaega.<\/p>\n<p>\n<img decoding=\"async\" src=\"https:\/\/blankpage.ee\/_ruumist-ruumi\/wp-content\/uploads\/2025\/04\/1-618.webp\" alt=\"vaikne lemmiklooma \u00f5huv\u00e4rskendaja\"\/>\n<\/p>\n<h3>Puhas ja turvaline \u00f5hk<\/h3>\n<p>L\u00f5hnaeemaldaja eemaldab t\u00f5husalt ebameeldivad l\u00f5hnad ning aitab puhastada \u00f5hku t\u00e4nu spetsiaalsetele puhastusmolekulidele. Nii saad luua oma lemmikule ja endale puhta ning turvalise elukeskkonna.<\/p>\n<p>\n<img decoding=\"async\" src=\"https:\/\/blankpage.ee\/_ruumist-ruumi\/wp-content\/uploads\/2025\/04\/3-570.webp\" alt=\"lemmiklooma \u00f5hu steriliseerimine kodus\"\/>\n<\/p>\n<h3>Pikaajaline aku<\/h3>\n<p>L\u00f5hnaeemaldajal on kolm sisseehitatud akut, mis kestavad \u00fche laadimisega kuni 90 p\u00e4eva, kui kasutada seadet ligikaudu neli korda p\u00e4evas. V\u00f5id kindel olla, et l\u00f5hnaeemaldaja t\u00f6\u00f6tab pidevalt ja usaldusv\u00e4\u00e4rselt.<\/p>\n<p>\n<img decoding=\"async\" src=\"https:\/\/blankpage.ee\/_ruumist-ruumi\/wp-content\/uploads\/2025\/04\/6-410.webp\" alt=\"laetav lemmiklooma l\u00f5hnaeemaldaja pika t\u00f6\u00f6ajaga\"\/>\n<\/p>\n<h3>Kompaktne ja lihtsasti paigutatav<\/h3>\n<p>Seadme m\u00f5\u00f5dud on 41 \u00d7 31 \u00d7 147 mm ning kaal vaid 0,1 kg, mist\u00f5ttu saab l\u00f5hnaeemaldajat paigaldada igas kodu ruumis \u2013 elutuppa, vannituppa, k\u00f6\u00f6ki, kassiliivakasti v\u00f5i lemmiklooma pesa juurde. Kasutamine on mugav ning LED-tulukesed n\u00e4itavad t\u00f6\u00f6-, aku- ja kasseti seisukorda.<\/p>\n<p>\n<img decoding=\"async\" src=\"https:\/\/blankpage.ee\/_ruumist-ruumi\/wp-content\/uploads\/2025\/04\/5-475.webp\" alt=\"v\u00e4ike l\u00f5hnaeemaldaja igasse kodu nurka\"\/>\n<\/p>\n<h3>Kaks nutikat t\u00f6\u00f6re\u017eiimi<\/h3>\n<p>Lemmiklooma l\u00f5hnaeemaldaja Petsuper PC01 pakub kahte t\u00f6\u00f6re\u017eiimi: ootere\u017eiim m\u00f5\u00f5dab \u00f5hu kvaliteeti iga nelja tunni j\u00e4rel ja teeb vajadusel kiire, 60-sekundilise puhastuse. Aktiivses re\u017eiimis tuvastab seade looma kohaloleku ning alustab kohe l\u00f5hnade neutraliseerimist p\u00e4rast lemmiku lahkumist liivakastist v\u00f5i pesa juurest, et kodu\u00f5hk p\u00fcsiks alati v\u00e4rske.<\/p>\n<p>\n<img decoding=\"async\" src=\"https:\/\/blankpage.ee\/_ruumist-ruumi\/wp-content\/uploads\/2025\/04\/4-542.webp\" alt=\"lemmiklooma l\u00f5hnaeemaldaja kahe t\u00f6\u00f6re\u017eiimiga kodus\"\/>\n<\/p>\n<h3>Komplekti kuulub<\/h3>\n<ul>\n<li>L\u00f5hnaeemaldaja<\/li>\n<li>Kassett<\/li>\n<li>Isekleepuv kinnitus<\/li>\n<\/ul>\n<h3>Tehnilised andmed<\/h3>\n<table>\n<tr>\n<th>Tootja<\/th>\n<td>Petsuper<\/td>\n<\/tr>\n<tr>\n<th>Mudel<\/th>\n<td>PC01<\/td>\n<\/tr>\n<tr>\n<th>Pinge<\/th>\n<td>DC 5 V 120 \u03bcA<\/td>\n<\/tr>\n<tr>\n<th>V\u00f5imsus<\/th>\n<td>0,6 W<\/td>\n<\/tr>\n<tr>\n<th>M\u00f5\u00f5dud<\/th>\n<td>41 \u00d7 31 \u00d7 147 mm<\/td>\n<\/tr>\n<tr>\n<th>Kaal<\/th>\n<td>0,1 kg<\/td>\n<\/tr>\n<tr>\n<th>Sihtotstarve<\/th>\n<td>Kassidele ja v\u00e4ikestele koertele<\/td>\n<\/tr>\n<\/table>\n","protected":false},"excerpt":{"rendered":"<p>Lemmiklooma l\u00f5hnaeemaldaja Petsuper PC01 Lemmiklooma l\u00f5hnaeemaldaja Petsuper PC01 aitab hoida kodu\u00f5hu puhtana ja v\u00e4rskena. See praktiline seade on loodud kasside v\u00f5i v\u00e4ikeste koertega peredele. T\u00e4nu uuenduslikule \u00f5hupuhastustehnoloogiale neutraliseerib see efektiivselt ebameeldivad l\u00f5hnad ning parandab igap\u00e4evast sisekliimat. Loomulikul viisil eemaldatavad h\u00e4irivad l\u00f5hnad muudavad kodu meeldivaks k\u00f5igile pereliikmetele. V\u00e4ga vaikne t\u00f6\u00f6re\u017eiim Petsuper PC01 t\u00f6\u00f6tab eriti vaikselt \u2013 [&hellip;]<\/p>\n","protected":false},"featured_media":175007,"comment_status":"open","ping_status":"open","template":"","meta":[],"product_brand":[3088],"product_cat":[3101],"product_tag":[],"class_list":{"0":"post-175000","1":"product","2":"type-product","3":"status-publish","4":"has-post-thumbnail","6":"product_brand-petsuper","7":"product_cat-lohna-eemaldajad","8":"product_shipping_class-innpro","10":"first","11":"instock","12":"sale","13":"taxable","14":"shipping-taxable","15":"purchasable","16":"product-type-simple"},"_links":{"self":[{"href":"https:\/\/blankpage.ee\/_ruumist-ruumi\/wp-json\/wp\/v2\/product\/175000","targetHints":{"allow":["GET"]}}],"collection":[{"href":"https:\/\/blankpage.ee\/_ruumist-ruumi\/wp-json\/wp\/v2\/product"}],"about":[{"href":"https:\/\/blankpage.ee\/_ruumist-ruumi\/wp-json\/wp\/v2\/types\/product"}],"replies":[{"embeddable":true,"href":"https:\/\/blankpage.ee\/_ruumist-ruumi\/wp-json\/wp\/v2\/comments?post=175000"}],"wp:featuredmedia":[{"embeddable":true,"href":"https:\/\/blankpage.ee\/_ruumist-ruumi\/wp-json\/wp\/v2\/media\/175007"}],"wp:attachment":[{"href":"https:\/\/blankpage.ee\/_ruumist-ruumi\/wp-json\/wp\/v2\/media?parent=175000"}],"wp:term":[{"taxonomy":"product_brand","embeddable":true,"href":"https:\/\/blankpage.ee\/_ruumist-ruumi\/wp-json\/wp\/v2\/product_brand?post=175000"},{"taxonomy":"product_cat","embeddable":true,"href":"https:\/\/blankpage.ee\/_ruumist-ruumi\/wp-json\/wp\/v2\/product_cat?post=175000"},{"taxonomy":"product_tag","embeddable":true,"href":"https:\/\/blankpage.ee\/_ruumist-ruumi\/wp-json\/wp\/v2\/product_tag?post=175000"}],"curies":[{"name":"wp","href":"https:\/\/api.w.org\/{rel}","templated":true}]}}