{"id":175573,"date":"2025-04-19T22:17:53","date_gmt":"2025-04-19T22:17:53","guid":{"rendered":"https:\/\/ruumistruumi.ee\/pood\/kassiliivakasti-matt-catlink-cl-sl-01-baymax-baymax-lite-antibakteriaalne-veekindel\/"},"modified":"2025-08-21T08:18:19","modified_gmt":"2025-08-21T08:18:19","slug":"kassiliivakasti-matt-catlink-cl-sl-01-baymax-baymax-lite-antibakteriaalne-veekindel","status":"publish","type":"product","link":"https:\/\/blankpage.ee\/_ruumist-ruumi\/pood\/kassiliivakasti-matt-catlink-cl-sl-01-baymax-baymax-lite-antibakteriaalne-veekindel\/","title":{"rendered":"Kassiliivakasti matt Catlink CL-SL-01 (Baymax\/Baymax Lite, antibakteriaalne, veekindel)"},"content":{"rendered":"<h3>Kassiliivakasti matt Catlink CL-SL-01 Baymax ja Baymax Lite liivakastidele<\/h3>\n<p>Kassiliivakasti matt Catlink CL-SL-01 on spetsiaalselt disainitud Baymaxi ja Baymax Lite nutikate liivakastide jaoks, pakkudes praktilist ning vastupidavat lahendust lemmikloomaomanikele. See kassiliivakasti matt on valmistatud tugevast ja kriimustuskindlast materjalist, mis talub h\u00e4sti kasside k\u00fc\u00fcntega kraapimist. Mati veekindel kate takistab vedelike l\u00e4biimbumist, aidates \u00e4ra hoida lekkimist ja hoides liivakasti \u00fcmbruse puhtamana.<\/p>\n<p>Matt ei kogu mustust ega liivaterasid, mille t\u00f5ttu on seda lihtne hooldada \u2013 v\u00e4lja kantud liivaterad saad vaevata eemaldada. Antibakteriaalne t\u00f6\u00f6tlus v\u00e4hendab mikroobide levikut, luues h\u00fcgieenilisema ja tervislikuma keskkonna nii sinu kassile kui ka kodule.<\/p>\n<p><img decoding=\"async\" border=\"0\" src=\"https:\/\/blankpage.ee\/_ruumist-ruumi\/wp-content\/uploads\/2025\/04\/2-663.webp\" alt=\"Catlink CL-SL-01 kassiliivakasti matt \u00fcmaral kujul Baymax\/Baymax Lite liivakasti ees\" \/><\/p>\n<div class=\"table-wrapper\">\n<table>\n<tbody>\n<tr>\n<th>Tootja<\/th>\n<td>Catlink<\/td>\n<\/tr>\n<tr>\n<th>Mudel<\/th>\n<td>CL-SL-01<\/td>\n<\/tr>\n<tr>\n<th>Sobivus<\/th>\n<td>Catlink Baymax ja Baymax Lite nutikad liivakastid<\/td>\n<\/tr>\n<tr>\n<th>Materjal<\/th>\n<td>Kriimustuskindel tekstiil<\/td>\n<\/tr>\n<\/tbody>\n<\/table>\n<\/div>\n<p>Kassiliivakasti matt on suurep\u00e4rane valik, kui soovid s\u00e4ilitada kodus puhtust ja pakkuda kassile mugavust nutika liivakasti k\u00f5rval.<\/p>\n","protected":false},"excerpt":{"rendered":"<p>Kassiliivakasti matt Catlink CL-SL-01 Baymax ja Baymax Lite liivakastidele Kassiliivakasti matt Catlink CL-SL-01 on spetsiaalselt disainitud Baymaxi ja Baymax Lite nutikate liivakastide jaoks, pakkudes praktilist ning vastupidavat lahendust lemmikloomaomanikele. See kassiliivakasti matt on valmistatud tugevast ja kriimustuskindlast materjalist, mis talub h\u00e4sti kasside k\u00fc\u00fcntega kraapimist. Mati veekindel kate takistab vedelike l\u00e4biimbumist, aidates \u00e4ra hoida lekkimist ja [&hellip;]<\/p>\n","protected":false},"featured_media":175575,"comment_status":"open","ping_status":"open","template":"","meta":[],"product_brand":[3107],"product_cat":[3106],"product_tag":[],"class_list":{"0":"post-175573","1":"product","2":"type-product","3":"status-publish","4":"has-post-thumbnail","6":"product_brand-catlink","7":"product_cat-liivakastitarvikud","8":"product_shipping_class-innpro","10":"first","11":"instock","12":"sale","13":"taxable","14":"shipping-taxable","15":"purchasable","16":"product-type-simple"},"_links":{"self":[{"href":"https:\/\/blankpage.ee\/_ruumist-ruumi\/wp-json\/wp\/v2\/product\/175573","targetHints":{"allow":["GET"]}}],"collection":[{"href":"https:\/\/blankpage.ee\/_ruumist-ruumi\/wp-json\/wp\/v2\/product"}],"about":[{"href":"https:\/\/blankpage.ee\/_ruumist-ruumi\/wp-json\/wp\/v2\/types\/product"}],"replies":[{"embeddable":true,"href":"https:\/\/blankpage.ee\/_ruumist-ruumi\/wp-json\/wp\/v2\/comments?post=175573"}],"wp:featuredmedia":[{"embeddable":true,"href":"https:\/\/blankpage.ee\/_ruumist-ruumi\/wp-json\/wp\/v2\/media\/175575"}],"wp:attachment":[{"href":"https:\/\/blankpage.ee\/_ruumist-ruumi\/wp-json\/wp\/v2\/media?parent=175573"}],"wp:term":[{"taxonomy":"product_brand","embeddable":true,"href":"https:\/\/blankpage.ee\/_ruumist-ruumi\/wp-json\/wp\/v2\/product_brand?post=175573"},{"taxonomy":"product_cat","embeddable":true,"href":"https:\/\/blankpage.ee\/_ruumist-ruumi\/wp-json\/wp\/v2\/product_cat?post=175573"},{"taxonomy":"product_tag","embeddable":true,"href":"https:\/\/blankpage.ee\/_ruumist-ruumi\/wp-json\/wp\/v2\/product_tag?post=175573"}],"curies":[{"name":"wp","href":"https:\/\/api.w.org\/{rel}","templated":true}]}}