{"id":175838,"date":"2025-04-19T23:09:55","date_gmt":"2025-04-19T23:09:55","guid":{"rendered":"https:\/\/ruumistruumi.ee\/pood\/magnetiline-liivasoel-ja-labidas-petkit-p99023-pura-max-pura-max-2-purobot-max-pro\/"},"modified":"2025-08-21T08:18:16","modified_gmt":"2025-08-21T08:18:16","slug":"magnetiline-liivasoel-ja-labidas-petkit-p99023-pura-max-pura-max-2-purobot-max-pro","status":"publish","type":"product","link":"https:\/\/blankpage.ee\/_ruumist-ruumi\/pood\/magnetiline-liivasoel-ja-labidas-petkit-p99023-pura-max-pura-max-2-purobot-max-pro\/","title":{"rendered":"Magnetiline liivas\u00f5el ja labidas Petkit P99023 (Pura Max, Pura Max 2, Purobot Max Pro)"},"content":{"rendered":"<h3>Magnetiline liivas\u00f5el ja labidas Petkit P99023 (Pura Max, Pura Max 2, Purobot Max Pro)<\/h3>\n<p>Magnetiline liivas\u00f5el muudab liivakasti puhastamise igap\u00e4evaselt lihtsamaks. Komplektis on kaks praktilist abivahendit: liivas\u00f5el ja labidas, mille abil saad kassiliivakasti korrashoiu kiireks ja mugavaks. Innovatiivne magnetkinnitus v\u00f5imaldab s\u00f5ela paigaldada hetkega, olles alati kohe kasutusvalmis.<\/p>\n<p><img decoding=\"async\" alt=\"Magnetiline liivas\u00f5el Petkit P99023 koos labida ja magnetiga\" src=\"https:\/\/blankpage.ee\/_ruumist-ruumi\/wp-content\/uploads\/2025\/04\/6-449.webp\"\/><\/p>\n<h3>Korras liivakast kiiresti ja mugavalt<\/h3>\n<p>Unusta keerulised liivakasti puhastusprotseduurid. Magnetilise s\u00f5ela abil eemaldad liigse liiva \u00fchest liigutusest ning kogu protsess on kiire ja h\u00fcgieeniline. T\u00f6\u00f6riist sobib kasutamiseks nii bentoniidi- kui ka mineraalliivaga.<\/p>\n<p><img decoding=\"async\" alt=\"Petkit P99023 liivakasti s\u00f5el t\u00f6\u00f6hoos\" src=\"https:\/\/blankpage.ee\/_ruumist-ruumi\/wp-content\/uploads\/2025\/04\/2-686.webp\"\/><\/p>\n<h3>Lihtne hooldada ja vastupidav magnetiline liivas\u00f5el<\/h3>\n<p>Tarvikud on valmistatud vastupidavast ning ohutust PET- ja ABS-plastikust, mida on kerge puhastada. Selle abil saad hoida oma kassi liivakasti alati puhta ja korrastatuna. Komplekt sobib igale kassiomanikule laitmatuks abiliseks.<\/p>\n<p><img decoding=\"async\" alt=\"Petkit P99023 s\u00f5el pestava ehitusega\" src=\"https:\/\/blankpage.ee\/_ruumist-ruumi\/wp-content\/uploads\/2025\/04\/1-717.webp\"\/><\/p>\n<h3>Komplektis<\/h3>\n<ul>\n<li>magnetiline liivas\u00f5el<\/li>\n<li>magnetiline liivalabidas<\/li>\n<\/ul>\n<table>\n<tbody>\n<tr>\n<th>Tootja<\/th>\n<td>Petkit<\/td>\n<\/tr>\n<tr>\n<th>Mudel<\/th>\n<td>P99023<\/td>\n<\/tr>\n<tr>\n<th>Sobivus<\/th>\n<td>Pura Max, Pura Max 2, Purobot Max Pro liivakastid<\/td>\n<\/tr>\n<tr>\n<th>Materjal<\/th>\n<td>PET, ABS<\/td>\n<\/tr>\n<\/tbody>\n<\/table>\n","protected":false},"excerpt":{"rendered":"<p>Magnetiline liivas\u00f5el ja labidas Petkit P99023 (Pura Max, Pura Max 2, Purobot Max Pro) Magnetiline liivas\u00f5el muudab liivakasti puhastamise igap\u00e4evaselt lihtsamaks. Komplektis on kaks praktilist abivahendit: liivas\u00f5el ja labidas, mille abil saad kassiliivakasti korrashoiu kiireks ja mugavaks. Innovatiivne magnetkinnitus v\u00f5imaldab s\u00f5ela paigaldada hetkega, olles alati kohe kasutusvalmis. Korras liivakast kiiresti ja mugavalt Unusta keerulised liivakasti [&hellip;]<\/p>\n","protected":false},"featured_media":175842,"comment_status":"open","ping_status":"open","template":"","meta":[],"product_brand":[3103],"product_cat":[3106],"product_tag":[],"class_list":{"0":"post-175838","1":"product","2":"type-product","3":"status-publish","4":"has-post-thumbnail","6":"product_brand-petkit","7":"product_cat-liivakastitarvikud","8":"product_shipping_class-innpro","10":"first","11":"instock","12":"taxable","13":"shipping-taxable","14":"purchasable","15":"product-type-simple"},"_links":{"self":[{"href":"https:\/\/blankpage.ee\/_ruumist-ruumi\/wp-json\/wp\/v2\/product\/175838","targetHints":{"allow":["GET"]}}],"collection":[{"href":"https:\/\/blankpage.ee\/_ruumist-ruumi\/wp-json\/wp\/v2\/product"}],"about":[{"href":"https:\/\/blankpage.ee\/_ruumist-ruumi\/wp-json\/wp\/v2\/types\/product"}],"replies":[{"embeddable":true,"href":"https:\/\/blankpage.ee\/_ruumist-ruumi\/wp-json\/wp\/v2\/comments?post=175838"}],"wp:featuredmedia":[{"embeddable":true,"href":"https:\/\/blankpage.ee\/_ruumist-ruumi\/wp-json\/wp\/v2\/media\/175842"}],"wp:attachment":[{"href":"https:\/\/blankpage.ee\/_ruumist-ruumi\/wp-json\/wp\/v2\/media?parent=175838"}],"wp:term":[{"taxonomy":"product_brand","embeddable":true,"href":"https:\/\/blankpage.ee\/_ruumist-ruumi\/wp-json\/wp\/v2\/product_brand?post=175838"},{"taxonomy":"product_cat","embeddable":true,"href":"https:\/\/blankpage.ee\/_ruumist-ruumi\/wp-json\/wp\/v2\/product_cat?post=175838"},{"taxonomy":"product_tag","embeddable":true,"href":"https:\/\/blankpage.ee\/_ruumist-ruumi\/wp-json\/wp\/v2\/product_tag?post=175838"}],"curies":[{"name":"wp","href":"https:\/\/api.w.org\/{rel}","templated":true}]}}