{"id":175877,"date":"2025-04-19T23:19:44","date_gmt":"2025-04-19T23:19:44","guid":{"rendered":"https:\/\/ruumistruumi.ee\/pood\/kassiliivakasti-alusmatt-petkit-2-0-55-x-55-cm\/"},"modified":"2025-08-21T08:18:04","modified_gmt":"2025-08-21T08:18:04","slug":"kassiliivakasti-alusmatt-petkit-2-0-55-x-55-cm","status":"publish","type":"product","link":"https:\/\/blankpage.ee\/_ruumist-ruumi\/pood\/kassiliivakasti-alusmatt-petkit-2-0-55-x-55-cm\/","title":{"rendered":"Kassiliivakasti alusmatt PetKit 2.0 (55 \u00d7 55 cm)"},"content":{"rendered":"<h3>Kassiliivakasti matt PetKit 2.0<\/h3>\n<p>Kassiliivakasti matt aitab t\u00f5husalt v\u00e4ltida, et liiv satuks liivakasti \u00fcmbrusesse laiali. Aseta matt lihtsalt liivakasti ette v\u00f5i alla, nii j\u00e4\u00e4b kogu kasti avast v\u00e4lja tulev liiv mati peale ning ei levi elamisse laiali. See aitab hoida kodu puhtamana alates esimesest kasutuskorrast.<\/p>\n<p>\n<img decoding=\"async\" border=\"0\" src=\"https:\/\/blankpage.ee\/_ruumist-ruumi\/wp-content\/uploads\/2025\/04\/6-452.webp\" alt=\"Pehmest v\u00f5rkmaterjalist kassiliivakasti matt PetKit 2.0\" \/>\n<\/p>\n<p>Matti on valmistatud kvaliteetsest pehmest v\u00f5rkmaterjalist, mis sobib h\u00e4sti tundlikele kassik\u00e4ppadele ja muudab liivakasti \u00fcmbruse hooldamise lihtsaks nii lemmikule kui ka omanikule.<\/p>\n<h3>Tehnilised andmed<\/h3>\n<table>\n<tbody>\n<tr>\n<th>Tootja<\/th>\n<td>PetKit<\/td>\n<\/tr>\n<tr>\n<th>Tootenimetus<\/th>\n<td>PetKit liivakasti alusmatt 2.0<\/td>\n<\/tr>\n<tr>\n<th>Kaal<\/th>\n<td>0,62 kg<\/td>\n<\/tr>\n<tr>\n<th>M\u00f5\u00f5dud<\/th>\n<td>55 \u00d7 55 \u00d7 1,3 cm<\/td>\n<\/tr>\n<\/tbody>\n<\/table>\n<p>Kassiliivakasti matt on praktiline ja usaldusv\u00e4\u00e4rne valik igale kassiomanikule, kes hindab korras kodu ja puhast p\u00f5randapinda.<\/p>\n","protected":false},"excerpt":{"rendered":"<p>Kassiliivakasti matt PetKit 2.0 Kassiliivakasti matt aitab t\u00f5husalt v\u00e4ltida, et liiv satuks liivakasti \u00fcmbrusesse laiali. Aseta matt lihtsalt liivakasti ette v\u00f5i alla, nii j\u00e4\u00e4b kogu kasti avast v\u00e4lja tulev liiv mati peale ning ei levi elamisse laiali. See aitab hoida kodu puhtamana alates esimesest kasutuskorrast. Matti on valmistatud kvaliteetsest pehmest v\u00f5rkmaterjalist, mis sobib h\u00e4sti tundlikele [&hellip;]<\/p>\n","protected":false},"featured_media":175879,"comment_status":"open","ping_status":"open","template":"","meta":[],"product_brand":[3103],"product_cat":[3106],"product_tag":[],"class_list":{"0":"post-175877","1":"product","2":"type-product","3":"status-publish","4":"has-post-thumbnail","6":"product_brand-petkit","7":"product_cat-liivakastitarvikud","8":"product_shipping_class-innpro","10":"first","11":"outofstock","12":"taxable","13":"shipping-taxable","14":"purchasable","15":"product-type-simple"},"_links":{"self":[{"href":"https:\/\/blankpage.ee\/_ruumist-ruumi\/wp-json\/wp\/v2\/product\/175877","targetHints":{"allow":["GET"]}}],"collection":[{"href":"https:\/\/blankpage.ee\/_ruumist-ruumi\/wp-json\/wp\/v2\/product"}],"about":[{"href":"https:\/\/blankpage.ee\/_ruumist-ruumi\/wp-json\/wp\/v2\/types\/product"}],"replies":[{"embeddable":true,"href":"https:\/\/blankpage.ee\/_ruumist-ruumi\/wp-json\/wp\/v2\/comments?post=175877"}],"wp:featuredmedia":[{"embeddable":true,"href":"https:\/\/blankpage.ee\/_ruumist-ruumi\/wp-json\/wp\/v2\/media\/175879"}],"wp:attachment":[{"href":"https:\/\/blankpage.ee\/_ruumist-ruumi\/wp-json\/wp\/v2\/media?parent=175877"}],"wp:term":[{"taxonomy":"product_brand","embeddable":true,"href":"https:\/\/blankpage.ee\/_ruumist-ruumi\/wp-json\/wp\/v2\/product_brand?post=175877"},{"taxonomy":"product_cat","embeddable":true,"href":"https:\/\/blankpage.ee\/_ruumist-ruumi\/wp-json\/wp\/v2\/product_cat?post=175877"},{"taxonomy":"product_tag","embeddable":true,"href":"https:\/\/blankpage.ee\/_ruumist-ruumi\/wp-json\/wp\/v2\/product_tag?post=175877"}],"curies":[{"name":"wp","href":"https:\/\/api.w.org\/{rel}","templated":true}]}}