{"id":175910,"date":"2025-04-19T23:24:37","date_gmt":"2025-04-19T23:24:37","guid":{"rendered":"https:\/\/ruumistruumi.ee\/pood\/loomade-karvatrimmer-led-valgustusega-rojeco-rjehtled-02-usb-2-kiirust\/"},"modified":"2025-12-12T13:41:13","modified_gmt":"2025-12-12T13:41:13","slug":"loomade-karvatrimmer-led-valgustusega-rojeco-rjehtled-02-usb-2-kiirust","status":"publish","type":"product","link":"https:\/\/blankpage.ee\/_ruumist-ruumi\/pood\/loomade-karvatrimmer-led-valgustusega-rojeco-rjehtled-02-usb-2-kiirust\/","title":{"rendered":"Loomade karvatrimmer LED-valgustusega Rojeco RJEHTLED-02 (USB, 2 kiirust)"},"content":{"rendered":"<h3>Loomade karvatrimmer LED-valgustusega Rojeco RJEHTLED-02 (USB, 2 kiirust)<\/h3>\n<p>Loomade karvatrimmer on t\u00f5hus abimees Sinu lemmiklooma igap\u00e4evaseks karvahoolduseks. Kompaktne trimmer sobib nii v\u00e4ikestele kui ka suurematele loomadele ning v\u00f5imaldab l\u00f5igata erinevat t\u00fc\u00fcpi karva. Seadet saab kasutada mitmetel kehapiirkondadel, n\u00e4iteks k\u00e4ppadel, k\u00f5hul, silmade \u00fcmbruses ja k\u00f5rvadel. T\u00e4nu ergonoomilisele disainile ja sisseehitatud LED-valgustusele on karvahooldus lihtne ja t\u00e4pne.<\/p>\n<p><img decoding=\"async\" src=\"https:\/\/blankpage.ee\/_ruumist-ruumi\/wp-content\/uploads\/2025\/04\/7-409.webp\" alt=\"Valge loomade karvatrimmer LED-valgustusega Rojeco\" \/><\/p>\n<h3>Kaks reguleeritavat kiirust erinevate karvat\u00fc\u00fcpide jaoks<\/h3>\n<p>Loomade karvatrimmeril on kaks kiirusre\u017eiimi: 5000 p\u00f6\u00f6ret minutis pehmema karva ning 7500 p\/min tihedama ja tugevama karva l\u00f5ikamiseks. T\u00e4nu sellele saab leida igale loomale ja olukorrale sobiva l\u00f5ikekiiruse.<\/p>\n<p><img decoding=\"async\" src=\"https:\/\/blankpage.ee\/_ruumist-ruumi\/wp-content\/uploads\/2025\/04\/5-530.webp\" alt=\"Kaks kiirust karvavahendil loomadele erinevate karvade l\u00f5ikamiseks\" \/><\/p>\n<h3>Kaitsev tera ja t\u00e4pne l\u00f5ikamine raskesti ligip\u00e4\u00e4setavates kohtades<\/h3>\n<p>Trimmeri keraamiline ja roostevabast terasest l\u00f5iketera ning \u00fcmardatud R-t\u00fc\u00fcpi kuju tagavad turvalise l\u00f5ikamise ilma naha vigastamise v\u00f5i \u00e4rritamisriskita. Kitsas, 9 mm laiune l\u00f5ikepea muudab v\u00f5imalikult mugavaks n\u00f5udlikumate piirkondade, nagu k\u00e4ppade vahelt v\u00f5i silmade \u00fcmbrusest, hoolduse. Karvatrimmer sobib h\u00e4sti 360\u00b0 l\u00f5ikamiseks, muutes hoolduse kiireks ja t\u00e4pseks.<\/p>\n<p><img decoding=\"async\" src=\"https:\/\/blankpage.ee\/_ruumist-ruumi\/wp-content\/uploads\/2025\/04\/6-454.webp\" alt=\"Loomade karvatrimmeri t\u00e4pne l\u00f5ikamine raskesti ligip\u00e4\u00e4setavates piirkondades\" \/><\/p>\n<h3>Vaikne t\u00f6\u00f6 tagab stressivaba hoolduse<\/h3>\n<p>Seadme v\u00e4ga madal m\u00fcratase ja v\u00e4hesed vibratsioonid aitavad Sinu loomal rahulikuks j\u00e4\u00e4da ja muudavad karvahoolduse stressivabaks.<\/p>\n<p><img decoding=\"async\" src=\"https:\/\/blankpage.ee\/_ruumist-ruumi\/wp-content\/uploads\/2025\/04\/8-224.webp\" alt=\"Vaikne loomade karvatrimmer mugava hoolduse jaoks\" \/><\/p>\n<h3>T\u00e4iendavad mugavused LED-valgustuse ja USB-laadimisega karvatrimmeril<\/h3>\n<p>Sisseehitatud LED-valgusti v\u00f5imaldab h\u00e4sti n\u00e4ha l\u00f5igatavat piirkonda ka kehvemas valguses. USB-laadimise v\u00f5imalus teeb seadme kasutamise eriti paindlikuks \u2013 trimmerit saab laadida n\u00e4iteks s\u00fclearvuti, akupanga v\u00f5i autoadapteri kaudu.<\/p>\n<p><img decoding=\"async\" src=\"https:\/\/blankpage.ee\/_ruumist-ruumi\/wp-content\/uploads\/2025\/04\/1-724.webp\" alt=\"USB-laadimisega loomade karvatrimmer Rojeco\" \/><\/p>\n<h3>Komplektis<\/h3>\n<ul>\n<li>karvatrimmer<\/li>\n<li>terade \u00f5li<\/li>\n<li>puhastushari<\/li>\n<li>kasutusjuhend<\/li>\n<\/ul>\n<table>\n<tbody>\n<tr>\n<th>Tootja<\/th>\n<td>Rojeco<\/td>\n<\/tr>\n<tr>\n<th>Mudel<\/th>\n<td>RJEHTLED-02<\/td>\n<\/tr>\n<tr>\n<th>V\u00e4rv<\/th>\n<td>valge<\/td>\n<\/tr>\n<tr>\n<th>Nimiv\u00f5imsus<\/th>\n<td>5 W<\/td>\n<\/tr>\n<tr>\n<th>Sisendpinge<\/th>\n<td>5V \/ 1A<\/td>\n<\/tr>\n<tr>\n<th>Materjal<\/th>\n<td>keraamika, roostevaba teras<\/td>\n<\/tr>\n<tr>\n<th>M\u00f5\u00f5dud<\/th>\n<td>165 \u00d7 40 \u00d7 26 mm<\/td>\n<\/tr>\n<tr>\n<th>Kaal<\/th>\n<td>96 g<\/td>\n<\/tr>\n<tr>\n<th>Laadimisaeg<\/th>\n<td>1,5 tundi<\/td>\n<\/tr>\n<\/tbody>\n<\/table>\n","protected":false},"excerpt":{"rendered":"<p>Loomade karvatrimmer LED-valgustusega Rojeco RJEHTLED-02 (USB, 2 kiirust) Loomade karvatrimmer on t\u00f5hus abimees Sinu lemmiklooma igap\u00e4evaseks karvahoolduseks. Kompaktne trimmer sobib nii v\u00e4ikestele kui ka suurematele loomadele ning v\u00f5imaldab l\u00f5igata erinevat t\u00fc\u00fcpi karva. Seadet saab kasutada mitmetel kehapiirkondadel, n\u00e4iteks k\u00e4ppadel, k\u00f5hul, silmade \u00fcmbruses ja k\u00f5rvadel. T\u00e4nu ergonoomilisele disainile ja sisseehitatud LED-valgustusele on karvahooldus lihtne ja t\u00e4pne. [&hellip;]<\/p>\n","protected":false},"featured_media":175916,"comment_status":"open","ping_status":"closed","template":"","meta":[],"product_brand":[3113],"product_cat":[870],"product_tag":[],"class_list":{"0":"post-175910","1":"product","2":"type-product","3":"status-publish","4":"has-post-thumbnail","6":"product_brand-rojeco","7":"product_cat-lemmiklooma-karvahooldus-ja-grooming","8":"product_shipping_class-innpro","10":"first","11":"instock","12":"sale","13":"taxable","14":"shipping-taxable","15":"purchasable","16":"product-type-simple"},"_links":{"self":[{"href":"https:\/\/blankpage.ee\/_ruumist-ruumi\/wp-json\/wp\/v2\/product\/175910","targetHints":{"allow":["GET"]}}],"collection":[{"href":"https:\/\/blankpage.ee\/_ruumist-ruumi\/wp-json\/wp\/v2\/product"}],"about":[{"href":"https:\/\/blankpage.ee\/_ruumist-ruumi\/wp-json\/wp\/v2\/types\/product"}],"replies":[{"embeddable":true,"href":"https:\/\/blankpage.ee\/_ruumist-ruumi\/wp-json\/wp\/v2\/comments?post=175910"}],"wp:featuredmedia":[{"embeddable":true,"href":"https:\/\/blankpage.ee\/_ruumist-ruumi\/wp-json\/wp\/v2\/media\/175916"}],"wp:attachment":[{"href":"https:\/\/blankpage.ee\/_ruumist-ruumi\/wp-json\/wp\/v2\/media?parent=175910"}],"wp:term":[{"taxonomy":"product_brand","embeddable":true,"href":"https:\/\/blankpage.ee\/_ruumist-ruumi\/wp-json\/wp\/v2\/product_brand?post=175910"},{"taxonomy":"product_cat","embeddable":true,"href":"https:\/\/blankpage.ee\/_ruumist-ruumi\/wp-json\/wp\/v2\/product_cat?post=175910"},{"taxonomy":"product_tag","embeddable":true,"href":"https:\/\/blankpage.ee\/_ruumist-ruumi\/wp-json\/wp\/v2\/product_tag?post=175910"}],"curies":[{"name":"wp","href":"https:\/\/api.w.org\/{rel}","templated":true}]}}