{"id":176017,"date":"2025-04-19T23:50:35","date_gmt":"2025-04-19T23:50:35","guid":{"rendered":"https:\/\/ruumistruumi.ee\/pood\/automaatne-jalutusrihm-led-ja-rgb-valgusega-rojeco-rssqysfg3m-11-3-m-lilla\/"},"modified":"2025-08-21T08:18:02","modified_gmt":"2025-08-21T08:18:02","slug":"automaatne-jalutusrihm-led-ja-rgb-valgusega-rojeco-rssqysfg3m-11-3-m-lilla","status":"publish","type":"product","link":"https:\/\/blankpage.ee\/_ruumist-ruumi\/pood\/automaatne-jalutusrihm-led-ja-rgb-valgusega-rojeco-rssqysfg3m-11-3-m-lilla\/","title":{"rendered":"Automaatne jalutusrihm LED- ja RGB-valgusega Rojeco RSSQYSFG3M-11, 3 m, lilla"},"content":{"rendered":"<h3>Automaatne jalutusrihm Rojeco 3 m, lilla<\/h3>\n<p>Automaatne jalutusrihm muudab \u00f5htused jalutusk\u00e4igud lemmikuga ohutuks ja mugavaks. 3-meetrine Rojeco automaatne jalutusrihm on varustatud ergonoomilise k\u00e4epideme, sisseehitatud LED-taskulambi ning kahepoolselt helendava RGB valgusr\u00f5ngaga. T\u00e4nu n\u00e4htavusele pimedas m\u00e4rkad Sind ja Sinu lemmikut alati ka v\u00e4hese valgusega tingimustes. Jalutusrihma vastupidav konstruktsioon v\u00e4listab rihma sassi minemise ja takerdumise. Toode sobib koertele ja kassidele kehakaaluga kuni 15 kg (tootja andmetel kuni 35 kg).<\/p>\n<p>\n<img decoding=\"async\" alt=\"automaatne jalutusrihm LED valgusr\u00f5ngaga\" src=\"https:\/\/blankpage.ee\/_ruumist-ruumi\/wp-content\/uploads\/2025\/04\/5-541.webp\" \/>\n<\/p>\n<h3>Ohutus n\u00e4htava RGB valgustusega jalutusrihm<\/h3>\n<p>Kahepoolne RGB valgusr\u00f5ngas v\u00f5imaldab valida viie v\u00e4rvi vahel, pakkudes lisaturvalisust, kui n\u00e4htavus on halb. Nii on lemmikuga jalutamine alati turvaline ja Sind m\u00e4rkab iga\u00fcks ka kaugemalt.<\/p>\n<p>\n<img decoding=\"async\" alt=\"LED-valgusr\u00f5ngaga jalutusrihm\" src=\"https:\/\/blankpage.ee\/_ruumist-ruumi\/wp-content\/uploads\/2025\/04\/8-233.webp\" \/>\n<\/p>\n<h3>LED-taskulamp lisaturvalisuseks<\/h3>\n<p>Sisseehitatud LED-taskulamp suurendab n\u00e4htavust ning muudab \u00f5htused ja varahommikused jalutusk\u00e4igud ohutumaks. Taskulamp aitab Sul pimedas paremini liikuda ning vajadusel kadunud esemeid leida.<\/p>\n<p>\n<img decoding=\"async\" alt=\"jalutusrihm sisseehitatud LED-taskulambiga\" src=\"https:\/\/blankpage.ee\/_ruumist-ruumi\/wp-content\/uploads\/2025\/04\/9-168.webp\" \/>\n<\/p>\n<h3>Lihtne juhtimine ja intuitiivne kasutamine<\/h3>\n<p>Nutikas juhtnupp v\u00f5imaldab LED-taskulampi ja RGB valgusr\u00f5ngast mugavalt juhtida \u2013 \u00fche nupuvajutusega saad aktiveerida kas taskulambi, valgusr\u00f5nga, m\u00f5lemad korraga v\u00f5i valgusfunktsioonid sulgeda. Jalutusrihma pikkust saab kiirelt reguleerida praktilise l\u00fcliti abil.<\/p>\n<p>\n<img decoding=\"async\" alt=\"automaatse jalutusrihma funktsiooninupud\" src=\"https:\/\/blankpage.ee\/_ruumist-ruumi\/wp-content\/uploads\/2025\/04\/10-56.webp\" \/>\n<\/p>\n<h3>Kvaliteetne ja vastupidav konstruktsioon<\/h3>\n<p>Rihm on valmistatud vastupidavatest materjalidest (ABS, TPR, nailon, nikeldatud metall) ja sellel on 360\u00b0 p\u00f6\u00f6rlemismehhanism, mis hoiab \u00e4ra rihma sassi minemise. U-kujuline rihma v\u00e4ljastus v\u00f5imaldab juhtida lemmikut igast suunast. Libisemiskindel TPR-k\u00e4epide muudab hoidmise mugavaks. Toode t\u00f6\u00f6tab kahe AAA patareiga (ei sisaldu komplektis). Automaatne jalutusrihm tagab muretu ja ohutu jalutamise igas olukorras.<\/p>\n<p>\n<img decoding=\"async\" alt=\"vastupidav jalutusrihm p\u00f6\u00f6rleva mehhanismiga\" src=\"https:\/\/blankpage.ee\/_ruumist-ruumi\/wp-content\/uploads\/2025\/04\/1-736.webp\" \/>\n<\/p>\n<table>\n<tr>\n<th>Tootja<\/th>\n<td>Rojeco<\/td>\n<\/tr>\n<tr>\n<th>Mudel<\/th>\n<td>RSSQYSFG3M-11<\/td>\n<\/tr>\n<tr>\n<th>Materjal<\/th>\n<td>ABS \/ TPR \/ nikeldatud metall \/ nailon<\/td>\n<\/tr>\n<tr>\n<th>V\u00e4rvus<\/th>\n<td>Lilla<\/td>\n<\/tr>\n<tr>\n<th>Pikkus<\/th>\n<td>3 m<\/td>\n<\/tr>\n<tr>\n<th>Kaal<\/th>\n<td>225 g<\/td>\n<\/tr>\n<tr>\n<th>M\u00f5\u00f5dud<\/th>\n<td>17,5 x 8 x 4,8 cm<\/td>\n<\/tr>\n<tr>\n<th>Sobib lemmikloomadele<\/th>\n<td>Kuni 15 kg<\/td>\n<\/tr>\n<\/table>\n","protected":false},"excerpt":{"rendered":"<p>Automaatne jalutusrihm Rojeco 3 m, lilla Automaatne jalutusrihm muudab \u00f5htused jalutusk\u00e4igud lemmikuga ohutuks ja mugavaks. 3-meetrine Rojeco automaatne jalutusrihm on varustatud ergonoomilise k\u00e4epideme, sisseehitatud LED-taskulambi ning kahepoolselt helendava RGB valgusr\u00f5ngaga. T\u00e4nu n\u00e4htavusele pimedas m\u00e4rkad Sind ja Sinu lemmikut alati ka v\u00e4hese valgusega tingimustes. Jalutusrihma vastupidav konstruktsioon v\u00e4listab rihma sassi minemise ja takerdumise. Toode sobib koertele [&hellip;]<\/p>\n","protected":false},"featured_media":176023,"comment_status":"open","ping_status":"open","template":"","meta":[],"product_brand":[3113],"product_cat":[1262],"product_tag":[],"class_list":{"0":"post-176017","1":"product","2":"type-product","3":"status-publish","4":"has-post-thumbnail","6":"product_brand-rojeco","7":"product_cat-lemmiklooma-transport-ja-jalutusrihmad","8":"product_shipping_class-innpro","10":"first","11":"instock","12":"sale","13":"taxable","14":"shipping-taxable","15":"purchasable","16":"product-type-simple"},"_links":{"self":[{"href":"https:\/\/blankpage.ee\/_ruumist-ruumi\/wp-json\/wp\/v2\/product\/176017","targetHints":{"allow":["GET"]}}],"collection":[{"href":"https:\/\/blankpage.ee\/_ruumist-ruumi\/wp-json\/wp\/v2\/product"}],"about":[{"href":"https:\/\/blankpage.ee\/_ruumist-ruumi\/wp-json\/wp\/v2\/types\/product"}],"replies":[{"embeddable":true,"href":"https:\/\/blankpage.ee\/_ruumist-ruumi\/wp-json\/wp\/v2\/comments?post=176017"}],"wp:featuredmedia":[{"embeddable":true,"href":"https:\/\/blankpage.ee\/_ruumist-ruumi\/wp-json\/wp\/v2\/media\/176023"}],"wp:attachment":[{"href":"https:\/\/blankpage.ee\/_ruumist-ruumi\/wp-json\/wp\/v2\/media?parent=176017"}],"wp:term":[{"taxonomy":"product_brand","embeddable":true,"href":"https:\/\/blankpage.ee\/_ruumist-ruumi\/wp-json\/wp\/v2\/product_brand?post=176017"},{"taxonomy":"product_cat","embeddable":true,"href":"https:\/\/blankpage.ee\/_ruumist-ruumi\/wp-json\/wp\/v2\/product_cat?post=176017"},{"taxonomy":"product_tag","embeddable":true,"href":"https:\/\/blankpage.ee\/_ruumist-ruumi\/wp-json\/wp\/v2\/product_tag?post=176017"}],"curies":[{"name":"wp","href":"https:\/\/api.w.org\/{rel}","templated":true}]}}