{"id":176415,"date":"2025-04-21T21:17:04","date_gmt":"2025-04-21T21:17:04","guid":{"rendered":"https:\/\/ruumistruumi.ee\/pood\/ergonoomiline-vertikaalhiir-delux-m618xsd-oled-ekraan-rgb-sinine-juhtmevaba\/"},"modified":"2025-08-21T08:17:59","modified_gmt":"2025-08-21T08:17:59","slug":"ergonoomiline-vertikaalhiir-delux-m618xsd-oled-ekraan-rgb-sinine-juhtmevaba","status":"publish","type":"product","link":"https:\/\/blankpage.ee\/_ruumist-ruumi\/pood\/ergonoomiline-vertikaalhiir-delux-m618xsd-oled-ekraan-rgb-sinine-juhtmevaba\/","title":{"rendered":"Ergonoomiline vertikaalhiir Delux M618XSD, OLED-ekraan, RGB, sinine (juhtmevaba)"},"content":{"rendered":"<h3>Ergonoomiline vertikaalhiir Delux M618XSD OLED-ekraaniga, RGB, sinine<\/h3>\n<p>Ergonoomiline vertikaalhiir Delux M618XSD pakub sulle \u00fclima kasutusmugavuse t\u00e4nu nutikale disainile ning mitmek\u00fclgsetele \u00fchendusv\u00f5imalustele. S\u00e4rav sinine v\u00e4rv koos v\u00e4rvilise RGB-taustvalgustusega muudab selle hiire pilkup\u00fc\u00fcdvaks nii kontoris kui koduses t\u00f6\u00f6ruumis.<\/p>\n<p>\n<img decoding=\"async\" src=\"https:\/\/blankpage.ee\/_ruumist-ruumi\/wp-content\/uploads\/2025\/04\/3-678.webp\" alt=\"Sinine ergonoomiline vertikaalhiir Delux M618XSD randmetoega\" \/>\n<\/p>\n<h3>Tipptasemel ergonoomika ja OLED-ekraan<\/h3>\n<p>Vertikaalse kujuga hiir ja magnetiline randmetugi aitavad v\u00e4hendada randme- ja k\u00e4sivarrev\u00e4simust ka pikemate t\u00f6\u00f6p\u00e4evade jooksul. K\u00f5ik oluline info \u2013 \u00fchenduse t\u00fc\u00fcp, aku tase ja DPI seaded \u2013 on alati selgelt n\u00e4htavad OLED-ekraanilt. 1000 mAh aku v\u00f5imaldab kasutada hiirt kuni kaks n\u00e4dalat j\u00e4rjest laadimata.<\/p>\n<p>\n<img decoding=\"async\" src=\"https:\/\/blankpage.ee\/_ruumist-ruumi\/wp-content\/uploads\/2025\/04\/4-630.webp\" alt=\"Delux M618XSD OLED-ekraaniga vertikaalhiir\" \/>\n<\/p>\n<h3>Mitmek\u00fclgsed \u00fchendused<\/h3>\n<p>Hiire saad \u00fchendada Bluetooth 4.0 v\u00f5i 2.4G juhtmevaba \u00fchenduse kaudu, vajaduse korral ka USB-C kaabliga. Mugavalt saab \u00fchendada korraga kuni nelja erineva seadmega ning h\u00f5lpsalt nende vahel vahetada.<\/p>\n<p>\n<img decoding=\"async\" src=\"https:\/\/blankpage.ee\/_ruumist-ruumi\/wp-content\/uploads\/2025\/04\/5-552.webp\" alt=\"Vertikaalne hiir mitme seadmega korraga \u00fchendatud\" \/>\n<\/p>\n<h3>Pikk akukestvus<\/h3>\n<p>V\u00f5imas aku lubab vertikaalhiirt kasutada kuni kaks n\u00e4dalat j\u00e4rjest, ilma et peaksid muretsema laadimise p\u00e4rast. Laadimiseks \u00fchenda lihtsalt USB-C kaabel.<\/p>\n<p>\n<img decoding=\"async\" src=\"https:\/\/blankpage.ee\/_ruumist-ruumi\/wp-content\/uploads\/2025\/04\/9-173.webp\" alt=\"Delux M618XSD sinine ergonoomiline hiir USB-C laadimisel\" \/>\n<\/p>\n<h3>Mugav vorm ja materjalid<\/h3>\n<p>Hiir sobitub loomulikult k\u00e4tte ja v\u00e4hendab koormust randmele ning k\u00e4sivarrele. Modernne ja kergesti hooldatav pind on meeldiv puudutusele ning kvaliteetne teostus tagab rikkumatu t\u00f6\u00f6kindluse. OLED-ekraanil j\u00e4lgid aku, \u00fchenduse ja DPI infot. Hiirel on p\u00f6idlaga juhitav rullik ning magnetiline randmetugi.<\/p>\n<p>\n<img decoding=\"async\" src=\"https:\/\/blankpage.ee\/_ruumist-ruumi\/wp-content\/uploads\/2025\/04\/2-722.webp\" alt=\"Delux M618XSD ergonoomiline vertikaalhiir randmetoega t\u00f6\u00f6asendis\" \/>\n<\/p>\n<h3>Kohandatav RGB-valgustus<\/h3>\n<p>Ergonoomiline vertikaalhiir Delux M618XSD pakub v\u00e4rvilist RGB-taustvalgustust, mis l\u00fclitub sisse siis, kui k\u00e4si on hiire l\u00e4hedal. Kasuta Deluxi Windowsi tarkvara, et seadistada valgus t\u00e4pselt enda soovide j\u00e4rgi.<\/p>\n<p>\n<img decoding=\"async\" src=\"https:\/\/blankpage.ee\/_ruumist-ruumi\/wp-content\/uploads\/2025\/04\/6-477.webp\" alt=\"RGB-valgustusega vertikaalhiir Delux M618XSD\" \/>\n<\/p>\n<h3>Komplekti kuulub<\/h3>\n<ul>\n<li>Ergonoomiline vertikaalhiir Delux M618XSD<\/li>\n<li>Magnetiline randmetugi<\/li>\n<li>USB-C kaabel<\/li>\n<li>Asendatav tagakaas<\/li>\n<li>Kasutusjuhend<\/li>\n<\/ul>\n<h3>Tehnilised andmed<\/h3>\n<table>\n<tr>\n<th>Tootja<\/th>\n<td>Delux<\/td>\n<\/tr>\n<tr>\n<th>Mudel<\/th>\n<td>M618XSD<\/td>\n<\/tr>\n<tr>\n<th>V\u00e4rv<\/th>\n<td>Sinine<\/td>\n<\/tr>\n<tr>\n<th>Kaal<\/th>\n<td>160,8 g \u00b1 5 g<\/td>\n<\/tr>\n<tr>\n<th>M\u00f5\u00f5dud<\/th>\n<td>166 \u00d7 97 \u00d7 82 mm<\/td>\n<\/tr>\n<tr>\n<th>Materjal<\/th>\n<td>ABS + PC + Teflon<\/td>\n<\/tr>\n<tr>\n<th>\u00dchendus<\/th>\n<td>USB-C, 2.4G juhtmevaba, Bluetooth 4.0<\/td>\n<\/tr>\n<tr>\n<th>Ekraan<\/th>\n<td>OLED<\/td>\n<\/tr>\n<tr>\n<th>Akumaht<\/th>\n<td>1000 mAh<\/td>\n<\/tr>\n<tr>\n<th>DPI<\/th>\n<td>600\u20134000<\/td>\n<\/tr>\n<tr>\n<th>Tugis\u00fcsteemid<\/th>\n<td>iOS, Windows 7 \/ 8 \/ 10<\/td>\n<\/tr>\n<tr>\n<th>Nuppude arv<\/th>\n<td>7<\/td>\n<\/tr>\n<tr>\n<th>Rullikute arv<\/th>\n<td>2<\/td>\n<\/tr>\n<tr>\n<th>Liides<\/th>\n<td>USB-C<\/td>\n<\/tr>\n<\/table>\n<p>Ergonoomiline vertikaalhiir Delux M618XSD sobib sulle, kui soovid v\u00e4hendada randme- ja k\u00e4sivarrev\u00e4simust ning parandada t\u00f6\u00f6- v\u00f5i m\u00e4ngukogemust kaasaegse tehnoloogia ja nutika disaini abil.<\/p>\n","protected":false},"excerpt":{"rendered":"<p>Ergonoomiline vertikaalhiir Delux M618XSD OLED-ekraaniga, RGB, sinine Ergonoomiline vertikaalhiir Delux M618XSD pakub sulle \u00fclima kasutusmugavuse t\u00e4nu nutikale disainile ning mitmek\u00fclgsetele \u00fchendusv\u00f5imalustele. S\u00e4rav sinine v\u00e4rv koos v\u00e4rvilise RGB-taustvalgustusega muudab selle hiire pilkup\u00fc\u00fcdvaks nii kontoris kui koduses t\u00f6\u00f6ruumis. Tipptasemel ergonoomika ja OLED-ekraan Vertikaalse kujuga hiir ja magnetiline randmetugi aitavad v\u00e4hendada randme- ja k\u00e4sivarrev\u00e4simust ka pikemate t\u00f6\u00f6p\u00e4evade jooksul. [&hellip;]<\/p>\n","protected":false},"featured_media":176422,"comment_status":"open","ping_status":"open","template":"","meta":[],"product_brand":[3016],"product_cat":[3128],"product_tag":[],"class_list":{"0":"post-176415","1":"product","2":"type-product","3":"status-publish","4":"has-post-thumbnail","6":"product_brand-delux","7":"product_cat-vertikaalsed-hiired","8":"product_shipping_class-innpro","10":"first","11":"instock","12":"sale","13":"taxable","14":"shipping-taxable","15":"purchasable","16":"product-type-simple"},"_links":{"self":[{"href":"https:\/\/blankpage.ee\/_ruumist-ruumi\/wp-json\/wp\/v2\/product\/176415","targetHints":{"allow":["GET"]}}],"collection":[{"href":"https:\/\/blankpage.ee\/_ruumist-ruumi\/wp-json\/wp\/v2\/product"}],"about":[{"href":"https:\/\/blankpage.ee\/_ruumist-ruumi\/wp-json\/wp\/v2\/types\/product"}],"replies":[{"embeddable":true,"href":"https:\/\/blankpage.ee\/_ruumist-ruumi\/wp-json\/wp\/v2\/comments?post=176415"}],"wp:featuredmedia":[{"embeddable":true,"href":"https:\/\/blankpage.ee\/_ruumist-ruumi\/wp-json\/wp\/v2\/media\/176422"}],"wp:attachment":[{"href":"https:\/\/blankpage.ee\/_ruumist-ruumi\/wp-json\/wp\/v2\/media?parent=176415"}],"wp:term":[{"taxonomy":"product_brand","embeddable":true,"href":"https:\/\/blankpage.ee\/_ruumist-ruumi\/wp-json\/wp\/v2\/product_brand?post=176415"},{"taxonomy":"product_cat","embeddable":true,"href":"https:\/\/blankpage.ee\/_ruumist-ruumi\/wp-json\/wp\/v2\/product_cat?post=176415"},{"taxonomy":"product_tag","embeddable":true,"href":"https:\/\/blankpage.ee\/_ruumist-ruumi\/wp-json\/wp\/v2\/product_tag?post=176415"}],"curies":[{"name":"wp","href":"https:\/\/api.w.org\/{rel}","templated":true}]}}