{"id":176611,"date":"2025-04-21T21:43:53","date_gmt":"2025-04-21T21:43:53","guid":{"rendered":"https:\/\/ruumistruumi.ee\/pood\/juhtmevaba-klaviatuuri-ja-hiire-komplekt-mofii-smk-666395ag-sinine-24-ghz-112-klahvi-1200-dpi\/"},"modified":"2025-08-21T08:17:57","modified_gmt":"2025-08-21T08:17:57","slug":"juhtmevaba-klaviatuuri-ja-hiire-komplekt-mofii-smk-666395ag-sinine-24-ghz-112-klahvi-1200-dpi","status":"publish","type":"product","link":"https:\/\/blankpage.ee\/_ruumist-ruumi\/pood\/juhtmevaba-klaviatuuri-ja-hiire-komplekt-mofii-smk-666395ag-sinine-24-ghz-112-klahvi-1200-dpi\/","title":{"rendered":"Juhtmevaba klaviatuuri ja hiire komplekt MOFII SMK-666395AG, sinine (2,4 GHz, 112 klahvi, 1200 DPI)"},"content":{"rendered":"<h3>Juhtmevaba klaviatuuri ja hiire komplekt MOFII 666 (sinine)<\/h3>\n<p><img decoding=\"async\" src=\"https:\/\/blankpage.ee\/_ruumist-ruumi\/wp-content\/uploads\/2025\/04\/2-736.webp\" alt=\"Sinine juhtmevaba klaviatuur ja hiir MOFII komplekt t\u00f6\u00f6laual\"><\/p>\n<p>MOFII 666 juhtmevaba klaviatuuri ja hiire komplekt on suurep\u00e4rane valik nendele, kes otsivad mugavust ja stiilset disaini. Komplekt t\u00f6\u00f6tab 2,4 GHz sagedusel ning tagab stabiilse ja kiire \u00fchenduse kuni 10 meetri raadiuses. Efektne sinine v\u00e4rv toob igasse t\u00f6\u00f6keskkonda isikup\u00e4ra ning muudab komplekti sobivaks nii kodusesse kui ka kontorisse. Juhtmevaba klaviatuur hiir muudab igap\u00e4evased arvutit\u00f6\u00f6d lihtsamaks ja mugavamaks.<\/p>\n<h3>Mugav ja funktsionaalne 112 klahviga klaviatuur<\/h3>\n<p><img decoding=\"async\" src=\"https:\/\/blankpage.ee\/_ruumist-ruumi\/wp-content\/uploads\/2025\/04\/7-430.webp\" alt=\"112 klahviga sinine klaviatuur MOFII, ergonoomiline disain ja \u00fcmarad klahvid\"><\/p>\n<p>MOFII klaviatuuril on 112 \u00fcmmargust klahvi, mille pikaealisus ulatub kuni 8 miljoni vajutuseni. Klaviatuuri alus v\u00f5imaldab 6\u00b0 kaldenurka, et v\u00e4hendada randmete v\u00e4simust isegi pikema t\u00f6\u00f6 jooksul. Lisaks tagavad 18 funktsiooniklahvi kiire ligip\u00e4\u00e4su sagedamini kasutatavatele rakendustele ja seadetele \u2013 n\u00e4iteks meedia juhtimiseks, brauseri avamiseks v\u00f5i e-kirjade saatmiseks.<\/p>\n<h3>Juhtmevaba hiir t\u00e4pseks ja sujuvaks t\u00f6\u00f6ks<\/h3>\n<p><img decoding=\"async\" src=\"https:\/\/blankpage.ee\/_ruumist-ruumi\/wp-content\/uploads\/2025\/04\/9-180.webp\" alt=\"Sinine juhtmevaba hiir MOFII, kolme nupuga ja kerimisrattaga\"><\/p>\n<p>Komplekti kuuluv juhtmevaba hiir v\u00f5imaldab t\u00e4pset t\u00f6\u00f6d 1200 DPI lahutusv\u00f5imega ning selle 3 nupul on eluiga kuni 3 miljonit vajutust. T\u00e4nu plug &#038; play lahendusele on seadistamine lihtne ning kiire, mis v\u00f5imaldab kiirelt t\u00f6\u00f6le asuda nii kodus kui kontoris. Juhtmevaba klaviatuur hiir v\u00f5imaldab keskenduda t\u00f6\u00f6le ilma viivituste ja segajateta.<\/p>\n<h3>S\u00e4\u00e4stlikkus ja lai \u00fchilduvus<\/h3>\n<p><img decoding=\"async\" src=\"https:\/\/blankpage.ee\/_ruumist-ruumi\/wp-content\/uploads\/2025\/04\/11-45.webp\" alt=\"Mitmev\u00e4rvilised juhtmevabad klaviatuuri ja hiire komplektid \u2013 MOFII mudelid laual\"><\/p>\n<p>MOFII komplekt t\u00f6\u00f6tab k\u00f5igi p\u00f5hiliste Windows operatsioonis\u00fcsteemidega alates Windows 2000-st kuni Windows 10-ni. M\u00f5lemad seadmed on varustatud kolme energias\u00e4\u00e4sture\u017eiimi ja pika patareide t\u00f6\u00f6eaga. Klaviatuur kasutab \u00fchte AAA-patareid ning hiir \u00fchte AA-patareid (patareid ei kuulu komplekti). Juhtmevaba klaviatuur hiir MOFII on saadaval viies erinevas v\u00e4rvitoonis, mille seast leiab iga\u00fcks sobiva.<\/p>\n<div class=\"table-wrapper\">\n<table>\n<tbody>\n<tr>\n<th>Tootja<\/th>\n<td>MOFII<\/td>\n<\/tr>\n<tr>\n<th>Mudel<\/th>\n<td>SMK-666395AG Blue<\/td>\n<\/tr>\n<tr>\n<th>Klaviatuuri t\u00fc\u00fcp<\/th>\n<td>Kummimembraan<\/td>\n<\/tr>\n<tr>\n<th>\u00dchendus<\/th>\n<td>Juhtmevaba (2,4 GHz)<\/td>\n<\/tr>\n<tr>\n<th>Leviulatus<\/th>\n<td>6\u201310 m<\/td>\n<\/tr>\n<tr>\n<th>Hiire tundlikkus<\/th>\n<td>1200 DPI<\/td>\n<\/tr>\n<tr>\n<th>Klaviatuuri m\u00f5\u00f5dud<\/th>\n<td>u 443 \u00d7 138 \u00d7 29 mm<\/td>\n<\/tr>\n<tr>\n<th>Hiire m\u00f5\u00f5dud<\/th>\n<td>u 69 \u00d7 105 \u00d7 36 mm<\/td>\n<\/tr>\n<tr>\n<th>Klahvide arv klaviatuuril<\/th>\n<td>112<\/td>\n<\/tr>\n<tr>\n<th>Hiirenuppe<\/th>\n<td>3<\/td>\n<\/tr>\n<tr>\n<th>Klahvide eluiga<\/th>\n<td>8 000 000 vajutust<\/td>\n<\/tr>\n<tr>\n<th>Hiire nuppude eluiga<\/th>\n<td>3 000 000 vajutust<\/td>\n<\/tr>\n<tr>\n<th>Kasutamiseks vajalikud patareid<\/th>\n<td>Klaviatuur: 1\u00d7AAA, hiir: 1\u00d7AA<\/td>\n<\/tr>\n<tr>\n<th>\u00dchilduvus<\/th>\n<td>Windows 2000\/XP\/Me\/VISTA\/7\/8\/10<\/td>\n<\/tr>\n<tr>\n<th>V\u00e4rvus<\/th>\n<td>Sinine<\/td>\n<\/tr>\n<tr>\n<th>Lisafunktsioonid<\/th>\n<td>18 funktsiooniklahvi, 3 energias\u00e4\u00e4sture\u017eiimi<\/td>\n<\/tr>\n<\/tbody>\n<\/table>\n<\/div>\n","protected":false},"excerpt":{"rendered":"<p>Juhtmevaba klaviatuuri ja hiire komplekt MOFII 666 (sinine) MOFII 666 juhtmevaba klaviatuuri ja hiire komplekt on suurep\u00e4rane valik nendele, kes otsivad mugavust ja stiilset disaini. Komplekt t\u00f6\u00f6tab 2,4 GHz sagedusel ning tagab stabiilse ja kiire \u00fchenduse kuni 10 meetri raadiuses. Efektne sinine v\u00e4rv toob igasse t\u00f6\u00f6keskkonda isikup\u00e4ra ning muudab komplekti sobivaks nii kodusesse kui ka [&hellip;]<\/p>\n","protected":false},"featured_media":176616,"comment_status":"open","ping_status":"open","template":"","meta":[],"product_brand":[3014],"product_cat":[3145],"product_tag":[],"class_list":{"0":"post-176611","1":"product","2":"type-product","3":"status-publish","4":"has-post-thumbnail","6":"product_brand-mofii","7":"product_cat-klaviatuuri-ja-hiire-komplektid","8":"product_shipping_class-innpro","10":"first","11":"instock","12":"sale","13":"taxable","14":"shipping-taxable","15":"purchasable","16":"product-type-simple"},"_links":{"self":[{"href":"https:\/\/blankpage.ee\/_ruumist-ruumi\/wp-json\/wp\/v2\/product\/176611","targetHints":{"allow":["GET"]}}],"collection":[{"href":"https:\/\/blankpage.ee\/_ruumist-ruumi\/wp-json\/wp\/v2\/product"}],"about":[{"href":"https:\/\/blankpage.ee\/_ruumist-ruumi\/wp-json\/wp\/v2\/types\/product"}],"replies":[{"embeddable":true,"href":"https:\/\/blankpage.ee\/_ruumist-ruumi\/wp-json\/wp\/v2\/comments?post=176611"}],"wp:featuredmedia":[{"embeddable":true,"href":"https:\/\/blankpage.ee\/_ruumist-ruumi\/wp-json\/wp\/v2\/media\/176616"}],"wp:attachment":[{"href":"https:\/\/blankpage.ee\/_ruumist-ruumi\/wp-json\/wp\/v2\/media?parent=176611"}],"wp:term":[{"taxonomy":"product_brand","embeddable":true,"href":"https:\/\/blankpage.ee\/_ruumist-ruumi\/wp-json\/wp\/v2\/product_brand?post=176611"},{"taxonomy":"product_cat","embeddable":true,"href":"https:\/\/blankpage.ee\/_ruumist-ruumi\/wp-json\/wp\/v2\/product_cat?post=176611"},{"taxonomy":"product_tag","embeddable":true,"href":"https:\/\/blankpage.ee\/_ruumist-ruumi\/wp-json\/wp\/v2\/product_tag?post=176611"}],"curies":[{"name":"wp","href":"https:\/\/api.w.org\/{rel}","templated":true}]}}