{"id":178326,"date":"2025-04-22T09:15:40","date_gmt":"2025-04-22T09:15:40","guid":{"rendered":"https:\/\/ruumistruumi.ee\/pood\/rgb-mehaaniline-klaviatuur-royal-kludge-rkh81-sky-cyan-lulitid-3750-mah-valge\/"},"modified":"2025-05-26T14:15:14","modified_gmt":"2025-05-26T14:15:14","slug":"rgb-mehaaniline-klaviatuur-royal-kludge-rkh81-sky-cyan-lulitid-3750-mah-valge","status":"publish","type":"product","link":"https:\/\/blankpage.ee\/_ruumist-ruumi\/pood\/rgb-mehaaniline-klaviatuur-royal-kludge-rkh81-sky-cyan-lulitid-3750-mah-valge\/","title":{"rendered":"RGB mehaaniline klaviatuur Royal Kludge RKH81, Sky Cyan l\u00fclitid, 3750 mAh, valge"},"content":{"rendered":"<h3>RGB mehaaniline klaviatuur Royal Kludge RKH81, Sky Cyan l\u00fclitid (valge)<\/h3>\n<p>RGB mehaaniline klaviatuur Royal Kludge RKH81 sobib suurep\u00e4raselt nii m\u00e4nguritele kui kontorit\u00f6\u00f6ks. See kompaktne ja vastupidav klaviatuur pakub mitmek\u00fclgseid \u00fchendusv\u00f5imalusi ja hotswap-l\u00fcliteid, mis v\u00f5imaldavad kiiret kohandamist. T\u00e4nu paindlikule seadistusele ning isikup\u00e4rasele taustvalgustusele leiad alati sobiva seadistuse nii t\u00f6\u00f6ks kui vaba aja veetmiseks.<\/p>\n<p><img decoding=\"async\" src=\"https:\/\/blankpage.ee\/_ruumist-ruumi\/wp-content\/uploads\/2025\/04\/8-292.webp\" alt=\"Valge RGB mehaaniline klaviatuur laual, v\u00e4rvikas taustvalgustus ja minimalistlik disain\"><\/p>\n<h3>Kohandatav RGB mehaaniline klaviatuur m\u00e4ngimiseks ja t\u00f6\u00f6ks<\/h3>\n<p>Royal Kludge RKH81 v\u00f5imaldab valida kolme \u00fchendusviisi: USB-C kaabel, 2.4 GHz juhtmevaba \u00fchendus ning Bluetooth kuni kolme seadmega. Klaviatuuriga kaasasolev tolmu- ja pritsmekindel kate hoiab seadme alati puhtana, pakkudes lisakaitset intensiivsematel seanssidel. Seet\u00f5ttu sobib RKH81 igaks olukorraks \u2013 nii kodus, t\u00f6\u00f6l kui liikvel olles.<\/p>\n<p><img decoding=\"async\" src=\"https:\/\/blankpage.ee\/_ruumist-ruumi\/wp-content\/uploads\/2025\/04\/1-849.webp\" alt=\"Mehaaniline klaviatuur tolmukattega k\u00fclgvaates, minimalistliku v\u00e4limusega\"><\/p>\n<h3>Vaikne ja mugav kasutuskogemus<\/h3>\n<p>Mitmekihiline konstruktsioon v\u00e4hendab oluliselt klaviatuuri heli, sobides ideaalselt ka \u00f5htuseks m\u00e4ngimiseks ilma teisi segamata. Suuremad stabiilsed klahvid ja libisemiskindlad jalad tagavad mugava ning turvalise kasutuse. RGB-taustvalgustus, millel on \u00fcle 16 miljoni v\u00e4rvitooni ja 14 erinevat re\u017eiimi, v\u00f5imaldab isikup\u00e4rastada iga kirjutamiskogemust.<\/p>\n<p><img decoding=\"async\" src=\"https:\/\/blankpage.ee\/_ruumist-ruumi\/wp-content\/uploads\/2025\/04\/7-474.webp\" alt=\"Valge m\u00e4nguriklaviatuur laual, mitmekihilised vaiksed klahvid ja efektne RGB-taustvalgus\"><\/p>\n<h3>T\u00e4iesti sinu n\u00e4gu \u2013 t\u00e4ielikult seadistatavad funktsioonid<\/h3>\n<p>Dedikeeritud arvutitarkvaraga saad \u00fcmber programmeerida klahvide funktsioone ja muuta taustvalgustuse mustreid vastavalt enda eelistustele. Hotswap-l\u00fclitite tugi v\u00f5imaldab ise l\u00fcliteid mugavalt vahetada ilma \u00f5mblusteta ja t\u00f6\u00f6riistad on karbis kaasas.<\/p>\n<p><img decoding=\"async\" src=\"https:\/\/blankpage.ee\/_ruumist-ruumi\/wp-content\/uploads\/2025\/04\/5-602.webp\" alt=\"L\u00e4hedalt klaviatuur ja kaasas olevad Sky Cyan l\u00fclitid ning vahetusriist\"><\/p>\n<h3>Pika akuga RGB mehaaniline klaviatuur<\/h3>\n<p>Klaviatuuris peitub 3750 mAh aku, mis tagab kuni 220 tundi kasutusaega \u00fche laadimisega. Integreeritud ekraanilt n\u00e4ed aku taset kiirelt ning saad olla kindel, et klaviatuur ei vea sind alt ka pikemate m\u00e4ngusessioonide jooksul.<\/p>\n<p><img decoding=\"async\" src=\"https:\/\/blankpage.ee\/_ruumist-ruumi\/wp-content\/uploads\/2025\/04\/4-694.webp\" alt=\"Royal Kludge mehaaniline klaviatuur, aku taseme n\u00e4idik integreeritud esipaneelil\"><\/p>\n<h3>Lai \u00fchilduvus ja rikkalik komplekt<\/h3>\n<p>Royal Kludge RKH81 \u00fchildub Windowsi, Mac OS-i, Androidi ja Linuxiga. Klaviatuuri saad kasutada koos arvuti, nutitelefoni v\u00f5i isegi teiste tarvikutega. Komplektiga on kaasas klaviatuur, neli varul\u00fclitit, l\u00fclitite eemaldamise t\u00f6\u00f6riist, USB\u2011C kaabel ja kasutusjuhend.<\/p>\n<p><img decoding=\"async\" src=\"https:\/\/blankpage.ee\/_ruumist-ruumi\/wp-content\/uploads\/2025\/04\/3-747.webp\" alt=\"RGB-taustvalgustusega RKH81 klaviatuur t\u00f6\u00f6pinnal, kaasaegne ja hubane t\u00f6\u00f6koht\"><\/p>\n<div class=\"table-wrapper\">\n<table>\n<tbody>\n<tr>\n<th>Tootja<\/th>\n<td>Royal Kludge<\/td>\n<\/tr>\n<tr>\n<th>Mudel<\/th>\n<td>RKH81 Sky Cyan Switch<\/td>\n<\/tr>\n<tr>\n<th>M\u00f5\u00f5dud<\/th>\n<td>335,8 \u00d7 142 \u00d7 40 mm<\/td>\n<\/tr>\n<tr>\n<th>Klahvide arv<\/th>\n<td>81<\/td>\n<\/tr>\n<tr>\n<th>Taustvalgustus<\/th>\n<td>RGB \/ \u00fchev\u00e4rviline<\/td>\n<\/tr>\n<tr>\n<th>L\u00fclitite t\u00fc\u00fcp<\/th>\n<td>Mehaaniline (hotswap v\u00f5imalus)<\/td>\n<\/tr>\n<tr>\n<th>Akumaht<\/th>\n<td>3750 mAh<\/td>\n<\/tr>\n<tr>\n<th>T\u00f6\u00f6aeg<\/th>\n<td>kuni 220 tundi<\/td>\n<\/tr>\n<tr>\n<th>\u00dchendused<\/th>\n<td>USB-C, Bluetooth, 2.4 GHz juhtmevaba<\/td>\n<\/tr>\n<\/tbody>\n<\/table>\n<\/div>\n","protected":false},"excerpt":{"rendered":"<p>RGB mehaaniline klaviatuur Royal Kludge RKH81, Sky Cyan l\u00fclitid (valge) RGB mehaaniline klaviatuur Royal Kludge RKH81 sobib suurep\u00e4raselt nii m\u00e4nguritele kui kontorit\u00f6\u00f6ks. See kompaktne ja vastupidav klaviatuur pakub mitmek\u00fclgseid \u00fchendusv\u00f5imalusi ja hotswap-l\u00fcliteid, mis v\u00f5imaldavad kiiret kohandamist. T\u00e4nu paindlikule seadistusele ning isikup\u00e4rasele taustvalgustusele leiad alati sobiva seadistuse nii t\u00f6\u00f6ks kui vaba aja veetmiseks. Kohandatav RGB mehaaniline [&hellip;]<\/p>\n","protected":false},"featured_media":178402,"comment_status":"open","ping_status":"open","template":"","meta":[],"product_brand":[3152],"product_cat":[3126],"product_tag":[],"class_list":{"0":"post-178326","1":"product","2":"type-product","3":"status-publish","4":"has-post-thumbnail","6":"product_brand-royal-kludge","7":"product_cat-juhtmega-klaviatuurid","8":"product_shipping_class-innpro","10":"first","11":"outofstock","12":"taxable","13":"shipping-taxable","14":"purchasable","15":"product-type-simple"},"_links":{"self":[{"href":"https:\/\/blankpage.ee\/_ruumist-ruumi\/wp-json\/wp\/v2\/product\/178326","targetHints":{"allow":["GET"]}}],"collection":[{"href":"https:\/\/blankpage.ee\/_ruumist-ruumi\/wp-json\/wp\/v2\/product"}],"about":[{"href":"https:\/\/blankpage.ee\/_ruumist-ruumi\/wp-json\/wp\/v2\/types\/product"}],"replies":[{"embeddable":true,"href":"https:\/\/blankpage.ee\/_ruumist-ruumi\/wp-json\/wp\/v2\/comments?post=178326"}],"wp:featuredmedia":[{"embeddable":true,"href":"https:\/\/blankpage.ee\/_ruumist-ruumi\/wp-json\/wp\/v2\/media\/178402"}],"wp:attachment":[{"href":"https:\/\/blankpage.ee\/_ruumist-ruumi\/wp-json\/wp\/v2\/media?parent=178326"}],"wp:term":[{"taxonomy":"product_brand","embeddable":true,"href":"https:\/\/blankpage.ee\/_ruumist-ruumi\/wp-json\/wp\/v2\/product_brand?post=178326"},{"taxonomy":"product_cat","embeddable":true,"href":"https:\/\/blankpage.ee\/_ruumist-ruumi\/wp-json\/wp\/v2\/product_cat?post=178326"},{"taxonomy":"product_tag","embeddable":true,"href":"https:\/\/blankpage.ee\/_ruumist-ruumi\/wp-json\/wp\/v2\/product_tag?post=178326"}],"curies":[{"name":"wp","href":"https:\/\/api.w.org\/{rel}","templated":true}]}}