{"id":178961,"date":"2025-04-22T09:51:29","date_gmt":"2025-04-22T09:51:29","guid":{"rendered":"https:\/\/ruumistruumi.ee\/pood\/klaasiga-arvutikorpus-darkflash-ds900-air-atx-must\/"},"modified":"2025-08-21T08:17:49","modified_gmt":"2025-08-21T08:17:49","slug":"klaasiga-arvutikorpus-darkflash-ds900-air-atx-must","status":"publish","type":"product","link":"https:\/\/blankpage.ee\/_ruumist-ruumi\/pood\/klaasiga-arvutikorpus-darkflash-ds900-air-atx-must\/","title":{"rendered":"Klaasiga arvutikorpus Darkflash DS900 Air (ATX, must)"},"content":{"rendered":"<h3>Klaasiga arvutikorpus Darkflash DS900 AIR (must)<\/h3>\n<p><strong>Klaasiga arvutikorpus<\/strong> Darkflash DS900 AIR \u00fchendab kaasaegse disaini, suurep\u00e4rased jahutusv\u00f5imalused ja paindlikkuse, mis sobib ideaalselt neile, kellele on oluline nii funktsionaalsus kui ka sisemiste komponentide esteetiline esilet\u00f5stmine. Must arvutikorpus karastatud klaaspaneelidega v\u00f5imaldab esile tuua valgusefekte ja riistvara detaile, muutes selle atraktiivseks m\u00e4nguritele ja tehnikahuvilistele. Korpusesse ventilaatorid kaasas ei ole, seega saad ise valida sobivad jahutuslahendused vastavalt vajadustele.<\/p>\n<p><img decoding=\"async\" alt=\"klaasiga arvutikorpus Darkflash DS900 AIR must\" src=\"https:\/\/blankpage.ee\/_ruumist-ruumi\/wp-content\/uploads\/2025\/04\/1-860.webp\" \/><\/p>\n<h3>Kaasaegne stabiilsus ja nutikas lahendus<\/h3>\n<p>Tugevad trapetsikujulised jalad ja vibratsiooni langetavad tallad tagavad, et korpus seisab stabiilselt isegi siis, kui sees t\u00f6\u00f6tavad v\u00f5imsad riistvarakomponendid nagu graafikakaardid v\u00f5i protsessorid. Tark disain minimeerib vibratsiooni nii m\u00e4ngimise kui ka t\u00f6\u00f6 ajal.<\/p>\n<p><img decoding=\"async\" alt=\"arvutikorpuse stabiilsed jalad ja funktsionaalne disain\" src=\"https:\/\/blankpage.ee\/_ruumist-ruumi\/wp-content\/uploads\/2025\/04\/2-805.webp\" \/><\/p>\n<h3>Laiendatav ja mugava sisuga korpus<\/h3>\n<p>DS900 AIR sisemus on avar, h\u00e4sti organiseeritud ja lihtsalt hooldatav. V\u00f5imalik on paigaldada kuni kaks 2,5&#8221; SSD ketast ning kaks 3,5&#8221; HDD-d, mis annab piisavalt v\u00f5imalusi andmete hoiustamiseks. Korpusel on seitse laienduspesa, see sobib erinevatele emaplaatidele (ATX, M-ATX, ITX), toetab kuni 425 mm pikkuseid videokaarte ja kuni 170 mm k\u00f5rguseid protsessorijahuteid.<\/p>\n<p><img decoding=\"async\" alt=\"arvutikorpuse avar sisemus ja pesad andmekandjatele\" src=\"https:\/\/blankpage.ee\/_ruumist-ruumi\/wp-content\/uploads\/2025\/04\/6-531.webp\" \/><\/p>\n<h3>Tipptasemel jahutusv\u00f5imalused ja kaitse<\/h3>\n<p>Klaasiga arvutikorpus Darkflash DS900 AIR v\u00f5imaldab erinevaid jahutusv\u00f5imalusi: korpusesse saab paigaldada kuni \u00fcheksa 120 mm ventilaatorit v\u00f5i suuremaid radiaatoreid (veek\u00fclmale k\u00fclgedel kuni 240 mm, \u00fcleval kuni 240 mm \/ 360 mm). Korpuse tagumisel k\u00fcljel paiknev terasv\u00f5rk aitab suurendada ventilatsiooni ja takistab tolmu tungimist arvutisse.<\/p>\n<p><img decoding=\"async\" alt=\"arvutikorpuse jahutuslahendused ja tagumine v\u00f5rk\" src=\"https:\/\/blankpage.ee\/_ruumist-ruumi\/wp-content\/uploads\/2025\/04\/3-759.webp\" \/><\/p>\n<h3>Kasutusmugavus ja kaasaegne \u00fchenduvus<\/h3>\n<p>Toiteplokk asub alumises osas, mis v\u00f5imaldab juhtmed korrektselt ja kompaktselt korraldada ning parandab \u00f5huvoolu. Esipaneelil on k\u00f5ik vajalikud \u00fchendused: USB 3.0, USB 2.0 ja HD Audio liidesed, samuti Power, Reset ja LED-nupud. Kui hindad stiili ja praktilisust \u00fches, on see klaasiga arvutikorpus suurep\u00e4rane valik.<\/p>\n<p><img decoding=\"async\" alt=\"arvutikorpuse esipaneeli \u00fchendused ja funktsionaalsed nupud\" src=\"https:\/\/blankpage.ee\/_ruumist-ruumi\/wp-content\/uploads\/2025\/04\/5-610.webp\" \/><\/p>\n<table>\n<tbody>\n<tr>\n<th>Tootja<\/th>\n<td>Darkflash<\/td>\n<\/tr>\n<tr>\n<th>Mudel<\/th>\n<td>DS900 Air<\/td>\n<\/tr>\n<tr>\n<th>Korpuse t\u00fc\u00fcp<\/th>\n<td>Midi Tower<\/td>\n<\/tr>\n<tr>\n<th>K\u00fclgpaneel<\/th>\n<td>Karastatud klaas<\/td>\n<\/tr>\n<tr>\n<th>Emaplaadi standard<\/th>\n<td>ATX, M-ATX, ITX<\/td>\n<\/tr>\n<tr>\n<th>Toiteploki paigutus<\/th>\n<td>All<\/td>\n<\/tr>\n<tr>\n<th>K\u00f5vaketta pesad<\/th>\n<td>2 x 3.5&#8221; HDD, 2 x 2.5&#8221; SSD<\/td>\n<\/tr>\n<tr>\n<th>Laienduspesi<\/th>\n<td>7<\/td>\n<\/tr>\n<tr>\n<th>Maksimaalne PSU pikkus<\/th>\n<td>250 mm<\/td>\n<\/tr>\n<tr>\n<th>Maksimaalne videokaardi pikkus<\/th>\n<td>425 mm<\/td>\n<\/tr>\n<tr>\n<th>Maksimaalne CPU jahuti k\u00f5rgus<\/th>\n<td>170 mm<\/td>\n<\/tr>\n<tr>\n<th>Ventilaatorite paigutus<\/th>\n<td>K\u00fclg: 120 mm x2<br \/>Taga: 120 mm x1<br \/>\u00dcleval: 120 mm x3 \/ 140 mm x2<br \/>PSU juures: 120 mm x3<\/td>\n<\/tr>\n<tr>\n<th>Veek\u00fclma radiaatorite paigutus<\/th>\n<td>K\u00fclg: 240 mm<br \/>\u00dcleval: 240 mm \/ 360 mm<\/td>\n<\/tr>\n<tr>\n<th>Paigaldatud ventilaatorid<\/th>\n<td>Ei ole<\/td>\n<\/tr>\n<tr>\n<th>\u00dchendused<\/th>\n<td>USB 3.0 x1, USB 2.0 x1, HD Audio<\/td>\n<\/tr>\n<tr>\n<th>M\u00f5\u00f5dud<\/th>\n<td>454 x 218 x 434 mm<\/td>\n<\/tr>\n<tr>\n<th>Kaal<\/th>\n<td>6,53 kg<\/td>\n<\/tr>\n<\/tbody>\n<\/table>\n","protected":false},"excerpt":{"rendered":"<p>Klaasiga arvutikorpus Darkflash DS900 AIR (must) Klaasiga arvutikorpus Darkflash DS900 AIR \u00fchendab kaasaegse disaini, suurep\u00e4rased jahutusv\u00f5imalused ja paindlikkuse, mis sobib ideaalselt neile, kellele on oluline nii funktsionaalsus kui ka sisemiste komponentide esteetiline esilet\u00f5stmine. Must arvutikorpus karastatud klaaspaneelidega v\u00f5imaldab esile tuua valgusefekte ja riistvara detaile, muutes selle atraktiivseks m\u00e4nguritele ja tehnikahuvilistele. Korpusesse ventilaatorid kaasas ei ole, [&hellip;]<\/p>\n","protected":false},"featured_media":178967,"comment_status":"open","ping_status":"open","template":"","meta":[],"product_brand":[2966],"product_cat":[3136],"product_tag":[],"class_list":{"0":"post-178961","1":"product","2":"type-product","3":"status-publish","4":"has-post-thumbnail","6":"product_brand-darkflash","7":"product_cat-ilma-ventilaatoriteta-arvutikorpused","8":"product_shipping_class-innpro","10":"first","11":"instock","12":"sale","13":"taxable","14":"shipping-taxable","15":"purchasable","16":"product-type-simple"},"_links":{"self":[{"href":"https:\/\/blankpage.ee\/_ruumist-ruumi\/wp-json\/wp\/v2\/product\/178961","targetHints":{"allow":["GET"]}}],"collection":[{"href":"https:\/\/blankpage.ee\/_ruumist-ruumi\/wp-json\/wp\/v2\/product"}],"about":[{"href":"https:\/\/blankpage.ee\/_ruumist-ruumi\/wp-json\/wp\/v2\/types\/product"}],"replies":[{"embeddable":true,"href":"https:\/\/blankpage.ee\/_ruumist-ruumi\/wp-json\/wp\/v2\/comments?post=178961"}],"wp:featuredmedia":[{"embeddable":true,"href":"https:\/\/blankpage.ee\/_ruumist-ruumi\/wp-json\/wp\/v2\/media\/178967"}],"wp:attachment":[{"href":"https:\/\/blankpage.ee\/_ruumist-ruumi\/wp-json\/wp\/v2\/media?parent=178961"}],"wp:term":[{"taxonomy":"product_brand","embeddable":true,"href":"https:\/\/blankpage.ee\/_ruumist-ruumi\/wp-json\/wp\/v2\/product_brand?post=178961"},{"taxonomy":"product_cat","embeddable":true,"href":"https:\/\/blankpage.ee\/_ruumist-ruumi\/wp-json\/wp\/v2\/product_cat?post=178961"},{"taxonomy":"product_tag","embeddable":true,"href":"https:\/\/blankpage.ee\/_ruumist-ruumi\/wp-json\/wp\/v2\/product_tag?post=178961"}],"curies":[{"name":"wp","href":"https:\/\/api.w.org\/{rel}","templated":true}]}}