{"id":179048,"date":"2025-04-22T10:09:05","date_gmt":"2025-04-22T10:09:05","guid":{"rendered":"https:\/\/ruumistruumi.ee\/pood\/riidest-ostukott-delux-just-win-mittekootud\/"},"modified":"2025-08-01T01:57:43","modified_gmt":"2025-08-01T01:57:43","slug":"riidest-ostukott-delux-just-win-mittekootud","status":"publish","type":"product","link":"https:\/\/blankpage.ee\/_ruumist-ruumi\/pood\/riidest-ostukott-delux-just-win-mittekootud\/","title":{"rendered":"Riidest ostukott DELUX &#8220;JUST WIN&#8221; mittekootud"},"content":{"rendered":"<h3>Riidest ostukott DELUX &#8220;JUST WIN&#8221; \u2013 vastupidav valik igap\u00e4evaseks kasutamiseks<\/h3>\n<p><img decoding=\"async\" src=\"https:\/\/b2b.innpro.euIMAGE_URL\" alt=\"Valge riidest ostukott kirjaga JUST WIN ja DELUX logoga\" \/><br \/>\nRiidest ostukott on t\u00f5eliselt praktiline valik k\u00f5igile, kes hindavad vastupidavaid ja keskkonnas\u00e4\u00e4stlikke lahendusi. See DELUX &#8220;JUST WIN&#8221; mudel sobib nii m\u00e4nguritele kui ka k\u00f5igile, kellele on oluline mugavus ning vajadus kanda igap\u00e4evaseid tarvikuid v\u00f5i seadmeid.<\/p>\n<p>Minimalistliku kujundusega valge ostukott on esik\u00fcljel efektse &#8220;JUST WIN&#8221; tr\u00fckiga ning varustatud tugeva sangaga. Riidest ostukoti materjal on tugev ning kerge, mist\u00f5ttu on see h\u00f5lpsasti kokkupakitav ning kergesti kaasaskantav. Ideaalne valik s\u00fclearvuti, klaviatuuri v\u00f5i erinevate v\u00e4iksemate vidinate transportimiseks.<\/p>\n<ul>\n<li>Materjal: mittekootud kangas<\/li>\n<li>Kerge, vastupidav ja korduvkasutatav<\/li>\n<li>Universaalne suurus erinevate tarvikute jaoks<\/li>\n<li>Mugav sang, mis sobib ka raskemate esemete kandmiseks<\/li>\n<li>Stiilne &#8220;JUST WIN&#8221; tr\u00fckk ja DELUX br\u00e4ndi logo<\/li>\n<\/ul>\n<p>Kui v\u00e4\u00e4rtustad praktilisust, stiili ja korduvkasutatavust, on see mittekootud riidest ostukott Sulle igati sobiv valik. Tugev ning vastupidav kott aitab Sul lihtsalt ja mugavalt k\u00f5ik vajalikud igap\u00e4evaasjad v\u00f5i m\u00e4ngutarvikud kaasa v\u00f5tta.<\/p>\n","protected":false},"excerpt":{"rendered":"<p>Riidest ostukott DELUX &#8220;JUST WIN&#8221; \u2013 vastupidav valik igap\u00e4evaseks kasutamiseks Riidest ostukott on t\u00f5eliselt praktiline valik k\u00f5igile, kes hindavad vastupidavaid ja keskkonnas\u00e4\u00e4stlikke lahendusi. See DELUX &#8220;JUST WIN&#8221; mudel sobib nii m\u00e4nguritele kui ka k\u00f5igile, kellele on oluline mugavus ning vajadus kanda igap\u00e4evaseid tarvikuid v\u00f5i seadmeid. Minimalistliku kujundusega valge ostukott on esik\u00fcljel efektse &#8220;JUST WIN&#8221; tr\u00fckiga [&hellip;]<\/p>\n","protected":false},"featured_media":179049,"comment_status":"open","ping_status":"open","template":"","meta":[],"product_brand":[3016],"product_cat":[3138],"product_tag":[],"class_list":{"0":"post-179048","1":"product","2":"type-product","3":"status-publish","4":"has-post-thumbnail","6":"product_brand-delux","7":"product_cat-muud-tarvikud-manguritele","8":"product_shipping_class-innpro","10":"first","11":"instock","12":"sale","13":"taxable","14":"shipping-taxable","15":"purchasable","16":"product-type-simple"},"_links":{"self":[{"href":"https:\/\/blankpage.ee\/_ruumist-ruumi\/wp-json\/wp\/v2\/product\/179048","targetHints":{"allow":["GET"]}}],"collection":[{"href":"https:\/\/blankpage.ee\/_ruumist-ruumi\/wp-json\/wp\/v2\/product"}],"about":[{"href":"https:\/\/blankpage.ee\/_ruumist-ruumi\/wp-json\/wp\/v2\/types\/product"}],"replies":[{"embeddable":true,"href":"https:\/\/blankpage.ee\/_ruumist-ruumi\/wp-json\/wp\/v2\/comments?post=179048"}],"wp:featuredmedia":[{"embeddable":true,"href":"https:\/\/blankpage.ee\/_ruumist-ruumi\/wp-json\/wp\/v2\/media\/179049"}],"wp:attachment":[{"href":"https:\/\/blankpage.ee\/_ruumist-ruumi\/wp-json\/wp\/v2\/media?parent=179048"}],"wp:term":[{"taxonomy":"product_brand","embeddable":true,"href":"https:\/\/blankpage.ee\/_ruumist-ruumi\/wp-json\/wp\/v2\/product_brand?post=179048"},{"taxonomy":"product_cat","embeddable":true,"href":"https:\/\/blankpage.ee\/_ruumist-ruumi\/wp-json\/wp\/v2\/product_cat?post=179048"},{"taxonomy":"product_tag","embeddable":true,"href":"https:\/\/blankpage.ee\/_ruumist-ruumi\/wp-json\/wp\/v2\/product_tag?post=179048"}],"curies":[{"name":"wp","href":"https:\/\/api.w.org\/{rel}","templated":true}]}}