{"id":179101,"date":"2025-04-22T10:18:49","date_gmt":"2025-04-22T10:18:49","guid":{"rendered":"https:\/\/ruumistruumi.ee\/pood\/mobiilne-mangukontroller-gamesir-x2-pro-white-usb-c-telefonikinnitusega\/"},"modified":"2025-05-18T14:43:52","modified_gmt":"2025-05-18T14:43:52","slug":"mobiilne-mangukontroller-gamesir-x2-pro-white-usb-c-telefonikinnitusega","status":"publish","type":"product","link":"https:\/\/blankpage.ee\/_ruumist-ruumi\/pood\/mobiilne-mangukontroller-gamesir-x2-pro-white-usb-c-telefonikinnitusega\/","title":{"rendered":"Mobiilne m\u00e4ngukontroller GameSir X2 Pro White USB-C, telefonikinnitusega"},"content":{"rendered":"<h3>Mobiilne m\u00e4ngukontroller GameSir X2 Pro White USB-C, telefonikinnitusega<\/h3>\n<p>Mobiilne m\u00e4ngukontroller GameSir X2 Pro White on loodud n\u00f5udlikule m\u00e4ngijale, kes soovib nautida sujuvat ja t\u00e4pset m\u00e4ngukogemust oma nutitelefonil. Kontroller \u00fchendub otse telefoni USB-C pessa, pakkudes kiiret ja stabiilset \u00fchendust, mille tulemusena on nupuvajutustele praktiliselt puuduv viivitus. See muudab seadme ideaalseks intensiivsete ja reaktsioonikiirust n\u00f5udvate m\u00e4ngude m\u00e4ngimiseks.<\/p>\n<p><img decoding=\"async\" src=\"https:\/\/blankpage.ee\/_ruumist-ruumi\/wp-content\/uploads\/2025\/04\/3-766.webp\" border=\"0\" alt=\"Valge mobiilne m\u00e4ngukontroller GameSir X2 Pro USB-C \u00fchendusega\"\/><\/p>\n<h3>Viivitusteta USB-C \u00fchendus ja laadimine \u00fcheaegselt<\/h3>\n<p>Mobiilne m\u00e4ngukontroller \u00fchendub otse sinu telefoniga USB-C kaudu, mis tagab \u00fclikiire reageerimise ja v\u00f5imaldab m\u00e4ngimise ajal telefoni samaaegselt laadida. Seet\u00f5ttu sobib seade ideaalselt pikemateks m\u00e4ngusessioonideks, ilma et peaksid aku p\u00e4rast muretsema. Sarnased universaalsed telefonikinnitusega m\u00e4ngukontrollerid t\u00f5usevad j\u00e4rjest enam m\u00e4ngurite seas esile.<\/p>\n<p><img decoding=\"async\" src=\"https:\/\/blankpage.ee\/_ruumist-ruumi\/wp-content\/uploads\/2025\/04\/4-704.webp\" border=\"0\" alt=\"USB-C \u00fchendusega mobiilne m\u00e4ngukontroller valges toonis\"\/><\/p>\n<h3>Laiad seadistusv\u00f5imalused GameSir rakendusega<\/h3>\n<p>GameSir rakendus v\u00f5imaldab sul klahvide asetust isikup\u00e4rastada, et kohandada kontrollerit just enda m\u00e4ngustiili j\u00e4rgi. T\u00e4nu sellele saab mobiilset m\u00e4ngukontrollerit kasutada isegi m\u00e4ngudes, mis tavaliselt ei toeta eraldiseisvaid kontrollereid, mis teeb seadme veelgi mitmek\u00fclgsemaks.<\/p>\n<p><img decoding=\"async\" src=\"https:\/\/blankpage.ee\/_ruumist-ruumi\/wp-content\/uploads\/2025\/04\/2-809.webp\" border=\"0\" alt=\"GameSir X2 Pro mobiilikontrolleri seadete kohandamine rakenduse kaudu\"\/><\/p>\n<h3>Kvaliteetsed komponendid ja t\u00f6\u00f6kindlus<\/h3>\n<p>GameSir X2 Pro kasutab Kailh mikrol\u00fcliteid, mille eluiga on kuni 3 miljonit klikki, ning varustatud Hall Effect Magnet-anduritega analoogtrigrite ja Alps analoogkangidega. Need tehnoloogiad tagavad kindla ja t\u00e4pse juhitavuse, mida ootad tipptasemel mobiilselt m\u00e4ngukontrollerilt.<\/p>\n<p><img decoding=\"async\" src=\"https:\/\/blankpage.ee\/_ruumist-ruumi\/wp-content\/uploads\/2025\/04\/7-485.webp\" border=\"0\" alt=\"GameSir X2 Pro mobiilse m\u00e4ngukontrolleri detailvaade analoogkangidele ja nuppudele\"\/><\/p>\n<h3>Ergonoomiline disain ja mugavus<\/h3>\n<p>Kerge, vaid 179-grammine mobiilne m\u00e4ngukontroller on loodud mugavat haaret ja head ergonoomikat silmas pidades. Sellega on kaasas vahetatavad analoogkangi katted, mis suurendavad kasutusmugavust ja sobivad erineva k\u00e4e suurusega m\u00e4ngijatele.<\/p>\n<p><img decoding=\"async\" src=\"https:\/\/blankpage.ee\/_ruumist-ruumi\/wp-content\/uploads\/2025\/04\/8-302.webp\" border=\"0\" alt=\"Ergonoomiline mobiilne m\u00e4ngukontroller vahetatavate katetega\"\/><\/p>\n<h3>Komplekti sisu<\/h3>\n<ul>\n<li>GameSir X2 Pro m\u00e4ngukontroller<\/li>\n<li>Kandekarp<\/li>\n<li>2x n\u00f5gus ja 2x kumer analoogkangi kate<\/li>\n<li>Xbox Game Pass Ultimate kaart<\/li>\n<li>Kasutusjuhend<\/li>\n<li>Tugikaart ja t\u00e4nukaart<\/li>\n<li>GameSir kleebis<\/li>\n<li>Sertifikaat<\/li>\n<\/ul>\n<h3>Tehnilised andmed<\/h3>\n<table>\n<tr>\n<th>Br\u00e4nd<\/th>\n<td>GameSir<\/td>\n<\/tr>\n<tr>\n<th>Mudel<\/th>\n<td>X2 Pro<\/td>\n<\/tr>\n<tr>\n<th>V\u00e4rv<\/th>\n<td>Valge<\/td>\n<\/tr>\n<tr>\n<th>Klahvide eluiga<\/th>\n<td>3 miljonit klikki<\/td>\n<\/tr>\n<tr>\n<th>Mikrol\u00fclitid<\/th>\n<td>Kailh<\/td>\n<\/tr>\n<tr>\n<th>Aktiveerimise kaugus<\/th>\n<td>0,6 mm<\/td>\n<\/tr>\n<tr>\n<th>Vajutusj\u00f5ud<\/th>\n<td>75\u00b110g<\/td>\n<\/tr>\n<tr>\n<th>Kaal<\/th>\n<td>179 g<\/td>\n<\/tr>\n<tr>\n<th>M\u00f5\u00f5dud<\/th>\n<td>184 \u00d7 85 \u00d7 37 mm<\/td>\n<\/tr>\n<tr>\n<th>Analoogtrigrid<\/th>\n<td>Jah, Hall Effect Magnet-anduritega<\/td>\n<\/tr>\n<tr>\n<th>Analoogkangid<\/th>\n<td>Jah, Alps<\/td>\n<\/tr>\n<tr>\n<th>\u00dchilduvus<\/th>\n<td>Telefonid pikkusega 110\u2013179 mm<\/td>\n<\/tr>\n<\/table>\n","protected":false},"excerpt":{"rendered":"<p>Mobiilne m\u00e4ngukontroller GameSir X2 Pro White USB-C, telefonikinnitusega Mobiilne m\u00e4ngukontroller GameSir X2 Pro White on loodud n\u00f5udlikule m\u00e4ngijale, kes soovib nautida sujuvat ja t\u00e4pset m\u00e4ngukogemust oma nutitelefonil. Kontroller \u00fchendub otse telefoni USB-C pessa, pakkudes kiiret ja stabiilset \u00fchendust, mille tulemusena on nupuvajutustele praktiliselt puuduv viivitus. See muudab seadme ideaalseks intensiivsete ja reaktsioonikiirust n\u00f5udvate m\u00e4ngude m\u00e4ngimiseks. [&hellip;]<\/p>\n","protected":false},"featured_media":179107,"comment_status":"open","ping_status":"open","template":"","meta":[],"product_brand":[3174],"product_cat":[3122],"product_tag":[],"class_list":{"0":"post-179101","1":"product","2":"type-product","3":"status-publish","4":"has-post-thumbnail","6":"product_brand-gamesir","7":"product_cat-mangukontrollerid","8":"product_shipping_class-innpro","10":"first","11":"outofstock","12":"taxable","13":"shipping-taxable","14":"purchasable","15":"product-type-simple"},"_links":{"self":[{"href":"https:\/\/blankpage.ee\/_ruumist-ruumi\/wp-json\/wp\/v2\/product\/179101","targetHints":{"allow":["GET"]}}],"collection":[{"href":"https:\/\/blankpage.ee\/_ruumist-ruumi\/wp-json\/wp\/v2\/product"}],"about":[{"href":"https:\/\/blankpage.ee\/_ruumist-ruumi\/wp-json\/wp\/v2\/types\/product"}],"replies":[{"embeddable":true,"href":"https:\/\/blankpage.ee\/_ruumist-ruumi\/wp-json\/wp\/v2\/comments?post=179101"}],"wp:featuredmedia":[{"embeddable":true,"href":"https:\/\/blankpage.ee\/_ruumist-ruumi\/wp-json\/wp\/v2\/media\/179107"}],"wp:attachment":[{"href":"https:\/\/blankpage.ee\/_ruumist-ruumi\/wp-json\/wp\/v2\/media?parent=179101"}],"wp:term":[{"taxonomy":"product_brand","embeddable":true,"href":"https:\/\/blankpage.ee\/_ruumist-ruumi\/wp-json\/wp\/v2\/product_brand?post=179101"},{"taxonomy":"product_cat","embeddable":true,"href":"https:\/\/blankpage.ee\/_ruumist-ruumi\/wp-json\/wp\/v2\/product_cat?post=179101"},{"taxonomy":"product_tag","embeddable":true,"href":"https:\/\/blankpage.ee\/_ruumist-ruumi\/wp-json\/wp\/v2\/product_tag?post=179101"}],"curies":[{"name":"wp","href":"https:\/\/api.w.org\/{rel}","templated":true}]}}