{"id":179606,"date":"2025-04-22T12:06:47","date_gmt":"2025-04-22T12:06:47","guid":{"rendered":"https:\/\/ruumistruumi.ee\/pood\/vr-linkkaabel-5m-kiwi-design-ql105-meta-quest-2-3-pro-pico-4-usb-3-0-usb-c-5-gb-s-must\/"},"modified":"2025-05-12T06:47:49","modified_gmt":"2025-05-12T06:47:49","slug":"vr-linkkaabel-5m-kiwi-design-ql105-meta-quest-2-3-pro-pico-4-usb-3-0-usb-c-5-gb-s-must","status":"publish","type":"product","link":"https:\/\/blankpage.ee\/_ruumist-ruumi\/pood\/vr-linkkaabel-5m-kiwi-design-ql105-meta-quest-2-3-pro-pico-4-usb-3-0-usb-c-5-gb-s-must\/","title":{"rendered":"VR linkkaabel 5m Kiwi Design QL105 (Meta Quest 2\/3\/PRO, Pico 4, USB 3.0 \u2013 USB-C, 5 Gb\/s, must)"},"content":{"rendered":"<h3>VR linkkaabel 5m \u2013 \u00fchilduv Meta Quest 2\/3\/PRO ja Pico 4 seadmetega<\/h3>\n<p>Must VR linkkaabel 5m Kiwi Design QL105 pakub suurep\u00e4rast v\u00f5imalust mugavaks ja stabiilseks \u00fchenduseks arvuti ning sinu Meta Quest 2, Quest 3, Quest PRO v\u00f5i Pico 4 VR-prillide vahel. Viie meetri pikkune kaabel annab liikumiseks vajadusel vabadust, olles samal ajal vastupidav ning kiire \u2013 andmeedastuskiirus ulatub kuni 5 Gb\/s t\u00e4nu USB 3.0\u2013USB-C liidesele.<\/p>\n<p>VR linkkaabliga 5m on v\u00f5imalik samaaegselt laadida oma VR-prille t\u00e4nu 3 A voolutugevusele (arvesta, et laadimiskiirus oleneb toiteallikast). Komplekti kuuluvad ka mugavad kaablihoidjad ja rihmad, mis aitavad juhtme kindlalt paigal hoida ja tagavad korra isegi aktiivsemal m\u00e4ngusessioonil, nii kodus kui kontoris.<\/p>\n<p><img decoding=\"async\" src=\"https:\/\/blankpage.ee\/_ruumist-ruumi\/wp-content\/uploads\/2025\/04\/6-566.webp\" alt=\"Must VR linkkaabel 5m Kiwi Design \u2013 USB-A ja USB-C otsad ning kaablihoidjad\"\/><\/p>\n<h3>Tehnilised andmed \u2013 VR linkkaabel 5m<\/h3>\n<table>\n<tr>\n<th>Tootja<\/th>\n<td>Kiwi Design<\/td>\n<\/tr>\n<tr>\n<th>Mudel<\/th>\n<td>QL105<\/td>\n<\/tr>\n<tr>\n<th>V\u00e4rvus<\/th>\n<td>must<\/td>\n<\/tr>\n<tr>\n<th>\u00dchilduvus<\/th>\n<td>Meta Quest 2 \/ Quest 3 \/ Quest PRO \/ Pico 4<\/td>\n<\/tr>\n<tr>\n<th>Pikkus<\/th>\n<td>5 m<\/td>\n<\/tr>\n<tr>\n<th>Andmeedastuskiirus<\/th>\n<td>5 Gb\/s<\/td>\n<\/tr>\n<tr>\n<th>Maksimaalne voolutugevus<\/th>\n<td>3 A<\/td>\n<\/tr>\n<tr>\n<th>Liides<\/th>\n<td>USB 3.0 \u2013 USB-C<\/td>\n<\/tr>\n<\/table>\n<h3>Komplekti kuulub<\/h3>\n<ul>\n<li>VR linkkaabel 5m<\/li>\n<li>2 \u00d7 kaablihoidjat<\/li>\n<li>2 \u00d7 rihma<\/li>\n<li>Kleebis<\/li>\n<li>Kasutusjuhend<\/li>\n<\/ul>\n","protected":false},"excerpt":{"rendered":"<p>VR linkkaabel 5m \u2013 \u00fchilduv Meta Quest 2\/3\/PRO ja Pico 4 seadmetega Must VR linkkaabel 5m Kiwi Design QL105 pakub suurep\u00e4rast v\u00f5imalust mugavaks ja stabiilseks \u00fchenduseks arvuti ning sinu Meta Quest 2, Quest 3, Quest PRO v\u00f5i Pico 4 VR-prillide vahel. Viie meetri pikkune kaabel annab liikumiseks vajadusel vabadust, olles samal ajal vastupidav ning kiire [&hellip;]<\/p>\n","protected":false},"featured_media":179608,"comment_status":"open","ping_status":"open","template":"","meta":[],"product_brand":[3176],"product_cat":[3154],"product_tag":[],"class_list":{"0":"post-179606","1":"product","2":"type-product","3":"status-publish","4":"has-post-thumbnail","6":"product_brand-kiwidesign","7":"product_cat-vr-tarvikud","8":"product_shipping_class-innpro","10":"first","11":"outofstock","12":"taxable","13":"shipping-taxable","14":"purchasable","15":"product-type-simple"},"_links":{"self":[{"href":"https:\/\/blankpage.ee\/_ruumist-ruumi\/wp-json\/wp\/v2\/product\/179606","targetHints":{"allow":["GET"]}}],"collection":[{"href":"https:\/\/blankpage.ee\/_ruumist-ruumi\/wp-json\/wp\/v2\/product"}],"about":[{"href":"https:\/\/blankpage.ee\/_ruumist-ruumi\/wp-json\/wp\/v2\/types\/product"}],"replies":[{"embeddable":true,"href":"https:\/\/blankpage.ee\/_ruumist-ruumi\/wp-json\/wp\/v2\/comments?post=179606"}],"wp:featuredmedia":[{"embeddable":true,"href":"https:\/\/blankpage.ee\/_ruumist-ruumi\/wp-json\/wp\/v2\/media\/179608"}],"wp:attachment":[{"href":"https:\/\/blankpage.ee\/_ruumist-ruumi\/wp-json\/wp\/v2\/media?parent=179606"}],"wp:term":[{"taxonomy":"product_brand","embeddable":true,"href":"https:\/\/blankpage.ee\/_ruumist-ruumi\/wp-json\/wp\/v2\/product_brand?post=179606"},{"taxonomy":"product_cat","embeddable":true,"href":"https:\/\/blankpage.ee\/_ruumist-ruumi\/wp-json\/wp\/v2\/product_cat?post=179606"},{"taxonomy":"product_tag","embeddable":true,"href":"https:\/\/blankpage.ee\/_ruumist-ruumi\/wp-json\/wp\/v2\/product_tag?post=179606"}],"curies":[{"name":"wp","href":"https:\/\/api.w.org\/{rel}","templated":true}]}}