{"id":179618,"date":"2025-04-22T14:21:33","date_gmt":"2025-04-22T14:21:33","guid":{"rendered":"https:\/\/ruumistruumi.ee\/pood\/quest-2-puldikate-kiwi-design-q1-pro-2-meta-quest-2-must\/"},"modified":"2025-08-21T08:17:44","modified_gmt":"2025-08-21T08:17:44","slug":"quest-2-puldikate-kiwi-design-q1-pro-2-meta-quest-2-must","status":"publish","type":"product","link":"https:\/\/blankpage.ee\/_ruumist-ruumi\/pood\/quest-2-puldikate-kiwi-design-q1-pro-2-meta-quest-2-must\/","title":{"rendered":"Quest 2 puldikate Kiwi Design Q1 PRO-2 (Meta Quest 2, must)"},"content":{"rendered":"<h3>Quest 2 puldikate \u2013 Kiwi Design Q1 PRO-2 kaitsekatted Meta Quest 2 pultidele, must<\/h3>\n<p>Kui kasutad Meta Quest 2 VR-prille, tead kindlasti, kui oluline on pulte kaitsta igap\u00e4evase kasutamise k\u00e4igus. Must Quest 2 puldikate Kiwi Design Q1 PRO-2 aitab hoida sinu puldil laitmatu v\u00e4limuse ja pikema eluea. Spetsiaalselt Quest 2 jaoks loodud kaitsekatted tagavad suurep\u00e4rase kaitse p\u00f5rutuste ning kriimustuste eest, pakkudes samas mugavat ja kindlat haaret \u2013 just see, mida vajad aktiivseks VR-m\u00e4ngimiseks.<\/p>\n<p>Kaitsekatted on varustatud reguleeritavate, vastupidavate takjapaelaga rihmadega. T\u00e4nu sellele p\u00fcsivad need kindlalt k\u00e4es ega libise ka pika m\u00e4ngusessiooni ajal. Mittelibisev pind tagab kindlama haarde, v\u00e4hendades kukkumise ja kahjustumise ohtu. Tekstureeritud pind lisab mugavust ning &#8220;L&#8221;- ja &#8220;R&#8221;-t\u00e4hised h\u00f5lbustavad puldi eristamist ka kiiretes olukordades.<\/p>\n<p>Lisa turvalisust pakuvad spetsiaalsed kinnitusr\u00f5ngad, mis hoiavad katte alati kindlalt paigal. Nii saad keskenduda t\u00e4ielikult m\u00e4ngule, muretsemata varustuse p\u00e4rast.<\/p>\n<p>\n  <img decoding=\"async\" src=\"https:\/\/blankpage.ee\/_ruumist-ruumi\/wp-content\/uploads\/2025\/04\/3-796.webp\" alt=\"Must Quest 2 puldikate \u2013 Kiwi Design Q1 PRO-2 VR-pulti kaitsmas, vaade k\u00fcljelt\" \/>\n<\/p>\n<table>\n<tr>\n<th>Tootja<\/th>\n<td>Kiwi Design<\/td>\n<\/tr>\n<tr>\n<th>Mudel<\/th>\n<td>Q1 PRO-2 \/ HJT-268<\/td>\n<\/tr>\n<tr>\n<th>V\u00e4rv<\/th>\n<td>Must<\/td>\n<\/tr>\n<tr>\n<th>\u00dchilduvus<\/th>\n<td>Meta Quest 2<\/td>\n<\/tr>\n<\/table>\n","protected":false},"excerpt":{"rendered":"<p>Quest 2 puldikate \u2013 Kiwi Design Q1 PRO-2 kaitsekatted Meta Quest 2 pultidele, must Kui kasutad Meta Quest 2 VR-prille, tead kindlasti, kui oluline on pulte kaitsta igap\u00e4evase kasutamise k\u00e4igus. Must Quest 2 puldikate Kiwi Design Q1 PRO-2 aitab hoida sinu puldil laitmatu v\u00e4limuse ja pikema eluea. Spetsiaalselt Quest 2 jaoks loodud kaitsekatted tagavad suurep\u00e4rase [&hellip;]<\/p>\n","protected":false},"featured_media":179620,"comment_status":"open","ping_status":"open","template":"","meta":[],"product_brand":[3176],"product_cat":[3154],"product_tag":[],"class_list":{"0":"post-179618","1":"product","2":"type-product","3":"status-publish","4":"has-post-thumbnail","6":"product_brand-kiwidesign","7":"product_cat-vr-tarvikud","8":"product_shipping_class-innpro","10":"first","11":"instock","12":"sale","13":"taxable","14":"shipping-taxable","15":"purchasable","16":"product-type-simple"},"_links":{"self":[{"href":"https:\/\/blankpage.ee\/_ruumist-ruumi\/wp-json\/wp\/v2\/product\/179618","targetHints":{"allow":["GET"]}}],"collection":[{"href":"https:\/\/blankpage.ee\/_ruumist-ruumi\/wp-json\/wp\/v2\/product"}],"about":[{"href":"https:\/\/blankpage.ee\/_ruumist-ruumi\/wp-json\/wp\/v2\/types\/product"}],"replies":[{"embeddable":true,"href":"https:\/\/blankpage.ee\/_ruumist-ruumi\/wp-json\/wp\/v2\/comments?post=179618"}],"wp:featuredmedia":[{"embeddable":true,"href":"https:\/\/blankpage.ee\/_ruumist-ruumi\/wp-json\/wp\/v2\/media\/179620"}],"wp:attachment":[{"href":"https:\/\/blankpage.ee\/_ruumist-ruumi\/wp-json\/wp\/v2\/media?parent=179618"}],"wp:term":[{"taxonomy":"product_brand","embeddable":true,"href":"https:\/\/blankpage.ee\/_ruumist-ruumi\/wp-json\/wp\/v2\/product_brand?post=179618"},{"taxonomy":"product_cat","embeddable":true,"href":"https:\/\/blankpage.ee\/_ruumist-ruumi\/wp-json\/wp\/v2\/product_cat?post=179618"},{"taxonomy":"product_tag","embeddable":true,"href":"https:\/\/blankpage.ee\/_ruumist-ruumi\/wp-json\/wp\/v2\/product_tag?post=179618"}],"curies":[{"name":"wp","href":"https:\/\/api.w.org\/{rel}","templated":true}]}}