{"id":179624,"date":"2025-04-22T14:23:33","date_gmt":"2025-04-22T14:23:33","guid":{"rendered":"https:\/\/ruumistruumi.ee\/pood\/meta-quest-2-kaitsekatted-kiwi-design-q26-2-1-juhtpultidele-valge\/"},"modified":"2025-08-21T08:17:44","modified_gmt":"2025-08-21T08:17:44","slug":"meta-quest-2-kaitsekatted-kiwi-design-q26-2-1-juhtpultidele-valge","status":"publish","type":"product","link":"https:\/\/blankpage.ee\/_ruumist-ruumi\/pood\/meta-quest-2-kaitsekatted-kiwi-design-q26-2-1-juhtpultidele-valge\/","title":{"rendered":"Meta Quest 2 kaitsekatted Kiwi Design Q26-2.1 juhtpultidele, valge"},"content":{"rendered":"<h3>Meta Quest 2 kaitsekatted Kiwi Design Q26-2.1 juhtpultidele (valge)<\/h3>\n<p>Kui kasutad sageli Meta Quest 2 virtuaalreaalsuse komplekti, on oluline, et Sinu juhtpuldid oleks kaitstud. Meta Quest 2 kaitsekatted, ehk Kiwi Design Q26-2.1 silikoonist kaitsmed, tagavad t\u00f5husa kaitse p\u00f5rutuste, kriimustuste ja kukkumiste eest. Nii p\u00fcsivad juhtpuldid kauem t\u00f6\u00f6korras ning puhtad.<\/p>\n<p>Katted on valmistatud vastupidavast ja kvaliteetsest silikoonist. Neid on lihtne hooldada \u2013 vajadusel saab kaitsekatted kiirelt vee all puhtaks pesta. Paindlik materjal haardub tihedalt juhtpuldi \u00fcmber, tagades kindla ja mugava kasutuse ka intensiivsete m\u00e4ngude ajal.<\/p>\n<p>Oluline on, et Meta Quest 2 kaitsekatted ei m\u00f5juta juhtpuldid funktsionaalsust ega takista signaali, nii et k\u00f5ik nupud ja j\u00e4lgimine toimivad tavap\u00e4raselt. Need kaitsekatted on spetsiaalselt loodud Meta Quest 2 puldile ja tagavad t\u00e4pse sobivuse, ilma l\u00f5tku v\u00f5i takistusteta.<\/p>\n<p><img decoding=\"async\" src=\"https:\/\/blankpage.ee\/_ruumist-ruumi\/wp-content\/uploads\/2025\/04\/3-797.webp\" alt=\"Valged Meta Quest 2 kaitsekatted paigaldatud juhtpultidele\" \/><\/p>\n<table>\n<tr>\n<th>Tootja<\/th>\n<td>Kiwi Design<\/td>\n<\/tr>\n<tr>\n<th>Mudel<\/th>\n<td>Q26-2.1\/HJT-337<\/td>\n<\/tr>\n<tr>\n<th>V\u00e4rvus<\/th>\n<td>Valge<\/td>\n<\/tr>\n<tr>\n<th>Materjal<\/th>\n<td>Silikoon<\/td>\n<\/tr>\n<tr>\n<th>\u00dchilduvus<\/th>\n<td>Meta Quest 2<\/td>\n<\/tr>\n<\/table>\n<p>Kui otsid vastupidavaid ja kasutajas\u00f5bralikke Meta Quest 2 kaitsekatesid oma juhtpultidele, on see k\u00f5rgekvaliteediline valik ideaalne lahendus igale VR-entusiastile.<\/p>\n","protected":false},"excerpt":{"rendered":"<p>Meta Quest 2 kaitsekatted Kiwi Design Q26-2.1 juhtpultidele (valge) Kui kasutad sageli Meta Quest 2 virtuaalreaalsuse komplekti, on oluline, et Sinu juhtpuldid oleks kaitstud. Meta Quest 2 kaitsekatted, ehk Kiwi Design Q26-2.1 silikoonist kaitsmed, tagavad t\u00f5husa kaitse p\u00f5rutuste, kriimustuste ja kukkumiste eest. Nii p\u00fcsivad juhtpuldid kauem t\u00f6\u00f6korras ning puhtad. Katted on valmistatud vastupidavast ja kvaliteetsest [&hellip;]<\/p>\n","protected":false},"featured_media":179626,"comment_status":"open","ping_status":"open","template":"","meta":[],"product_brand":[3176],"product_cat":[3154],"product_tag":[],"class_list":{"0":"post-179624","1":"product","2":"type-product","3":"status-publish","4":"has-post-thumbnail","6":"product_brand-kiwidesign","7":"product_cat-vr-tarvikud","8":"product_shipping_class-innpro","10":"first","11":"instock","12":"sale","13":"taxable","14":"shipping-taxable","15":"purchasable","16":"product-type-simple"},"_links":{"self":[{"href":"https:\/\/blankpage.ee\/_ruumist-ruumi\/wp-json\/wp\/v2\/product\/179624","targetHints":{"allow":["GET"]}}],"collection":[{"href":"https:\/\/blankpage.ee\/_ruumist-ruumi\/wp-json\/wp\/v2\/product"}],"about":[{"href":"https:\/\/blankpage.ee\/_ruumist-ruumi\/wp-json\/wp\/v2\/types\/product"}],"replies":[{"embeddable":true,"href":"https:\/\/blankpage.ee\/_ruumist-ruumi\/wp-json\/wp\/v2\/comments?post=179624"}],"wp:featuredmedia":[{"embeddable":true,"href":"https:\/\/blankpage.ee\/_ruumist-ruumi\/wp-json\/wp\/v2\/media\/179626"}],"wp:attachment":[{"href":"https:\/\/blankpage.ee\/_ruumist-ruumi\/wp-json\/wp\/v2\/media?parent=179624"}],"wp:term":[{"taxonomy":"product_brand","embeddable":true,"href":"https:\/\/blankpage.ee\/_ruumist-ruumi\/wp-json\/wp\/v2\/product_brand?post=179624"},{"taxonomy":"product_cat","embeddable":true,"href":"https:\/\/blankpage.ee\/_ruumist-ruumi\/wp-json\/wp\/v2\/product_cat?post=179624"},{"taxonomy":"product_tag","embeddable":true,"href":"https:\/\/blankpage.ee\/_ruumist-ruumi\/wp-json\/wp\/v2\/product_tag?post=179624"}],"curies":[{"name":"wp","href":"https:\/\/api.w.org\/{rel}","templated":true}]}}