{"id":179628,"date":"2025-04-22T14:23:33","date_gmt":"2025-04-22T14:23:33","guid":{"rendered":"https:\/\/ruumistruumi.ee\/pood\/meta-quest-3-peapael-akuga-6400mah-kiwi-design-q31-2-2u-valge\/"},"modified":"2025-06-17T21:07:28","modified_gmt":"2025-06-17T21:07:28","slug":"meta-quest-3-peapael-akuga-6400mah-kiwi-design-q31-2-2u-valge","status":"publish","type":"product","link":"https:\/\/blankpage.ee\/_ruumist-ruumi\/pood\/meta-quest-3-peapael-akuga-6400mah-kiwi-design-q31-2-2u-valge\/","title":{"rendered":"Meta Quest 3 peapael akuga 6400mAh \u2013 Kiwi Design Q31-2.2U, valge"},"content":{"rendered":"<h3>Meta Quest 3 peapael akuga \u2013 Kiwi Design Q31-2.2U, valge<\/h3>\n<p>Meta Quest 3 peapael on m\u00f5eldud pakkuma pikemat ja mugavamat virtuaalreaalsuse kogemust Meta Quest 3 prillide kasutajatele. V\u00f5imas sisseehitatud 6400mAh aku tagab kuni 2\u20134 lisatundi m\u00e4nguaega, et saad nautida oma lemmikm\u00e4nge katkestusteta.<\/p>\n<p>Peapael on valmistatud vastupidavatest materjalidest ning ergonoomiline kuju ja laiad reguleeritavad rihmad (reguleeritavad vahemikus 45\u201375 cm) aitavad jaotada peakomplekti raskust \u00fchtlaselt, v\u00e4hendades koormust ja pakkudes suuremat kandmismugavust ka pikematel seanssidel. M\u00e4luvahust pehmendused lisavad pehmust ning eemaldatav liigend muudab peapaela kinnitamise ja eemaldamise kiireks ja lihtsaks, ka prillidega kasutades.<\/p>\n<p>Stiilne valge disain sobitub suurep\u00e4raselt Meta Quest 3 v\u00e4limusega. Head Strap&#8217;i vastupidav korpus peab vastu ka aktiivsetele m\u00e4ngusessioonidele ning toetab igap\u00e4evast kasutust.<\/p>\n<p><img decoding=\"async\" src=\"https:\/\/blankpage.ee\/_ruumist-ruumi\/wp-content\/uploads\/2025\/04\/3-798.webp\" alt=\"Valge Meta Quest 3 peapael akuga 6400mAh, mugav reguleeritav disain\"\/><\/p>\n<h3>Tehnilised andmed \u2013 Meta Quest 3 peapael<\/h3>\n<table>\n<tbody>\n<tr>\n<th>Tootja<\/th>\n<td>Kiwi Design<\/td>\n<\/tr>\n<tr>\n<th>Mudel<\/th>\n<td>Q31-2.2U \/ HJT-484<\/td>\n<\/tr>\n<tr>\n<th>V\u00e4rvus<\/th>\n<td>Valge<\/td>\n<\/tr>\n<tr>\n<th>Akumaht<\/th>\n<td>6400 mAh<\/td>\n<\/tr>\n<tr>\n<th>Rihma pikkus<\/th>\n<td>Umbes 45\u201375 cm (reguleeritav)<\/td>\n<\/tr>\n<tr>\n<th>\u00dchilduvus<\/th>\n<td>Meta Quest 3<\/td>\n<\/tr>\n<\/tbody>\n<\/table>\n","protected":false},"excerpt":{"rendered":"<p>Meta Quest 3 peapael akuga \u2013 Kiwi Design Q31-2.2U, valge Meta Quest 3 peapael on m\u00f5eldud pakkuma pikemat ja mugavamat virtuaalreaalsuse kogemust Meta Quest 3 prillide kasutajatele. V\u00f5imas sisseehitatud 6400mAh aku tagab kuni 2\u20134 lisatundi m\u00e4nguaega, et saad nautida oma lemmikm\u00e4nge katkestusteta. Peapael on valmistatud vastupidavatest materjalidest ning ergonoomiline kuju ja laiad reguleeritavad rihmad (reguleeritavad [&hellip;]<\/p>\n","protected":false},"featured_media":179630,"comment_status":"open","ping_status":"open","template":"","meta":[],"product_brand":[3176],"product_cat":[3154],"product_tag":[],"class_list":{"0":"post-179628","1":"product","2":"type-product","3":"status-publish","4":"has-post-thumbnail","6":"product_brand-kiwidesign","7":"product_cat-vr-tarvikud","8":"product_shipping_class-innpro","10":"first","11":"outofstock","12":"sale","13":"taxable","14":"shipping-taxable","15":"purchasable","16":"product-type-simple"},"_links":{"self":[{"href":"https:\/\/blankpage.ee\/_ruumist-ruumi\/wp-json\/wp\/v2\/product\/179628","targetHints":{"allow":["GET"]}}],"collection":[{"href":"https:\/\/blankpage.ee\/_ruumist-ruumi\/wp-json\/wp\/v2\/product"}],"about":[{"href":"https:\/\/blankpage.ee\/_ruumist-ruumi\/wp-json\/wp\/v2\/types\/product"}],"replies":[{"embeddable":true,"href":"https:\/\/blankpage.ee\/_ruumist-ruumi\/wp-json\/wp\/v2\/comments?post=179628"}],"wp:featuredmedia":[{"embeddable":true,"href":"https:\/\/blankpage.ee\/_ruumist-ruumi\/wp-json\/wp\/v2\/media\/179630"}],"wp:attachment":[{"href":"https:\/\/blankpage.ee\/_ruumist-ruumi\/wp-json\/wp\/v2\/media?parent=179628"}],"wp:term":[{"taxonomy":"product_brand","embeddable":true,"href":"https:\/\/blankpage.ee\/_ruumist-ruumi\/wp-json\/wp\/v2\/product_brand?post=179628"},{"taxonomy":"product_cat","embeddable":true,"href":"https:\/\/blankpage.ee\/_ruumist-ruumi\/wp-json\/wp\/v2\/product_cat?post=179628"},{"taxonomy":"product_tag","embeddable":true,"href":"https:\/\/blankpage.ee\/_ruumist-ruumi\/wp-json\/wp\/v2\/product_tag?post=179628"}],"curies":[{"name":"wp","href":"https:\/\/api.w.org\/{rel}","templated":true}]}}