{"id":179641,"date":"2025-04-22T15:52:50","date_gmt":"2025-04-22T15:52:50","guid":{"rendered":"https:\/\/ruumistruumi.ee\/pood\/vr-laadimisjaam-meta-quest-3-2-pro-le-kiwi-design-qc03-must-usb-c\/"},"modified":"2025-08-21T08:17:43","modified_gmt":"2025-08-21T08:17:43","slug":"vr-laadimisjaam-meta-quest-3-2-pro-le-kiwi-design-qc03-must-usb-c","status":"publish","type":"product","link":"https:\/\/blankpage.ee\/_ruumist-ruumi\/pood\/vr-laadimisjaam-meta-quest-3-2-pro-le-kiwi-design-qc03-must-usb-c\/","title":{"rendered":"VR laadimisjaam Meta Quest 3\/2\/PRO-le Kiwi Design QC03 (must, USB-C)"},"content":{"rendered":"<h3>VR laadimisjaam Meta Quest 3, Quest 2 ja Quest PRO jaoks \u2013 Kiwi Design QC03 RGB<\/h3>\n<p>Kui otsid usaldusv\u00e4\u00e4rset lahendust oma VR-seadmete laadimiseks ja korrastamiseks, on VR laadimisjaam Kiwi Design QC03 ideaalne valik. Multifunktsionaalne alus v\u00f5imaldab mugavat ja magnetilist laadimist Meta Quest 3, Meta Quest 2 ning Quest PRO prillidele. Lisaks sisaldab laadimisjaam hoidjaid VR-kontrolleritele (ilma laadimisfunktsioonita), mis aitavad hoida kogu varustuse korrastatult ning loovad organiseeritud m\u00e4ngu- v\u00f5i t\u00f6\u00f6keskkonna.<\/p>\n<p>Kiwi Design QC03 VR laadimisjaam pakub muljetavaldavat RGB-taustvalgustust, mille hulgast saab valida 16 erineva valgusefekti vahel, et kohandada oma m\u00e4nguala isikup\u00e4raselt. Tugev ja stabiilne alus hoiab k\u00f5ik seadmed kindlalt paigal, v\u00e4listades \u00fcmberkukkumise riski. T\u00e4nu nutikale modulaarsele konstruktsioonile on laadimisjaama kokkupanek lihtne ja kiire.<\/p>\n<p>Kui kasutad Kiwi Design Q31-SPCU rihma 6400 mAh akuga (HJT-486), saad laadida samaaegselt nii VR-prille kui ka rihma. Toode on ametlikult META poolt heaks kiidetud ning sobib ideaalselt Meta Quest seadmetega.<\/p>\n<p><img decoding=\"async\" src=\"https:\/\/blankpage.ee\/_ruumist-ruumi\/wp-content\/uploads\/2025\/04\/2-831.webp\" alt=\"VR laadimisjaam Meta Quest prillidele \u2013 must Kiwi Design QC03 RGB valgustusega\"\/><\/p>\n<table>\n<tr>\n<th>Tootja<\/th>\n<td>Kiwi Design<\/td>\n<\/tr>\n<tr>\n<th>Mudel<\/th>\n<td>QC03\/Black\/HJT-482<\/td>\n<\/tr>\n<tr>\n<th>V\u00e4rv<\/th>\n<td>Must<\/td>\n<\/tr>\n<tr>\n<th>\u00dchendus<\/th>\n<td>USB-C<\/td>\n<\/tr>\n<tr>\n<th>Taustavalgustus<\/th>\n<td>RGB<\/td>\n<\/tr>\n<tr>\n<th>\u00dchilduvus<\/th>\n<td>Meta Quest 3, Quest 2, Quest PRO<\/td>\n<\/tr>\n<\/table>\n","protected":false},"excerpt":{"rendered":"<p>VR laadimisjaam Meta Quest 3, Quest 2 ja Quest PRO jaoks \u2013 Kiwi Design QC03 RGB Kui otsid usaldusv\u00e4\u00e4rset lahendust oma VR-seadmete laadimiseks ja korrastamiseks, on VR laadimisjaam Kiwi Design QC03 ideaalne valik. Multifunktsionaalne alus v\u00f5imaldab mugavat ja magnetilist laadimist Meta Quest 3, Meta Quest 2 ning Quest PRO prillidele. Lisaks sisaldab laadimisjaam hoidjaid VR-kontrolleritele [&hellip;]<\/p>\n","protected":false},"featured_media":179643,"comment_status":"open","ping_status":"open","template":"","meta":[],"product_brand":[3176],"product_cat":[3154],"product_tag":[],"class_list":{"0":"post-179641","1":"product","2":"type-product","3":"status-publish","4":"has-post-thumbnail","6":"product_brand-kiwidesign","7":"product_cat-vr-tarvikud","8":"product_shipping_class-innpro","10":"first","11":"instock","12":"sale","13":"taxable","14":"shipping-taxable","15":"purchasable","16":"product-type-simple"},"_links":{"self":[{"href":"https:\/\/blankpage.ee\/_ruumist-ruumi\/wp-json\/wp\/v2\/product\/179641","targetHints":{"allow":["GET"]}}],"collection":[{"href":"https:\/\/blankpage.ee\/_ruumist-ruumi\/wp-json\/wp\/v2\/product"}],"about":[{"href":"https:\/\/blankpage.ee\/_ruumist-ruumi\/wp-json\/wp\/v2\/types\/product"}],"replies":[{"embeddable":true,"href":"https:\/\/blankpage.ee\/_ruumist-ruumi\/wp-json\/wp\/v2\/comments?post=179641"}],"wp:featuredmedia":[{"embeddable":true,"href":"https:\/\/blankpage.ee\/_ruumist-ruumi\/wp-json\/wp\/v2\/media\/179643"}],"wp:attachment":[{"href":"https:\/\/blankpage.ee\/_ruumist-ruumi\/wp-json\/wp\/v2\/media?parent=179641"}],"wp:term":[{"taxonomy":"product_brand","embeddable":true,"href":"https:\/\/blankpage.ee\/_ruumist-ruumi\/wp-json\/wp\/v2\/product_brand?post=179641"},{"taxonomy":"product_cat","embeddable":true,"href":"https:\/\/blankpage.ee\/_ruumist-ruumi\/wp-json\/wp\/v2\/product_cat?post=179641"},{"taxonomy":"product_tag","embeddable":true,"href":"https:\/\/blankpage.ee\/_ruumist-ruumi\/wp-json\/wp\/v2\/product_tag?post=179641"}],"curies":[{"name":"wp","href":"https:\/\/api.w.org\/{rel}","templated":true}]}}