{"id":179798,"date":"2025-04-22T16:36:02","date_gmt":"2025-04-22T16:36:02","guid":{"rendered":"https:\/\/ruumistruumi.ee\/pood\/juhtmevaba-mangurihiir-gravastar-mercury-m1-pro-4k-vastuvotja-battle-worn-26-000-dpi-rgb\/"},"modified":"2025-05-30T09:53:17","modified_gmt":"2025-05-30T09:53:17","slug":"juhtmevaba-mangurihiir-gravastar-mercury-m1-pro-4k-vastuvotja-battle-worn-26-000-dpi-rgb","status":"publish","type":"product","link":"https:\/\/blankpage.ee\/_ruumist-ruumi\/pood\/juhtmevaba-mangurihiir-gravastar-mercury-m1-pro-4k-vastuvotja-battle-worn-26-000-dpi-rgb\/","title":{"rendered":"Juhtmevaba m\u00e4ngurihiir GravaStar Mercury M1 Pro (4K vastuv\u00f5tja, Battle-Worn, 26\u00a0000 DPI, RGB)"},"content":{"rendered":"<h3>Juhtmevaba m\u00e4ngurihiir GravaStar Mercury M1 Pro (4K vastuv\u00f5tja, Battle-Worn, 26\u00a0000 DPI, RGB)<\/h3>\n<p>Juhtmevaba m\u00e4ngurihiir GravaStar Mercury M1 Pro on loodud n\u00f5udlikule m\u00e4ngurile, kelle jaoks on oluline nii kiirus kui t\u00e4psus. T\u00e4nu v\u00f5imsale PAW3395 sensorile kuni 26\u00a0000 DPI lahutusv\u00f5imega reageerib hiir \u00fclikiirelt ja j\u00e4lgib t\u00e4pselt iga liigutust. Suurim liikumiskiirus 650 IPS ja 4 kHz v\u00e4rskendussagedus loovad optimaalse m\u00e4ngukogemuse igal hetkel.<\/p>\n<p><img decoding=\"async\" src=\"https:\/\/blankpage.ee\/_ruumist-ruumi\/wp-content\/uploads\/2025\/04\/1-914.webp\" alt=\"Juhtmevaba m\u00e4ngurihiir GravaStar Mercury M1 Pro t\u00f6\u00f6pinnal\"\/><\/p>\n<h3>Vastupidav ja kerge m\u00e4ngurihiir<\/h3>\n<p>Hiire kere on valmistatud kergest ja tugevast magneesiumisulamist. Avatud raam aitab peopesal p\u00fcsida jahedana ka pikemate m\u00e4ngusessioonide jooksul. PTFE (Teflon) jalad tagavad sujuva liikumise igal pinnal.<\/p>\n<p><img decoding=\"async\" src=\"https:\/\/blankpage.ee\/_ruumist-ruumi\/wp-content\/uploads\/2025\/04\/6-577.webp\" alt=\"M\u00e4ngurihiire magneesiumisulamist raam tagab kerge kaalu ja vastupidavuse\"\/><\/p>\n<h3>Ergonoomiline disain iga k\u00e4e jaoks<\/h3>\n<p>S\u00fcmmeetriline kuju sobib nii vasaku- kui paremak\u00e4elistele kasutajatele ning katab k\u00f5ik haardestiilid (palm, fingertip, claw).<\/p>\n<p><img decoding=\"async\" src=\"https:\/\/blankpage.ee\/_ruumist-ruumi\/wp-content\/uploads\/2025\/04\/4-736.webp\" alt=\"Ergonoomiline m\u00e4ngurihiir s\u00fcmmeetrilise kujuga\"\/><\/p>\n<h3>Paindlikud \u00fchendusv\u00f5imalused<\/h3>\n<p>\u00dchenda hiir oma seadmetega 2.4 GHz traadita \u00fchenduse, Bluetooth 5.1 v\u00f5i USB-C kaabli kaudu \u2013 kiire vahetamine seadmete vahel teeb m\u00e4ngimise mugavaks igal ajal.<\/p>\n<p><img decoding=\"async\" src=\"https:\/\/blankpage.ee\/_ruumist-ruumi\/wp-content\/uploads\/2025\/04\/5-658.webp\" alt=\"M\u00e4ngurihiire erinevad \u00fchendusv\u00f5imalused (2.4 GHz, Bluetooth, USB-C)\"\/><\/p>\n<h3>Pikaajaline aku ja kiire laadimine<\/h3>\n<p>\u00dche laadimisega saad m\u00e4ngida kuni 146 tundi 2.4 GHz re\u017eiimis (valgus v\u00e4lja l\u00fclitatud) v\u00f5i kuni 200 tundi Bluetooth-\u00fchendusel. Kiirlaadimisega USB-C liides v\u00f5imaldab aku kiiresti t\u00e4is laadida.<\/p>\n<p><img decoding=\"async\" src=\"https:\/\/blankpage.ee\/_ruumist-ruumi\/wp-content\/uploads\/2025\/04\/3-810.webp\" alt=\"Juhtmevaba m\u00e4ngurihiire pikk aku t\u00f6\u00f6aeg ja laadimisgraafik\"\/><\/p>\n<h3>RGB valgus ja programmeeritavad makrod<\/h3>\n<p>Viis programmeeritavat nuppu, GLOWSYNC-tehnoloogiaga RGB valgustus (5 re\u017eiimi) ja eemaldatavad paneelid v\u00f5imaldavad hiirt seadistada sinu m\u00e4ngustiili j\u00e4rgi. Loo makrod ja profiilid t\u00e4pselt nii, nagu soovid.<\/p>\n<p><img decoding=\"async\" src=\"https:\/\/blankpage.ee\/_ruumist-ruumi\/wp-content\/uploads\/2025\/04\/2-845.webp\" alt=\"Juhtmevaba m\u00e4ngurihiir GravaStar Mercury M1 Pro RGB valgustusega\"\/><\/p>\n<h3>Komplektis<\/h3>\n<ul>\n<li>Juhtmevaba m\u00e4ngurihiir GravaStar Mercury M1 Pro<\/li>\n<li>4K vastuv\u00f5tja<\/li>\n<li>1K vastuv\u00f5tja<\/li>\n<li>USB paracord-kaabel<\/li>\n<li>Kasutusjuhend<\/li>\n<li>USB A\u2013C adapter<\/li>\n<li>Lisa jalad<\/li>\n<li>Autogrammikaart<\/li>\n<li>Libisemisvastased kleebised<\/li>\n<li>Puhastuslapp<\/li>\n<\/ul>\n<h3>Tehnilised andmed<\/h3>\n<table>\n<tr>\n<th>Tootja<\/th>\n<td>GravaStar<\/td>\n<\/tr>\n<tr>\n<th>Mudel<\/th>\n<td>Mercury M1 Pro<\/td>\n<\/tr>\n<tr>\n<th>Sensor<\/th>\n<td>PAW3395DM<\/td>\n<\/tr>\n<tr>\n<th>P\u00f5hikontroller<\/th>\n<td>NRF52833<\/td>\n<\/tr>\n<tr>\n<th>V\u00e4rskendussagedus<\/th>\n<td>4 kHz<\/td>\n<\/tr>\n<tr>\n<th>Lahutusv\u00f5ime<\/th>\n<td>Kuni 26\u00a0000 DPI<\/td>\n<\/tr>\n<tr>\n<th>Maksimaalne kiirus<\/th>\n<td>650 tolli\/sek<\/td>\n<\/tr>\n<tr>\n<th>Maksimaalne kiirendus<\/th>\n<td>50G<\/td>\n<\/tr>\n<tr>\n<th>USB saatmissagedus<\/th>\n<td>1000\u20134000 Hz<\/td>\n<\/tr>\n<tr>\n<th>Kerimisratta eluiga<\/th>\n<td>1 miljon p\u00f6\u00f6ret<\/td>\n<\/tr>\n<tr>\n<th>Taustvalgustus<\/th>\n<td>Kohandatav (tarkvaraga)<\/td>\n<\/tr>\n<tr>\n<th>Liides<\/th>\n<td>USB-C<\/td>\n<\/tr>\n<tr>\n<th>Laadimisaeg<\/th>\n<td>1,5 tundi<\/td>\n<\/tr>\n<tr>\n<th>Bluetooth<\/th>\n<td>5.1<\/td>\n<\/tr>\n<tr>\n<th>T\u00f6\u00f6raadius<\/th>\n<td>\u00fcle 10 m<\/td>\n<\/tr>\n<tr>\n<th>Akumaht<\/th>\n<td>400 mAh<\/td>\n<\/tr>\n<tr>\n<th>Kaal<\/th>\n<td>88 g<\/td>\n<\/tr>\n<\/table>\n","protected":false},"excerpt":{"rendered":"<p>Juhtmevaba m\u00e4ngurihiir GravaStar Mercury M1 Pro (4K vastuv\u00f5tja, Battle-Worn, 26\u00a0000 DPI, RGB) Juhtmevaba m\u00e4ngurihiir GravaStar Mercury M1 Pro on loodud n\u00f5udlikule m\u00e4ngurile, kelle jaoks on oluline nii kiirus kui t\u00e4psus. T\u00e4nu v\u00f5imsale PAW3395 sensorile kuni 26\u00a0000 DPI lahutusv\u00f5imega reageerib hiir \u00fclikiirelt ja j\u00e4lgib t\u00e4pselt iga liigutust. Suurim liikumiskiirus 650 IPS ja 4 kHz v\u00e4rskendussagedus loovad [&hellip;]<\/p>\n","protected":false},"featured_media":179805,"comment_status":"open","ping_status":"open","template":"","meta":[],"product_brand":[3180],"product_cat":[3130],"product_tag":[],"class_list":{"0":"post-179798","1":"product","2":"type-product","3":"status-publish","4":"has-post-thumbnail","6":"product_brand-gravastar","7":"product_cat-juhtmevabad-hiired","8":"product_shipping_class-innpro","10":"first","11":"outofstock","12":"taxable","13":"shipping-taxable","14":"purchasable","15":"product-type-simple"},"_links":{"self":[{"href":"https:\/\/blankpage.ee\/_ruumist-ruumi\/wp-json\/wp\/v2\/product\/179798","targetHints":{"allow":["GET"]}}],"collection":[{"href":"https:\/\/blankpage.ee\/_ruumist-ruumi\/wp-json\/wp\/v2\/product"}],"about":[{"href":"https:\/\/blankpage.ee\/_ruumist-ruumi\/wp-json\/wp\/v2\/types\/product"}],"replies":[{"embeddable":true,"href":"https:\/\/blankpage.ee\/_ruumist-ruumi\/wp-json\/wp\/v2\/comments?post=179798"}],"wp:featuredmedia":[{"embeddable":true,"href":"https:\/\/blankpage.ee\/_ruumist-ruumi\/wp-json\/wp\/v2\/media\/179805"}],"wp:attachment":[{"href":"https:\/\/blankpage.ee\/_ruumist-ruumi\/wp-json\/wp\/v2\/media?parent=179798"}],"wp:term":[{"taxonomy":"product_brand","embeddable":true,"href":"https:\/\/blankpage.ee\/_ruumist-ruumi\/wp-json\/wp\/v2\/product_brand?post=179798"},{"taxonomy":"product_cat","embeddable":true,"href":"https:\/\/blankpage.ee\/_ruumist-ruumi\/wp-json\/wp\/v2\/product_cat?post=179798"},{"taxonomy":"product_tag","embeddable":true,"href":"https:\/\/blankpage.ee\/_ruumist-ruumi\/wp-json\/wp\/v2\/product_tag?post=179798"}],"curies":[{"name":"wp","href":"https:\/\/api.w.org\/{rel}","templated":true}]}}