{"id":179911,"date":"2025-04-22T17:02:03","date_gmt":"2025-04-22T17:02:03","guid":{"rendered":"https:\/\/ruumistruumi.ee\/pood\/juhtmevaba-mangurihiir-darmoshark-m3s-26-000-dpi-3-uhes-uhendus-hall\/"},"modified":"2025-08-21T08:17:42","modified_gmt":"2025-08-21T08:17:42","slug":"juhtmevaba-mangurihiir-darmoshark-m3s-26-000-dpi-3-uhes-uhendus-hall","status":"publish","type":"product","link":"https:\/\/blankpage.ee\/_ruumist-ruumi\/pood\/juhtmevaba-mangurihiir-darmoshark-m3s-26-000-dpi-3-uhes-uhendus-hall\/","title":{"rendered":"Juhtmevaba m\u00e4ngurihiir Darmoshark M3s, 26 000 DPI, 3-\u00fches \u00fchendus, hall"},"content":{"rendered":"<h3>Juhtmevaba m\u00e4ngurihiir Darmoshark M3s, 26 000 DPI, 3-\u00fches \u00fchendus, hall<\/h3>\n<p>Juhtmevaba m\u00e4ngurihiir Darmoshark M3s on loodud m\u00e4nguritele, kes hindavad t\u00e4psust ja t\u00f6\u00f6kindlust. PAW3395 sensor v\u00f5imaldab m\u00e4ngida kuni muljetavaldava 26 000 DPI tundlikkusega, pakkudes erakordset t\u00e4psust igas m\u00e4nguolukorras. Kolm \u00fchendusviisi \u2013 Bluetooth 5.0, 2.4G ja USB-C kaabel \u2013 annavad sulle paindlikkuse lahendada k\u00f5ik m\u00e4ngimise v\u00f5i t\u00f6\u00f6tamise olukorrad. Kerge, vaid 54-grammine korpus ning 500 mAh aku v\u00f5imaldavad kuni 80 tundi kasutusaega 1K v\u00e4rskendussagedusel ning kuni 65 tundi 2K re\u017eiimis.<\/p>\n<p>\n<img decoding=\"async\" src=\"https:\/\/blankpage.ee\/_ruumist-ruumi\/wp-content\/uploads\/2025\/04\/1-922.webp\" alt=\"Juhtmevaba Darmoshark M3s m\u00e4ngurihiir halli v\u00e4rvi eestvaates\"\/>\n<\/p>\n<h3>TTC Gold mikrol\u00fclitid kiireks reageerimiseks<\/h3>\n<p>Darmoshark M3s kasutab spetsiaalselt optimeeritud TTC Gold mikrol\u00fcliteid, mis tagavad kiire ja t\u00e4pse klahvivajutuse. See parandab kontrolli ka k\u00f5ige intensiivsemates m\u00e4nguhetkedes.<\/p>\n<p>\n<img decoding=\"async\" src=\"https:\/\/blankpage.ee\/_ruumist-ruumi\/wp-content\/uploads\/2025\/04\/5-665.webp\" alt=\"Hall m\u00e4ngurihiir TTC Gold mikrol\u00fclititega k\u00fcljelt vaates\"\/>\n<\/p>\n<h3>K\u00f5rge v\u00e4rskendussagedus ja stabiilne \u00fchendus<\/h3>\n<p>Hiire tehases vaikimisi seadistatud 2000 Hz v\u00e4rskendussagedus parandab juhtmevaba t\u00f6\u00f6 sujuvust ning minimeerib viivitusi. V\u00f5id valida ka 2K v\u00f5i 1K re\u017eiimi, et kohandada m\u00e4ngurihiire t\u00f6\u00f6kiirust vastavalt vajadustele v\u00f5i eelistustele.<\/p>\n<p>\n<img decoding=\"async\" src=\"https:\/\/blankpage.ee\/_ruumist-ruumi\/wp-content\/uploads\/2025\/04\/7-511.webp\" alt=\"Hall juhtmevaba m\u00e4ngurihiir k\u00f5rge v\u00e4rskendussagedusega\"\/>\n<\/p>\n<h3>Seadistatavad makrod ja RGB valgustus m\u00e4nguri jaoks<\/h3>\n<p>Kohanda juhtmevaba m\u00e4ngurihiire funktsioone vastavalt enda soovile \u2013 seadista DPI, vali lemmik RGB-valgusefektid ning m\u00e4\u00e4ra makrod. M3s hiir pakub RGB-taustvalgustust 16 miljoni v\u00e4rvitooni ja erinevate valgusefektidega.<\/p>\n<p>\n<img decoding=\"async\" src=\"https:\/\/blankpage.ee\/_ruumist-ruumi\/wp-content\/uploads\/2025\/04\/4-744.webp\" alt=\"Arvutihiir RGB valgusefektidega\"\/>\n<\/p>\n<h3>Mitmek\u00fclgsed \u00fchendusv\u00f5imalused<\/h3>\n<p>Darmoshark M3s toetab kolme \u00fchendusre\u017eiimi \u2013 Bluetooth 5.0, 2.4G ja USB-C kaabel. \u00dchendusre\u017eiimide vahetamine on kiire ja mugav, v\u00f5imaldades valida just sinu seadmetega sobiva lahenduse.<\/p>\n<p>\n<img decoding=\"async\" src=\"https:\/\/blankpage.ee\/_ruumist-ruumi\/wp-content\/uploads\/2025\/04\/2-853.webp\" alt=\"Hall m\u00e4ngurihiir kolme \u00fchendusv\u00f5imalusega (Bluetooth, 2.4G, USB-C)\"\/>\n<\/p>\n<h3>Pikaajaline aku t\u00f6\u00f6iga<\/h3>\n<p>500 mAh aku v\u00f5imaldab juhtmevaba m\u00e4ngurihiirt kasutada kuni 80 tundi 1K re\u017eiimis ning kuni 65 tundi 2K re\u017eiimis \u2013 saad keskenduda muretult m\u00e4ngule.<\/p>\n<p>\n<img decoding=\"async\" src=\"https:\/\/blankpage.ee\/_ruumist-ruumi\/wp-content\/uploads\/2025\/04\/6-585.webp\" alt=\"Darmoshark M3s hiir ja aku t\u00f6\u00f6aega illustreeriv graafik\"\/>\n<\/p>\n<h3>Kerge ja ergonoomiline disain<\/h3>\n<p>Juhtmevaba m\u00e4ngurihiir Darmoshark M3s kaalub vaid umbes 54 grammi \u2013 see on \u00fcks kergemaid hiiri turul. Ergonoomiline kuju tagab mugavuse ka pikkadel m\u00e4ngusessioonidel, samal ajal kui vastupidav konstruktsioon peab vastu korduvatele klikkidele.<\/p>\n<p>\n<img decoding=\"async\" src=\"https:\/\/blankpage.ee\/_ruumist-ruumi\/wp-content\/uploads\/2025\/04\/3-817.webp\" alt=\"Kerge ja ergonoomilise disainiga juhtmevaba m\u00e4ngurihiir\"\/>\n<\/p>\n<div class=\"table-wrapper\">\n<table>\n<tbody>\n<tr>\n<th>Tootja<\/th>\n<td>Darmoshark<\/td>\n<\/tr>\n<tr>\n<th>Mudel<\/th>\n<td>M3s<\/td>\n<\/tr>\n<tr>\n<th>V\u00e4rv<\/th>\n<td>Hall<\/td>\n<\/tr>\n<tr>\n<th>Sensor<\/th>\n<td>PAW3395<\/td>\n<\/tr>\n<tr>\n<th>Nuppude arv<\/th>\n<td>8<\/td>\n<\/tr>\n<tr>\n<th>Klahvide eluiga<\/th>\n<td>60 miljonit klikki<\/td>\n<\/tr>\n<tr>\n<th>Resolutsioon<\/th>\n<td>26 000 DPI<\/td>\n<\/tr>\n<tr>\n<th>DPI v\u00e4\u00e4rtused<\/th>\n<td>400 (punane), 800 (sinine, vaikimisi), 1600 (roheline), 3200 (lilla), 4800 (kollane)<\/td>\n<\/tr>\n<tr>\n<th>\u00dchenduvus<\/th>\n<td>Bluetooth, 2.4G, USB-C kaabel<\/td>\n<\/tr>\n<tr>\n<th>2.4G v\u00e4rskendussagedus<\/th>\n<td>Punane tuli 125Hz, sinine tuli 500Hz (vaikimisi), roheline tuli 1000Hz, lilla tuli 2000Hz<\/td>\n<\/tr>\n<tr>\n<th>Juhtmega v\u00e4rskendussagedus<\/th>\n<td>Punane tuli 125Hz, sinine tuli 500Hz (vaikimisi), roheline tuli 1000Hz<\/td>\n<\/tr>\n<tr>\n<th>Bluetoothi v\u00e4rskendussagedus<\/th>\n<td>125Hz (vaikimisi)<\/td>\n<\/tr>\n<tr>\n<th>Kasutusaeg<\/th>\n<td>80 tundi (1K re\u017eiimis), 65 tundi (2K re\u017eiimis)<\/td>\n<\/tr>\n<tr>\n<th>Akumaht<\/th>\n<td>500 mAh<\/td>\n<\/tr>\n<tr>\n<th>RGB-taustvalgustus<\/th>\n<td>Jah<\/td>\n<\/tr>\n<tr>\n<th>M\u00f5\u00f5dud<\/th>\n<td>123 x 63 x 38 mm<\/td>\n<\/tr>\n<tr>\n<th>Kaal<\/th>\n<td>Umbes 54 g<\/td>\n<\/tr>\n<\/tbody>\n<\/table>\n<\/div>\n","protected":false},"excerpt":{"rendered":"<p>Juhtmevaba m\u00e4ngurihiir Darmoshark M3s, 26 000 DPI, 3-\u00fches \u00fchendus, hall Juhtmevaba m\u00e4ngurihiir Darmoshark M3s on loodud m\u00e4nguritele, kes hindavad t\u00e4psust ja t\u00f6\u00f6kindlust. PAW3395 sensor v\u00f5imaldab m\u00e4ngida kuni muljetavaldava 26 000 DPI tundlikkusega, pakkudes erakordset t\u00e4psust igas m\u00e4nguolukorras. Kolm \u00fchendusviisi \u2013 Bluetooth 5.0, 2.4G ja USB-C kaabel \u2013 annavad sulle paindlikkuse lahendada k\u00f5ik m\u00e4ngimise v\u00f5i t\u00f6\u00f6tamise [&hellip;]<\/p>\n","protected":false},"featured_media":179919,"comment_status":"open","ping_status":"open","template":"","meta":[],"product_brand":[3182],"product_cat":[3133],"product_tag":[],"class_list":{"0":"post-179911","1":"product","2":"type-product","3":"status-publish","4":"has-post-thumbnail","6":"product_brand-darmoshark","7":"product_cat-juhtmega-hiired","8":"product_shipping_class-innpro","10":"first","11":"instock","12":"sale","13":"taxable","14":"shipping-taxable","15":"purchasable","16":"product-type-simple"},"_links":{"self":[{"href":"https:\/\/blankpage.ee\/_ruumist-ruumi\/wp-json\/wp\/v2\/product\/179911","targetHints":{"allow":["GET"]}}],"collection":[{"href":"https:\/\/blankpage.ee\/_ruumist-ruumi\/wp-json\/wp\/v2\/product"}],"about":[{"href":"https:\/\/blankpage.ee\/_ruumist-ruumi\/wp-json\/wp\/v2\/types\/product"}],"replies":[{"embeddable":true,"href":"https:\/\/blankpage.ee\/_ruumist-ruumi\/wp-json\/wp\/v2\/comments?post=179911"}],"wp:featuredmedia":[{"embeddable":true,"href":"https:\/\/blankpage.ee\/_ruumist-ruumi\/wp-json\/wp\/v2\/media\/179919"}],"wp:attachment":[{"href":"https:\/\/blankpage.ee\/_ruumist-ruumi\/wp-json\/wp\/v2\/media?parent=179911"}],"wp:term":[{"taxonomy":"product_brand","embeddable":true,"href":"https:\/\/blankpage.ee\/_ruumist-ruumi\/wp-json\/wp\/v2\/product_brand?post=179911"},{"taxonomy":"product_cat","embeddable":true,"href":"https:\/\/blankpage.ee\/_ruumist-ruumi\/wp-json\/wp\/v2\/product_cat?post=179911"},{"taxonomy":"product_tag","embeddable":true,"href":"https:\/\/blankpage.ee\/_ruumist-ruumi\/wp-json\/wp\/v2\/product_tag?post=179911"}],"curies":[{"name":"wp","href":"https:\/\/api.w.org\/{rel}","templated":true}]}}