{"id":179953,"date":"2025-04-22T17:24:53","date_gmt":"2025-04-22T17:24:53","guid":{"rendered":"https:\/\/ruumistruumi.ee\/pood\/sinine-mangurihiirematt-darmoshark-pad-3-360x300x4-mm\/"},"modified":"2025-07-10T19:20:32","modified_gmt":"2025-07-10T19:20:32","slug":"sinine-mangurihiirematt-darmoshark-pad-3-360x300x4-mm","status":"publish","type":"product","link":"https:\/\/blankpage.ee\/_ruumist-ruumi\/pood\/sinine-mangurihiirematt-darmoshark-pad-3-360x300x4-mm\/","title":{"rendered":"Sinine m\u00e4ngurihiirematt Darmoshark PAD-3 (360x300x4 mm)"},"content":{"rendered":"<h3>M\u00e4ngurihiirematt sinine Darmoshark PAD-3 \u2212 suurep\u00e4rane valik igale gamerile<\/h3>\n<p>Kui soovid oma m\u00e4ngulauale nii stiili kui ka t\u00e4psust, on sinine m\u00e4ngurihiirematt Darmoshark PAD-3 perfektne valik. See hiirematt sobib veatult k\u00f5igile, kes vajavad sujuvat ja kiiret hiire liikumist ning soovivad samal ajal t\u00f6\u00f6lauale moodsat aktsenti. <\/p>\n<p>\n<img decoding=\"async\" border=\"0\" src=\"https:\/\/blankpage.ee\/_ruumist-ruumi\/wp-content\/uploads\/2025\/04\/1-926.webp\" alt=\"Sinine m\u00e4ngurihiirematt Darmoshark PAD-3 graafilise disainiga t\u00f6\u00f6laual\"\/>\n<\/p>\n<div class=\"table-wrapper\">\n<table>\n<tbody>\n<tr>\n<th>Tootja<\/th>\n<td>Darmoshark<\/td>\n<\/tr>\n<tr>\n<th>Mudel<\/th>\n<td>PAD-3 (sinine)<\/td>\n<\/tr>\n<tr>\n<th>V\u00e4rv<\/th>\n<td>Sinine<\/td>\n<\/tr>\n<tr>\n<th>M\u00f5\u00f5dud<\/th>\n<td>360 \u00d7 300 \u00d7 4 mm<\/td>\n<\/tr>\n<tr>\n<th>Materjal<\/th>\n<td>Naturaalne kumm<\/td>\n<\/tr>\n<\/tbody>\n<\/table>\n<\/div>\n<p>\nSinise pinnaga m\u00e4ngurihiirematt tagab hiirele t\u00e4pse ja kiire liikumise ning libisemiskindel kummist alumine kiht hoiab mati kindlalt paigal ka k\u00f5ige intensiivsemate m\u00e4ngusessioonide ajal. Tugevdatud servad teevad sellest sinisest m\u00e4ngurihiirematist vastupidava ja pikaealise abimehe nii t\u00f6\u00f6ks kui ka m\u00e4ngimiseks.<\/p>\n","protected":false},"excerpt":{"rendered":"<p>M\u00e4ngurihiirematt sinine Darmoshark PAD-3 \u2212 suurep\u00e4rane valik igale gamerile Kui soovid oma m\u00e4ngulauale nii stiili kui ka t\u00e4psust, on sinine m\u00e4ngurihiirematt Darmoshark PAD-3 perfektne valik. See hiirematt sobib veatult k\u00f5igile, kes vajavad sujuvat ja kiiret hiire liikumist ning soovivad samal ajal t\u00f6\u00f6lauale moodsat aktsenti. Tootja Darmoshark Mudel PAD-3 (sinine) V\u00e4rv Sinine M\u00f5\u00f5dud 360 \u00d7 300 [&hellip;]<\/p>\n","protected":false},"featured_media":179955,"comment_status":"open","ping_status":"open","template":"","meta":[],"product_brand":[3182],"product_cat":[3124],"product_tag":[],"class_list":{"0":"post-179953","1":"product","2":"type-product","3":"status-publish","4":"has-post-thumbnail","6":"product_brand-darmoshark","7":"product_cat-hiirematid","8":"product_shipping_class-innpro","10":"first","11":"outofstock","12":"sale","13":"taxable","14":"shipping-taxable","15":"purchasable","16":"product-type-simple"},"_links":{"self":[{"href":"https:\/\/blankpage.ee\/_ruumist-ruumi\/wp-json\/wp\/v2\/product\/179953","targetHints":{"allow":["GET"]}}],"collection":[{"href":"https:\/\/blankpage.ee\/_ruumist-ruumi\/wp-json\/wp\/v2\/product"}],"about":[{"href":"https:\/\/blankpage.ee\/_ruumist-ruumi\/wp-json\/wp\/v2\/types\/product"}],"replies":[{"embeddable":true,"href":"https:\/\/blankpage.ee\/_ruumist-ruumi\/wp-json\/wp\/v2\/comments?post=179953"}],"wp:featuredmedia":[{"embeddable":true,"href":"https:\/\/blankpage.ee\/_ruumist-ruumi\/wp-json\/wp\/v2\/media\/179955"}],"wp:attachment":[{"href":"https:\/\/blankpage.ee\/_ruumist-ruumi\/wp-json\/wp\/v2\/media?parent=179953"}],"wp:term":[{"taxonomy":"product_brand","embeddable":true,"href":"https:\/\/blankpage.ee\/_ruumist-ruumi\/wp-json\/wp\/v2\/product_brand?post=179953"},{"taxonomy":"product_cat","embeddable":true,"href":"https:\/\/blankpage.ee\/_ruumist-ruumi\/wp-json\/wp\/v2\/product_cat?post=179953"},{"taxonomy":"product_tag","embeddable":true,"href":"https:\/\/blankpage.ee\/_ruumist-ruumi\/wp-json\/wp\/v2\/product_tag?post=179953"}],"curies":[{"name":"wp","href":"https:\/\/api.w.org\/{rel}","templated":true}]}}