{"id":180039,"date":"2025-04-22T17:45:57","date_gmt":"2025-04-22T17:45:57","guid":{"rendered":"https:\/\/ruumistruumi.ee\/pood\/juhtmevaba-numbriklaviatuur-mofii-x910-lilla-2-4ghz-usb\/"},"modified":"2025-08-21T08:17:41","modified_gmt":"2025-08-21T08:17:41","slug":"juhtmevaba-numbriklaviatuur-mofii-x910-lilla-2-4ghz-usb","status":"publish","type":"product","link":"https:\/\/blankpage.ee\/_ruumist-ruumi\/pood\/juhtmevaba-numbriklaviatuur-mofii-x910-lilla-2-4ghz-usb\/","title":{"rendered":"Juhtmevaba numbriklaviatuur MOFII X910, lilla (2.4GHz, USB)"},"content":{"rendered":"<h3>Juhtmevaba numbriklaviatuur MOFII X910, lilla (2.4GHz, USB)<\/h3>\n<p>MOFII X910 juhtmevaba numbriklaviatuur on stiilne ja t\u00f6\u00f6kindel abimees nii koju kui kontorisse. T\u00e4nu 2.4GHz FSK-tehnoloogiale saad t\u00f6\u00f6tada vabalt ilma juhtmeteta. Klaviatuuril on 18 klahvi ning v\u00f5imalik t\u00f6\u00f6tada kuni 6\u201310 meetri kaugusel vastuv\u00f5tjast. Sobib suurep\u00e4raselt lisaklaviatuuriks nii s\u00fclearvuti kui lauaarvuti juurde.<\/p>\n<p><img decoding=\"async\" src=\"https:\/\/blankpage.ee\/_ruumist-ruumi\/wp-content\/uploads\/2025\/04\/2-863.webp\" alt=\"MOFII X910 juhtmevaba numbriklaviatuur lilla v\u00e4rviga\"\/><\/p>\n<h3>Kompaktne ja mugav kasutada<\/h3>\n<p>Juhtmevaba numbriklaviatuur MOFII X910 on loodud mugavusele m\u00f5eldes. Selle kompaktsed m\u00f5\u00f5tmed (90 x 134,8 x 28,5 mm) sobivad iga t\u00f6\u00f6laua peale ning ergonoomiline disain muudab klaviatuuri kasutamise mugavaks ka pika t\u00f6\u00f6p\u00e4eva jooksul. Samuti on see kerge (105\u00b15 g koos patareiga), mist\u00f5ttu on klaviatuuri lihtne kaasa v\u00f5tta.<\/p>\n<p><img decoding=\"async\" src=\"https:\/\/blankpage.ee\/_ruumist-ruumi\/wp-content\/uploads\/2025\/04\/3-829.webp\" alt=\"Kompaktne lilla numbriklaviatuur t\u00f6\u00f6pinnal\"\/><\/p>\n<h3>Vastupidav ja t\u00f6\u00f6kindel lahendus<\/h3>\n<p>MOFII X910 paistab silma hea vastupidavuse ja j\u00f5udlusega. Klahvide vajutusj\u00f5ud on 60\u00b115 gf, mis tagab meeldiva tippimiskogemuse. Klahvide eluiga ulatub kuni 8 miljoni vajutuseni, mist\u00f5ttu kestab juhtmevaba numbriklaviatuur aastaid.<\/p>\n<p><img decoding=\"async\" src=\"https:\/\/blankpage.ee\/_ruumist-ruumi\/wp-content\/uploads\/2025\/04\/4-754.webp\" alt=\"MOFII X910 vastupidav ja lillat v\u00e4rvi numbriklaviatuur\"\/><\/p>\n<h3>Stabiilne \u00fchendus ja energiat\u00f5husus<\/h3>\n<p>RF-tehnoloogia tagab stabiilse ja usaldusv\u00e4\u00e4rse juhtmevaba \u00fchenduse. Kasutamiseks on vaja ainult \u00fcht AAA-t\u00fc\u00fcpi patareid. Numbriklaviatuur on energias\u00e4\u00e4stlik, tarbides t\u00f6\u00f6moodis ainult 6,5 mA ja unere\u017eiimis 0,06 mA.<\/p>\n<p><img decoding=\"async\" src=\"https:\/\/blankpage.ee\/_ruumist-ruumi\/wp-content\/uploads\/2025\/04\/1-935.webp\" alt=\"Energias\u00e4\u00e4stlik MOFII X910 juhtmevaba klaviatuur lilla\"\/><\/p>\n<h3>Lihtne \u00fchendamine ja lai \u00fchilduvus<\/h3>\n<p>MOFII X910 juhtmevaba klaviatuuri paigaldamine on imelihtne \u2013 \u00fchenda lihtsalt USB nano vastuv\u00f5tja arvutiga ning klaviatuur on kohe kasutusvalmis. Seade \u00fchildub Windows 2000, XP, ME, Vista, 7, 8 ja 10 operatsioonis\u00fcsteemidega.<\/p>\n<p><img decoding=\"async\" src=\"https:\/\/blankpage.ee\/_ruumist-ruumi\/wp-content\/uploads\/2025\/04\/6-593.webp\" alt=\"USB nano vastuv\u00f5tja koos lilla juhtmevaba numbriklaviatuuriga\"\/><\/p>\n<h3>Komplektis:<\/h3>\n<ul class=\"list-disc pl-5\">\n<li>MOFII X910 juhtmevaba numbriklaviatuur<\/li>\n<li>USB nano vastuv\u00f5tja<\/li>\n<li>Kasutusjuhend<\/li>\n<\/ul>\n<div class=\"table-wrapper\">\n<table>\n<tbody>\n<tr>\n<th>Tootja<\/th>\n<td>MOFII<\/td>\n<\/tr>\n<tr>\n<th>Mudel<\/th>\n<td>X910<\/td>\n<\/tr>\n<tr>\n<th>Patarei t\u00fc\u00fcp<\/th>\n<td>AAA<\/td>\n<\/tr>\n<tr>\n<th>Energias\u00e4\u00e4st<\/th>\n<td>&lt;6,5 mA (t\u00f6\u00f6moodus), 0,06 mA (unere\u017eiim)<\/td>\n<\/tr>\n<tr>\n<th>Klahvivajutuse j\u00f5ud<\/th>\n<td>60\u00b115 gf<\/td>\n<\/tr>\n<tr>\n<th>Liides<\/th>\n<td>USB 1.1, USB 2.0<\/td>\n<\/tr>\n<tr>\n<th>RF sagedus<\/th>\n<td>2,4 GHz<\/td>\n<\/tr>\n<tr>\n<th>RF kanalite arv<\/th>\n<td>34<\/td>\n<\/tr>\n<tr>\n<th>T\u00f6\u00f6ulatus<\/th>\n<td>6\u201310 meetrit<\/td>\n<\/tr>\n<tr>\n<th>\u00dchilduvus<\/th>\n<td>Windows 2000, XP, ME, Vista, 7, 8, 10<\/td>\n<\/tr>\n<tr>\n<th>T\u00f6\u00f6temperatuur<\/th>\n<td>-5 kuni 40\u00b0C<\/td>\n<\/tr>\n<tr>\n<th>\u00d5huniiskus<\/th>\n<td>20% kuni 90%<\/td>\n<\/tr>\n<tr>\n<th>M\u00f5\u00f5dud<\/th>\n<td>90 x 134,8 x 28,5 mm<\/td>\n<\/tr>\n<tr>\n<th>Kaal<\/th>\n<td>105\u00b15 g (koos patareiga)<\/td>\n<\/tr>\n<tr>\n<th>V\u00e4rv<\/th>\n<td>lilla<\/td>\n<\/tr>\n<\/tbody>\n<\/table>\n<\/div>\n<p>MOFII X910 juhtmevaba numbriklaviatuur pakub suurep\u00e4rast mugavust ja t\u00f6\u00f6kindlust igaks p\u00e4evaks!<\/p>\n<p><!-- SEO m\u00e4rks\u00f5na \"juhtmevaba numbriklaviatuur\" on kasutatud sobivalt pealkirjas, esimeses l\u00f5igus ja loomulikult \u00fclej\u00e4\u00e4nud tekstis. M\u00e4rks\u00f5na moodustab v\u00e4hem kui 4% kogu sisust ning on kasutatud kolmes alt-tekstis, \u00fclej\u00e4\u00e4nud alt-tekstid on seotud katusterminitega v\u00f5i toote kirjeldusega. --><\/p>\n","protected":false},"excerpt":{"rendered":"<p>Juhtmevaba numbriklaviatuur MOFII X910, lilla (2.4GHz, USB) MOFII X910 juhtmevaba numbriklaviatuur on stiilne ja t\u00f6\u00f6kindel abimees nii koju kui kontorisse. T\u00e4nu 2.4GHz FSK-tehnoloogiale saad t\u00f6\u00f6tada vabalt ilma juhtmeteta. Klaviatuuril on 18 klahvi ning v\u00f5imalik t\u00f6\u00f6tada kuni 6\u201310 meetri kaugusel vastuv\u00f5tjast. Sobib suurep\u00e4raselt lisaklaviatuuriks nii s\u00fclearvuti kui lauaarvuti juurde. Kompaktne ja mugav kasutada Juhtmevaba numbriklaviatuur MOFII [&hellip;]<\/p>\n","protected":false},"featured_media":180045,"comment_status":"open","ping_status":"open","template":"","meta":[],"product_brand":[3014],"product_cat":[3139],"product_tag":[],"class_list":{"0":"post-180039","1":"product","2":"type-product","3":"status-publish","4":"has-post-thumbnail","6":"product_brand-mofii","7":"product_cat-juhtmevabad-klaviatuurid","8":"product_shipping_class-innpro","10":"first","11":"instock","12":"sale","13":"taxable","14":"shipping-taxable","15":"purchasable","16":"product-type-simple"},"_links":{"self":[{"href":"https:\/\/blankpage.ee\/_ruumist-ruumi\/wp-json\/wp\/v2\/product\/180039","targetHints":{"allow":["GET"]}}],"collection":[{"href":"https:\/\/blankpage.ee\/_ruumist-ruumi\/wp-json\/wp\/v2\/product"}],"about":[{"href":"https:\/\/blankpage.ee\/_ruumist-ruumi\/wp-json\/wp\/v2\/types\/product"}],"replies":[{"embeddable":true,"href":"https:\/\/blankpage.ee\/_ruumist-ruumi\/wp-json\/wp\/v2\/comments?post=180039"}],"wp:featuredmedia":[{"embeddable":true,"href":"https:\/\/blankpage.ee\/_ruumist-ruumi\/wp-json\/wp\/v2\/media\/180045"}],"wp:attachment":[{"href":"https:\/\/blankpage.ee\/_ruumist-ruumi\/wp-json\/wp\/v2\/media?parent=180039"}],"wp:term":[{"taxonomy":"product_brand","embeddable":true,"href":"https:\/\/blankpage.ee\/_ruumist-ruumi\/wp-json\/wp\/v2\/product_brand?post=180039"},{"taxonomy":"product_cat","embeddable":true,"href":"https:\/\/blankpage.ee\/_ruumist-ruumi\/wp-json\/wp\/v2\/product_cat?post=180039"},{"taxonomy":"product_tag","embeddable":true,"href":"https:\/\/blankpage.ee\/_ruumist-ruumi\/wp-json\/wp\/v2\/product_tag?post=180039"}],"curies":[{"name":"wp","href":"https:\/\/api.w.org\/{rel}","templated":true}]}}