{"id":180108,"date":"2025-04-22T18:13:59","date_gmt":"2025-04-22T18:13:59","guid":{"rendered":"https:\/\/ruumistruumi.ee\/pood\/xreal-ar-prillid-air-2-pro-sony-micro-oled-usb-c-120-hz\/"},"modified":"2025-08-21T08:17:40","modified_gmt":"2025-08-21T08:17:40","slug":"xreal-ar-prillid-air-2-pro-sony-micro-oled-usb-c-120-hz","status":"publish","type":"product","link":"https:\/\/blankpage.ee\/_ruumist-ruumi\/pood\/xreal-ar-prillid-air-2-pro-sony-micro-oled-usb-c-120-hz\/","title":{"rendered":"XREAL AR prillid Air 2 Pro (SONY micro-OLED, USB-C, 120 Hz)"},"content":{"rendered":"<h3>XREAL AR prillid Air 2 Pro \u2013 tipptehnoloogiaga virtuaalelamus<\/h3>\n<p>XREAL AR prillid Air 2 Pro on uuenduslikud nutiprillid, mille t\u00e4iustatud tehnoloogia v\u00f5imaldab nautida laiaulatuslikku virtuaalekraani k\u00f5ikjal. Prillidel on SONY micro-OLED ekraan, mis tagab k\u00f5rge kontrastsuse, selge pildi ja avara 46 6 vaatenurga. Kolm elektrokroomset tumedusastet (0 2, 35 2 v\u00f5i 100 2) v\u00f5imaldavad kohandada ekraani vastavalt valgustingimustele \u2013 saad valida kas soovid osa saada ka \u00fcmbritsevast v\u00f5i t\u00e4ielikult sukelduda digimaailma.<\/p>\n<p><img decoding=\"async\" src=\"https:\/\/blankpage.ee\/_ruumist-ruumi\/wp-content\/uploads\/2025\/04\/5-679.webp\" alt=\"Mustad XREAL AR prillid laual\"\/><\/p>\n<h3>Virtuaalne m\u00e4ngu- ja kinoelamus igal pool<\/h3>\n<p>SONY micro-OLED ekraan v\u00f5imaldab kuni 500-nitist heledust ja sujuvat 120 Hz v\u00e4rskendussagedust, mis t\u00e4hendab teravat ja voolavat pilti. XREAL AR prillid Air 2 Pro on saanud TUV Rheinland sertifikaadi, mis kinnitab t\u00e4pseid v\u00e4rve ja mugavat kasutuskogemust ka pikemaks ajaks. AR-re\u017eiimis on v\u00f5imalik kogeda kuni 130-tollist virtuaalekraani, veelgi suuremate v\u00f5imaluste jaoks saab kasutada lisavarustuses olevat XREAL Beam adapterit.<\/p>\n<p><img decoding=\"async\" src=\"https:\/\/blankpage.ee\/_ruumist-ruumi\/wp-content\/uploads\/2025\/04\/15-3.webp\" alt=\"Virtuaalekraani efekt XREAL AR prillidega\"\/><\/p>\n<h3>Kohandatavad kasutustingimused ja mugavus<\/h3>\n<p>One-Touch Immersion Control v\u00f5imaldab kiiresti tumedusastet muuta \u2013 olenevalt sellest, kas vajad keskendumist v\u00f5i soovid lahendust t\u00f6\u00f6keskkonda. Prillid sobivad eriti h\u00e4sti neile, kes soovivad kasutada XREAL AR prille erinevates olukordades ning valgusoludes.<\/p>\n<p><img decoding=\"async\" src=\"https:\/\/blankpage.ee\/_ruumist-ruumi\/wp-content\/uploads\/2025\/04\/16-3.webp\" alt=\"XREAL AR prillide elektrokroomne tumeduse muutmine\"\/><\/p>\n<h3>Kvaliteetne heli ning suunatud helis\u00fcsteem<\/h3>\n<p>Prillidesse integreeritud suunatud k\u00f5larid koos kahe mikrofoniga loovad detailse helimaastiku, v\u00f5imaldades nautida muusikat v\u00f5i m\u00e4nguheli privaatselt \u2013 teised sinu \u00fcmber ei kuule helisid.<\/p>\n<p><img decoding=\"async\" src=\"https:\/\/blankpage.ee\/_ruumist-ruumi\/wp-content\/uploads\/2025\/04\/14-5.webp\" alt=\"XREAL AR prillide sisseehitatud k\u00f5larite ja mikrofonide l\u00e4hivaade\"\/><\/p>\n<h3>Ergonoomiline ning kerge konstruktsioon<\/h3>\n<p>Prillide kaal on vaid 75 g, mist\u00f5ttu on neid mugav kanda ka pikemalt. Ergonoomiline disain ning pehmed ninapadjad tagavad, et raamid p\u00fcsivad stabiilselt ega avalda ninale liigset survet. XREAL AR prillid v\u00e4hendavad silmade v\u00e4simust ning blokeerivad kahjulikku sinist valgust, et kasutuskogemus oleks ohutu ja meeldiv.<\/p>\n<p><img decoding=\"async\" src=\"https:\/\/blankpage.ee\/_ruumist-ruumi\/wp-content\/uploads\/2025\/04\/1-941.webp\" alt=\"Kerged ja ergonoomilised XREAL AR prillid k\u00e4es hoides\"\/><\/p>\n<h3>Lai \u00fchildumine ja erinevad kuvare\u017eiimid<\/h3>\n<p>XREAL AR prillid Air 2 Pro sobivad USB-C liidesega seadmetega (Android, iPad, Windows, Mac, Steam Deck jm). Eraldi m\u00fc\u00fcdava Beam adapteri abil saab prille kasutada ka iPhone\u2019i, Nintendo Switchi, PlayStation 5 v\u00f5i Xbox Series X\/S-iga ning avada uusi kuvare\u017eiime, nagu virtuaalekraani fikseerimine (Body Anchor), sujuva pildiliikumise re\u017eiim ning multitaskinguks m\u00f5eldud k\u00fclg-ekraanid.<\/p>\n<p><img decoding=\"async\" src=\"https:\/\/blankpage.ee\/_ruumist-ruumi\/wp-content\/uploads\/2025\/04\/8-322.webp\" alt=\"XREAL Beam adapteriga erinevad ekraanire\u017eiimid AR prillidega\"\/><\/p>\n<h3>Komplektis<\/h3>\n<ul>\n<li>XREAL AR prillid Air 2 Pro<\/li>\n<li>Raamid korrigeerivatele l\u00e4\u00e4tsedele<\/li>\n<li>USB-C kaabel<\/li>\n<li>Valguskaitse<\/li>\n<li>Kolm ninapadjakest (S\/M\/L)<\/li>\n<li>Kandekarp<\/li>\n<li>Puhastuslapp<\/li>\n<\/ul>\n<div class=\"table-wrapper\">\n<table>\n<tbody>\n<tr>\n<th>Tootja<\/th>\n<td>XREAL<\/td>\n<\/tr>\n<tr>\n<th>Mudel<\/th>\n<td>Air 2 Pro (X1003)<\/td>\n<\/tr>\n<tr>\n<th>Ekraan<\/th>\n<td>SONY micro-OLED 0,55&#8243;<\/td>\n<\/tr>\n<tr>\n<th>Heledus<\/th>\n<td>Kuni 500 niti<\/td>\n<\/tr>\n<tr>\n<th>Tumedusastmed<\/th>\n<td>0% \/ 35% \/ 100%<\/td>\n<\/tr>\n<tr>\n<th>Vaatenurk<\/th>\n<td>46\u00b0<\/td>\n<\/tr>\n<tr>\n<th>Virtuaalekraani suurus<\/th>\n<td>Kuni 20 \/ 130 \/ 330 tolli (olenevalt re\u017eiimist)<\/td>\n<\/tr>\n<tr>\n<th>PPD<\/th>\n<td>49<\/td>\n<\/tr>\n<tr>\n<th>V\u00e4rskendussagedus<\/th>\n<td>Kuni 120 Hz<\/td>\n<\/tr>\n<tr>\n<th>Mikrofone<\/th>\n<td>2<\/td>\n<\/tr>\n<tr>\n<th>Liides<\/th>\n<td>USB-C<\/td>\n<\/tr>\n<tr>\n<th>M\u00f5\u00f5dud<\/th>\n<td>Lahvatus: 148 \u00d7 51,4 \u00d7 161 mm; Kokkuvoldituna: 56,4 \u00d7 51,4 \u00d7 56,4 mm<\/td>\n<\/tr>\n<tr>\n<th>Kaal<\/th>\n<td>75 g<\/td>\n<\/tr>\n<tr>\n<th>\u00dchilduvus<\/th>\n<td>Otse\u00fchendus USB-C: Android, iPhone 15, iPad (USB-C), Windows s\u00fclearvutid, MacBook, Steam Deck;<br \/>BEAM adapteriga (m\u00fc\u00fcakse eraldi): iPhone\/iPad (Lightning), Nintendo Switch, PlayStation 5, Xbox Series S\/X<\/td>\n<\/tr>\n<\/tbody>\n<\/table>\n<\/div>\n","protected":false},"excerpt":{"rendered":"<p>XREAL AR prillid Air 2 Pro \u2013 tipptehnoloogiaga virtuaalelamus XREAL AR prillid Air 2 Pro on uuenduslikud nutiprillid, mille t\u00e4iustatud tehnoloogia v\u00f5imaldab nautida laiaulatuslikku virtuaalekraani k\u00f5ikjal. Prillidel on SONY micro-OLED ekraan, mis tagab k\u00f5rge kontrastsuse, selge pildi ja avara 46 6 vaatenurga. Kolm elektrokroomset tumedusastet (0 2, 35 2 v\u00f5i 100 2) v\u00f5imaldavad kohandada ekraani [&hellip;]<\/p>\n","protected":false},"featured_media":180115,"comment_status":"open","ping_status":"open","template":"","meta":[],"product_brand":[3184],"product_cat":[3185],"product_tag":[],"class_list":{"0":"post-180108","1":"product","2":"type-product","3":"status-publish","4":"has-post-thumbnail","6":"product_brand-xreal","7":"product_cat-ar-prillid","8":"product_shipping_class-innpro","10":"first","11":"instock","12":"sale","13":"taxable","14":"shipping-taxable","15":"purchasable","16":"product-type-simple"},"_links":{"self":[{"href":"https:\/\/blankpage.ee\/_ruumist-ruumi\/wp-json\/wp\/v2\/product\/180108","targetHints":{"allow":["GET"]}}],"collection":[{"href":"https:\/\/blankpage.ee\/_ruumist-ruumi\/wp-json\/wp\/v2\/product"}],"about":[{"href":"https:\/\/blankpage.ee\/_ruumist-ruumi\/wp-json\/wp\/v2\/types\/product"}],"replies":[{"embeddable":true,"href":"https:\/\/blankpage.ee\/_ruumist-ruumi\/wp-json\/wp\/v2\/comments?post=180108"}],"wp:featuredmedia":[{"embeddable":true,"href":"https:\/\/blankpage.ee\/_ruumist-ruumi\/wp-json\/wp\/v2\/media\/180115"}],"wp:attachment":[{"href":"https:\/\/blankpage.ee\/_ruumist-ruumi\/wp-json\/wp\/v2\/media?parent=180108"}],"wp:term":[{"taxonomy":"product_brand","embeddable":true,"href":"https:\/\/blankpage.ee\/_ruumist-ruumi\/wp-json\/wp\/v2\/product_brand?post=180108"},{"taxonomy":"product_cat","embeddable":true,"href":"https:\/\/blankpage.ee\/_ruumist-ruumi\/wp-json\/wp\/v2\/product_cat?post=180108"},{"taxonomy":"product_tag","embeddable":true,"href":"https:\/\/blankpage.ee\/_ruumist-ruumi\/wp-json\/wp\/v2\/product_tag?post=180108"}],"curies":[{"name":"wp","href":"https:\/\/api.w.org\/{rel}","templated":true}]}}