{"id":180140,"date":"2025-04-22T18:19:35","date_gmt":"2025-04-22T18:19:35","guid":{"rendered":"https:\/\/ruumistruumi.ee\/pood\/gamesir-juhtmega-mangupult-k1-flux-xbox-pc-led-hall-efekt\/"},"modified":"2025-08-21T08:17:40","modified_gmt":"2025-08-21T08:17:40","slug":"gamesir-juhtmega-mangupult-k1-flux-xbox-pc-led-hall-efekt","status":"publish","type":"product","link":"https:\/\/blankpage.ee\/_ruumist-ruumi\/pood\/gamesir-juhtmega-mangupult-k1-flux-xbox-pc-led-hall-efekt\/","title":{"rendered":"GameSir juhtmega m\u00e4ngupult K1 Flux (Xbox, PC, LED, Hall-efekt)"},"content":{"rendered":"<h3>GameSir juhtmega pult K1 Flux \u2013 t\u00e4psuse ja mugavuse jaoks m\u00e4ngija k\u00e4es<\/h3>\n<p><strong>GameSir juhtmega pult<\/strong> on disainitud n\u00f5udlikule m\u00e4ngijale, kes hindab tehnoloogilist tippklassi, personaliseeritavust ja laitmatut m\u00e4ngukogemust. T\u00e4nu l\u00e4bipaistvale korpusele ja kahe reguleeritava LED-valgustusega kangile toob see pult m\u00e4ngusessioonidesse ainulaadse visuaalse kogemuse, mis sobib ideaalselt uuenduslikele m\u00e4nguritele.<\/p>\n<p><img decoding=\"async\" src=\"https:\/\/blankpage.ee\/_ruumist-ruumi\/wp-content\/uploads\/2025\/04\/4-759.webp\" alt=\"GameSir juhtmega pult l\u00e4bipaistva korpuse ja LED-valgustusega sinu m\u00e4ngulaual\" \/><\/p>\n<h3>Uuenduslikud funktsioonid: Hall-efektiga kangid ja analoogp\u00e4\u00e4stikud<\/h3>\n<p>K1 Flux on ametlikult Xboxiga \u00fchilduv ja varustatud Hall-efektiga juhtkangide ning p\u00e4\u00e4stikutega, mis k\u00f5rvaldavad tavalise kangi driftimise ja tagavad alati sujuva, t\u00e4pse juhtimise. T\u00e4nu sellele reageerib pult iga sinu liigutusele \u00fclima t\u00e4psusega. Neli vibratsioonimootorit \u2013 kaks k\u00e4epidemetes, kaks p\u00e4\u00e4stikutes \u2013 loovad realistliku puudutuse igat t\u00fc\u00fcpi m\u00e4ngudes.<\/p>\n<p><img decoding=\"async\" src=\"https:\/\/blankpage.ee\/_ruumist-ruumi\/wp-content\/uploads\/2025\/04\/8-323.webp\" alt=\"Hall-efektiga kangide ja l\u00e4bipaistva disainiga GameSir K1 Flux puldi detailid\" \/><\/p>\n<h3>Individuaalne seadistus vastavalt m\u00e4ngijale<\/h3>\n<p>GameSir Nexus tarkvaraga saad kohandada nuppe, muuta juhtimispulkade tundlikkust, seadistada vibratsiooni ja LED-valguse re\u017eiime. Salvestada saab kuni kolm erinevat profiili \u2013 ideaalne erinevate m\u00e4ngu\u017eanrite jaoks. FPS-m\u00e4ngudes v\u00f5imaldab Hair Trigger funktsioon \u00fclikiiret reageerimist, andes eelise just reaktsioonim\u00e4ngudes.<\/p>\n<p><img decoding=\"async\" src=\"https:\/\/blankpage.ee\/_ruumist-ruumi\/wp-content\/uploads\/2025\/04\/2-871.webp\" alt=\"Isikup\u00e4rane pult reguleeritavate nuppude ja LED-valgustusega\" \/><\/p>\n<h3>Mugavus igas m\u00e4nguseansis<\/h3>\n<p>Neli erinevat valgusefekti, libisemiskindel lasertekstuurne kate ja ergonoomilised p\u00e4\u00e4stikud tagavad kindla ja mugava haarde, hoides k\u00e4ed kuivad ka pikkade m\u00e4ngu\u00f5htute jooksul. Kaks tagumist makronuppu ja turbo-funktsioon t\u00f5stavad kontrollitaseme uuele tasemele. 3,5 mm k\u00f5rvaklapipesa ja mikrofoni vaigistuse nupp lisavad veelgi kasutusmugavust.<\/p>\n<p><img decoding=\"async\" src=\"https:\/\/blankpage.ee\/_ruumist-ruumi\/wp-content\/uploads\/2025\/04\/12-27.webp\" alt=\"Juhtmega m\u00e4ngupult tagumiste makronuppude ja ergonoomilise disainiga\" \/><\/p>\n<h3>Lai \u00fchilduvus ja tugev ehitus<\/h3>\n<p><strong>GameSir juhtmega pult<\/strong> \u00fchildub Xbox Series X\/S, Xbox One, Windows 10\/11 ja Steam platvormidega. T\u00e4nu 3-meetrisele USB-C kaablile on liikumisruum avar ja \u00fchendus alati usaldusv\u00e4\u00e4rne. Kerge 213 g kaal ja m\u00f5\u00f5tmed 156 x 107 x 60 mm teevad selle mugavaks igale k\u00e4ele.<\/p>\n<p><img decoding=\"async\" src=\"https:\/\/blankpage.ee\/_ruumist-ruumi\/wp-content\/uploads\/2025\/04\/6-597.webp\" alt=\"GameSir K1 Flux juhtmega m\u00e4ngupult USB-C kaabli ja vastupidava tekstiilkattega\" \/><\/p>\n<h3>Komplekti kuulub<\/h3>\n<ul>\n<li>K1 Flux juhtmega pult<\/li>\n<li>USB-C kaabel (3 m)<\/li>\n<li>GameSir kleebis<\/li>\n<li>Kasutusjuhend<\/li>\n<li>T\u00e4nukaart<\/li>\n<li>P\u00e4rast-m\u00fc\u00fcgi toe kaart<\/li>\n<li>Xbox Game Pass Ultimate 1 kuu tasuta proovikaart<\/li>\n<\/ul>\n<table>\n<tr>\n<th>Tootja<\/th>\n<td>GameSir<\/td>\n<\/tr>\n<tr>\n<th>Mudel<\/th>\n<td>K1 Flux<\/td>\n<\/tr>\n<tr>\n<th>Platvormid<\/th>\n<td>Xbox Series X\/S, Xbox One, Windows 10\/11, Steam<\/td>\n<\/tr>\n<tr>\n<th>\u00dchendus<\/th>\n<td>USB-C kaabel, 3 m<\/td>\n<\/tr>\n<tr>\n<th>Audio pesa<\/th>\n<td>3,5 mm<\/td>\n<\/tr>\n<tr>\n<th>Mikrofoni vaigistus<\/th>\n<td>Jah<\/td>\n<\/tr>\n<tr>\n<th>Vibratsioonimootorid<\/th>\n<td>4<\/td>\n<\/tr>\n<tr>\n<th>Tagumised makronupud<\/th>\n<td>2<\/td>\n<\/tr>\n<tr>\n<th>Kohandatav tarkvara<\/th>\n<td>GameSir Nexus<\/td>\n<\/tr>\n<tr>\n<th>Patarei\/laetav aku<\/th>\n<td>Ei<\/td>\n<\/tr>\n<tr>\n<th>M\u00f5\u00f5tmed<\/th>\n<td>156 x 107 x 60 mm<\/td>\n<\/tr>\n<tr>\n<th>Kaal<\/th>\n<td>213 g<\/td>\n<\/tr>\n<\/table>\n","protected":false},"excerpt":{"rendered":"<p>GameSir juhtmega pult K1 Flux \u2013 t\u00e4psuse ja mugavuse jaoks m\u00e4ngija k\u00e4es GameSir juhtmega pult on disainitud n\u00f5udlikule m\u00e4ngijale, kes hindab tehnoloogilist tippklassi, personaliseeritavust ja laitmatut m\u00e4ngukogemust. T\u00e4nu l\u00e4bipaistvale korpusele ja kahe reguleeritava LED-valgustusega kangile toob see pult m\u00e4ngusessioonidesse ainulaadse visuaalse kogemuse, mis sobib ideaalselt uuenduslikele m\u00e4nguritele. Uuenduslikud funktsioonid: Hall-efektiga kangid ja analoogp\u00e4\u00e4stikud K1 Flux [&hellip;]<\/p>\n","protected":false},"featured_media":180146,"comment_status":"open","ping_status":"open","template":"","meta":[],"product_brand":[3174],"product_cat":[3144],"product_tag":[],"class_list":{"0":"post-180140","1":"product","2":"type-product","3":"status-publish","4":"has-post-thumbnail","6":"product_brand-gamesir","7":"product_cat-mangukonsoolid","8":"product_shipping_class-innpro","10":"first","11":"instock","12":"sale","13":"taxable","14":"shipping-taxable","15":"purchasable","16":"product-type-simple"},"_links":{"self":[{"href":"https:\/\/blankpage.ee\/_ruumist-ruumi\/wp-json\/wp\/v2\/product\/180140","targetHints":{"allow":["GET"]}}],"collection":[{"href":"https:\/\/blankpage.ee\/_ruumist-ruumi\/wp-json\/wp\/v2\/product"}],"about":[{"href":"https:\/\/blankpage.ee\/_ruumist-ruumi\/wp-json\/wp\/v2\/types\/product"}],"replies":[{"embeddable":true,"href":"https:\/\/blankpage.ee\/_ruumist-ruumi\/wp-json\/wp\/v2\/comments?post=180140"}],"wp:featuredmedia":[{"embeddable":true,"href":"https:\/\/blankpage.ee\/_ruumist-ruumi\/wp-json\/wp\/v2\/media\/180146"}],"wp:attachment":[{"href":"https:\/\/blankpage.ee\/_ruumist-ruumi\/wp-json\/wp\/v2\/media?parent=180140"}],"wp:term":[{"taxonomy":"product_brand","embeddable":true,"href":"https:\/\/blankpage.ee\/_ruumist-ruumi\/wp-json\/wp\/v2\/product_brand?post=180140"},{"taxonomy":"product_cat","embeddable":true,"href":"https:\/\/blankpage.ee\/_ruumist-ruumi\/wp-json\/wp\/v2\/product_cat?post=180140"},{"taxonomy":"product_tag","embeddable":true,"href":"https:\/\/blankpage.ee\/_ruumist-ruumi\/wp-json\/wp\/v2\/product_tag?post=180140"}],"curies":[{"name":"wp","href":"https:\/\/api.w.org\/{rel}","templated":true}]}}