{"id":180152,"date":"2025-04-22T18:19:35","date_gmt":"2025-04-22T18:19:35","guid":{"rendered":"https:\/\/ruumistruumi.ee\/pood\/juhtmevaba-kohviteemaline-mehaaniline-klaviatuur-miiiw-z980-promax-rgb-4000-mah\/"},"modified":"2025-08-21T08:17:40","modified_gmt":"2025-08-21T08:17:40","slug":"juhtmevaba-kohviteemaline-mehaaniline-klaviatuur-miiiw-z980-promax-rgb-4000-mah","status":"publish","type":"product","link":"https:\/\/blankpage.ee\/_ruumist-ruumi\/pood\/juhtmevaba-kohviteemaline-mehaaniline-klaviatuur-miiiw-z980-promax-rgb-4000-mah\/","title":{"rendered":"Juhtmevaba kohviteemaline mehaaniline klaviatuur MIIIW Z980 ProMax, RGB, 4000 mAh"},"content":{"rendered":"<h3>Kohviteemaline klaviatuur MIIIW Z980 ProMax \u2013 juhtmevaba mehaaniline Coffee Edition<\/h3>\n<p>MIIIW Z980 ProMax kohviteemaline klaviatuur sobib nii m\u00e4nguritele kui ka kontorit\u00f6\u00f6tajatele, kes v\u00e4\u00e4rtustavad t\u00f6\u00f6kindlust ning isikup\u00e4rast ja hubast disaini. Elegantne kohviteemaline kujundus loob t\u00f6\u00f6lauale m\u00f5nusa atmosf\u00e4\u00e4ri, tuues meelde lemmikkohvikud, kuid samas j\u00e4\u00e4b klaviatuur mugavaks ja funktsionaalseks nii intensiivseks m\u00e4ngimiseks kui ka pikkadeks t\u00f6\u00f6p\u00e4evadeks. Selle klaviatuuriga saad anda igap\u00e4evasele t\u00f6\u00f6lauale unikaalse ilme ning r\u00f5hutada oma stiili.<\/p>\n<p><img decoding=\"async\" src=\"https:\/\/blankpage.ee\/_ruumist-ruumi\/wp-content\/uploads\/2025\/04\/1-943.webp\" alt=\"Kohviteemaline klaviatuur MIIIW Z980 ProMax eestvaates laual\" \/><\/p>\n<h3>Mehaaniline tr\u00fckkimiseks ja m\u00e4ngimiseks loodud klaviatuur<\/h3>\n<p>Klaviatuuri detailidisain paistab silma: &#8220;Coffee&#8221; ja &#8220;Vitamin&#8221; klahvide kombinatsioon pakub ainulaadset tr\u00fckkimise kogemust. &#8220;Vitamin-C&#8221; l\u00fclitid tagavad lineaarse ja sujuva reageerimise (vajutustugevus 50 gf), samal ajal kui &#8220;Vitamin-B&#8221; l\u00fclitid pakuvad t\u00e4pset taktilist tagasisidet (vajutustugevus 40 gf). K\u00f5ik vajutused on t\u00e4psed ja kiire reageerimisega \u2013 oluline eelis kiirete m\u00e4ngude v\u00f5i t\u00f5husa t\u00f6\u00f6 jaoks.<\/p>\n<p><img decoding=\"async\" src=\"https:\/\/blankpage.ee\/_ruumist-ruumi\/wp-content\/uploads\/2025\/04\/4-760.webp\" alt=\"MIIIW Z980 ProMax mehaaniline kohviteemaline klaviatuur pruuni ja bee\u017ei klaviatuuri klahvidega\" \/><\/p>\n<h3>RGB taustvalgustus ja mitmek\u00fclgsete seadmetega \u00fchilduvus<\/h3>\n<p>Kohviteemaline klaviatuur Z980 ProMax on varustatud RGB taustvalgustusega, mis v\u00f5imaldab teha t\u00f6\u00f6laua v\u00f5i m\u00e4ngunurga oman\u00e4oliseks. Klaviatuur \u00fchildub Windowsi, macOS-i, Linuxi, iOS 10 ja Android 5.0 (ning uuemate) operatsioonis\u00fcsteemidega. Kasutamiseks vali Bluetooth, 2.4G traadita \u00fchendus v\u00f5i vajadusel \u00fchenda USB-C kaabliga.<\/p>\n<p><img decoding=\"async\" src=\"https:\/\/blankpage.ee\/_ruumist-ruumi\/wp-content\/uploads\/2025\/04\/5-680.webp\" alt=\"Detailvaade klahvikattest MIIIW Z980 ProMax \" \/><\/p>\n<h3>Ergonoomiline ja mugav kasutus<\/h3>\n<p>Klaviatuuril on kaheastmelised tugijalad, millega saab seadistada kaldenurka vastavalt oma soovile \u2013 nii on mugav ka pikkadel t\u00f6\u00f6p\u00e4evadel v\u00f5i m\u00e4ngumaratonidel. Mahukas 4000 mAh aku tagab pika kasutusaja ilma sagedase laadimiseta. FN + F1\u2013F12 otseteed ning 12 multimeedia klahvi muudavad igap\u00e4evaste \u00fclesannete t\u00e4itmise eriti sujuvaks.<\/p>\n<p><img decoding=\"async\" src=\"https:\/\/blankpage.ee\/_ruumist-ruumi\/wp-content\/uploads\/2025\/04\/10-72.webp\" alt=\"Kohviteemalise klaviatuuri ergonoomilised tugijalad ja profiil\" \/><\/p>\n<h3>Kestvad PBT klahvid ja personaliseerimine<\/h3>\n<p>Vastupidavast PBT-materjalist klahvikatted on kulumiskindlad ka intensiivsel kasutamisel. Klahvide vahetamise v\u00f5imalus v\u00f5imaldab kohviteemalise klaviatuuri isikup\u00e4rastada vastavalt oma eelistustele ning sobitada erinevate m\u00e4ngustiilidega. See klaviatuur toob isikup\u00e4ra igale t\u00f6\u00f6lauale ja sobib h\u00e4sti ka minimalistlikku keskkonda.<\/p>\n<p><img decoding=\"async\" src=\"https:\/\/blankpage.ee\/_ruumist-ruumi\/wp-content\/uploads\/2025\/04\/3-836.webp\" alt=\"PBT klahvikatted ja vahetamise v\u00f5imalus MIIIW kohviteemalisel klaviatuuril\" \/><\/p>\n<div class=\"table-wrapper\">\n<h3>Tehnilised andmed<\/h3>\n<table>\n<tbody>\n<tr>\n<th>Tootja<\/th>\n<td>MIIIW<\/td>\n<\/tr>\n<tr>\n<th>Mudel<\/th>\n<td>MWMKB03<\/td>\n<\/tr>\n<tr>\n<th>V\u00e4rvus<\/th>\n<td>Kohvitoon (Coffee)<\/td>\n<\/tr>\n<tr>\n<th>Klahve kokku<\/th>\n<td>98<\/td>\n<\/tr>\n<tr>\n<th>Materjal<\/th>\n<td>PBT<\/td>\n<\/tr>\n<tr>\n<th>Taustvalgustus<\/th>\n<td>RGB<\/td>\n<\/tr>\n<tr>\n<th>\u00dchendused<\/th>\n<td>Juhtmega (USB-C), juhtmevaba (Bluetooth, 2.4G)<\/td>\n<\/tr>\n<tr>\n<th>Bluetooth<\/th>\n<td>MIIIW ART-Z980\/3(5)<\/td>\n<\/tr>\n<tr>\n<th>Akumaht<\/th>\n<td>4000 mAh<\/td>\n<\/tr>\n<tr>\n<th>M\u00f5\u00f5tmed<\/th>\n<td>393,3 \u00d7 150 \u00d7 37,9 mm<\/td>\n<\/tr>\n<tr>\n<th>Kaal<\/th>\n<td>788 g<\/td>\n<\/tr>\n<tr>\n<th>\u00dchilduvad ops\u00fcsteemid<\/th>\n<td>Windows, Linux, macOS, iPadOS, iOS 10+, Android 5.0+<\/td>\n<\/tr>\n<\/tbody>\n<\/table>\n<\/div>\n","protected":false},"excerpt":{"rendered":"<p>Kohviteemaline klaviatuur MIIIW Z980 ProMax \u2013 juhtmevaba mehaaniline Coffee Edition MIIIW Z980 ProMax kohviteemaline klaviatuur sobib nii m\u00e4nguritele kui ka kontorit\u00f6\u00f6tajatele, kes v\u00e4\u00e4rtustavad t\u00f6\u00f6kindlust ning isikup\u00e4rast ja hubast disaini. Elegantne kohviteemaline kujundus loob t\u00f6\u00f6lauale m\u00f5nusa atmosf\u00e4\u00e4ri, tuues meelde lemmikkohvikud, kuid samas j\u00e4\u00e4b klaviatuur mugavaks ja funktsionaalseks nii intensiivseks m\u00e4ngimiseks kui ka pikkadeks t\u00f6\u00f6p\u00e4evadeks. Selle klaviatuuriga [&hellip;]<\/p>\n","protected":false},"featured_media":180158,"comment_status":"open","ping_status":"open","template":"","meta":[],"product_brand":[3079],"product_cat":[3139],"product_tag":[],"class_list":{"0":"post-180152","1":"product","2":"type-product","3":"status-publish","4":"has-post-thumbnail","6":"product_brand-miiiw","7":"product_cat-juhtmevabad-klaviatuurid","8":"product_shipping_class-innpro","10":"first","11":"instock","12":"sale","13":"taxable","14":"shipping-taxable","15":"purchasable","16":"product-type-simple"},"_links":{"self":[{"href":"https:\/\/blankpage.ee\/_ruumist-ruumi\/wp-json\/wp\/v2\/product\/180152","targetHints":{"allow":["GET"]}}],"collection":[{"href":"https:\/\/blankpage.ee\/_ruumist-ruumi\/wp-json\/wp\/v2\/product"}],"about":[{"href":"https:\/\/blankpage.ee\/_ruumist-ruumi\/wp-json\/wp\/v2\/types\/product"}],"replies":[{"embeddable":true,"href":"https:\/\/blankpage.ee\/_ruumist-ruumi\/wp-json\/wp\/v2\/comments?post=180152"}],"wp:featuredmedia":[{"embeddable":true,"href":"https:\/\/blankpage.ee\/_ruumist-ruumi\/wp-json\/wp\/v2\/media\/180158"}],"wp:attachment":[{"href":"https:\/\/blankpage.ee\/_ruumist-ruumi\/wp-json\/wp\/v2\/media?parent=180152"}],"wp:term":[{"taxonomy":"product_brand","embeddable":true,"href":"https:\/\/blankpage.ee\/_ruumist-ruumi\/wp-json\/wp\/v2\/product_brand?post=180152"},{"taxonomy":"product_cat","embeddable":true,"href":"https:\/\/blankpage.ee\/_ruumist-ruumi\/wp-json\/wp\/v2\/product_cat?post=180152"},{"taxonomy":"product_tag","embeddable":true,"href":"https:\/\/blankpage.ee\/_ruumist-ruumi\/wp-json\/wp\/v2\/product_tag?post=180152"}],"curies":[{"name":"wp","href":"https:\/\/api.w.org\/{rel}","templated":true}]}}