{"id":180346,"date":"2025-04-22T19:12:27","date_gmt":"2025-04-22T19:12:27","guid":{"rendered":"https:\/\/ruumistruumi.ee\/pood\/manguri-arvutikorpus-darkflash-ft418-pro-7-argb-ventilaatorit-karastatud-klaas-must\/"},"modified":"2025-08-21T08:17:38","modified_gmt":"2025-08-21T08:17:38","slug":"manguri-arvutikorpus-darkflash-ft418-pro-7-argb-ventilaatorit-karastatud-klaas-must","status":"publish","type":"product","link":"https:\/\/blankpage.ee\/_ruumist-ruumi\/pood\/manguri-arvutikorpus-darkflash-ft418-pro-7-argb-ventilaatorit-karastatud-klaas-must\/","title":{"rendered":"M\u00e4nguri arvutikorpus Darkflash FT418 PRO, 7 aRGB ventilaatorit, karastatud klaas, must"},"content":{"rendered":"<h3>M\u00e4nguri arvutikorpus Darkflash FT418 PRO \u2013 7 aRGB ventilaatorit, must<\/h3>\n<p>M\u00e4nguri arvutikorpus Darkflash FT418 PRO \u00fchendab kaasaegse v\u00e4limuse ning suurep\u00e4rased jahutusv\u00f5imalused igale m\u00e4ngurihuvilisele. Kolm karastatud klaaspaneeli ja seitse komplektis olevat aRGB ventilaatorit loovad erksad valgusefektid, mis toovad esile t\u00e4nap\u00e4evase m\u00e4nguri arvutikorpuse t\u00f5elised eelised.<\/p>\n<p><img decoding=\"async\" src=\"https:\/\/blankpage.ee\/_ruumist-ruumi\/wp-content\/uploads\/2025\/04\/2-883.webp\" alt=\"M\u00e4nguri arvutikorpus mustade klaaspaneelide ja aRGB ventilaatoritega\" \/><\/p>\n<h3>Ruumikas ja tugev korpus<\/h3>\n<p>0,5 mm SPCC terasest valmistatud FT418 PRO pakub nii vastupidavust kui ka ruumikust. Hoolimata oma kompaktsest suurusest mahutab see m\u00e4nguri arvutikorpus kuni 400 mm pikkuse graafikakaardi, 200 mm pikkuse toiteploki ja kuni 157 mm k\u00f5rguse protsessori jahuti. ATX, M-ATX ja ITX emaplaadi tugi v\u00f5imaldab erinevate arvutikomponentide paindlikku valikut.<\/p>\n<p><img decoding=\"async\" src=\"https:\/\/blankpage.ee\/_ruumist-ruumi\/wp-content\/uploads\/2025\/04\/4-775.webp\" alt=\"Arvutikorpuse avatud sisemus koos komponentidega\" \/><\/p>\n<h3>Esmaklassiline jahutuss\u00fcsteem \u2013 perfektne m\u00e4nguri korpusele<\/h3>\n<p>FT418 PRO v\u00f5imaldab paigaldada kuni k\u00fcmme ventilaatorit ja kaks 360 mm veejahutust. Komplektis olevad seitse Air12S aRGB ventilaatorit tagavad t\u00f5husa soojuse hajutuse ning lisavad arvutikorpusele ainulaadse valgusem\u00e4ngu.<\/p>\n<p><img decoding=\"async\" src=\"https:\/\/blankpage.ee\/_ruumist-ruumi\/wp-content\/uploads\/2025\/04\/8-332.webp\" alt=\"aRGB ventilaatorid Darkflash m\u00e4nguri korpuses\" \/><\/p>\n<h3>Rohkelt salvestusruumi<\/h3>\n<p>Korpus v\u00f5imaldab kasutada kolme 2,5&#8221; SSD ja kahte 3,5&#8221; HDD ketast, pakkudes piisavalt v\u00f5imalusi oma andmete, m\u00e4ngude ja projektide hoiustamiseks.<\/p>\n<p><img decoding=\"async\" src=\"https:\/\/blankpage.ee\/_ruumist-ruumi\/wp-content\/uploads\/2025\/04\/7-530.webp\" alt=\"Arvutikorpuse salvestusseadmete pesad\" \/><\/p>\n<h3>Mugavad \u00fchendused ja juhtimine<\/h3>\n<p>Korraliku m\u00e4nguri arvutikorpuse lahutamatu osa on lihtne \u00fchenduvus \u2013 FT418 PRO korpuse \u00fclalt leiate USB 2.0 ja USB 3.0 pesad, helisisendi ning Power ja Reset nupud, mis tagavad mugava kasutuskogemuse ja kiire ligip\u00e4\u00e4su seadmetele.<\/p>\n<p><img decoding=\"async\" src=\"https:\/\/blankpage.ee\/_ruumist-ruumi\/wp-content\/uploads\/2025\/04\/1-955.webp\" alt=\"Arvutikorpuse esipaneeli liidesed ja juhtnupud\" \/><\/p>\n<h3>L\u00e4bipaistev panoraamvaade riistvarale<\/h3>\n<p>Kolmest karastatud klaasist l\u00e4bipaistvad paneelid v\u00f5imaldavad sul esitleda k\u00f5iki oma s\u00fcsteemi komponente ja RGB-valgustusega osi \u2013 m\u00e4nguri arvutikorpus saab seel\u00e4bi pilkup\u00fc\u00fcdva v\u00e4limuse ning j\u00e4\u00e4b silma igas seadistusruumis.<\/p>\n<p><img decoding=\"async\" src=\"https:\/\/blankpage.ee\/_ruumist-ruumi\/wp-content\/uploads\/2025\/04\/9-239.webp\" alt=\"Arvutikorpuse panoraamvaade karastatud klaaspaneelide kaudu\" \/><\/p>\n<h3>Tehnilised andmed \u2013 m\u00e4nguri arvutikorpus Darkflash FT418 PRO<\/h3>\n<table>\n<tbody>\n<tr>\n<th>Tootja<\/th>\n<td>Darkflash<\/td>\n<\/tr>\n<tr>\n<th>Mudel<\/th>\n<td>FT418 PRO<\/td>\n<\/tr>\n<tr>\n<th>T\u00fc\u00fcp<\/th>\n<td>Midi Tower<\/td>\n<\/tr>\n<tr>\n<th>K\u00fcljed<\/th>\n<td>Karastatud klaas<\/td>\n<\/tr>\n<tr>\n<th>Emaplaadi tugi<\/th>\n<td>ATX, M-ATX, ITX<\/td>\n<\/tr>\n<tr>\n<th>Toiteploki tugi<\/th>\n<td>ATX<\/td>\n<\/tr>\n<tr>\n<th>Salvestusribad<\/th>\n<td>2 x 3.5&#8243; HDD, 3 x 2.5&#8243; SSD<\/td>\n<\/tr>\n<tr>\n<th>Laienduspesa<\/th>\n<td>4<\/td>\n<\/tr>\n<tr>\n<th>Maks. toiteploki pikkus<\/th>\n<td>200 mm<\/td>\n<\/tr>\n<tr>\n<th>Maks. graafikakaardi pikkus<\/th>\n<td>400 mm<\/td>\n<\/tr>\n<tr>\n<th>Maks. protsessori jahuti k\u00f5rgus<\/th>\n<td>157 mm<\/td>\n<\/tr>\n<tr>\n<th>Maks. ventilaatorite arv<\/th>\n<td>10<\/td>\n<\/tr>\n<tr>\n<th>Ventilaatorite kinnitusvariandid<\/th>\n<td>K\u00fclg: 3 x 120 mm; Tagumine: 1 x 120 mm; \u00dclemine: 3 x 120 mm; Alumine: 3 x 120 mm<\/td>\n<\/tr>\n<tr>\n<th>Veejahutuse v\u00f5imalused<\/th>\n<td>\u00dclemine: 360 mm; K\u00fclg: 360 mm<\/td>\n<\/tr>\n<tr>\n<th>Komplektis ventilaatorid<\/th>\n<td>7<\/td>\n<\/tr>\n<tr>\n<th>Ventilaatorite t\u00fc\u00fcp<\/th>\n<td>Air12S, 5V 3-pin, 4-pin male ja female ARGB<\/td>\n<\/tr>\n<tr>\n<th>Juhtnupud<\/th>\n<td>Power, Reset<\/td>\n<\/tr>\n<tr>\n<th>\u00dchendused<\/th>\n<td>Audio jack x1, USB 3.0 x1, USB 2.0 x1<\/td>\n<\/tr>\n<tr>\n<th>Materjal<\/th>\n<td>0,5 mm SPCC teras<\/td>\n<\/tr>\n<tr>\n<th>V\u00e4rv<\/th>\n<td>Must<\/td>\n<\/tr>\n<tr>\n<th>K\u00f5rgus<\/th>\n<td>435 mm<\/td>\n<\/tr>\n<tr>\n<th>Laius<\/th>\n<td>280 mm<\/td>\n<\/tr>\n<tr>\n<th>S\u00fcgavus<\/th>\n<td>418 mm<\/td>\n<\/tr>\n<tr>\n<th>Kaal<\/th>\n<td>5,4 kg<\/td>\n<\/tr>\n<\/tbody>\n<\/table>\n","protected":false},"excerpt":{"rendered":"<p>M\u00e4nguri arvutikorpus Darkflash FT418 PRO \u2013 7 aRGB ventilaatorit, must M\u00e4nguri arvutikorpus Darkflash FT418 PRO \u00fchendab kaasaegse v\u00e4limuse ning suurep\u00e4rased jahutusv\u00f5imalused igale m\u00e4ngurihuvilisele. Kolm karastatud klaaspaneeli ja seitse komplektis olevat aRGB ventilaatorit loovad erksad valgusefektid, mis toovad esile t\u00e4nap\u00e4evase m\u00e4nguri arvutikorpuse t\u00f5elised eelised. Ruumikas ja tugev korpus 0,5 mm SPCC terasest valmistatud FT418 PRO pakub [&hellip;]<\/p>\n","protected":false},"featured_media":180353,"comment_status":"open","ping_status":"open","template":"","meta":[],"product_brand":[2966],"product_cat":[3137],"product_tag":[],"class_list":{"0":"post-180346","1":"product","2":"type-product","3":"status-publish","4":"has-post-thumbnail","6":"product_brand-darkflash","7":"product_cat-ventilaatoritega-arvutikorpused","8":"product_shipping_class-innpro","10":"first","11":"instock","12":"sale","13":"taxable","14":"shipping-taxable","15":"purchasable","16":"product-type-simple"},"_links":{"self":[{"href":"https:\/\/blankpage.ee\/_ruumist-ruumi\/wp-json\/wp\/v2\/product\/180346","targetHints":{"allow":["GET"]}}],"collection":[{"href":"https:\/\/blankpage.ee\/_ruumist-ruumi\/wp-json\/wp\/v2\/product"}],"about":[{"href":"https:\/\/blankpage.ee\/_ruumist-ruumi\/wp-json\/wp\/v2\/types\/product"}],"replies":[{"embeddable":true,"href":"https:\/\/blankpage.ee\/_ruumist-ruumi\/wp-json\/wp\/v2\/comments?post=180346"}],"wp:featuredmedia":[{"embeddable":true,"href":"https:\/\/blankpage.ee\/_ruumist-ruumi\/wp-json\/wp\/v2\/media\/180353"}],"wp:attachment":[{"href":"https:\/\/blankpage.ee\/_ruumist-ruumi\/wp-json\/wp\/v2\/media?parent=180346"}],"wp:term":[{"taxonomy":"product_brand","embeddable":true,"href":"https:\/\/blankpage.ee\/_ruumist-ruumi\/wp-json\/wp\/v2\/product_brand?post=180346"},{"taxonomy":"product_cat","embeddable":true,"href":"https:\/\/blankpage.ee\/_ruumist-ruumi\/wp-json\/wp\/v2\/product_cat?post=180346"},{"taxonomy":"product_tag","embeddable":true,"href":"https:\/\/blankpage.ee\/_ruumist-ruumi\/wp-json\/wp\/v2\/product_tag?post=180346"}],"curies":[{"name":"wp","href":"https:\/\/api.w.org\/{rel}","templated":true}]}}