{"id":180431,"date":"2025-04-22T19:29:47","date_gmt":"2025-04-22T19:29:47","guid":{"rendered":"https:\/\/ruumistruumi.ee\/pood\/rgb-arvutiventilaatorite-komplekt-darkflash-c7-3-tk-120-mm-must\/"},"modified":"2025-08-21T08:17:38","modified_gmt":"2025-08-21T08:17:38","slug":"rgb-arvutiventilaatorite-komplekt-darkflash-c7-3-tk-120-mm-must","status":"publish","type":"product","link":"https:\/\/blankpage.ee\/_ruumist-ruumi\/pood\/rgb-arvutiventilaatorite-komplekt-darkflash-c7-3-tk-120-mm-must\/","title":{"rendered":"RGB arvutiventilaatorite komplekt Darkflash C7 (3 tk, 120 mm, must)"},"content":{"rendered":"<h3>RGB arvutiventilaatorite komplekt Darkflash C7 (3 tk, 120 mm, must)<\/h3>\n<p>Darkflash C7 kolmest 120 mm ventilaatorist koosnev komplekt on suurep\u00e4rane valik nii m\u00e4nguritele kui ka neile, kes v\u00e4\u00e4rtustavad oma arvuti t\u00f5husat jahutust ja atraktiivset v\u00e4limust. T\u00e4nu uuenduslikule jahutustehnoloogiale aitavad ventilaatorid hoida arvuti komponente optimaalsel temperatuuril ka k\u00f5ige pingelisemates olukordades, tagades stabiilse t\u00f6\u00f6 ja pikema eluea. Efektse mulje loob RGB LED-valgustus, mille v\u00e4rve saad ise valida ning seel\u00e4bi anda arvutikorpusele erip\u00e4rase ilme. RGB arvutiventilaatorid sobivad nii kodukontorisse kui ka m\u00e4nguarvutisse, aidates luua stabiilse t\u00f6\u00f6keskkonna.<\/p>\n<p>\n<img decoding=\"async\" src=\"https:\/\/blankpage.ee\/_ruumist-ruumi\/wp-content\/uploads\/2025\/04\/4-778.webp\" alt=\"RGB arvutiventilaator Darkflash C7 koos mitmev\u00e4rvilise LED-valgustusega, 120 mm\"\/>\n<\/p>\n<h3>Reguleeritavad t\u00f6\u00f6re\u017eiimid ja energiat\u00f5husus<\/h3>\n<p>Darkflash C7 ventilaatoritel on kokku kuus t\u00f6\u00f6re\u017eiimi, millega saab valida vastavalt vajadusele kas suure jahutusv\u00f5imsuse (kuni 1100 RPM ja intensiivne valgustus) v\u00f5i vaiksema t\u00f6\u00f6 (700 RPM) vahel. Vajadusel saab LED-valgustuse t\u00e4iesti v\u00e4lja l\u00fclitada, samal ajal kui ventilaatorid hoiavad arvuti t\u00f5husalt jahedana.<\/p>\n<p>\n<img decoding=\"async\" src=\"https:\/\/blankpage.ee\/_ruumist-ruumi\/wp-content\/uploads\/2025\/04\/2-891.webp\" alt=\"Mitmev\u00e4rvilise LED-taustavalgustusega arvutikorpuse ventilaator, Darkflash C7\"\/>\n<\/p>\n<h3>Vaikne t\u00f6\u00f6 t\u00e4nu h\u00fcdraulilisele laagrile<\/h3>\n<p>Iga C7 mudeli ventilaator on varustatud h\u00fcdraulilise laagriga, mis tagab sujuva ja peaaegu h\u00e4\u00e4letu t\u00f6\u00f6. See teeb neist ideaalse valiku nii m\u00e4nguarvutitele kui ka t\u00f6\u00f6arvutitele, kus rahulik t\u00f6\u00f6keskkond on oluline.<\/p>\n<p>\n<img decoding=\"async\" src=\"https:\/\/blankpage.ee\/_ruumist-ruumi\/wp-content\/uploads\/2025\/04\/3-854.webp\" alt=\"H\u00fcdraulilise laagriga jahutusventilaator arvutikorpi jaoks, Darkflash C7\"\/>\n<\/p>\n<h3>Efektiivne jahutus t\u00e4nu \u00fcheksalabalisele disainile<\/h3>\n<p>K\u00f5ik ventilaatorid on varustatud \u00fcheksa labaga, mis loovad tugeva ja stabiilse \u00f5huvoolu, aidates s\u00fcsteemi kiiremini ning efektiivsemalt jahutada ka siis, kui kasutad arvutit k\u00f5ige n\u00f5udlikumateks tegevusteks.<\/p>\n<p>\n<img decoding=\"async\" src=\"https:\/\/blankpage.ee\/_ruumist-ruumi\/wp-content\/uploads\/2025\/04\/5-696.webp\" alt=\"\u00dcheksa labaga ventilaatori aerod\u00fcnaamiline disain Darkflash C7, 120 mm\"\/>\n<\/p>\n<h3>Lihtne paigaldus ja \u00fchilduvus enamiku korpustega<\/h3>\n<p>RGB arvutiventilaatorite komplekti kuuluvad ventilaatorid sobivad enamiku tavap\u00e4raste arvutikorpustega. Paigaldamine on kiire ja lihtne, kaasa on pandud k\u00f5ik vajalikud kinnitusvahendid ning lisainfo, seega saavad sellega hakkama ka algajad kasutajad.<\/p>\n<p>\n<img decoding=\"async\" src=\"https:\/\/blankpage.ee\/_ruumist-ruumi\/wp-content\/uploads\/2025\/04\/1-962.webp\" alt=\"Arvutikorpuse ventilaatorite lihtne paigaldamine, Darkflash C7 RGB arvutiventilaator\"\/>\n<\/p>\n<h3>Komplekti sisu<\/h3>\n<ul>\n<li>3 x ventilaator (120 mm)<\/li>\n<li>12 x kruvi paigaldamiseks<\/li>\n<li>kasutusjuhend<\/li>\n<\/ul>\n<h3>Tehnilised andmed<\/h3>\n<table>\n<tr>\n<th>Tootja<\/th>\n<td>Darkflash<\/td>\n<\/tr>\n<tr>\n<th>Mudel<\/th>\n<td>C7<\/td>\n<\/tr>\n<tr>\n<th>V\u00e4rv<\/th>\n<td>must<\/td>\n<\/tr>\n<tr>\n<th>Suurus<\/th>\n<td>120 mm<\/td>\n<\/tr>\n<tr>\n<th>Pistik<\/th>\n<td>4 pin<\/td>\n<\/tr>\n<tr>\n<th>P\u00f6\u00f6rlemiskiirus<\/th>\n<td>1100 \u00b1 10% RPM<\/td>\n<\/tr>\n<tr>\n<th>Maksimaalne m\u00fcratase<\/th>\n<td>22,7 dBA<\/td>\n<\/tr>\n<tr>\n<th>\u00d5huvool<\/th>\n<td>41,5 CFM<\/td>\n<\/tr>\n<tr>\n<th>T\u00f6\u00f6vool<\/th>\n<td>280 mA \u00b1 20% (ventilaator + LED-valgustus)<\/td>\n<\/tr>\n<tr>\n<th>Eluiga<\/th>\n<td>40 000 tundi<\/td>\n<\/tr>\n<tr>\n<th>Laagrit\u00fc\u00fcp<\/th>\n<td>h\u00fcdrauliline<\/td>\n<\/tr>\n<tr>\n<th>Valgustus<\/th>\n<td>RGB LED<\/td>\n<\/tr>\n<tr>\n<th>Ventilaatorite arv<\/th>\n<td>3<\/td>\n<\/tr>\n<tr>\n<th>M\u00f5\u00f5dud<\/th>\n<td>120 \u00d7 120 \u00d7 25 mm<\/td>\n<\/tr>\n<\/table>\n","protected":false},"excerpt":{"rendered":"<p>RGB arvutiventilaatorite komplekt Darkflash C7 (3 tk, 120 mm, must) Darkflash C7 kolmest 120 mm ventilaatorist koosnev komplekt on suurep\u00e4rane valik nii m\u00e4nguritele kui ka neile, kes v\u00e4\u00e4rtustavad oma arvuti t\u00f5husat jahutust ja atraktiivset v\u00e4limust. T\u00e4nu uuenduslikule jahutustehnoloogiale aitavad ventilaatorid hoida arvuti komponente optimaalsel temperatuuril ka k\u00f5ige pingelisemates olukordades, tagades stabiilse t\u00f6\u00f6 ja pikema eluea. [&hellip;]<\/p>\n","protected":false},"featured_media":180437,"comment_status":"open","ping_status":"open","template":"","meta":[],"product_brand":[2966],"product_cat":[3132],"product_tag":[],"class_list":{"0":"post-180431","1":"product","2":"type-product","3":"status-publish","4":"has-post-thumbnail","6":"product_brand-darkflash","7":"product_cat-ventilaatorid","8":"product_shipping_class-innpro","10":"first","11":"instock","12":"sale","13":"taxable","14":"shipping-taxable","15":"purchasable","16":"product-type-simple"},"_links":{"self":[{"href":"https:\/\/blankpage.ee\/_ruumist-ruumi\/wp-json\/wp\/v2\/product\/180431","targetHints":{"allow":["GET"]}}],"collection":[{"href":"https:\/\/blankpage.ee\/_ruumist-ruumi\/wp-json\/wp\/v2\/product"}],"about":[{"href":"https:\/\/blankpage.ee\/_ruumist-ruumi\/wp-json\/wp\/v2\/types\/product"}],"replies":[{"embeddable":true,"href":"https:\/\/blankpage.ee\/_ruumist-ruumi\/wp-json\/wp\/v2\/comments?post=180431"}],"wp:featuredmedia":[{"embeddable":true,"href":"https:\/\/blankpage.ee\/_ruumist-ruumi\/wp-json\/wp\/v2\/media\/180437"}],"wp:attachment":[{"href":"https:\/\/blankpage.ee\/_ruumist-ruumi\/wp-json\/wp\/v2\/media?parent=180431"}],"wp:term":[{"taxonomy":"product_brand","embeddable":true,"href":"https:\/\/blankpage.ee\/_ruumist-ruumi\/wp-json\/wp\/v2\/product_brand?post=180431"},{"taxonomy":"product_cat","embeddable":true,"href":"https:\/\/blankpage.ee\/_ruumist-ruumi\/wp-json\/wp\/v2\/product_cat?post=180431"},{"taxonomy":"product_tag","embeddable":true,"href":"https:\/\/blankpage.ee\/_ruumist-ruumi\/wp-json\/wp\/v2\/product_tag?post=180431"}],"curies":[{"name":"wp","href":"https:\/\/api.w.org\/{rel}","templated":true}]}}